


{"id":3930,"date":"2015-05-18T13:39:23","date_gmt":"2015-05-18T11:39:23","guid":{"rendered":"https:\/\/pbp.womczest.edu.pl\/new\/?page_id=3930"},"modified":"2015-05-18T13:39:23","modified_gmt":"2015-05-18T11:39:23","slug":"xv-czestochowski-przeglad-gazet-szkolnych","status":"publish","type":"page","link":"https:\/\/pbp.womczest.edu.pl\/new\/dla-nauczycieli\/wystawy\/xv-czestochowski-przeglad-gazet-szkolnych\/","title":{"rendered":"XV Cz\u0119stochowski Przegl\u0105d Gazet Szkolnych"},"content":{"rendered":"<hr \/>\n<p><em><a href=\"https:\/\/pbp.womczest.edu.pl\/new\/wp-content\/uploads\/2013\/04\/aktualnosci_wystawa_gazet_szkolnych_IMG_7701.JPG\" target=\"_blank\"><img decoding=\"async\" class=\" size-full wp-image-1110 alignleft\" style=\"float: left; border: 0px none;\" src=\"https:\/\/pbp.womczest.edu.pl\/new\/wp-content\/uploads\/2013\/04\/aktualnosci_wystawa_gazet_szkolnych_IMG_7701.JPG\" alt=\"\" width=\"165\" border=\"0\" srcset=\"https:\/\/pbp.womczest.edu.pl\/new\/wp-content\/uploads\/2013\/04\/aktualnosci_wystawa_gazet_szkolnych_IMG_7701.JPG 1417w, https:\/\/pbp.womczest.edu.pl\/new\/wp-content\/uploads\/2013\/04\/aktualnosci_wystawa_gazet_szkolnych_IMG_7701-300x200.jpg 300w, https:\/\/pbp.womczest.edu.pl\/new\/wp-content\/uploads\/2013\/04\/aktualnosci_wystawa_gazet_szkolnych_IMG_7701-1024x683.jpg 1024w, https:\/\/pbp.womczest.edu.pl\/new\/wp-content\/uploads\/2013\/04\/aktualnosci_wystawa_gazet_szkolnych_IMG_7701-100x67.jpg 100w, https:\/\/pbp.womczest.edu.pl\/new\/wp-content\/uploads\/2013\/04\/aktualnosci_wystawa_gazet_szkolnych_IMG_7701-150x100.jpg 150w, https:\/\/pbp.womczest.edu.pl\/new\/wp-content\/uploads\/2013\/04\/aktualnosci_wystawa_gazet_szkolnych_IMG_7701-200x133.jpg 200w, https:\/\/pbp.womczest.edu.pl\/new\/wp-content\/uploads\/2013\/04\/aktualnosci_wystawa_gazet_szkolnych_IMG_7701-450x300.jpg 450w, https:\/\/pbp.womczest.edu.pl\/new\/wp-content\/uploads\/2013\/04\/aktualnosci_wystawa_gazet_szkolnych_IMG_7701-600x400.jpg 600w, https:\/\/pbp.womczest.edu.pl\/new\/wp-content\/uploads\/2013\/04\/aktualnosci_wystawa_gazet_szkolnych_IMG_7701-900x600.jpg 900w\" sizes=\"(max-width: 1417px) 100vw, 1417px\" \/><\/a><\/em>17 kwietnia 2013 roku w Gimnazjum nr 1 im. Jana III Sobieskiego w Cz\u0119stochowie mia\u0142o miejsce rozstrzygni\u0119cie <em>XV\u00a0Cz\u0119stochowskiego Przegl\u0105du Gazet Szkolnych<\/em>.<\/p>\n<p>Do udzia\u0142u w pracach jury konkursu zaproszeni zostali pracownicy Publicznej Biblioteki Pedagogicznej RODN \u201eWOM\u201d w Cz\u0119stochowie \u2013 Katarzyna Kucharzewska i Bogumi\u0142 Dobosz.<\/p>\n<p>Nades\u0142ane wcze\u015bniej prace oceniane by\u0142y w 4 kategoriach: gazetki przedszkoli, gazetki szk\u00f3\u0142 podstawowych, gimnazj\u00f3w i szk\u00f3\u0142 ponadgimnazjalnych.<\/p>\n<p>W kategorii szk\u00f3\u0142 ponadgimnazjalnych I miejsce zaj\u0119\u0142a gazetka \u201eNews Prus\u201d z\u00a0 Zespo\u0142u Szk\u00f3\u0142 im. Boles\u0142awa Prusa, w kategorii gimnazj\u00f3w najlepsze okaza\u0142o si\u0119 \u201eSzko\u0142owisko\u201d Gimnazjum nr 16 im. Boles\u0142awa Chrobrego. W\u015br\u00f3d szk\u00f3\u0142 podstawowych najwi\u0119cej punkt\u00f3w zebra\u0142 \u201eSzkolny Mix-Max\u201d ze Szko\u0142y Podstawowej nr 21 im. Ks. Stanis\u0142awa Konarskiego. Najlepsz\u0105 gazetk\u0105 dla przedszkolak\u00f3w i ich rodzic\u00f3w okaza\u0142a si\u0119 gazetka \u201ePrzedszkolaczek\u201d z \u00a0Miejskiego Przedszkola nr 8.<\/p>\n<p>W sumie do konkursu zg\u0142oszono 28 prac. Najlepsi m\u0142odzi dziennikarze otrzymali pami\u0105tkowe dyplomy i nagrody rzeczowe.<\/p>\n<p>Publiczna Biblioteka Pedagogiczna RODN \u201eWOM\u201d w Cz\u0119stochowie zaprasza na wystaw\u0119 pokonkursow\u0105. Wszystkie gazetki szkolne uczestnicz\u0105ce w konkursie mo\u017cna obejrze\u0107 w Czytelni Naukowej do ko\u0144ca maja 2013 roku.<\/p>\n<p style=\"text-align: right;\"><em>Katarzyna Kucharzewska<br \/>\nZdj\u0119cia: Izabela Bajor<\/em><\/p>\n<p style=\"text-align: left;\"><em><a href=\"https:\/\/pbp.womczest.edu.pl\/new\/wp-content\/uploads\/2013\/04\/aktualnosci_wystawa_gazet_szkolnych_IMG_7695.JPG\" target=\"_blank\"><img decoding=\"async\" class=\" size-full wp-image-1111\" style=\"border: 0px none;\" src=\"https:\/\/pbp.womczest.edu.pl\/new\/wp-content\/uploads\/2013\/04\/aktualnosci_wystawa_gazet_szkolnych_IMG_7695.JPG\" alt=\"\" width=\"165\" border=\"0\" srcset=\"https:\/\/pbp.womczest.edu.pl\/new\/wp-content\/uploads\/2013\/04\/aktualnosci_wystawa_gazet_szkolnych_IMG_7695.JPG 1417w, https:\/\/pbp.womczest.edu.pl\/new\/wp-content\/uploads\/2013\/04\/aktualnosci_wystawa_gazet_szkolnych_IMG_7695-300x200.jpg 300w, https:\/\/pbp.womczest.edu.pl\/new\/wp-content\/uploads\/2013\/04\/aktualnosci_wystawa_gazet_szkolnych_IMG_7695-1024x683.jpg 1024w, https:\/\/pbp.womczest.edu.pl\/new\/wp-content\/uploads\/2013\/04\/aktualnosci_wystawa_gazet_szkolnych_IMG_7695-100x67.jpg 100w, https:\/\/pbp.womczest.edu.pl\/new\/wp-content\/uploads\/2013\/04\/aktualnosci_wystawa_gazet_szkolnych_IMG_7695-150x100.jpg 150w, https:\/\/pbp.womczest.edu.pl\/new\/wp-content\/uploads\/2013\/04\/aktualnosci_wystawa_gazet_szkolnych_IMG_7695-200x133.jpg 200w, https:\/\/pbp.womczest.edu.pl\/new\/wp-content\/uploads\/2013\/04\/aktualnosci_wystawa_gazet_szkolnych_IMG_7695-450x300.jpg 450w, https:\/\/pbp.womczest.edu.pl\/new\/wp-content\/uploads\/2013\/04\/aktualnosci_wystawa_gazet_szkolnych_IMG_7695-600x400.jpg 600w, https:\/\/pbp.womczest.edu.pl\/new\/wp-content\/uploads\/2013\/04\/aktualnosci_wystawa_gazet_szkolnych_IMG_7695-900x600.jpg 900w\" sizes=\"(max-width: 1417px) 100vw, 1417px\" \/>\u00a0 <\/a><a href=\"https:\/\/pbp.womczest.edu.pl\/new\/wp-content\/uploads\/2013\/04\/aktualnosci_wystawa_gazet_szkolnych_IMG_7696.JPG\" target=\"_blank\"><img decoding=\"async\" class=\" size-full wp-image-1112\" style=\"border: 0px none;\" src=\"https:\/\/pbp.womczest.edu.pl\/new\/wp-content\/uploads\/2013\/04\/aktualnosci_wystawa_gazet_szkolnych_IMG_7696.JPG\" alt=\"\" width=\"165\" border=\"0\" srcset=\"https:\/\/pbp.womczest.edu.pl\/new\/wp-content\/uploads\/2013\/04\/aktualnosci_wystawa_gazet_szkolnych_IMG_7696.JPG 1417w, https:\/\/pbp.womczest.edu.pl\/new\/wp-content\/uploads\/2013\/04\/aktualnosci_wystawa_gazet_szkolnych_IMG_7696-300x200.jpg 300w, https:\/\/pbp.womczest.edu.pl\/new\/wp-content\/uploads\/2013\/04\/aktualnosci_wystawa_gazet_szkolnych_IMG_7696-1024x683.jpg 1024w, https:\/\/pbp.womczest.edu.pl\/new\/wp-content\/uploads\/2013\/04\/aktualnosci_wystawa_gazet_szkolnych_IMG_7696-100x67.jpg 100w, https:\/\/pbp.womczest.edu.pl\/new\/wp-content\/uploads\/2013\/04\/aktualnosci_wystawa_gazet_szkolnych_IMG_7696-150x100.jpg 150w, https:\/\/pbp.womczest.edu.pl\/new\/wp-content\/uploads\/2013\/04\/aktualnosci_wystawa_gazet_szkolnych_IMG_7696-200x133.jpg 200w, https:\/\/pbp.womczest.edu.pl\/new\/wp-content\/uploads\/2013\/04\/aktualnosci_wystawa_gazet_szkolnych_IMG_7696-450x300.jpg 450w, https:\/\/pbp.womczest.edu.pl\/new\/wp-content\/uploads\/2013\/04\/aktualnosci_wystawa_gazet_szkolnych_IMG_7696-600x400.jpg 600w, https:\/\/pbp.womczest.edu.pl\/new\/wp-content\/uploads\/2013\/04\/aktualnosci_wystawa_gazet_szkolnych_IMG_7696-900x600.jpg 900w\" sizes=\"(max-width: 1417px) 100vw, 1417px\" \/>\u00a0 <\/a><a href=\"https:\/\/pbp.womczest.edu.pl\/new\/wp-content\/uploads\/2013\/04\/aktualnosci_wystawa_gazet_szkolnych_IMG_7697.JPG\" target=\"_blank\"><img decoding=\"async\" class=\" size-full wp-image-1113\" style=\"border: 0px none;\" src=\"https:\/\/pbp.womczest.edu.pl\/new\/wp-content\/uploads\/2013\/04\/aktualnosci_wystawa_gazet_szkolnych_IMG_7697.JPG\" alt=\"\" width=\"165\" border=\"0\" srcset=\"https:\/\/pbp.womczest.edu.pl\/new\/wp-content\/uploads\/2013\/04\/aktualnosci_wystawa_gazet_szkolnych_IMG_7697.JPG 1417w, https:\/\/pbp.womczest.edu.pl\/new\/wp-content\/uploads\/2013\/04\/aktualnosci_wystawa_gazet_szkolnych_IMG_7697-300x200.jpg 300w, https:\/\/pbp.womczest.edu.pl\/new\/wp-content\/uploads\/2013\/04\/aktualnosci_wystawa_gazet_szkolnych_IMG_7697-1024x683.jpg 1024w, https:\/\/pbp.womczest.edu.pl\/new\/wp-content\/uploads\/2013\/04\/aktualnosci_wystawa_gazet_szkolnych_IMG_7697-100x67.jpg 100w, https:\/\/pbp.womczest.edu.pl\/new\/wp-content\/uploads\/2013\/04\/aktualnosci_wystawa_gazet_szkolnych_IMG_7697-150x100.jpg 150w, https:\/\/pbp.womczest.edu.pl\/new\/wp-content\/uploads\/2013\/04\/aktualnosci_wystawa_gazet_szkolnych_IMG_7697-200x133.jpg 200w, https:\/\/pbp.womczest.edu.pl\/new\/wp-content\/uploads\/2013\/04\/aktualnosci_wystawa_gazet_szkolnych_IMG_7697-450x300.jpg 450w, https:\/\/pbp.womczest.edu.pl\/new\/wp-content\/uploads\/2013\/04\/aktualnosci_wystawa_gazet_szkolnych_IMG_7697-600x400.jpg 600w, https:\/\/pbp.womczest.edu.pl\/new\/wp-content\/uploads\/2013\/04\/aktualnosci_wystawa_gazet_szkolnych_IMG_7697-900x600.jpg 900w\" sizes=\"(max-width: 1417px) 100vw, 1417px\" \/> <\/a><br \/>\n<\/em><\/p>\n","protected":false},"excerpt":{"rendered":"<p>17 kwietnia 2013 roku w Gimnazjum nr 1 im. Jana III Sobieskiego w Cz\u0119stochowie mia\u0142o miejsce rozstrzygni\u0119cie XV\u00a0Cz\u0119stochowskiego Przegl\u0105du Gazet Szkolnych. Do udzia\u0142u w pracach jury konkursu zaproszeni zostali pracownicy Publicznej Biblioteki Pedagogicznej RODN \u201eWOM\u201d w Cz\u0119stochowie \u2013 Katarzyna Kucharzewska i Bogumi\u0142 Dobosz. Nades\u0142ane wcze\u015bniej prace oceniane by\u0142y w 4 kategoriach: gazetki przedszkoli, gazetki szk\u00f3\u0142 podstawowych, gimnazj\u00f3w i szk\u00f3\u0142 ponadgimnazjalnych. W kategorii szk\u00f3\u0142 ponadgimnazjalnych I miejsce zaj\u0119\u0142a gazetka \u201eNews Prus\u201d<span class=\"ellipsis\">&hellip;<\/span><\/p>\n<div class=\"read-more\"><a href=\"https:\/\/pbp.womczest.edu.pl\/new\/dla-nauczycieli\/wystawy\/xv-czestochowski-przeglad-gazet-szkolnych\/\">Czytaj wi\u0119cej &#8250;<\/a><\/div>\n<p><!-- end of .read-more --><\/p>\n","protected":false},"author":3,"featured_media":0,"parent":2629,"menu_order":0,"comment_status":"closed","ping_status":"open","template":"","meta":{"footnotes":""},"jetpack_sharing_enabled":true,"jetpack_shortlink":"https:\/\/wp.me\/PgmV4H-11o","_links":{"self":[{"href":"https:\/\/pbp.womczest.edu.pl\/new\/wp-json\/wp\/v2\/pages\/3930"}],"collection":[{"href":"https:\/\/pbp.womczest.edu.pl\/new\/wp-json\/wp\/v2\/pages"}],"about":[{"href":"https:\/\/pbp.womczest.edu.pl\/new\/wp-json\/wp\/v2\/types\/page"}],"author":[{"embeddable":true,"href":"https:\/\/pbp.womczest.edu.pl\/new\/wp-json\/wp\/v2\/users\/3"}],"replies":[{"embeddable":true,"href":"https:\/\/pbp.womczest.edu.pl\/new\/wp-json\/wp\/v2\/comments?post=3930"}],"version-history":[{"count":2,"href":"https:\/\/pbp.womczest.edu.pl\/new\/wp-json\/wp\/v2\/pages\/3930\/revisions"}],"predecessor-version":[{"id":3932,"href":"https:\/\/pbp.womczest.edu.pl\/new\/wp-json\/wp\/v2\/pages\/3930\/revisions\/3932"}],"up":[{"embeddable":true,"href":"https:\/\/pbp.womczest.edu.pl\/new\/wp-json\/wp\/v2\/pages\/2629"}],"wp:attachment":[{"href":"https:\/\/pbp.womczest.edu.pl\/new\/wp-json\/wp\/v2\/media?parent=3930"}],"curies":[{"name":"wp","href":"https:\/\/api.w.org\/{rel}","templated":true}]}}