


{"id":3922,"date":"2015-05-18T13:36:41","date_gmt":"2015-05-18T11:36:41","guid":{"rendered":"https:\/\/pbp.womczest.edu.pl\/new\/?page_id=3922"},"modified":"2023-03-13T11:48:51","modified_gmt":"2023-03-13T10:48:51","slug":"powiatowy-konkurs-na-ilustracje-do-wiersza-juliana-tuwima-pokonkursowa-wystawa-prac-plastycznych-w-publicznej-bibliotece-pedagogicznej-rodn-wom-w-czestochowie","status":"publish","type":"page","link":"https:\/\/pbp.womczest.edu.pl\/new\/dla-nauczycieli\/wystawy\/powiatowy-konkurs-na-ilustracje-do-wiersza-juliana-tuwima-pokonkursowa-wystawa-prac-plastycznych-w-publicznej-bibliotece-pedagogicznej-rodn-wom-w-czestochowie\/","title":{"rendered":"Powiatowy Konkurs na Ilustracj\u0119 do Wiersza Juliana Tuwima \u2013 pokonkursowa wystawa prac plastycznych w Publicznej Bibliotece Pedagogicznej RODN \u201eWOM\u201d w Cz\u0119stochowie"},"content":{"rendered":"<hr \/>\n<p><a href=\"https:\/\/pbp.womczest.edu.pl\/new\/wp-content\/uploads\/2013\/10\/aktualnosci_wystawa_tuwim.jpg\" target=\"_blank\" rel=\"noopener noreferrer\"><img decoding=\"async\" class=\" size-full wp-image-1679 alignleft\" style=\"float: left;\" src=\"https:\/\/pbp.womczest.edu.pl\/new\/wp-content\/uploads\/2013\/10\/aktualnosci_wystawa_tuwim.jpg\" alt=\"\" width=\"150\" border=\"0\" srcset=\"https:\/\/pbp.womczest.edu.pl\/new\/wp-content\/uploads\/2013\/10\/aktualnosci_wystawa_tuwim.jpg 1417w, https:\/\/pbp.womczest.edu.pl\/new\/wp-content\/uploads\/2013\/10\/aktualnosci_wystawa_tuwim-300x200.jpg 300w, https:\/\/pbp.womczest.edu.pl\/new\/wp-content\/uploads\/2013\/10\/aktualnosci_wystawa_tuwim-1024x683.jpg 1024w, https:\/\/pbp.womczest.edu.pl\/new\/wp-content\/uploads\/2013\/10\/aktualnosci_wystawa_tuwim-100x67.jpg 100w, https:\/\/pbp.womczest.edu.pl\/new\/wp-content\/uploads\/2013\/10\/aktualnosci_wystawa_tuwim-150x100.jpg 150w, https:\/\/pbp.womczest.edu.pl\/new\/wp-content\/uploads\/2013\/10\/aktualnosci_wystawa_tuwim-200x133.jpg 200w, https:\/\/pbp.womczest.edu.pl\/new\/wp-content\/uploads\/2013\/10\/aktualnosci_wystawa_tuwim-450x300.jpg 450w, https:\/\/pbp.womczest.edu.pl\/new\/wp-content\/uploads\/2013\/10\/aktualnosci_wystawa_tuwim-600x400.jpg 600w, https:\/\/pbp.womczest.edu.pl\/new\/wp-content\/uploads\/2013\/10\/aktualnosci_wystawa_tuwim-900x600.jpg 900w\" sizes=\"(max-width: 1417px) 100vw, 1417px\" \/><\/a>12 czerwca 2013 r. w Zespole Szk\u00f3\u0142 im. B. Prusa w Garnku odby\u0142 si\u0119 <em>Powiatowy Konkurs na Ilustracj\u0119 do Wiersza Julian<\/em><em>a Tuwima.<\/em> Zosta\u0142 on og\u0142oszony w zwi\u0105zku z ustanowieniem przez Sejm RP roku 2013 Rokiem Juliana Tuwima. Jego celem by\u0142a popularyzacja tw\u00f3rczo\u015bci autora w\u015br\u00f3d uczni\u00f3w szk\u00f3\u0142 podstawowych.<br \/>\nPomys\u0142odawc\u0105 i organizatorem konkursu by\u0142a pani Joanna W\u00f3jcik \u2013 nauczyciel bibliotekarz Zespo\u0142u Szk\u00f3\u0142 im. B. Prusa w Garnku. Do\u00a0wsp\u00f3\u0142pracy przy popularyzacji konkursu w\u0142\u0105czyli si\u0119 nauczyciele bibliotekarze z Publicznej Biblioteki Pedagogicznej RODN \u201eWOM\u201d w\u00a0Cz\u0119stochowie: pani Agata Arkabus i\u00a0pani Anna P\u0142usa.<\/p>\n<p>Zadaniem uczni\u00f3w bior\u0105cych udzia\u0142 w konkursie by\u0142o wykonanie pracy plastycznej w formacie A3 dowoln\u0105 technik\u0105, przedstawiaj\u0105cej bohatera wybranego wiersza lub scenk\u0119 inspirowan\u0105 utworem poety. W konkursie wzi\u0119li udzia\u0142 uczniowie z\u00a0dziesi\u0119ciu szk\u00f3\u0142 miasta Cz\u0119stochowy i powiatu cz\u0119stochowskiego.<a href=\"https:\/\/pbp.womczest.edu.pl\/new\/wp-content\/uploads\/2013\/10\/aktualnosci_wystawa_tuwim.jpg\" target=\"_blank\" rel=\"noopener noreferrer\"><img decoding=\"async\" loading=\"lazy\" class=\" alignright size-full wp-image-1679\" style=\"float: right;\" src=\"https:\/\/pbp.womczest.edu.pl\/new\/wp-content\/uploads\/2013\/10\/aktualnosci_wystawa_tuwim.jpg\" alt=\"\" width=\"226\" height=\"150\" border=\"0\" srcset=\"https:\/\/pbp.womczest.edu.pl\/new\/wp-content\/uploads\/2013\/10\/aktualnosci_wystawa_tuwim.jpg 1417w, https:\/\/pbp.womczest.edu.pl\/new\/wp-content\/uploads\/2013\/10\/aktualnosci_wystawa_tuwim-300x200.jpg 300w, https:\/\/pbp.womczest.edu.pl\/new\/wp-content\/uploads\/2013\/10\/aktualnosci_wystawa_tuwim-1024x683.jpg 1024w, https:\/\/pbp.womczest.edu.pl\/new\/wp-content\/uploads\/2013\/10\/aktualnosci_wystawa_tuwim-100x67.jpg 100w, https:\/\/pbp.womczest.edu.pl\/new\/wp-content\/uploads\/2013\/10\/aktualnosci_wystawa_tuwim-150x100.jpg 150w, https:\/\/pbp.womczest.edu.pl\/new\/wp-content\/uploads\/2013\/10\/aktualnosci_wystawa_tuwim-200x133.jpg 200w, https:\/\/pbp.womczest.edu.pl\/new\/wp-content\/uploads\/2013\/10\/aktualnosci_wystawa_tuwim-450x300.jpg 450w, https:\/\/pbp.womczest.edu.pl\/new\/wp-content\/uploads\/2013\/10\/aktualnosci_wystawa_tuwim-600x400.jpg 600w, https:\/\/pbp.womczest.edu.pl\/new\/wp-content\/uploads\/2013\/10\/aktualnosci_wystawa_tuwim-900x600.jpg 900w\" sizes=\"(max-width: 226px) 100vw, 226px\" \/><\/a><\/p>\n<p>Prace zosta\u0142y ocenione w dw\u00f3ch kategoriach wiekowych. Jury w sk\u0142adzie: p. Anna Kusztal \u2013 artysta plastyk, rze\u017abiarz, p.\u00a0W\u0142odzimierz Grabowski \u2013 artysta plastyk, poeta, satyryk i p. Ma\u0142gorzata Smolarczyk \u2013 bibliotekarz, pracownik filii Gminnej Biblioteki Publicznej w K\u0142omnicach, przyzna\u0142o nast\u0119puj\u0105ce miejsca:<\/p>\n<p><strong>Kategoria klas I\u2013III:<\/strong><\/p>\n<ul>\n<li>I miejsce: Filip Woldan \u2013 SP w K\u0142omnicach \u2013 \u201ePtasie radio\u201d<\/li>\n<li>II miejsce: Kacper Kr\u00f3lak \u2013 SP w Poczesnej \u2013 \u201eLokomotywa\u201d<\/li>\n<li>II miejsce: Nicola Kleszcz \u2013 SP w Poczesnej \u2013 \u201eLokomotywa\u201d<\/li>\n<li>III miejsce: Aleksandra Pietrzak \u2013 SP nr 14 w Cz\u0119stochowie \u2013 \u201eOkulary\u201d<\/li>\n<li>III miejsce: Wiktoria Nierobot \u2013 SP w K\u0142omnicach \u2013 \u201e W aeroplanie\u201d<\/li>\n<li>Wyr\u00f3\u017cnienie: Agata Czerpak &#8211; SP nr 14 \u2013 \u201ePtasie radio\u201d<\/li>\n<li>Wyr\u00f3\u017cnienie: Klara Ko\u015bciuch \u2013 SP nr 14 \u2013 \u201eBambo\u201d<\/li>\n<\/ul>\n<p><strong>Kategoria klas IV\u2013VI:<\/strong><\/p>\n<ul>\n<li>I miejsce: Aleksandra Drab \u2013 SP w K\u0142omnicach \u2013 \u201ePtasie radio\u201d<\/li>\n<li>II miejsce: Weronika Rodziewicz \u2013 SP w Garnku \u2013 \u201eS\u0142o\u0144 Tr\u0105balski\u201d<\/li>\n<li>III miejsce: Aleksandra T\u0105del \u2013 SP nr 24 w Cz\u0119stochowie \u2013 \u201ePtasie radio\u201d<\/li>\n<li>Wyr\u00f3\u017cnienie: Maria Ch\u0105dzy\u0144ska \u2013 SP w Poczesnej \u2013 \u201eIdzie Grze\u015b\u201d<\/li>\n<li>Wyr\u00f3\u017cnienie: Agnieszka Dukat \u2013 SP w Sadowie k. Lubli\u0144ca \u2013 \u201eBambo\u201d<\/li>\n<\/ul>\n<p style=\"text-align: right;\"><em>Katarzyna Kucharzewska<\/em><em><br \/>\nZdj\u0119cie: Izabela Bajor <\/em><\/p>\n","protected":false},"excerpt":{"rendered":"<p>12 czerwca 2013 r. w Zespole Szk\u00f3\u0142 im. B. Prusa w Garnku odby\u0142 si\u0119 Powiatowy Konkurs na Ilustracj\u0119 do Wiersza Juliana Tuwima. Zosta\u0142 on og\u0142oszony w zwi\u0105zku z ustanowieniem przez Sejm RP roku 2013 Rokiem Juliana Tuwima. Jego celem by\u0142a popularyzacja tw\u00f3rczo\u015bci autora w\u015br\u00f3d uczni\u00f3w szk\u00f3\u0142 podstawowych. Pomys\u0142odawc\u0105 i organizatorem konkursu by\u0142a pani Joanna W\u00f3jcik \u2013 nauczyciel bibliotekarz Zespo\u0142u Szk\u00f3\u0142 im. B. Prusa w Garnku. Do\u00a0wsp\u00f3\u0142pracy przy popularyzacji konkursu w\u0142\u0105czyli<span class=\"ellipsis\">&hellip;<\/span><\/p>\n<div class=\"read-more\"><a href=\"https:\/\/pbp.womczest.edu.pl\/new\/dla-nauczycieli\/wystawy\/powiatowy-konkurs-na-ilustracje-do-wiersza-juliana-tuwima-pokonkursowa-wystawa-prac-plastycznych-w-publicznej-bibliotece-pedagogicznej-rodn-wom-w-czestochowie\/\">Czytaj wi\u0119cej &#8250;<\/a><\/div>\n<p><!-- end of .read-more --><\/p>\n","protected":false},"author":3,"featured_media":0,"parent":2629,"menu_order":0,"comment_status":"closed","ping_status":"open","template":"","meta":{"footnotes":""},"jetpack_sharing_enabled":true,"jetpack_shortlink":"https:\/\/wp.me\/PgmV4H-11g","_links":{"self":[{"href":"https:\/\/pbp.womczest.edu.pl\/new\/wp-json\/wp\/v2\/pages\/3922"}],"collection":[{"href":"https:\/\/pbp.womczest.edu.pl\/new\/wp-json\/wp\/v2\/pages"}],"about":[{"href":"https:\/\/pbp.womczest.edu.pl\/new\/wp-json\/wp\/v2\/types\/page"}],"author":[{"embeddable":true,"href":"https:\/\/pbp.womczest.edu.pl\/new\/wp-json\/wp\/v2\/users\/3"}],"replies":[{"embeddable":true,"href":"https:\/\/pbp.womczest.edu.pl\/new\/wp-json\/wp\/v2\/comments?post=3922"}],"version-history":[{"count":3,"href":"https:\/\/pbp.womczest.edu.pl\/new\/wp-json\/wp\/v2\/pages\/3922\/revisions"}],"predecessor-version":[{"id":22704,"href":"https:\/\/pbp.womczest.edu.pl\/new\/wp-json\/wp\/v2\/pages\/3922\/revisions\/22704"}],"up":[{"embeddable":true,"href":"https:\/\/pbp.womczest.edu.pl\/new\/wp-json\/wp\/v2\/pages\/2629"}],"wp:attachment":[{"href":"https:\/\/pbp.womczest.edu.pl\/new\/wp-json\/wp\/v2\/media?parent=3922"}],"curies":[{"name":"wp","href":"https:\/\/api.w.org\/{rel}","templated":true}]}}