


{"id":3849,"date":"2015-05-18T12:27:30","date_gmt":"2015-05-18T10:27:30","guid":{"rendered":"https:\/\/pbp.womczest.edu.pl\/new\/?page_id=3849"},"modified":"2018-01-08T12:45:35","modified_gmt":"2018-01-08T11:45:35","slug":"wypozyczalnia-multimedialna","status":"publish","type":"page","link":"https:\/\/pbp.womczest.edu.pl\/new\/o-bibliotece\/struktura-i-pracownicy\/wypozyczalnia-multimedialna\/","title":{"rendered":"Wypo\u017cyczalnia multimedialna"},"content":{"rendered":"<hr \/>\n<p><strong>Informacje og\u00f3lne<\/strong><\/p>\n<p>Wypo\u017cyczalnia Multimedialna znajduje si\u0119 na drugim pi\u0119trze. Czynna jest codziennie z wyj\u0105tkiem czwartku (dzie\u0144 prac wewn\u0119trznych), w godz. <strong>8<sup>30<\/sup>\u201318<sup>00<\/sup><\/strong> oraz w ka\u017cd\u0105 pierwsz\u0105 sobot\u0119 miesi\u0105ca od godz. <strong>8<sup>00<\/sup>\u201313<sup>00<\/sup><\/strong>.<br \/>\nW zwi\u0105zku z komputeryzacj\u0105 zbior\u00f3w bibliotecznych od 1 lutego 2008 roku w wypo\u017cyczalni multimedialnej wprowadzono udost\u0119pnianie elektroniczne. Wszyscy czytelnicy zobowi\u0105zani s\u0105 do nabycia kart bibliotecznych w cenie 3 z\u0142otych.<br \/>\nOd stycznia 2010 roku\u00a0wypo\u017cyczalnia multimedialna realizuje zam\u00f3wienia i rezerwacje zbior\u00f3w, sk\u0142adanych przez czytelnik\u00f3w drog\u0105 elektroniczn\u0105.<\/p>\n<p><strong>Pracownicy<\/strong><\/p>\n<ul>\n<li>Izabela Bajor, <strong><a href=\"mailto:ibajor@womczest.edu.pl\">e-mail<\/a><\/strong>, tel. 34 360 60 04 wew. 250<\/li>\n<li>Marta Ma\u0142ek, <strong><a href=\"mailto:malek@womczest.edu.pl\">e-mail<\/a><\/strong>, tel. 34 360 60 04 wew. 250<\/li>\n<\/ul>\n<p><strong>Zbiory i us\u0142ugi<\/strong><\/p>\n<p>Wypo\u017cyczalnia Multimedialna jest wyposa\u017cona w nowoczesny sprz\u0119t audiowizualny (telewizor, magnetowid, odtwarzacz DVD, wie\u017ce do odtwarzania p\u0142yt CD i kaset magnetofonowych, gramofon), przy wykorzystaniu kt\u00f3rego czytelnik mo\u017ce nieodp\u0142atnie zapozna\u0107 si\u0119 z tre\u015bciami nagranymi na poszczeg\u00f3lnych no\u015bnikach.<\/p>\n<p>Systematycznie uzupe\u0142niana i wzbogacana Wypo\u017cyczalnia Multimedialna posiada oko\u0142o 5 tysi\u0119cy zbior\u00f3w w tym:<\/p>\n<ul>\n<li>2171 p\u0142yt gramofonowych,<\/li>\n<li>1274 kaset magnetofonowych,<\/li>\n<li>686 kaset wideo,<\/li>\n<li>252\u00a0p\u0142yt DVD,<\/li>\n<li>218 p\u0142yt CD,<\/li>\n<li>131 p\u0142yt CD-ROM.<\/li>\n<\/ul>\n<p>Niekt\u00f3rym kasetom magnetofonowym i p\u0142ytom gramofonowym towarzysz\u0105 dodatki tekstowe w\u00a0postaci broszur lub ksi\u0105\u017cek.<\/p>\n<p><strong>P\u0142yty gramofonowe<\/strong> zawieraj\u0105 nagrania:<\/p>\n<ul>\n<li>fragment\u00f3w utwor\u00f3w literackich,<\/li>\n<li>poezji,<\/li>\n<li>poezji \u015bpiewanej,<\/li>\n<li>wierszy dla dzieci,<\/li>\n<li>bajek muzycznych,<\/li>\n<li>muzyki powa\u017cnej,<\/li>\n<li>muzyki rozrywkowej,<\/li>\n<li>muzyki operowej i operetkowej,<\/li>\n<li>muzyki dramatycznej,<\/li>\n<li>muzyki filmowej,<\/li>\n<li>muzyki religijnej,<\/li>\n<li>muzyki wokalnej,<\/li>\n<li>muzyki instrumentalnej (wielu kompozytor\u00f3w),<\/li>\n<li>muzyki ludowej,<\/li>\n<li>pie\u015bni i ta\u0144c\u00f3w dzieci\u0119cych,<\/li>\n<li>pie\u015bni patriotycznych, powsta\u0144czych i \u017co\u0142nierskich,<\/li>\n<li>pie\u015bni innych narod\u00f3w,<\/li>\n<li>kurs\u00f3w j\u0119zyk\u00f3w obcych.<\/li>\n<\/ul>\n<p><strong>Na kasetach magnetofonowych<\/strong> nagrane s\u0105:<\/p>\n<ul>\n<li>audycje s\u0142owno-muzyczne do przysposobienia do \u017cycia w rodzinie,<\/li>\n<li>bajki muzyczne dla dzieci,<\/li>\n<li>poezja,<\/li>\n<li>literatura pi\u0119kna,<\/li>\n<li>analizy literackie,<\/li>\n<li>muzyka ludowa,<\/li>\n<li>muzyka jazzowa,<\/li>\n<li>muzyka dramatyczna,<\/li>\n<li>muzyka powa\u017cna,<\/li>\n<li>pie\u015bni religijne,<\/li>\n<li>pie\u015bni patriotyczne i \u017co\u0142nierskie,<\/li>\n<li>kursy j\u0119zyk\u00f3w obcych.<\/li>\n<\/ul>\n<p><strong>Kasety wideo<\/strong> zawieraj\u0105 nagrania ekranizacji lektur szkolnych, film\u00f3w edukacyjnych, materia\u0142\u00f3w metodycznych przeznaczonych do uatrakcyjnienia lekcji z:<\/p>\n<ul>\n<li>nauczania zintegrowanego,<\/li>\n<li>j\u0119zyka polskiego,<\/li>\n<li>historii,<\/li>\n<li>biologii,<\/li>\n<li>ekologii,<\/li>\n<li>geografii,<\/li>\n<li>chemii,<\/li>\n<li>fizyki,<\/li>\n<li>umuzykalnienia,<\/li>\n<li>profilaktyki uzale\u017cnie\u0144,<\/li>\n<li>psychologii,<\/li>\n<li>wychowania estetycznego.<\/li>\n<\/ul>\n<p><strong>P\u0142yty CD<\/strong> zawieraj\u0105 nagrania muzyki:<\/p>\n<ul>\n<li>relaksacyjnej,<\/li>\n<li>instrumentalnej,<\/li>\n<li>powa\u017cnej,<\/li>\n<li>patriotycznej.<\/li>\n<\/ul>\n<p><strong>P\u0142yty DVD<\/strong> zawieraj\u0105 nagrania film\u00f3w edukacyjnych:<\/p>\n<ul>\n<li>z historii,<\/li>\n<li>z wiedzy o filmie,<\/li>\n<li>z przyrody, ekologii,<\/li>\n<li>ekranizacje lektur szkolnych,<\/li>\n<li>do wykorzystania na godzinach wychowawczych dotycz\u0105cych: profilaktyki zdrowotnej, profilaktyki uzale\u017cnie\u0144, wychowania do \u017cycia w rodzinie.<\/li>\n<\/ul>\n<p><strong>Na p\u0142ytach CD-ROM<\/strong> zarejestrowane s\u0105 encyklopedie multimedialne, m.in.:<\/p>\n<ul>\n<li>Encyklopedia ptak\u00f3w,<\/li>\n<li>Encyklopedia ssak\u00f3w,<\/li>\n<li>Encyklopedia PWN,<\/li>\n<li>Encyklopedia Wszech\u015bwiata,<\/li>\n<li>Atlas historyczny,<\/li>\n<li>Atlas \u015bwiata,<\/li>\n<li>Polskie dzieje X\u2013XIX wiek,<\/li>\n<li>Wielki S\u0142ownik W\u0142adys\u0142awa Kopali\u0144skiego.<\/li>\n<\/ul>\n","protected":false},"excerpt":{"rendered":"<p>Informacje og\u00f3lne Wypo\u017cyczalnia Multimedialna znajduje si\u0119 na drugim pi\u0119trze. Czynna jest codziennie z wyj\u0105tkiem czwartku (dzie\u0144 prac wewn\u0119trznych), w godz. 830\u20131800 oraz w ka\u017cd\u0105 pierwsz\u0105 sobot\u0119 miesi\u0105ca od godz. 800\u20131300. W zwi\u0105zku z komputeryzacj\u0105 zbior\u00f3w bibliotecznych od 1 lutego 2008 roku w wypo\u017cyczalni multimedialnej wprowadzono udost\u0119pnianie elektroniczne. Wszyscy czytelnicy zobowi\u0105zani s\u0105 do nabycia kart bibliotecznych w cenie 3 z\u0142otych. Od stycznia 2010 roku\u00a0wypo\u017cyczalnia multimedialna realizuje zam\u00f3wienia i rezerwacje zbior\u00f3w, sk\u0142adanych<span class=\"ellipsis\">&hellip;<\/span><\/p>\n<div class=\"read-more\"><a href=\"https:\/\/pbp.womczest.edu.pl\/new\/o-bibliotece\/struktura-i-pracownicy\/wypozyczalnia-multimedialna\/\">Czytaj wi\u0119cej &#8250;<\/a><\/div>\n<p><!-- end of .read-more --><\/p>\n","protected":false},"author":3,"featured_media":0,"parent":2564,"menu_order":0,"comment_status":"closed","ping_status":"open","template":"","meta":{"footnotes":""},"jetpack_sharing_enabled":true,"jetpack_shortlink":"https:\/\/wp.me\/PgmV4H-105","_links":{"self":[{"href":"https:\/\/pbp.womczest.edu.pl\/new\/wp-json\/wp\/v2\/pages\/3849"}],"collection":[{"href":"https:\/\/pbp.womczest.edu.pl\/new\/wp-json\/wp\/v2\/pages"}],"about":[{"href":"https:\/\/pbp.womczest.edu.pl\/new\/wp-json\/wp\/v2\/types\/page"}],"author":[{"embeddable":true,"href":"https:\/\/pbp.womczest.edu.pl\/new\/wp-json\/wp\/v2\/users\/3"}],"replies":[{"embeddable":true,"href":"https:\/\/pbp.womczest.edu.pl\/new\/wp-json\/wp\/v2\/comments?post=3849"}],"version-history":[{"count":2,"href":"https:\/\/pbp.womczest.edu.pl\/new\/wp-json\/wp\/v2\/pages\/3849\/revisions"}],"predecessor-version":[{"id":11264,"href":"https:\/\/pbp.womczest.edu.pl\/new\/wp-json\/wp\/v2\/pages\/3849\/revisions\/11264"}],"up":[{"embeddable":true,"href":"https:\/\/pbp.womczest.edu.pl\/new\/wp-json\/wp\/v2\/pages\/2564"}],"wp:attachment":[{"href":"https:\/\/pbp.womczest.edu.pl\/new\/wp-json\/wp\/v2\/media?parent=3849"}],"curies":[{"name":"wp","href":"https:\/\/api.w.org\/{rel}","templated":true}]}}