


{"id":3725,"date":"2015-05-18T10:48:55","date_gmt":"2015-05-18T08:48:55","guid":{"rendered":"https:\/\/pbp.womczest.edu.pl\/new\/?page_id=3725"},"modified":"2023-06-16T12:22:42","modified_gmt":"2023-06-16T10:22:42","slug":"kursy-i-szkolenia","status":"publish","type":"page","link":"https:\/\/pbp.womczest.edu.pl\/new\/kontakt\/lubliniec\/kursy-i-szkolenia\/","title":{"rendered":"Kursy i szkolenia"},"content":{"rendered":"<hr \/>\n<ul>\n<li><a href=\"https:\/\/pbp.womczest.edu.pl\/new\/biblioteka-szkolna-jako-przestrzen-edukacyjna-terapeutyczna-i-relaksacyjna-dzieci-i-mlodziezy\/\">Sie\u0107 wsp\u00f3\u0142pracy i samokszta\u0142cenia &#8222;Biblioteka szkolna jako przestrze\u0144 edukacyjna, terapeutyczna i relaksacyjna dzieci i m\u0142odzie\u017cy&#8221; &#8211; 2023<\/a><\/li>\n<li><a href=\"https:\/\/pbp.womczest.edu.pl\/new\/depresja-i-proby-samobojcze-u-dzieci-i-mlodziezy-literatura-wykorzystywana-w-pracy-z-uczniem\/\" target=\"_blank\" rel=\"noopener\">Depresja i pr\u00f3by samob\u00f3jcze u dzieci i m\u0142odzie\u017cy \u2013 literatura wykorzystywana w pracy z uczniem &#8211; 2019<\/a><\/li>\n<li><a href=\"https:\/\/pbp.womczest.edu.pl\/new\/siec-wspolpracy-i-samoksztalcenia-dziecko-z-niepelnosprawnosciami-w-szkole-i-bibliotece-podsumowanie\/\" target=\"_blank\" rel=\"noopener noreferrer\">Sie\u0107 wsp\u00f3\u0142pracy i samokszta\u0142cenia \u201eDziecko z niepe\u0142nosprawno\u015bciami w szkole i bibliotece\u201d &#8211; 2019<\/a><\/li>\n<li><a href=\"https:\/\/pbp.womczest.edu.pl\/new\/kontakt\/lubliniec\/kursy-i-szkolenia\/bajka-terapeutyczna-w-pracy-nauczyciela-bibliotekarza-siec-wspolpracy\/\" target=\"_blank\" rel=\"noopener noreferrer\">Sie\u0107 wsp\u00f3\u0142pracy i samokszta\u0142cenia <\/a><a href=\"https:\/\/pbp.womczest.edu.pl\/new\/kontakt\/lubliniec\/kursy-i-szkolenia\/bajka-terapeutyczna-w-pracy-nauczyciela-bibliotekarza-siec-wspolpracy\/\" target=\"_blank\" rel=\"noopener noreferrer\">&#8222;Bajka terapeutyczna w pracy nauczyciela bibliotekarza&#8221; &#8211; 2018<\/a><\/li>\n<li><a href=\"https:\/\/pbp.womczest.edu.pl\/new\/kompetencje-informatyczne-i-czytelnicze-w-nowej-podstawie-programowej\/\" target=\"_blank\" rel=\"noopener noreferrer\">Seminarium &#8222;Kompetencje informatyczne i czytelnicze w nowej podstawie programowej&#8221; &#8211; 2017<\/a><\/li>\n<li><a href=\"https:\/\/pbp.womczest.edu.pl\/new\/kontakt\/lubliniec\/kursy-i-szkolenia\/tworzenie-komiksu-w-programie-toondoo-relacja-z-warsztatow\/\" target=\"_blank\" rel=\"noopener noreferrer\">Tworzenie komiksu w programie ToonDoo \u2013 relacja z warsztat\u00f3w &#8211; 2017<\/a><\/li>\n<li style=\"text-align: left;\"><a href=\"https:\/\/pbp.womczest.edu.pl\/new\/kontakt\/lubliniec\/kursy-i-szkolenia\/siec-wspolpracy-i-samoksztalcenia-narodowy-program-rozwoju-czytelnictwa-inspiracja-do-rozwijania-kompetencji-czytelniczych-dzieci-i-mlodziezy-podsumowanie\/\" target=\"_blank\" rel=\"noopener noreferrer\">Sie\u0107 wsp\u00f3\u0142pracy i samokszta\u0142cenia &#8222;Narodowy program rozwoju czytelnictwa \u2013 inspiracj\u0105 do rozwijania kompetencji czytelniczych dzieci i m\u0142odzie\u017cy&#8221; &#8211; 2016\/2017<\/a><\/li>\n<li style=\"text-align: left;\"><a href=\"https:\/\/pbp.womczest.edu.pl\/new\/siec-wspolpracy-i-samoksztalcenia-opracowywanie-zbiorow-w-komputerowym-systemie-bibliotecznym-mol-podsumowanie\/\" target=\"_blank\" rel=\"noopener noreferrer\">Sie\u0107 wsp\u00f3\u0142pracy i samokszta\u0142cenia &#8222;Opracowywanie zbior\u00f3w w komputerowym systemie bibliotecznym MOL&#8221; &#8211; 2016<\/a><\/li>\n<li style=\"text-align: left;\"><a href=\"https:\/\/pbp.womczest.edu.pl\/new\/ustawa-podrecznikowa-ewidencja-zbiorow-w-bibliotekach-szkolnych\/\">Ustawa podr\u0119cznikowa \u2013 ewidencja zbior\u00f3w w bibliotekach szkolnych- relacja z przeprowadzonych szkole\u0144 &#8211; 2014\/2015<\/a><\/li>\n<li style=\"text-align: left;\"><a href=\"https:\/\/pbp.womczest.edu.pl\/new\/otwarte-zasoby-edukacyjne-w-pracy-nauczyciela-bibliotekarza\/\">Otwarte zasoby edukacyjne w pracy nauczyciela bibliotekarza &#8211; 2013<\/a><\/li>\n<\/ul>\n<p>&nbsp;<\/p>\n","protected":false},"excerpt":{"rendered":"<p>Sie\u0107 wsp\u00f3\u0142pracy i samokszta\u0142cenia &#8222;Biblioteka szkolna jako przestrze\u0144 edukacyjna, terapeutyczna i relaksacyjna dzieci i m\u0142odzie\u017cy&#8221; &#8211; 2023 Depresja i pr\u00f3by samob\u00f3jcze u dzieci i m\u0142odzie\u017cy \u2013 literatura wykorzystywana w pracy z uczniem &#8211; 2019 Sie\u0107 wsp\u00f3\u0142pracy i samokszta\u0142cenia \u201eDziecko z niepe\u0142nosprawno\u015bciami w szkole i bibliotece\u201d &#8211; 2019 Sie\u0107 wsp\u00f3\u0142pracy i samokszta\u0142cenia &#8222;Bajka terapeutyczna w pracy nauczyciela bibliotekarza&#8221; &#8211; 2018 Seminarium &#8222;Kompetencje informatyczne i czytelnicze w nowej podstawie programowej&#8221; &#8211; 2017<span class=\"ellipsis\">&hellip;<\/span><\/p>\n<div class=\"read-more\"><a href=\"https:\/\/pbp.womczest.edu.pl\/new\/kontakt\/lubliniec\/kursy-i-szkolenia\/\">Czytaj wi\u0119cej &#8250;<\/a><\/div>\n<p><!-- end of .read-more --><\/p>\n","protected":false},"author":3,"featured_media":0,"parent":3160,"menu_order":0,"comment_status":"closed","ping_status":"open","template":"","meta":{"footnotes":""},"jetpack_sharing_enabled":true,"jetpack_shortlink":"https:\/\/wp.me\/PgmV4H-Y5","_links":{"self":[{"href":"https:\/\/pbp.womczest.edu.pl\/new\/wp-json\/wp\/v2\/pages\/3725"}],"collection":[{"href":"https:\/\/pbp.womczest.edu.pl\/new\/wp-json\/wp\/v2\/pages"}],"about":[{"href":"https:\/\/pbp.womczest.edu.pl\/new\/wp-json\/wp\/v2\/types\/page"}],"author":[{"embeddable":true,"href":"https:\/\/pbp.womczest.edu.pl\/new\/wp-json\/wp\/v2\/users\/3"}],"replies":[{"embeddable":true,"href":"https:\/\/pbp.womczest.edu.pl\/new\/wp-json\/wp\/v2\/comments?post=3725"}],"version-history":[{"count":29,"href":"https:\/\/pbp.womczest.edu.pl\/new\/wp-json\/wp\/v2\/pages\/3725\/revisions"}],"predecessor-version":[{"id":23183,"href":"https:\/\/pbp.womczest.edu.pl\/new\/wp-json\/wp\/v2\/pages\/3725\/revisions\/23183"}],"up":[{"embeddable":true,"href":"https:\/\/pbp.womczest.edu.pl\/new\/wp-json\/wp\/v2\/pages\/3160"}],"wp:attachment":[{"href":"https:\/\/pbp.womczest.edu.pl\/new\/wp-json\/wp\/v2\/media?parent=3725"}],"curies":[{"name":"wp","href":"https:\/\/api.w.org\/{rel}","templated":true}]}}