


{"id":3712,"date":"2015-05-18T10:40:03","date_gmt":"2015-05-18T08:40:03","guid":{"rendered":"https:\/\/pbp.womczest.edu.pl\/new\/?page_id=3712"},"modified":"2015-05-18T10:40:03","modified_gmt":"2015-05-18T08:40:03","slug":"najaktywniej-czytajacy-trzecioklasista-ii-edycja-wyniki-konkursu","status":"publish","type":"page","link":"https:\/\/pbp.womczest.edu.pl\/new\/kontakt\/lubliniec\/konkursy-filia-lubliniec\/najaktywniej-czytajacy-trzecioklasista-ii-edycja-wyniki-konkursu\/","title":{"rendered":"\u201eNajaktywniej czytaj\u0105cy trzecioklasista\u201d &#8211; II edycja wyniki konkursu"},"content":{"rendered":"<hr \/>\n<p>Do konkursowych zmaga\u0144 na \u201eNajaktywniej czytaj\u0105cego Trzecioklasist\u0119\u201d zg\u0142osi\u0142o si\u0119\u00a0trzyna\u015bcie szk\u00f3\u0142 podstawowych z powiatu lublinieckiego: Szko\u0142a Podstawowa im.\u00a0J. Ligonia w Strzebiniu, Publiczna Szko\u0142a Podstawowa im. W. Kawy i B. Kawy w\u00a0Ko\u015bmidrach, Publiczna Szko\u0142a Podstawowa w Gwo\u017adzianach, Zesp\u00f3\u0142 Szkolno-Przedszkolny w Lisowicach, Szko\u0142a Podstawowa im. 74 G\u00f3rno\u015bl\u0105skiego Pu\u0142ku Piechoty w\u00a0Sadowie, Szko\u0142a Podstawowa nr 1 im. M. Konopnickiej w Lubli\u0144cu, Zesp\u00f3\u0142 Plac\u00f3wek O\u015bwiatowych im.\u00a0Unii Europejskiej w Boronowie, Publiczna Szko\u0142a Podstawowa im.\u00a0T.\u00a0Ko\u015bciuszki w Pawonkowie, Zesp\u00f3\u0142 Szkolno-Przedszkolny w\u00a0Rusinowicach, Szko\u0142a Podstawowa nr 3 im. Bohater\u00f3w Westerplatte w Lubli\u0144cu, Szko\u0142a Podstawowa w Ligocie Wo\u017anickiej, Zesp\u00f3\u0142 Szkolno-Przedszkolny w Glinicy, Szko\u0142a Podstawowa im. Jana Paw\u0142a II w Psarach.<\/p>\n<p>Celem konkursu by\u0142o rozbudzanie zainteresowa\u0144 czytelniczych w\u015br\u00f3d dzieci, kszta\u0142towanie nawyku systematycznego czytania oraz promocja ksi\u0119gozbior\u00f3w bibliotek szkolnych. Organizatorzy mieli za zadanie wskaza\u0107 uczni\u00f3w trzecich klas szk\u00f3\u0142 podstawowych, kt\u00f3rzy w okresie od 1 wrze\u015bnia 2013 roku do 31 maja 2014 roku przeczytali najwi\u0119cej ksi\u0105\u017cek dost\u0119pnych w bibliotece szkolnej.<\/p>\n<p>Spo\u015br\u00f3d siedemna\u015bciorga zg\u0142oszonych trzecioklasist\u00f3w najlepszymi czytelnikami okazali si\u0119:<\/p>\n<p style=\"text-align: center;\"><strong>I miejsce: Nikola Janikowska \u2013 Zesp\u00f3\u0142 Plac\u00f3wek O\u015bwiatowych im. Unii Europejskiej w Boronowie (276 ksi\u0105\u017cek)<\/strong><\/p>\n<p style=\"text-align: center;\"><strong>II miejsce: Wioletta Jerominek \u2013 Publiczna Szko\u0142a Podstawowa im. W. Kawy i\u00a0B.\u00a0Kawy w Ko\u015bmidrach (112 ksi\u0105\u017cek)<\/strong><\/p>\n<p style=\"text-align: center;\"><strong>III miejsce: Justyna Pogoda \u2013 Szko\u0142a Podstawowa im. Jana Paw\u0142a II w Psarach (93\u00a0ksi\u0105\u017cki)<\/strong><\/p>\n<p>Dla wszystkich rywalizuj\u0105cych ze sob\u0105 uczni\u00f3w, przygotowano dyplomy i\u00a0nagrody ksi\u0105\u017ckowe.<\/p>\n<p style=\"text-align: center;\"><em>Zwyci\u0119zcom oraz wszystkim uczestnikom gratulujemy wynik\u00f3w!<\/em><\/p>\n","protected":false},"excerpt":{"rendered":"<p>Do konkursowych zmaga\u0144 na \u201eNajaktywniej czytaj\u0105cego Trzecioklasist\u0119\u201d zg\u0142osi\u0142o si\u0119\u00a0trzyna\u015bcie szk\u00f3\u0142 podstawowych z powiatu lublinieckiego: Szko\u0142a Podstawowa im.\u00a0J. Ligonia w Strzebiniu, Publiczna Szko\u0142a Podstawowa im. W. Kawy i B. Kawy w\u00a0Ko\u015bmidrach, Publiczna Szko\u0142a Podstawowa w Gwo\u017adzianach, Zesp\u00f3\u0142 Szkolno-Przedszkolny w Lisowicach, Szko\u0142a Podstawowa im. 74 G\u00f3rno\u015bl\u0105skiego Pu\u0142ku Piechoty w\u00a0Sadowie, Szko\u0142a Podstawowa nr 1 im. M. Konopnickiej w Lubli\u0144cu, Zesp\u00f3\u0142 Plac\u00f3wek O\u015bwiatowych im.\u00a0Unii Europejskiej w Boronowie, Publiczna Szko\u0142a Podstawowa im.\u00a0T.\u00a0Ko\u015bciuszki w Pawonkowie, Zesp\u00f3\u0142<span class=\"ellipsis\">&hellip;<\/span><\/p>\n<div class=\"read-more\"><a href=\"https:\/\/pbp.womczest.edu.pl\/new\/kontakt\/lubliniec\/konkursy-filia-lubliniec\/najaktywniej-czytajacy-trzecioklasista-ii-edycja-wyniki-konkursu\/\">Czytaj wi\u0119cej &#8250;<\/a><\/div>\n<p><!-- end of .read-more --><\/p>\n","protected":false},"author":3,"featured_media":0,"parent":3684,"menu_order":0,"comment_status":"closed","ping_status":"open","template":"","meta":{"footnotes":""},"jetpack_sharing_enabled":true,"jetpack_shortlink":"https:\/\/wp.me\/PgmV4H-XS","_links":{"self":[{"href":"https:\/\/pbp.womczest.edu.pl\/new\/wp-json\/wp\/v2\/pages\/3712"}],"collection":[{"href":"https:\/\/pbp.womczest.edu.pl\/new\/wp-json\/wp\/v2\/pages"}],"about":[{"href":"https:\/\/pbp.womczest.edu.pl\/new\/wp-json\/wp\/v2\/types\/page"}],"author":[{"embeddable":true,"href":"https:\/\/pbp.womczest.edu.pl\/new\/wp-json\/wp\/v2\/users\/3"}],"replies":[{"embeddable":true,"href":"https:\/\/pbp.womczest.edu.pl\/new\/wp-json\/wp\/v2\/comments?post=3712"}],"version-history":[{"count":2,"href":"https:\/\/pbp.womczest.edu.pl\/new\/wp-json\/wp\/v2\/pages\/3712\/revisions"}],"predecessor-version":[{"id":3714,"href":"https:\/\/pbp.womczest.edu.pl\/new\/wp-json\/wp\/v2\/pages\/3712\/revisions\/3714"}],"up":[{"embeddable":true,"href":"https:\/\/pbp.womczest.edu.pl\/new\/wp-json\/wp\/v2\/pages\/3684"}],"wp:attachment":[{"href":"https:\/\/pbp.womczest.edu.pl\/new\/wp-json\/wp\/v2\/media?parent=3712"}],"curies":[{"name":"wp","href":"https:\/\/api.w.org\/{rel}","templated":true}]}}