


{"id":3707,"date":"2015-05-18T10:36:40","date_gmt":"2015-05-18T08:36:40","guid":{"rendered":"https:\/\/pbp.womczest.edu.pl\/new\/?page_id=3707"},"modified":"2023-03-07T13:32:48","modified_gmt":"2023-03-07T12:32:48","slug":"tajemnica-ginacego-lasu-dlaczego-ja-wyniki-konkursu-2014","status":"publish","type":"page","link":"https:\/\/pbp.womczest.edu.pl\/new\/kontakt\/lubliniec\/konkursy-filia-lubliniec\/tajemnica-ginacego-lasu-dlaczego-ja-wyniki-konkursu-2014\/","title":{"rendered":"\u201eTajemnica gin\u0105cego lasu \u2013 dlaczego ja?\u201d"},"content":{"rendered":"<hr \/>\n<p>23 maja 2014 r. w Szkole Podstawowej nr 1 im. Marii Konopnickiej w Lubli\u0144cu odby\u0142 si\u0119 fina\u0142 mi\u0119dzyszkolnego konkursu czytelniczego pt.: <strong><em>Tajemnica gin\u0105cego lasu,<\/em><\/strong> zorganizowanego przez Publiczn\u0105 Bibliotek\u0119 Pedagogiczn\u0105 Regionalnego O\u015brodka Doskonalenia Nauczycieli \u201eWOM\u201d w Cz\u0119stochowie Filia w Lubli\u0144cu i bibliotek\u0119 Szko\u0142y Podstawowej nr 1 w Lubli\u0144cu.<\/p>\n<p>Adresatami konkursu byli uczniowie klas IV\u2013VI szk\u00f3\u0142 podstawowych z terenu powiatu lublinieckiego. Rozwi\u0105zanie testu, obejmuj\u0105cego znajomo\u015b\u0107 drugiej cz\u0119\u015bci powie\u015bci m\u0142odzie\u017cowej <em>Tajemnica gin\u0105cego lasu \u2013 dlaczego ja <\/em>autorstwa lubliniczanina Jerzego Miosgi, to zadanie przygotowane dla uczestnik\u00f3w.<\/p>\n<p>Do konkursowych zmaga\u0144 przyst\u0105pi\u0142o 31 uczni\u00f3w reprezentuj\u0105cych 10 plac\u00f3wek o\u015bwiatowych: Szko\u0142\u0119 Podstawow\u0105 im. 74\u00a0G\u00f3rno\u015bl\u0105skiego Pu\u0142ku Piechoty w Sadowie, Zesp\u00f3\u0142 Plac\u00f3wek O\u015bwiatowych im. Unii Europejskiej w Boronowie, Szko\u0142\u0119 Podstawow\u0105 im. J. Korczaka w Kochcicach, Szko\u0142\u0119 Podstawow\u0105 nr 1 im. M. Konopnickiej w Lubli\u0144cu, Zesp\u00f3\u0142 Szk\u00f3\u0142 im. \u015bw. E. Stein Katolickiego Stowarzyszenia Wychowawc\u00f3w w Lubli\u0144cu, Szko\u0142\u0119 Podstawow\u0105 im. W. Kawy i B. Kawy w Ko\u015bmidrach, Szko\u0142\u0119 Podstawow\u0105 im. Jana Paw\u0142a II w Kosz\u0119cinie, Szko\u0142\u0119 Podstawow\u0105 im. Powsta\u0144c\u00f3w \u015al\u0105skich w Ciasnej, Szko\u0142\u0119 Podstawow\u0105 nr 3 im. Bohater\u00f3w Westerplatte w Lubli\u0144cu, Publiczn\u0105 Szko\u0142\u0119 Podstawow\u0105 im. K. Damrota w Lubecku.<\/p>\n<p>Z uwagi na bardzo wysoki i wyr\u00f3wnany poziom wiadomo\u015bci uczestnik\u00f3w, w celu wy\u0142onienia wszystkich laureat\u00f3w konieczno\u015bci\u0105 okaza\u0142o si\u0119 przeprowadzenie trzech dogrywek. Zwyci\u0119\u017cczyni uzyska\u0142a maksymaln\u0105 liczb\u0119 punkt\u00f3w.<\/p>\n<p>Ostatecznie jury przyzna\u0142o:<\/p>\n<p style=\"text-align: center;\"><strong>I miejsce: <em>Julia Kupiak<\/em> \u2013 Szko\u0142a Podstawowa im. Jana Paw\u0142a II w Kosz\u0119cinie<\/strong><br \/>\n<strong>II miejsce: <em>Maja Cyro\u0144<\/em> \u2013 Szko\u0142a Podstawowa nr 1 im. M. Konopnickiej w Lubli\u0144cu<br \/>\nIII miejsce: <em>Arkadiusz Kurek<\/em> <\/strong>\u2013 <strong>Szko\u0142a Podstawowa im. Powsta\u0144c\u00f3w \u015al\u0105skich w Ciasnej<\/strong><\/p>\n<p>Konkurs zosta\u0142 po\u0142\u0105czony ze spotkaniem autorskim z Jerzym Miosg\u0105. Uczniowie, w trakcie rozmowy z Autorem, mieli okazj\u0119 pozna\u0107 szczeg\u00f3\u0142y zwi\u0105zane z powstaniem dw\u00f3ch cz\u0119\u015bci <em>Tajemnicy gin\u0105cego lasu<\/em>. Liczne pytania dotyczy\u0142y r\u00f3wnie\u017c dalszych los\u00f3w bohater\u00f3w w planowanej, kolejnej cz\u0119\u015bci powie\u015bci.<\/p>\n<p>Wszystkim uczestnikom wr\u0119czono dyplomy. Dla zwyci\u0119zc\u00f3w przygotowano nagrody ksi\u0105\u017ckowe.<\/p>\n<p>Organizatorzy sk\u0142adaj\u0105 serdeczne podzi\u0119kowania: Panu Jerzemu Miosdze za obecno\u015b\u0107, wszystkim uczniom i ich nauczycielom za udzia\u0142, Pani dyrektor Bo\u017cenie Wr\u0119czyckiej i Pani wicedyrektor Annie Wachowskiej za udost\u0119pnienie sal lekcyjnych i \u017cyczliwe przyj\u0119cie, Pani Jadwidze Burzyk za pomoc przy organizacji konkursu.<\/p>\n<p style=\"text-align: right;\"><em>El\u017cbieta Kulisz<br \/>\nMa\u0142gorzata Goinda<br \/>\nAnna Bidzi\u0144ska-Kristof<br \/>\nEwa Walasek<br \/>\nZdj\u0119cia: Ma\u0142gorzata Goinda<\/em><\/p>\n<p style=\"text-align: left;\"><a href=\"https:\/\/pbp.womczest.edu.pl\/new\/wp-content\/uploads\/2013\/05\/filie_lubliniec_ginacy_las_2014_tgl2014_01.jpg\" target=\"_blank\" rel=\"noopener\"><img decoding=\"async\" loading=\"lazy\" class=\"alignleft wp-image-1175\" style=\"border: 0px none;\" src=\"https:\/\/pbp.womczest.edu.pl\/new\/wp-content\/uploads\/2013\/05\/filie_lubliniec_ginacy_las_2014_tgl2014_01.jpg\" alt=\"\" width=\"150\" height=\"110\" border=\"0\" srcset=\"https:\/\/pbp.womczest.edu.pl\/new\/wp-content\/uploads\/2013\/05\/filie_lubliniec_ginacy_las_2014_tgl2014_01.jpg 624w, https:\/\/pbp.womczest.edu.pl\/new\/wp-content\/uploads\/2013\/05\/filie_lubliniec_ginacy_las_2014_tgl2014_01-300x219.jpg 300w, https:\/\/pbp.womczest.edu.pl\/new\/wp-content\/uploads\/2013\/05\/filie_lubliniec_ginacy_las_2014_tgl2014_01-100x73.jpg 100w, https:\/\/pbp.womczest.edu.pl\/new\/wp-content\/uploads\/2013\/05\/filie_lubliniec_ginacy_las_2014_tgl2014_01-150x110.jpg 150w, https:\/\/pbp.womczest.edu.pl\/new\/wp-content\/uploads\/2013\/05\/filie_lubliniec_ginacy_las_2014_tgl2014_01-200x146.jpg 200w, https:\/\/pbp.womczest.edu.pl\/new\/wp-content\/uploads\/2013\/05\/filie_lubliniec_ginacy_las_2014_tgl2014_01-450x329.jpg 450w, https:\/\/pbp.womczest.edu.pl\/new\/wp-content\/uploads\/2013\/05\/filie_lubliniec_ginacy_las_2014_tgl2014_01-600x438.jpg 600w\" sizes=\"(max-width: 150px) 100vw, 150px\" \/><\/a> <a href=\"https:\/\/pbp.womczest.edu.pl\/new\/wp-content\/uploads\/2013\/05\/filie_lubliniec_ginacy_las_2014_tgl2014_02.jpg\" target=\"_blank\" rel=\"noopener\"><img decoding=\"async\" loading=\"lazy\" class=\"alignleft wp-image-1176\" style=\"border: 0px none;\" src=\"https:\/\/pbp.womczest.edu.pl\/new\/wp-content\/uploads\/2013\/05\/filie_lubliniec_ginacy_las_2014_tgl2014_02.jpg\" alt=\"\" width=\"150\" height=\"110\" border=\"0\" srcset=\"https:\/\/pbp.womczest.edu.pl\/new\/wp-content\/uploads\/2013\/05\/filie_lubliniec_ginacy_las_2014_tgl2014_02.jpg 624w, https:\/\/pbp.womczest.edu.pl\/new\/wp-content\/uploads\/2013\/05\/filie_lubliniec_ginacy_las_2014_tgl2014_02-300x219.jpg 300w, https:\/\/pbp.womczest.edu.pl\/new\/wp-content\/uploads\/2013\/05\/filie_lubliniec_ginacy_las_2014_tgl2014_02-100x73.jpg 100w, https:\/\/pbp.womczest.edu.pl\/new\/wp-content\/uploads\/2013\/05\/filie_lubliniec_ginacy_las_2014_tgl2014_02-150x110.jpg 150w, https:\/\/pbp.womczest.edu.pl\/new\/wp-content\/uploads\/2013\/05\/filie_lubliniec_ginacy_las_2014_tgl2014_02-200x146.jpg 200w, https:\/\/pbp.womczest.edu.pl\/new\/wp-content\/uploads\/2013\/05\/filie_lubliniec_ginacy_las_2014_tgl2014_02-450x329.jpg 450w, https:\/\/pbp.womczest.edu.pl\/new\/wp-content\/uploads\/2013\/05\/filie_lubliniec_ginacy_las_2014_tgl2014_02-600x438.jpg 600w\" sizes=\"(max-width: 150px) 100vw, 150px\" \/><\/a> <a href=\"https:\/\/pbp.womczest.edu.pl\/new\/wp-content\/uploads\/2013\/05\/filie_lubliniec_ginacy_las_2014_tgl2014_03.jpg\" target=\"_blank\" rel=\"noopener\"><img decoding=\"async\" loading=\"lazy\" class=\"alignleft wp-image-1177\" style=\"border: 0px none;\" src=\"https:\/\/pbp.womczest.edu.pl\/new\/wp-content\/uploads\/2013\/05\/filie_lubliniec_ginacy_las_2014_tgl2014_03.jpg\" alt=\"\" width=\"150\" height=\"110\" border=\"0\" srcset=\"https:\/\/pbp.womczest.edu.pl\/new\/wp-content\/uploads\/2013\/05\/filie_lubliniec_ginacy_las_2014_tgl2014_03.jpg 624w, https:\/\/pbp.womczest.edu.pl\/new\/wp-content\/uploads\/2013\/05\/filie_lubliniec_ginacy_las_2014_tgl2014_03-300x219.jpg 300w, https:\/\/pbp.womczest.edu.pl\/new\/wp-content\/uploads\/2013\/05\/filie_lubliniec_ginacy_las_2014_tgl2014_03-100x73.jpg 100w, https:\/\/pbp.womczest.edu.pl\/new\/wp-content\/uploads\/2013\/05\/filie_lubliniec_ginacy_las_2014_tgl2014_03-150x110.jpg 150w, https:\/\/pbp.womczest.edu.pl\/new\/wp-content\/uploads\/2013\/05\/filie_lubliniec_ginacy_las_2014_tgl2014_03-200x146.jpg 200w, https:\/\/pbp.womczest.edu.pl\/new\/wp-content\/uploads\/2013\/05\/filie_lubliniec_ginacy_las_2014_tgl2014_03-450x329.jpg 450w, https:\/\/pbp.womczest.edu.pl\/new\/wp-content\/uploads\/2013\/05\/filie_lubliniec_ginacy_las_2014_tgl2014_03-600x438.jpg 600w\" sizes=\"(max-width: 150px) 100vw, 150px\" \/><\/a><\/p>\n<p style=\"text-align: left;\"><a href=\"https:\/\/pbp.womczest.edu.pl\/new\/wp-content\/uploads\/2013\/05\/filie_lubliniec_ginacy_las_2014_tgl2014_04.jpg\" target=\"_blank\" rel=\"noopener\"><img decoding=\"async\" loading=\"lazy\" class=\"alignleft wp-image-1178\" style=\"border: 0px none;\" src=\"https:\/\/pbp.womczest.edu.pl\/new\/wp-content\/uploads\/2013\/05\/filie_lubliniec_ginacy_las_2014_tgl2014_04.jpg\" alt=\"\" width=\"150\" height=\"110\" border=\"0\" srcset=\"https:\/\/pbp.womczest.edu.pl\/new\/wp-content\/uploads\/2013\/05\/filie_lubliniec_ginacy_las_2014_tgl2014_04.jpg 624w, https:\/\/pbp.womczest.edu.pl\/new\/wp-content\/uploads\/2013\/05\/filie_lubliniec_ginacy_las_2014_tgl2014_04-300x219.jpg 300w, https:\/\/pbp.womczest.edu.pl\/new\/wp-content\/uploads\/2013\/05\/filie_lubliniec_ginacy_las_2014_tgl2014_04-100x73.jpg 100w, https:\/\/pbp.womczest.edu.pl\/new\/wp-content\/uploads\/2013\/05\/filie_lubliniec_ginacy_las_2014_tgl2014_04-150x110.jpg 150w, https:\/\/pbp.womczest.edu.pl\/new\/wp-content\/uploads\/2013\/05\/filie_lubliniec_ginacy_las_2014_tgl2014_04-200x146.jpg 200w, https:\/\/pbp.womczest.edu.pl\/new\/wp-content\/uploads\/2013\/05\/filie_lubliniec_ginacy_las_2014_tgl2014_04-450x329.jpg 450w, https:\/\/pbp.womczest.edu.pl\/new\/wp-content\/uploads\/2013\/05\/filie_lubliniec_ginacy_las_2014_tgl2014_04-600x438.jpg 600w\" sizes=\"(max-width: 150px) 100vw, 150px\" \/><\/a> <a href=\"https:\/\/pbp.womczest.edu.pl\/new\/wp-content\/uploads\/2013\/05\/filie_lubliniec_ginacy_las_2014_tgl2014_05.jpg\" target=\"_blank\" rel=\"noopener\"><img decoding=\"async\" loading=\"lazy\" class=\"alignleft wp-image-1179\" style=\"border: 0px none;\" src=\"https:\/\/pbp.womczest.edu.pl\/new\/wp-content\/uploads\/2013\/05\/filie_lubliniec_ginacy_las_2014_tgl2014_05.jpg\" alt=\"\" width=\"150\" height=\"110\" border=\"0\" srcset=\"https:\/\/pbp.womczest.edu.pl\/new\/wp-content\/uploads\/2013\/05\/filie_lubliniec_ginacy_las_2014_tgl2014_05.jpg 624w, https:\/\/pbp.womczest.edu.pl\/new\/wp-content\/uploads\/2013\/05\/filie_lubliniec_ginacy_las_2014_tgl2014_05-300x219.jpg 300w, https:\/\/pbp.womczest.edu.pl\/new\/wp-content\/uploads\/2013\/05\/filie_lubliniec_ginacy_las_2014_tgl2014_05-100x73.jpg 100w, https:\/\/pbp.womczest.edu.pl\/new\/wp-content\/uploads\/2013\/05\/filie_lubliniec_ginacy_las_2014_tgl2014_05-150x110.jpg 150w, https:\/\/pbp.womczest.edu.pl\/new\/wp-content\/uploads\/2013\/05\/filie_lubliniec_ginacy_las_2014_tgl2014_05-200x146.jpg 200w, https:\/\/pbp.womczest.edu.pl\/new\/wp-content\/uploads\/2013\/05\/filie_lubliniec_ginacy_las_2014_tgl2014_05-450x329.jpg 450w, https:\/\/pbp.womczest.edu.pl\/new\/wp-content\/uploads\/2013\/05\/filie_lubliniec_ginacy_las_2014_tgl2014_05-600x438.jpg 600w\" sizes=\"(max-width: 150px) 100vw, 150px\" \/><\/a> <a href=\"https:\/\/pbp.womczest.edu.pl\/new\/wp-content\/uploads\/2013\/05\/filie_lubliniec_ginacy_las_2014_tgl2014_06.jpg\" target=\"_blank\" rel=\"noopener\"><img decoding=\"async\" loading=\"lazy\" class=\"alignleft wp-image-1180\" style=\"border: 0px none;\" src=\"https:\/\/pbp.womczest.edu.pl\/new\/wp-content\/uploads\/2013\/05\/filie_lubliniec_ginacy_las_2014_tgl2014_06.jpg\" alt=\"\" width=\"150\" height=\"110\" border=\"0\" srcset=\"https:\/\/pbp.womczest.edu.pl\/new\/wp-content\/uploads\/2013\/05\/filie_lubliniec_ginacy_las_2014_tgl2014_06.jpg 624w, https:\/\/pbp.womczest.edu.pl\/new\/wp-content\/uploads\/2013\/05\/filie_lubliniec_ginacy_las_2014_tgl2014_06-300x219.jpg 300w, https:\/\/pbp.womczest.edu.pl\/new\/wp-content\/uploads\/2013\/05\/filie_lubliniec_ginacy_las_2014_tgl2014_06-100x73.jpg 100w, https:\/\/pbp.womczest.edu.pl\/new\/wp-content\/uploads\/2013\/05\/filie_lubliniec_ginacy_las_2014_tgl2014_06-150x110.jpg 150w, https:\/\/pbp.womczest.edu.pl\/new\/wp-content\/uploads\/2013\/05\/filie_lubliniec_ginacy_las_2014_tgl2014_06-200x146.jpg 200w, https:\/\/pbp.womczest.edu.pl\/new\/wp-content\/uploads\/2013\/05\/filie_lubliniec_ginacy_las_2014_tgl2014_06-450x329.jpg 450w, https:\/\/pbp.womczest.edu.pl\/new\/wp-content\/uploads\/2013\/05\/filie_lubliniec_ginacy_las_2014_tgl2014_06-600x438.jpg 600w\" sizes=\"(max-width: 150px) 100vw, 150px\" \/><\/a><\/p>\n<p style=\"text-align: left;\"><a href=\"https:\/\/pbp.womczest.edu.pl\/new\/wp-content\/uploads\/2013\/05\/filie_lubliniec_ginacy_las_2014_tgl2014_07.jpg\" target=\"_blank\" rel=\"noopener\"><img decoding=\"async\" loading=\"lazy\" class=\"alignleft wp-image-1181\" style=\"border: 0px none;\" src=\"https:\/\/pbp.womczest.edu.pl\/new\/wp-content\/uploads\/2013\/05\/filie_lubliniec_ginacy_las_2014_tgl2014_07.jpg\" alt=\"\" width=\"150\" height=\"110\" border=\"0\" srcset=\"https:\/\/pbp.womczest.edu.pl\/new\/wp-content\/uploads\/2013\/05\/filie_lubliniec_ginacy_las_2014_tgl2014_07.jpg 624w, https:\/\/pbp.womczest.edu.pl\/new\/wp-content\/uploads\/2013\/05\/filie_lubliniec_ginacy_las_2014_tgl2014_07-300x219.jpg 300w, https:\/\/pbp.womczest.edu.pl\/new\/wp-content\/uploads\/2013\/05\/filie_lubliniec_ginacy_las_2014_tgl2014_07-100x73.jpg 100w, https:\/\/pbp.womczest.edu.pl\/new\/wp-content\/uploads\/2013\/05\/filie_lubliniec_ginacy_las_2014_tgl2014_07-150x110.jpg 150w, https:\/\/pbp.womczest.edu.pl\/new\/wp-content\/uploads\/2013\/05\/filie_lubliniec_ginacy_las_2014_tgl2014_07-200x146.jpg 200w, https:\/\/pbp.womczest.edu.pl\/new\/wp-content\/uploads\/2013\/05\/filie_lubliniec_ginacy_las_2014_tgl2014_07-450x329.jpg 450w, https:\/\/pbp.womczest.edu.pl\/new\/wp-content\/uploads\/2013\/05\/filie_lubliniec_ginacy_las_2014_tgl2014_07-600x438.jpg 600w\" sizes=\"(max-width: 150px) 100vw, 150px\" \/><\/a> <a href=\"https:\/\/pbp.womczest.edu.pl\/new\/wp-content\/uploads\/2013\/05\/filie_lubliniec_ginacy_las_2014_tgl2014_08.jpg\" target=\"_blank\" rel=\"noopener\"><img decoding=\"async\" loading=\"lazy\" class=\"alignleft wp-image-1182\" style=\"border: 0px none;\" src=\"https:\/\/pbp.womczest.edu.pl\/new\/wp-content\/uploads\/2013\/05\/filie_lubliniec_ginacy_las_2014_tgl2014_08.jpg\" alt=\"\" width=\"150\" height=\"110\" border=\"0\" srcset=\"https:\/\/pbp.womczest.edu.pl\/new\/wp-content\/uploads\/2013\/05\/filie_lubliniec_ginacy_las_2014_tgl2014_08.jpg 624w, https:\/\/pbp.womczest.edu.pl\/new\/wp-content\/uploads\/2013\/05\/filie_lubliniec_ginacy_las_2014_tgl2014_08-300x219.jpg 300w, https:\/\/pbp.womczest.edu.pl\/new\/wp-content\/uploads\/2013\/05\/filie_lubliniec_ginacy_las_2014_tgl2014_08-100x73.jpg 100w, https:\/\/pbp.womczest.edu.pl\/new\/wp-content\/uploads\/2013\/05\/filie_lubliniec_ginacy_las_2014_tgl2014_08-150x110.jpg 150w, https:\/\/pbp.womczest.edu.pl\/new\/wp-content\/uploads\/2013\/05\/filie_lubliniec_ginacy_las_2014_tgl2014_08-200x146.jpg 200w, https:\/\/pbp.womczest.edu.pl\/new\/wp-content\/uploads\/2013\/05\/filie_lubliniec_ginacy_las_2014_tgl2014_08-450x329.jpg 450w, https:\/\/pbp.womczest.edu.pl\/new\/wp-content\/uploads\/2013\/05\/filie_lubliniec_ginacy_las_2014_tgl2014_08-600x438.jpg 600w\" sizes=\"(max-width: 150px) 100vw, 150px\" \/><\/a> <a href=\"https:\/\/pbp.womczest.edu.pl\/new\/wp-content\/uploads\/2013\/05\/filie_lubliniec_ginacy_las_2014_tgl2014_09.jpg\" target=\"_blank\" rel=\"noopener\"><img decoding=\"async\" loading=\"lazy\" class=\"alignleft wp-image-1183\" style=\"border: 0px none;\" src=\"https:\/\/pbp.womczest.edu.pl\/new\/wp-content\/uploads\/2013\/05\/filie_lubliniec_ginacy_las_2014_tgl2014_09.jpg\" alt=\"\" width=\"150\" height=\"110\" border=\"0\" srcset=\"https:\/\/pbp.womczest.edu.pl\/new\/wp-content\/uploads\/2013\/05\/filie_lubliniec_ginacy_las_2014_tgl2014_09.jpg 624w, https:\/\/pbp.womczest.edu.pl\/new\/wp-content\/uploads\/2013\/05\/filie_lubliniec_ginacy_las_2014_tgl2014_09-300x219.jpg 300w, https:\/\/pbp.womczest.edu.pl\/new\/wp-content\/uploads\/2013\/05\/filie_lubliniec_ginacy_las_2014_tgl2014_09-100x73.jpg 100w, https:\/\/pbp.womczest.edu.pl\/new\/wp-content\/uploads\/2013\/05\/filie_lubliniec_ginacy_las_2014_tgl2014_09-150x110.jpg 150w, https:\/\/pbp.womczest.edu.pl\/new\/wp-content\/uploads\/2013\/05\/filie_lubliniec_ginacy_las_2014_tgl2014_09-200x146.jpg 200w, https:\/\/pbp.womczest.edu.pl\/new\/wp-content\/uploads\/2013\/05\/filie_lubliniec_ginacy_las_2014_tgl2014_09-450x329.jpg 450w, https:\/\/pbp.womczest.edu.pl\/new\/wp-content\/uploads\/2013\/05\/filie_lubliniec_ginacy_las_2014_tgl2014_09-600x438.jpg 600w\" sizes=\"(max-width: 150px) 100vw, 150px\" \/><\/a><\/p>\n<p style=\"text-align: center;\"><a href=\"https:\/\/pbp.womczest.edu.pl\/new\/wp-content\/uploads\/2013\/05\/filie_lubliniec_ginacy_las_2014_tgl2014_10.jpg\" target=\"_blank\" rel=\"noopener\"><img decoding=\"async\" loading=\"lazy\" class=\" size-full wp-image-1184 alignleft\" src=\"https:\/\/pbp.womczest.edu.pl\/new\/wp-content\/uploads\/2013\/05\/filie_lubliniec_ginacy_las_2014_tgl2014_10.jpg\" alt=\"\" width=\"349\" height=\"182\" border=\"0\" srcset=\"https:\/\/pbp.womczest.edu.pl\/new\/wp-content\/uploads\/2013\/05\/filie_lubliniec_ginacy_las_2014_tgl2014_10.jpg 624w, https:\/\/pbp.womczest.edu.pl\/new\/wp-content\/uploads\/2013\/05\/filie_lubliniec_ginacy_las_2014_tgl2014_10-300x157.jpg 300w, https:\/\/pbp.womczest.edu.pl\/new\/wp-content\/uploads\/2013\/05\/filie_lubliniec_ginacy_las_2014_tgl2014_10-100x52.jpg 100w, https:\/\/pbp.womczest.edu.pl\/new\/wp-content\/uploads\/2013\/05\/filie_lubliniec_ginacy_las_2014_tgl2014_10-150x78.jpg 150w, https:\/\/pbp.womczest.edu.pl\/new\/wp-content\/uploads\/2013\/05\/filie_lubliniec_ginacy_las_2014_tgl2014_10-200x104.jpg 200w, https:\/\/pbp.womczest.edu.pl\/new\/wp-content\/uploads\/2013\/05\/filie_lubliniec_ginacy_las_2014_tgl2014_10-450x235.jpg 450w, https:\/\/pbp.womczest.edu.pl\/new\/wp-content\/uploads\/2013\/05\/filie_lubliniec_ginacy_las_2014_tgl2014_10-600x313.jpg 600w\" sizes=\"(max-width: 349px) 100vw, 349px\" \/><\/a><\/p>\n","protected":false},"excerpt":{"rendered":"<p>23 maja 2014 r. w Szkole Podstawowej nr 1 im. Marii Konopnickiej w Lubli\u0144cu odby\u0142 si\u0119 fina\u0142 mi\u0119dzyszkolnego konkursu czytelniczego pt.: Tajemnica gin\u0105cego lasu, zorganizowanego przez Publiczn\u0105 Bibliotek\u0119 Pedagogiczn\u0105 Regionalnego O\u015brodka Doskonalenia Nauczycieli \u201eWOM\u201d w Cz\u0119stochowie Filia w Lubli\u0144cu i bibliotek\u0119 Szko\u0142y Podstawowej nr 1 w Lubli\u0144cu. Adresatami konkursu byli uczniowie klas IV\u2013VI szk\u00f3\u0142 podstawowych z terenu powiatu lublinieckiego. Rozwi\u0105zanie testu, obejmuj\u0105cego znajomo\u015b\u0107 drugiej cz\u0119\u015bci powie\u015bci m\u0142odzie\u017cowej Tajemnica gin\u0105cego lasu<span class=\"ellipsis\">&hellip;<\/span><\/p>\n<div class=\"read-more\"><a href=\"https:\/\/pbp.womczest.edu.pl\/new\/kontakt\/lubliniec\/konkursy-filia-lubliniec\/tajemnica-ginacego-lasu-dlaczego-ja-wyniki-konkursu-2014\/\">Czytaj wi\u0119cej &#8250;<\/a><\/div>\n<p><!-- end of .read-more --><\/p>\n","protected":false},"author":3,"featured_media":0,"parent":3684,"menu_order":0,"comment_status":"closed","ping_status":"open","template":"","meta":{"footnotes":""},"jetpack_sharing_enabled":true,"jetpack_shortlink":"https:\/\/wp.me\/PgmV4H-XN","_links":{"self":[{"href":"https:\/\/pbp.womczest.edu.pl\/new\/wp-json\/wp\/v2\/pages\/3707"}],"collection":[{"href":"https:\/\/pbp.womczest.edu.pl\/new\/wp-json\/wp\/v2\/pages"}],"about":[{"href":"https:\/\/pbp.womczest.edu.pl\/new\/wp-json\/wp\/v2\/types\/page"}],"author":[{"embeddable":true,"href":"https:\/\/pbp.womczest.edu.pl\/new\/wp-json\/wp\/v2\/users\/3"}],"replies":[{"embeddable":true,"href":"https:\/\/pbp.womczest.edu.pl\/new\/wp-json\/wp\/v2\/comments?post=3707"}],"version-history":[{"count":3,"href":"https:\/\/pbp.womczest.edu.pl\/new\/wp-json\/wp\/v2\/pages\/3707\/revisions"}],"predecessor-version":[{"id":22487,"href":"https:\/\/pbp.womczest.edu.pl\/new\/wp-json\/wp\/v2\/pages\/3707\/revisions\/22487"}],"up":[{"embeddable":true,"href":"https:\/\/pbp.womczest.edu.pl\/new\/wp-json\/wp\/v2\/pages\/3684"}],"wp:attachment":[{"href":"https:\/\/pbp.womczest.edu.pl\/new\/wp-json\/wp\/v2\/media?parent=3707"}],"curies":[{"name":"wp","href":"https:\/\/api.w.org\/{rel}","templated":true}]}}