


{"id":3703,"date":"2015-05-18T10:33:52","date_gmt":"2015-05-18T08:33:52","guid":{"rendered":"https:\/\/pbp.womczest.edu.pl\/new\/?page_id=3703"},"modified":"2015-05-18T10:33:52","modified_gmt":"2015-05-18T08:33:52","slug":"basnie-legendy-i-podania-gornego-slaska-iv-edycja","status":"publish","type":"page","link":"https:\/\/pbp.womczest.edu.pl\/new\/kontakt\/lubliniec\/konkursy-filia-lubliniec\/basnie-legendy-i-podania-gornego-slaska-iv-edycja\/","title":{"rendered":"Ba\u015bnie, legendy i podania G\u00f3rnego \u015al\u0105ska &#8211; IV edycja"},"content":{"rendered":"<hr \/>\n<p>10 grudnia 2012 roku w Szkole Podstawowej nr 1 w Lubli\u0144cu odby\u0142 si\u0119 fina\u0142 IV edycji mi\u0119dzyszkolnego konkursu pt.: <strong><em>Ba\u015bnie, legendy i podania G\u00f3rnego \u015al\u0105ska<\/em><\/strong>, kt\u00f3rego organizatorem by\u0142y: <strong>Publiczna Biblioteka Pedagogiczna Regionalnego O\u015brodka Doskonalenia Nauczycieli \u201eWOM\u201d w Cz\u0119stochowie Filia w Lubli\u0144cu<\/strong> oraz <strong>biblioteka Szko\u0142y Podstawowej nr 1 w Lubli\u0144cu<\/strong>.<\/p>\n<p>Celem konkursu by\u0142o uwra\u017cliwienie dzieci na warto\u015b\u0107 dziedzictwa kulturowego w\u0142asnego regionu. Jego adresatami byli uczniowie V klas szk\u00f3\u0142 podstawowych z terenu powiatu lublinieckiego. Konkurs sk\u0142ada\u0142 si\u0119 z dw\u00f3ch cz\u0119\u015bci: literackiej i plastycznej. Spisanie lub\u00a0zilustrowanie us\u0142yszanej ba\u015bni, legendy, podania zwi\u0105zanego z G\u00f3rnym \u015al\u0105skiem to\u00a0zadania przygotowane dla uczestnik\u00f3w.<\/p>\n<p>W konkursie wzi\u0119li udzia\u0142 uczniowie reprezentuj\u0105cy nast\u0119puj\u0105ce szko\u0142y: Zesp\u00f3\u0142 Plac\u00f3wek O\u015bwiatowych w Boronowie, Zesp\u00f3\u0142 Szk\u00f3\u0142 w Kochanowicach, Szko\u0142\u0119 Podstawow\u0105 nr\u00a01w\u00a0Lubli\u0144cu, Szko\u0142\u0119 Podstawow\u0105 w \u0141agiewnikach Ma\u0142ych, Publiczn\u0105 Szko\u0142\u0119 Podstawow\u0105 w\u00a0Zborowskiem, Szko\u0142\u0119 Podstawow\u0105 w Kosz\u0119cinie. Zebrano 31 prac plastycznych oraz 9 prac literackich.<\/p>\n<p style=\"text-align: left; padding-left: 60px;\"><em>W cz\u0119\u015bci plastycznej jury przyzna\u0142o nast\u0119puj\u0105ce miejsca:<\/em><\/p>\n<ul>\n<li>I miejsce: Agacie Morawiak \u2013 Zesp\u00f3\u0142 Szk\u00f3\u0142 w Kochanowicac,<\/li>\n<li>II miejsce: Mariuszowi Kaczmarzykowi \u2013 Publiczna Szko\u0142a Podstawowa w\u00a0Zborowskiem,<\/li>\n<li>III miejsce: Katarzynie Grobarze \u2013 Szko\u0142a Podstawowa nr 1 w\u00a0Lubli\u0144cu,<\/li>\n<li>Wyr\u00f3\u017cnienie: Kamilowi Trz\u0119siokowi \u2013 Zesp\u00f3\u0142 Szk\u00f3\u0142 w Kochanowicach.<\/li>\n<\/ul>\n<p style=\"text-align: left; padding-left: 60px;\"><em>W cz\u0119\u015bci literackiej jury przyzna\u0142o nast\u0119puj\u0105ce miejsca:<\/em><\/p>\n<ul>\n<li>I miejsce: Sandrze Kucharczyk \u2013 Zesp\u00f3\u0142 Plac\u00f3wek O\u015bwiatowych w Boronowie,<\/li>\n<li>II miejsce: Annie Myrcik \u2013 Zesp\u00f3\u0142 Plac\u00f3wek O\u015bwiatowych w Boronowie,<\/li>\n<li>III miejsce: Dominice Thomann \u2013 Szko\u0142a Podstawowa w \u0141agiewnikach Ma\u0142ych,<\/li>\n<\/ul>\n<p style=\"text-align: justify;\">Wszystkim uczestnikom wr\u0119czono dyplomy i nagrody ksi\u0105\u017ckowe.<\/p>\n<p style=\"text-align: center;\"><strong>Dzi\u0119kujemy za udzia\u0142 w konkursie i zapraszamy do uczestnictwa w jego kolejnej edycji,<br \/>\nkt\u00f3ra odb\u0119dzie si\u0119 we wrze\u015bniu 2013 roku<\/strong><\/p>\n","protected":false},"excerpt":{"rendered":"<p>10 grudnia 2012 roku w Szkole Podstawowej nr 1 w Lubli\u0144cu odby\u0142 si\u0119 fina\u0142 IV edycji mi\u0119dzyszkolnego konkursu pt.: Ba\u015bnie, legendy i podania G\u00f3rnego \u015al\u0105ska, kt\u00f3rego organizatorem by\u0142y: Publiczna Biblioteka Pedagogiczna Regionalnego O\u015brodka Doskonalenia Nauczycieli \u201eWOM\u201d w Cz\u0119stochowie Filia w Lubli\u0144cu oraz biblioteka Szko\u0142y Podstawowej nr 1 w Lubli\u0144cu. Celem konkursu by\u0142o uwra\u017cliwienie dzieci na warto\u015b\u0107 dziedzictwa kulturowego w\u0142asnego regionu. Jego adresatami byli uczniowie V klas szk\u00f3\u0142 podstawowych z terenu<span class=\"ellipsis\">&hellip;<\/span><\/p>\n<div class=\"read-more\"><a href=\"https:\/\/pbp.womczest.edu.pl\/new\/kontakt\/lubliniec\/konkursy-filia-lubliniec\/basnie-legendy-i-podania-gornego-slaska-iv-edycja\/\">Czytaj wi\u0119cej &#8250;<\/a><\/div>\n<p><!-- end of .read-more --><\/p>\n","protected":false},"author":3,"featured_media":0,"parent":3684,"menu_order":0,"comment_status":"closed","ping_status":"open","template":"","meta":{"footnotes":""},"jetpack_sharing_enabled":true,"jetpack_shortlink":"https:\/\/wp.me\/PgmV4H-XJ","_links":{"self":[{"href":"https:\/\/pbp.womczest.edu.pl\/new\/wp-json\/wp\/v2\/pages\/3703"}],"collection":[{"href":"https:\/\/pbp.womczest.edu.pl\/new\/wp-json\/wp\/v2\/pages"}],"about":[{"href":"https:\/\/pbp.womczest.edu.pl\/new\/wp-json\/wp\/v2\/types\/page"}],"author":[{"embeddable":true,"href":"https:\/\/pbp.womczest.edu.pl\/new\/wp-json\/wp\/v2\/users\/3"}],"replies":[{"embeddable":true,"href":"https:\/\/pbp.womczest.edu.pl\/new\/wp-json\/wp\/v2\/comments?post=3703"}],"version-history":[{"count":2,"href":"https:\/\/pbp.womczest.edu.pl\/new\/wp-json\/wp\/v2\/pages\/3703\/revisions"}],"predecessor-version":[{"id":3705,"href":"https:\/\/pbp.womczest.edu.pl\/new\/wp-json\/wp\/v2\/pages\/3703\/revisions\/3705"}],"up":[{"embeddable":true,"href":"https:\/\/pbp.womczest.edu.pl\/new\/wp-json\/wp\/v2\/pages\/3684"}],"wp:attachment":[{"href":"https:\/\/pbp.womczest.edu.pl\/new\/wp-json\/wp\/v2\/media?parent=3703"}],"curies":[{"name":"wp","href":"https:\/\/api.w.org\/{rel}","templated":true}]}}