


{"id":3695,"date":"2015-05-18T10:29:13","date_gmt":"2015-05-18T08:29:13","guid":{"rendered":"https:\/\/pbp.womczest.edu.pl\/new\/?page_id=3695"},"modified":"2015-05-18T10:31:08","modified_gmt":"2015-05-18T08:31:08","slug":"basnie-legendy-i-podania-gornego-slaska-vi-edycja","status":"publish","type":"page","link":"https:\/\/pbp.womczest.edu.pl\/new\/kontakt\/lubliniec\/konkursy-filia-lubliniec\/basnie-legendy-i-podania-gornego-slaska-vi-edycja\/","title":{"rendered":"Ba\u015bnie, legendy i podania G\u00f3rnego \u015al\u0105ska &#8211; VI edycja"},"content":{"rendered":"<hr \/>\n<p>14 listopada 2014 roku w Szkole Podstawowej nr 1 w Lubli\u0144cu odby\u0142 si\u0119 fina\u0142 VI edycji mi\u0119dzyszkolnego konkursu pt.: <em><strong>Ba\u015bnie, legendy i podania G\u00f3rnego \u015al\u0105ska<\/strong><\/em>, kt\u00f3rego organizatorem by\u0142y <strong>Publiczna Biblioteka Pedagogiczna Regionalnego O\u015brodka Doskonalenia Nauczycieli \u201eWOM\u201d w Cz\u0119stochowie Filia w Lubli\u0144cu<\/strong> oraz <strong>biblioteka Szko\u0142y Podstawowej nr 1 im. Marii Konopnickiej w Lubli\u0144cu<\/strong>.<\/p>\n<p>Celem konkursu by\u0142o uwra\u017cliwienie dzieci na warto\u015b\u0107 dziedzictwa kulturowego w\u0142asnego regionu. Jego adresatami byli uczniowie V\u00a0klas szk\u00f3\u0142 podstawowych z terenu powiatu lublinieckiego. Zadaniem uczestnik\u00f3w by\u0142o zilustrowanie dowolnej ba\u015bni, legendy lub podania zwi\u0105zanych z G\u00f3rnym \u015al\u0105skiem.<\/p>\n<p>W konkursie wzi\u0119li udzia\u0142 uczniowie reprezentuj\u0105cy 8 szk\u00f3\u0142: Zesp\u00f3\u0142 Plac\u00f3wek O\u015bwiatowych im. Unii Europejskiej w Boronowie, Publiczn\u0105 Szko\u0142\u0119 Podstawow\u0105 im. Karola Miarki w Kochanowicach, Szko\u0142\u0119 Podstawow\u0105 nr 1 im. Marii Konopnickiej w Lubli\u0144cu, Szko\u0142\u0119 Podstawow\u0105 nr 3 im. Bohater\u00f3w Westerplatte w Lubli\u0144cu, Szko\u0142\u0119 Podstawow\u0105 im. Tadeusza Ko\u015bciuszki w Pawonkowie, Szko\u0142\u0119 Podstawow\u0105 im. Jana Paw\u0142a II w Kosz\u0119cinie, Szko\u0142\u0119 Podstawow\u0105 im. Wandy Kawy i Bronis\u0142awa Kawy w Ko\u015bmidrach, Szko\u0142\u0119 Podstawow\u0105 im. J. Ligonia w Strzebiniu. Zebrano 35 prac plastycznych.<\/p>\n<p>Z uwagi na bardzo wyr\u00f3wnany poziom artystyczny prac bior\u0105cych udzia\u0142 w konkursie, jury przyzna\u0142o:<\/p>\n<p><strong>I miejsce:<\/strong><\/p>\n<ul>\n<li><strong>Karolina K\u0105pala<\/strong> \u2013 Zesp\u00f3\u0142 Szk\u00f3\u0142 w Kochanowicach \u2013 Szko\u0142a Podstawowa \u2013 <em>Legenda o kaplicach \u015bw. Jana Nempmucena i\u00a0\u015bw.\u00a0Floriana w Kochanowicach<\/em><\/li>\n<li><strong>Kinga Myrcik<\/strong> \u2013 Szko\u0142a Podstawowa im. Juliusza Ligonia w Strzebiniu \u2013 <em>Legenda o Ko\u015bciele \u015bw. Tr\u00f3jcy w Kosz\u0119cinie<\/em><\/li>\n<li><strong>Weronika Myrcik<\/strong> \u2013 Szko\u0142a Podstawowa im. Juliusza Ligonia w Strzebiniu \u2013 <em>Legenda o Ko\u015bciele \u015bw. Tr\u00f3jcy w Kosz\u0119cinie<\/em><\/li>\n<li><strong>Martyna Pandzioch<\/strong> \u2013 Zesp\u00f3\u0142 Plac\u00f3wek O\u015bwiatowych w Boronowie \u2013 <em>Legenda o Skarbku<\/em><\/li>\n<li><strong>Daria Wrzyciel<\/strong> \u2013 Zesp\u00f3\u0142 Szk\u00f3\u0142 w Kochanowicach \u2013 Szko\u0142a Podstawowa \u2013 <em>Legenda o kaplicach \u015bw. Jana Nempmucena i\u00a0\u015bw.\u00a0Floriana w Kochanowicach<\/em><\/li>\n<li><strong>Jakub Wolkownik<\/strong> \u2013 Szko\u0142a Podstawowa im. Jana Paw\u0142a II w Kosz\u0119cinie \u2013 <em>Legenda: Tajemnica raka budowniczego<\/em><\/li>\n<\/ul>\n<p><strong>II miejsce:<\/strong><\/p>\n<ul>\n<li><strong>Maja Soja<\/strong> \u2013 Szko\u0142a Podstawowa nr 3 w Lubli\u0144cu \u2013<em> Legenda: Czy duch Kosz\u0119cina straszy<\/em><\/li>\n<li><strong>Natalia Marszo\u0142<\/strong> \u2013 Szko\u0142a Podstawowa nr 1 w Lubli\u0144cu \u2013 <em>Legenda: Bia\u0142a Dama<\/em><\/li>\n<li><strong>Patrycja Misterka<\/strong> \u2013 Szko\u0142a Podstawowa w Ko\u015bmidrach \u2013 <em>Legenda: Zemsta Skarbnika<\/em><\/li>\n<li><strong>Kinga Szyma\u0144ska<\/strong> \u2013 Szko\u0142a Podstawowa w Pawonkowie \u2013 <em>Legenda o Dzwonie<\/em><\/li>\n<\/ul>\n<p>Laureaci otrzymali dyplomy i nagrody ksi\u0105\u017ckowe, kt\u00f3re wr\u0119czy\u0142a Pani Anna Wachowska \u2013 wicedyrektor Szko\u0142y Podstawowej nr 1 im.\u00a0Marii Konopnickiej w Lubli\u0144cu.<\/p>\n<p style=\"text-align: center;\"><em>Dzi\u0119kujemy za udzia\u0142 w konkursie i zapraszamy do uczestnictwa w jego kolejnej edycji,<br \/>\nkt\u00f3ra odb\u0119dzie si\u0119 we wrze\u015bniu 2015 roku.<\/em><\/p>\n<p style=\"text-align: right;\"><em>El\u017cbieta Kulisz<\/em><br \/>\n<em>Ewa Walasek<\/em><br \/>\n<em>Zdj\u0119cia: Ma\u0142gorzata Goinda<\/em><\/p>\n<p><a href=\"https:\/\/pbp.womczest.edu.pl\/new\/wp-content\/uploads\/2013\/09\/filie_lubliniec_basnie_i_legendy_2014_DSC08118.JPG\" target=\"_blank\"><img decoding=\"async\" loading=\"lazy\" class=\" size-full wp-image-1662 alignleft\" src=\"https:\/\/pbp.womczest.edu.pl\/new\/wp-content\/uploads\/2013\/09\/filie_lubliniec_basnie_i_legendy_2014_DSC08118.JPG\" alt=\"\" width=\"165\" height=\"124\" srcset=\"https:\/\/pbp.womczest.edu.pl\/new\/wp-content\/uploads\/2013\/09\/filie_lubliniec_basnie_i_legendy_2014_DSC08118.JPG 567w, https:\/\/pbp.womczest.edu.pl\/new\/wp-content\/uploads\/2013\/09\/filie_lubliniec_basnie_i_legendy_2014_DSC08118-300x225.jpg 300w, https:\/\/pbp.womczest.edu.pl\/new\/wp-content\/uploads\/2013\/09\/filie_lubliniec_basnie_i_legendy_2014_DSC08118-100x75.jpg 100w, https:\/\/pbp.womczest.edu.pl\/new\/wp-content\/uploads\/2013\/09\/filie_lubliniec_basnie_i_legendy_2014_DSC08118-150x112.jpg 150w, https:\/\/pbp.womczest.edu.pl\/new\/wp-content\/uploads\/2013\/09\/filie_lubliniec_basnie_i_legendy_2014_DSC08118-200x150.jpg 200w, https:\/\/pbp.womczest.edu.pl\/new\/wp-content\/uploads\/2013\/09\/filie_lubliniec_basnie_i_legendy_2014_DSC08118-450x337.jpg 450w\" sizes=\"(max-width: 165px) 100vw, 165px\" \/><\/a><a href=\"https:\/\/pbp.womczest.edu.pl\/new\/wp-content\/uploads\/2013\/09\/filie_lubliniec_basnie_i_legendy_2014_DSC08119.JPG\" target=\"_blank\"><img decoding=\"async\" loading=\"lazy\" class=\" size-full wp-image-1663 alignleft\" src=\"https:\/\/pbp.womczest.edu.pl\/new\/wp-content\/uploads\/2013\/09\/filie_lubliniec_basnie_i_legendy_2014_DSC08119.JPG\" alt=\"\" width=\"165\" height=\"124\" srcset=\"https:\/\/pbp.womczest.edu.pl\/new\/wp-content\/uploads\/2013\/09\/filie_lubliniec_basnie_i_legendy_2014_DSC08119.JPG 567w, https:\/\/pbp.womczest.edu.pl\/new\/wp-content\/uploads\/2013\/09\/filie_lubliniec_basnie_i_legendy_2014_DSC08119-300x225.jpg 300w, https:\/\/pbp.womczest.edu.pl\/new\/wp-content\/uploads\/2013\/09\/filie_lubliniec_basnie_i_legendy_2014_DSC08119-100x75.jpg 100w, https:\/\/pbp.womczest.edu.pl\/new\/wp-content\/uploads\/2013\/09\/filie_lubliniec_basnie_i_legendy_2014_DSC08119-150x112.jpg 150w, https:\/\/pbp.womczest.edu.pl\/new\/wp-content\/uploads\/2013\/09\/filie_lubliniec_basnie_i_legendy_2014_DSC08119-200x150.jpg 200w, https:\/\/pbp.womczest.edu.pl\/new\/wp-content\/uploads\/2013\/09\/filie_lubliniec_basnie_i_legendy_2014_DSC08119-450x337.jpg 450w\" sizes=\"(max-width: 165px) 100vw, 165px\" \/><\/a><\/p>\n<p><a href=\"https:\/\/pbp.womczest.edu.pl\/new\/wp-content\/uploads\/2013\/09\/filie_lubliniec_basnie_i_legendy_2014_DSC08120.JPG\" target=\"_blank\"><img decoding=\"async\" loading=\"lazy\" class=\" size-full wp-image-1664 alignleft\" src=\"https:\/\/pbp.womczest.edu.pl\/new\/wp-content\/uploads\/2013\/09\/filie_lubliniec_basnie_i_legendy_2014_DSC08120.JPG\" alt=\"\" width=\"165\" height=\"124\" srcset=\"https:\/\/pbp.womczest.edu.pl\/new\/wp-content\/uploads\/2013\/09\/filie_lubliniec_basnie_i_legendy_2014_DSC08120.JPG 567w, https:\/\/pbp.womczest.edu.pl\/new\/wp-content\/uploads\/2013\/09\/filie_lubliniec_basnie_i_legendy_2014_DSC08120-300x225.jpg 300w, https:\/\/pbp.womczest.edu.pl\/new\/wp-content\/uploads\/2013\/09\/filie_lubliniec_basnie_i_legendy_2014_DSC08120-100x75.jpg 100w, https:\/\/pbp.womczest.edu.pl\/new\/wp-content\/uploads\/2013\/09\/filie_lubliniec_basnie_i_legendy_2014_DSC08120-150x112.jpg 150w, https:\/\/pbp.womczest.edu.pl\/new\/wp-content\/uploads\/2013\/09\/filie_lubliniec_basnie_i_legendy_2014_DSC08120-200x150.jpg 200w, https:\/\/pbp.womczest.edu.pl\/new\/wp-content\/uploads\/2013\/09\/filie_lubliniec_basnie_i_legendy_2014_DSC08120-450x337.jpg 450w\" sizes=\"(max-width: 165px) 100vw, 165px\" \/><\/a><\/p>\n<p><a href=\"https:\/\/pbp.womczest.edu.pl\/new\/wp-content\/uploads\/2013\/09\/filie_lubliniec_basnie_i_legendy_2014_DSC08121.JPG\" target=\"_blank\"><img decoding=\"async\" loading=\"lazy\" class=\" size-full wp-image-1665 alignleft\" src=\"https:\/\/pbp.womczest.edu.pl\/new\/wp-content\/uploads\/2013\/09\/filie_lubliniec_basnie_i_legendy_2014_DSC08121.JPG\" alt=\"\" width=\"165\" height=\"124\" srcset=\"https:\/\/pbp.womczest.edu.pl\/new\/wp-content\/uploads\/2013\/09\/filie_lubliniec_basnie_i_legendy_2014_DSC08121.JPG 567w, https:\/\/pbp.womczest.edu.pl\/new\/wp-content\/uploads\/2013\/09\/filie_lubliniec_basnie_i_legendy_2014_DSC08121-300x225.jpg 300w, https:\/\/pbp.womczest.edu.pl\/new\/wp-content\/uploads\/2013\/09\/filie_lubliniec_basnie_i_legendy_2014_DSC08121-100x75.jpg 100w, https:\/\/pbp.womczest.edu.pl\/new\/wp-content\/uploads\/2013\/09\/filie_lubliniec_basnie_i_legendy_2014_DSC08121-150x112.jpg 150w, https:\/\/pbp.womczest.edu.pl\/new\/wp-content\/uploads\/2013\/09\/filie_lubliniec_basnie_i_legendy_2014_DSC08121-200x150.jpg 200w, https:\/\/pbp.womczest.edu.pl\/new\/wp-content\/uploads\/2013\/09\/filie_lubliniec_basnie_i_legendy_2014_DSC08121-450x337.jpg 450w\" sizes=\"(max-width: 165px) 100vw, 165px\" \/><\/a><\/p>\n<p><a href=\"https:\/\/pbp.womczest.edu.pl\/new\/wp-content\/uploads\/2013\/09\/filie_lubliniec_basnie_i_legendy_2014_DSC08122.JPG\" target=\"_blank\"><img decoding=\"async\" loading=\"lazy\" class=\" size-full wp-image-1666 alignleft\" src=\"https:\/\/pbp.womczest.edu.pl\/new\/wp-content\/uploads\/2013\/09\/filie_lubliniec_basnie_i_legendy_2014_DSC08122.JPG\" alt=\"\" width=\"165\" height=\"124\" srcset=\"https:\/\/pbp.womczest.edu.pl\/new\/wp-content\/uploads\/2013\/09\/filie_lubliniec_basnie_i_legendy_2014_DSC08122.JPG 567w, https:\/\/pbp.womczest.edu.pl\/new\/wp-content\/uploads\/2013\/09\/filie_lubliniec_basnie_i_legendy_2014_DSC08122-300x225.jpg 300w, https:\/\/pbp.womczest.edu.pl\/new\/wp-content\/uploads\/2013\/09\/filie_lubliniec_basnie_i_legendy_2014_DSC08122-100x75.jpg 100w, https:\/\/pbp.womczest.edu.pl\/new\/wp-content\/uploads\/2013\/09\/filie_lubliniec_basnie_i_legendy_2014_DSC08122-150x112.jpg 150w, https:\/\/pbp.womczest.edu.pl\/new\/wp-content\/uploads\/2013\/09\/filie_lubliniec_basnie_i_legendy_2014_DSC08122-200x150.jpg 200w, https:\/\/pbp.womczest.edu.pl\/new\/wp-content\/uploads\/2013\/09\/filie_lubliniec_basnie_i_legendy_2014_DSC08122-450x337.jpg 450w\" sizes=\"(max-width: 165px) 100vw, 165px\" \/><\/a><\/p>\n<p><a href=\"https:\/\/pbp.womczest.edu.pl\/new\/wp-content\/uploads\/2013\/09\/filie_lubliniec_basnie_i_legendy_2014_DSC08123.JPG\" target=\"_blank\"><img decoding=\"async\" loading=\"lazy\" class=\" size-full wp-image-1667 alignleft\" src=\"https:\/\/pbp.womczest.edu.pl\/new\/wp-content\/uploads\/2013\/09\/filie_lubliniec_basnie_i_legendy_2014_DSC08123.JPG\" alt=\"\" width=\"165\" height=\"124\" srcset=\"https:\/\/pbp.womczest.edu.pl\/new\/wp-content\/uploads\/2013\/09\/filie_lubliniec_basnie_i_legendy_2014_DSC08123.JPG 567w, https:\/\/pbp.womczest.edu.pl\/new\/wp-content\/uploads\/2013\/09\/filie_lubliniec_basnie_i_legendy_2014_DSC08123-300x225.jpg 300w, https:\/\/pbp.womczest.edu.pl\/new\/wp-content\/uploads\/2013\/09\/filie_lubliniec_basnie_i_legendy_2014_DSC08123-100x75.jpg 100w, https:\/\/pbp.womczest.edu.pl\/new\/wp-content\/uploads\/2013\/09\/filie_lubliniec_basnie_i_legendy_2014_DSC08123-150x112.jpg 150w, https:\/\/pbp.womczest.edu.pl\/new\/wp-content\/uploads\/2013\/09\/filie_lubliniec_basnie_i_legendy_2014_DSC08123-200x150.jpg 200w, https:\/\/pbp.womczest.edu.pl\/new\/wp-content\/uploads\/2013\/09\/filie_lubliniec_basnie_i_legendy_2014_DSC08123-450x337.jpg 450w\" sizes=\"(max-width: 165px) 100vw, 165px\" \/><\/a><\/p>\n<p><a href=\"https:\/\/pbp.womczest.edu.pl\/new\/wp-content\/uploads\/2013\/09\/filie_lubliniec_basnie_i_legendy_2014_DSC08127.JPG\" target=\"_blank\"><img decoding=\"async\" loading=\"lazy\" class=\" size-full wp-image-1668 alignleft\" src=\"https:\/\/pbp.womczest.edu.pl\/new\/wp-content\/uploads\/2013\/09\/filie_lubliniec_basnie_i_legendy_2014_DSC08127.JPG\" alt=\"\" width=\"165\" height=\"124\" srcset=\"https:\/\/pbp.womczest.edu.pl\/new\/wp-content\/uploads\/2013\/09\/filie_lubliniec_basnie_i_legendy_2014_DSC08127.JPG 567w, https:\/\/pbp.womczest.edu.pl\/new\/wp-content\/uploads\/2013\/09\/filie_lubliniec_basnie_i_legendy_2014_DSC08127-300x225.jpg 300w, https:\/\/pbp.womczest.edu.pl\/new\/wp-content\/uploads\/2013\/09\/filie_lubliniec_basnie_i_legendy_2014_DSC08127-100x75.jpg 100w, https:\/\/pbp.womczest.edu.pl\/new\/wp-content\/uploads\/2013\/09\/filie_lubliniec_basnie_i_legendy_2014_DSC08127-150x112.jpg 150w, https:\/\/pbp.womczest.edu.pl\/new\/wp-content\/uploads\/2013\/09\/filie_lubliniec_basnie_i_legendy_2014_DSC08127-200x150.jpg 200w, https:\/\/pbp.womczest.edu.pl\/new\/wp-content\/uploads\/2013\/09\/filie_lubliniec_basnie_i_legendy_2014_DSC08127-450x337.jpg 450w\" sizes=\"(max-width: 165px) 100vw, 165px\" \/><\/a><\/p>\n<p><a href=\"https:\/\/pbp.womczest.edu.pl\/new\/wp-content\/uploads\/2013\/09\/filie_lubliniec_basnie_i_legendy_2014_DSC08128.JPG\" target=\"_blank\"><img decoding=\"async\" loading=\"lazy\" class=\" size-full wp-image-1669 alignleft\" src=\"https:\/\/pbp.womczest.edu.pl\/new\/wp-content\/uploads\/2013\/09\/filie_lubliniec_basnie_i_legendy_2014_DSC08128.JPG\" alt=\"\" width=\"165\" height=\"124\" srcset=\"https:\/\/pbp.womczest.edu.pl\/new\/wp-content\/uploads\/2013\/09\/filie_lubliniec_basnie_i_legendy_2014_DSC08128.JPG 567w, https:\/\/pbp.womczest.edu.pl\/new\/wp-content\/uploads\/2013\/09\/filie_lubliniec_basnie_i_legendy_2014_DSC08128-300x225.jpg 300w, https:\/\/pbp.womczest.edu.pl\/new\/wp-content\/uploads\/2013\/09\/filie_lubliniec_basnie_i_legendy_2014_DSC08128-100x75.jpg 100w, https:\/\/pbp.womczest.edu.pl\/new\/wp-content\/uploads\/2013\/09\/filie_lubliniec_basnie_i_legendy_2014_DSC08128-150x112.jpg 150w, https:\/\/pbp.womczest.edu.pl\/new\/wp-content\/uploads\/2013\/09\/filie_lubliniec_basnie_i_legendy_2014_DSC08128-200x150.jpg 200w, https:\/\/pbp.womczest.edu.pl\/new\/wp-content\/uploads\/2013\/09\/filie_lubliniec_basnie_i_legendy_2014_DSC08128-450x337.jpg 450w\" sizes=\"(max-width: 165px) 100vw, 165px\" \/><\/a><\/p>\n<p><a href=\"https:\/\/pbp.womczest.edu.pl\/new\/wp-content\/uploads\/2013\/09\/filie_lubliniec_basnie_i_legendy_2014_DSC08129.JPG\" target=\"_blank\"><img decoding=\"async\" loading=\"lazy\" class=\" size-full wp-image-1670 alignleft\" src=\"https:\/\/pbp.womczest.edu.pl\/new\/wp-content\/uploads\/2013\/09\/filie_lubliniec_basnie_i_legendy_2014_DSC08129.JPG\" alt=\"\" width=\"165\" height=\"124\" srcset=\"https:\/\/pbp.womczest.edu.pl\/new\/wp-content\/uploads\/2013\/09\/filie_lubliniec_basnie_i_legendy_2014_DSC08129.JPG 567w, https:\/\/pbp.womczest.edu.pl\/new\/wp-content\/uploads\/2013\/09\/filie_lubliniec_basnie_i_legendy_2014_DSC08129-300x225.jpg 300w, https:\/\/pbp.womczest.edu.pl\/new\/wp-content\/uploads\/2013\/09\/filie_lubliniec_basnie_i_legendy_2014_DSC08129-100x75.jpg 100w, https:\/\/pbp.womczest.edu.pl\/new\/wp-content\/uploads\/2013\/09\/filie_lubliniec_basnie_i_legendy_2014_DSC08129-150x112.jpg 150w, https:\/\/pbp.womczest.edu.pl\/new\/wp-content\/uploads\/2013\/09\/filie_lubliniec_basnie_i_legendy_2014_DSC08129-200x150.jpg 200w, https:\/\/pbp.womczest.edu.pl\/new\/wp-content\/uploads\/2013\/09\/filie_lubliniec_basnie_i_legendy_2014_DSC08129-450x337.jpg 450w\" sizes=\"(max-width: 165px) 100vw, 165px\" \/><\/a><\/p>\n<p><a href=\"https:\/\/pbp.womczest.edu.pl\/new\/wp-content\/uploads\/2013\/09\/filie_lubliniec_basnie_i_legendy_2014_DSC08130.JPG\" target=\"_blank\"><img decoding=\"async\" loading=\"lazy\" class=\" size-full wp-image-1671 alignleft\" src=\"https:\/\/pbp.womczest.edu.pl\/new\/wp-content\/uploads\/2013\/09\/filie_lubliniec_basnie_i_legendy_2014_DSC08130.JPG\" alt=\"\" width=\"165\" height=\"124\" srcset=\"https:\/\/pbp.womczest.edu.pl\/new\/wp-content\/uploads\/2013\/09\/filie_lubliniec_basnie_i_legendy_2014_DSC08130.JPG 567w, https:\/\/pbp.womczest.edu.pl\/new\/wp-content\/uploads\/2013\/09\/filie_lubliniec_basnie_i_legendy_2014_DSC08130-300x225.jpg 300w, https:\/\/pbp.womczest.edu.pl\/new\/wp-content\/uploads\/2013\/09\/filie_lubliniec_basnie_i_legendy_2014_DSC08130-100x75.jpg 100w, https:\/\/pbp.womczest.edu.pl\/new\/wp-content\/uploads\/2013\/09\/filie_lubliniec_basnie_i_legendy_2014_DSC08130-150x112.jpg 150w, https:\/\/pbp.womczest.edu.pl\/new\/wp-content\/uploads\/2013\/09\/filie_lubliniec_basnie_i_legendy_2014_DSC08130-200x150.jpg 200w, https:\/\/pbp.womczest.edu.pl\/new\/wp-content\/uploads\/2013\/09\/filie_lubliniec_basnie_i_legendy_2014_DSC08130-450x337.jpg 450w\" sizes=\"(max-width: 165px) 100vw, 165px\" \/><\/a><\/p>\n<p><a href=\"https:\/\/pbp.womczest.edu.pl\/new\/wp-content\/uploads\/2013\/09\/filie_lubliniec_basnie_i_legendy_2014_DSC08132.JPG\" target=\"_blank\"><img decoding=\"async\" loading=\"lazy\" class=\" size-full wp-image-1673 alignleft\"  src=\"https:\/\/pbp.womczest.edu.pl\/new\/wp-content\/uploads\/2013\/09\/filie_lubliniec_basnie_i_legendy_2014_DSC08132.JPG\" alt=\"\" width=\"93\" height=\"124\" srcset=\"https:\/\/pbp.womczest.edu.pl\/new\/wp-content\/uploads\/2013\/09\/filie_lubliniec_basnie_i_legendy_2014_DSC08132.JPG 425w, https:\/\/pbp.womczest.edu.pl\/new\/wp-content\/uploads\/2013\/09\/filie_lubliniec_basnie_i_legendy_2014_DSC08132-225x300.jpg 225w, https:\/\/pbp.womczest.edu.pl\/new\/wp-content\/uploads\/2013\/09\/filie_lubliniec_basnie_i_legendy_2014_DSC08132-100x133.jpg 100w, https:\/\/pbp.womczest.edu.pl\/new\/wp-content\/uploads\/2013\/09\/filie_lubliniec_basnie_i_legendy_2014_DSC08132-150x200.jpg 150w, https:\/\/pbp.womczest.edu.pl\/new\/wp-content\/uploads\/2013\/09\/filie_lubliniec_basnie_i_legendy_2014_DSC08132-200x267.jpg 200w, https:\/\/pbp.womczest.edu.pl\/new\/wp-content\/uploads\/2013\/09\/filie_lubliniec_basnie_i_legendy_2014_DSC08132-300x400.jpg 300w\" sizes=\"(max-width: 93px) 100vw, 93px\" \/><\/a><\/p>\n<p><a href=\"https:\/\/pbp.womczest.edu.pl\/new\/wp-content\/uploads\/2013\/09\/filie_lubliniec_basnie_i_legendy_2014_DSC08131.JPG\" target=\"_blank\"><img decoding=\"async\" loading=\"lazy\" class=\" size-full wp-image-1672 alignleft\"  src=\"https:\/\/pbp.womczest.edu.pl\/new\/wp-content\/uploads\/2013\/09\/filie_lubliniec_basnie_i_legendy_2014_DSC08131.JPG\" alt=\"\" width=\"93\" height=\"124\" srcset=\"https:\/\/pbp.womczest.edu.pl\/new\/wp-content\/uploads\/2013\/09\/filie_lubliniec_basnie_i_legendy_2014_DSC08131.JPG 425w, https:\/\/pbp.womczest.edu.pl\/new\/wp-content\/uploads\/2013\/09\/filie_lubliniec_basnie_i_legendy_2014_DSC08131-225x300.jpg 225w, https:\/\/pbp.womczest.edu.pl\/new\/wp-content\/uploads\/2013\/09\/filie_lubliniec_basnie_i_legendy_2014_DSC08131-100x133.jpg 100w, https:\/\/pbp.womczest.edu.pl\/new\/wp-content\/uploads\/2013\/09\/filie_lubliniec_basnie_i_legendy_2014_DSC08131-150x200.jpg 150w, https:\/\/pbp.womczest.edu.pl\/new\/wp-content\/uploads\/2013\/09\/filie_lubliniec_basnie_i_legendy_2014_DSC08131-200x267.jpg 200w, https:\/\/pbp.womczest.edu.pl\/new\/wp-content\/uploads\/2013\/09\/filie_lubliniec_basnie_i_legendy_2014_DSC08131-300x400.jpg 300w\" sizes=\"(max-width: 93px) 100vw, 93px\" \/><\/a><\/p>\n<p><a href=\"https:\/\/pbp.womczest.edu.pl\/new\/wp-content\/uploads\/2013\/09\/filie_lubliniec_basnie_i_legendy_2014_DSC08156.JPG\" target=\"_blank\"><img decoding=\"async\" loading=\"lazy\" class=\" size-full wp-image-1674 alignleft\" src=\"https:\/\/pbp.womczest.edu.pl\/new\/wp-content\/uploads\/2013\/09\/filie_lubliniec_basnie_i_legendy_2014_DSC08156.JPG\" alt=\"\" width=\"165\" height=\"124\" srcset=\"https:\/\/pbp.womczest.edu.pl\/new\/wp-content\/uploads\/2013\/09\/filie_lubliniec_basnie_i_legendy_2014_DSC08156.JPG 567w, https:\/\/pbp.womczest.edu.pl\/new\/wp-content\/uploads\/2013\/09\/filie_lubliniec_basnie_i_legendy_2014_DSC08156-300x225.jpg 300w, https:\/\/pbp.womczest.edu.pl\/new\/wp-content\/uploads\/2013\/09\/filie_lubliniec_basnie_i_legendy_2014_DSC08156-100x75.jpg 100w, https:\/\/pbp.womczest.edu.pl\/new\/wp-content\/uploads\/2013\/09\/filie_lubliniec_basnie_i_legendy_2014_DSC08156-150x112.jpg 150w, https:\/\/pbp.womczest.edu.pl\/new\/wp-content\/uploads\/2013\/09\/filie_lubliniec_basnie_i_legendy_2014_DSC08156-200x150.jpg 200w, https:\/\/pbp.womczest.edu.pl\/new\/wp-content\/uploads\/2013\/09\/filie_lubliniec_basnie_i_legendy_2014_DSC08156-450x337.jpg 450w\" sizes=\"(max-width: 165px) 100vw, 165px\" \/><\/a><\/p>\n<p><a href=\"https:\/\/pbp.womczest.edu.pl\/new\/wp-content\/uploads\/2013\/09\/filie_lubliniec_basnie_i_legendy_2014_DSC08160.JPG\" target=\"_blank\"><img decoding=\"async\" loading=\"lazy\" class=\" size-full wp-image-1675 alignleft\" src=\"https:\/\/pbp.womczest.edu.pl\/new\/wp-content\/uploads\/2013\/09\/filie_lubliniec_basnie_i_legendy_2014_DSC08160.JPG\" alt=\"\" width=\"165\" height=\"124\" srcset=\"https:\/\/pbp.womczest.edu.pl\/new\/wp-content\/uploads\/2013\/09\/filie_lubliniec_basnie_i_legendy_2014_DSC08160.JPG 567w, https:\/\/pbp.womczest.edu.pl\/new\/wp-content\/uploads\/2013\/09\/filie_lubliniec_basnie_i_legendy_2014_DSC08160-300x225.jpg 300w, https:\/\/pbp.womczest.edu.pl\/new\/wp-content\/uploads\/2013\/09\/filie_lubliniec_basnie_i_legendy_2014_DSC08160-100x75.jpg 100w, https:\/\/pbp.womczest.edu.pl\/new\/wp-content\/uploads\/2013\/09\/filie_lubliniec_basnie_i_legendy_2014_DSC08160-150x112.jpg 150w, https:\/\/pbp.womczest.edu.pl\/new\/wp-content\/uploads\/2013\/09\/filie_lubliniec_basnie_i_legendy_2014_DSC08160-200x150.jpg 200w, https:\/\/pbp.womczest.edu.pl\/new\/wp-content\/uploads\/2013\/09\/filie_lubliniec_basnie_i_legendy_2014_DSC08160-450x337.jpg 450w\" sizes=\"(max-width: 165px) 100vw, 165px\" \/><\/a><\/p>\n<p><a href=\"https:\/\/pbp.womczest.edu.pl\/new\/wp-content\/uploads\/2013\/09\/filie_lubliniec_basnie_i_legendy_2014_DSC08172.JPG\" target=\"_blank\"><img decoding=\"async\" loading=\"lazy\" class=\" size-full wp-image-1676 alignleft\" src=\"https:\/\/pbp.womczest.edu.pl\/new\/wp-content\/uploads\/2013\/09\/filie_lubliniec_basnie_i_legendy_2014_DSC08172.JPG\" alt=\"\" width=\"165\" height=\"124\" srcset=\"https:\/\/pbp.womczest.edu.pl\/new\/wp-content\/uploads\/2013\/09\/filie_lubliniec_basnie_i_legendy_2014_DSC08172.JPG 567w, https:\/\/pbp.womczest.edu.pl\/new\/wp-content\/uploads\/2013\/09\/filie_lubliniec_basnie_i_legendy_2014_DSC08172-300x225.jpg 300w, https:\/\/pbp.womczest.edu.pl\/new\/wp-content\/uploads\/2013\/09\/filie_lubliniec_basnie_i_legendy_2014_DSC08172-100x75.jpg 100w, https:\/\/pbp.womczest.edu.pl\/new\/wp-content\/uploads\/2013\/09\/filie_lubliniec_basnie_i_legendy_2014_DSC08172-150x112.jpg 150w, https:\/\/pbp.womczest.edu.pl\/new\/wp-content\/uploads\/2013\/09\/filie_lubliniec_basnie_i_legendy_2014_DSC08172-200x150.jpg 200w, https:\/\/pbp.womczest.edu.pl\/new\/wp-content\/uploads\/2013\/09\/filie_lubliniec_basnie_i_legendy_2014_DSC08172-450x337.jpg 450w\" sizes=\"(max-width: 165px) 100vw, 165px\" \/><\/a><\/p>\n<p>&nbsp;<\/p>\n","protected":false},"excerpt":{"rendered":"<p>14 listopada 2014 roku w Szkole Podstawowej nr 1 w Lubli\u0144cu odby\u0142 si\u0119 fina\u0142 VI edycji mi\u0119dzyszkolnego konkursu pt.: Ba\u015bnie, legendy i podania G\u00f3rnego \u015al\u0105ska, kt\u00f3rego organizatorem by\u0142y Publiczna Biblioteka Pedagogiczna Regionalnego O\u015brodka Doskonalenia Nauczycieli \u201eWOM\u201d w Cz\u0119stochowie Filia w Lubli\u0144cu oraz biblioteka Szko\u0142y Podstawowej nr 1 im. Marii Konopnickiej w Lubli\u0144cu. Celem konkursu by\u0142o uwra\u017cliwienie dzieci na warto\u015b\u0107 dziedzictwa kulturowego w\u0142asnego regionu. Jego adresatami byli uczniowie V\u00a0klas szk\u00f3\u0142 podstawowych<span class=\"ellipsis\">&hellip;<\/span><\/p>\n<div class=\"read-more\"><a href=\"https:\/\/pbp.womczest.edu.pl\/new\/kontakt\/lubliniec\/konkursy-filia-lubliniec\/basnie-legendy-i-podania-gornego-slaska-vi-edycja\/\">Czytaj wi\u0119cej &#8250;<\/a><\/div>\n<p><!-- end of .read-more --><\/p>\n","protected":false},"author":3,"featured_media":0,"parent":3684,"menu_order":0,"comment_status":"closed","ping_status":"open","template":"","meta":{"footnotes":""},"jetpack_sharing_enabled":true,"jetpack_shortlink":"https:\/\/wp.me\/PgmV4H-XB","_links":{"self":[{"href":"https:\/\/pbp.womczest.edu.pl\/new\/wp-json\/wp\/v2\/pages\/3695"}],"collection":[{"href":"https:\/\/pbp.womczest.edu.pl\/new\/wp-json\/wp\/v2\/pages"}],"about":[{"href":"https:\/\/pbp.womczest.edu.pl\/new\/wp-json\/wp\/v2\/types\/page"}],"author":[{"embeddable":true,"href":"https:\/\/pbp.womczest.edu.pl\/new\/wp-json\/wp\/v2\/users\/3"}],"replies":[{"embeddable":true,"href":"https:\/\/pbp.womczest.edu.pl\/new\/wp-json\/wp\/v2\/comments?post=3695"}],"version-history":[{"count":5,"href":"https:\/\/pbp.womczest.edu.pl\/new\/wp-json\/wp\/v2\/pages\/3695\/revisions"}],"predecessor-version":[{"id":3697,"href":"https:\/\/pbp.womczest.edu.pl\/new\/wp-json\/wp\/v2\/pages\/3695\/revisions\/3697"}],"up":[{"embeddable":true,"href":"https:\/\/pbp.womczest.edu.pl\/new\/wp-json\/wp\/v2\/pages\/3684"}],"wp:attachment":[{"href":"https:\/\/pbp.womczest.edu.pl\/new\/wp-json\/wp\/v2\/media?parent=3695"}],"curies":[{"name":"wp","href":"https:\/\/api.w.org\/{rel}","templated":true}]}}