


{"id":3684,"date":"2015-05-18T10:21:41","date_gmt":"2015-05-18T08:21:41","guid":{"rendered":"https:\/\/pbp.womczest.edu.pl\/new\/?page_id=3684"},"modified":"2024-08-28T13:37:45","modified_gmt":"2024-08-28T11:37:45","slug":"konkursy-filia-lubliniec","status":"publish","type":"page","link":"https:\/\/pbp.womczest.edu.pl\/new\/kontakt\/lubliniec\/konkursy-filia-lubliniec\/","title":{"rendered":"Konkursy &#8211; Filia Lubliniec"},"content":{"rendered":"<p>&nbsp;<\/p>\n<p><strong>\u201eBa\u015bnie, legendy i podania G\u00f3rnego \u015al\u0105ska\u201d<\/strong><\/p>\n<ul>\n<li><a href=\"https:\/\/pbp.womczest.edu.pl\/new\/kontakt\/lubliniec\/konkursy-filia-lubliniec\/basnie-legendy-i-podania-gornego-slaska-iii-edycja\/\" target=\"_blank\" rel=\"noopener noreferrer\">Konkurs: \u201eBa\u015bnie, legendy i podania G\u00f3rnego \u015al\u0105ska\u201d &#8211; 2011<\/a><\/li>\n<li><a href=\"https:\/\/pbp.womczest.edu.pl\/new\/kontakt\/lubliniec\/konkursy-filia-lubliniec\/basnie-legendy-i-podania-gornego-slaska-iv-edycja\/\" target=\"_blank\" rel=\"noopener noreferrer\">Konkurs: \u201eBa\u015bnie, legendy i podania G\u00f3rnego \u015al\u0105ska\u201d &#8211; 2012<\/a><\/li>\n<li><a href=\"https:\/\/pbp.womczest.edu.pl\/new\/kontakt\/lubliniec\/konkursy-filia-lubliniec\/basnie-legendy-i-podania-gornego-slaska-vi-edycja\/\" target=\"_blank\" rel=\"noopener noreferrer\">Konkurs: \u201eBa\u015bnie, legendy i podania G\u00f3rnego \u015al\u0105ska\u201d &#8211; 2014<\/a><\/li>\n<li><a href=\"https:\/\/pbp.womczest.edu.pl\/new\/kontakt\/lubliniec\/konkursy-filia-lubliniec\/basnie-legendy-i-podania-gornego-slaska-edycja-vii\/\">Konkurs: \u201eBa\u015bnie, legendy i podania G\u00f3rnego \u015al\u0105ska\u201d &#8211; 2015<\/a><\/li>\n<li><a href=\"https:\/\/pbp.womczest.edu.pl\/new\/kontakt\/lubliniec\/konkursy-filia-lubliniec\/konkurs-basnie-legendy-i-podania-gornego-slaska-edycja-viii\/\" target=\"_blank\" rel=\"noopener noreferrer\">Konkurs: \u201eBa\u015bnie, legendy i podania G\u00f3rnego \u015al\u0105ska\u201d &#8211; 2016<\/a><\/li>\n<li><a href=\"https:\/\/pbp.womczest.edu.pl\/new\/basnie-legendy-i-podania-gornego-slaska-2017-wyniki-konkursu\/\" target=\"_blank\" rel=\"noopener noreferrer\">Konkurs: \u201eBa\u015bnie, legendy i podania G\u00f3rnego \u015al\u0105ska\u201d <\/a>&#8211; 2017<\/li>\n<li><a href=\"https:\/\/pbp.womczest.edu.pl\/new\/kontakt\/lubliniec\/konkursy-filia-lubliniec\/basnie-legendy-i-podania-gornego-slaska-wyniki-konkursu\/\" target=\"_blank\" rel=\"noopener noreferrer\">Konkurs: \u201eBa\u015bnie, legendy i podania G\u00f3rnego \u015al\u0105ska\u201d &#8211; 2018<\/a><\/li>\n<li><a href=\"https:\/\/pbp.womczest.edu.pl\/new\/basnie-legendy-i-podania-gornego-slaska-wyniki-konkursu-2\/\" target=\"_blank\" rel=\"noopener\">Ba\u015bnie, legendy i podania G\u00f3rnego \u015al\u0105ska \u2013 2019<\/a><\/li>\n<li><a href=\"https:\/\/pbp.womczest.edu.pl\/new\/basnie-legendy-i-podania-gornego-slaska-wyniki-konkursu\/\" target=\"_blank\" rel=\"noopener\">Ba\u015bnie, legendy i podania G\u00f3rnego \u015al\u0105ska \u2013 2020<\/a><\/li>\n<li><a href=\"https:\/\/pbp.womczest.edu.pl\/new\/basnie-legendy-i-podania-gornego-slaska-2021-2\/\">Ba\u015bnie, legendy i podania G\u00f3rnego \u015al\u0105ska &#8211; 2021<\/a><\/li>\n<li><a href=\"https:\/\/pbp.womczest.edu.pl\/new\/basnie-legendy-i-podania-gornego-slaska\/\">Ba\u015bnie, legendy i podania G\u00f3rnego \u015al\u0105ska &#8211; 2022<\/a><\/li>\n<li><a href=\"https:\/\/pbp.womczest.edu.pl\/new\/konkurs-basnie-legendy-i-podania-gornego-slaska\/\">Ba\u015bnie, legendy i podania G\u00f3rnego \u015al\u0105ska &#8211; 2023<\/a><\/li>\n<\/ul>\n<p><strong>\u201eTajemnica gin\u0105cego lasu\u201d<\/strong><\/p>\n<ul>\n<li><a href=\"https:\/\/pbp.womczest.edu.pl\/new\/tajemnica-ginancego-lasu-_-2016-r\/\">Konkurs: \u201eTajemnica gin\u0105cego lasu\u201d- 2016<\/a><\/li>\n<li><a href=\"https:\/\/pbp.womczest.edu.pl\/new\/kontakt\/lubliniec\/konkursy-filia-lubliniec\/tajemnica-ginacego-lasu-dlaczego-ja-wyniki-konkursu-2014\/\">Konkurs: \u201eTajemnica gin\u0105cego lasu\u201d- 2014<\/a><\/li>\n<\/ul>\n<p><strong>&#8222;Najaktywniej czytaj\u0105cy Trzecioklasista&#8221;<\/strong><\/p>\n<ul>\n<li><a href=\"https:\/\/pbp.womczest.edu.pl\/new\/kontakt\/lubliniec\/konkursy-filia-lubliniec\/najaktywniej-czytajacy-trzecioklasista-ii-edycja-wyniki-konkursu\/\" target=\"_blank\" rel=\"noopener noreferrer\">Konkurs &#8222;Najaktywniej czytaj\u0105cy Trzecioklasista\u201d &#8211; 2013\/2014<\/a><\/li>\n<li><a href=\"https:\/\/pbp.womczest.edu.pl\/new\/konkurs-najaktywniej-czytajacy-trzecioklasista-edycja-iii\/\" target=\"_blank\" rel=\"noopener noreferrer\">Konkurs &#8222;Najaktywniej czytaj\u0105cy Trzecioklasista\u201d &#8211; 2015\/2016<\/a><\/li>\n<li><a href=\"https:\/\/pbp.womczest.edu.pl\/new\/kontakt\/lubliniec\/konkursy-filia-lubliniec\/konkurs-najaktywniej-czytajacy-trzecioklasista-edycja-iv\/\" target=\"_blank\" rel=\"noopener noreferrer\">Konkurs \u201eNajaktywniej czytaj\u0105cy Trzecioklasista\u201d &#8211; 2016\/2017<\/a><\/li>\n<li><a href=\"https:\/\/pbp.womczest.edu.pl\/new\/kontakt\/lubliniec\/konkursy-filia-lubliniec\/najaktywniej-czytajacy-trzecioklasista-v-edycja-wyniki-konkursu\/\" target=\"_blank\" rel=\"noopener noreferrer\">Konkurs &#8222;Najaktywniej czytaj\u0105cy Trzecioklasista&#8221; &#8211; 2017\/2018<\/a><\/li>\n<li><a href=\"https:\/\/pbp.womczest.edu.pl\/new\/kontakt\/lubliniec\/konkursy-filia-lubliniec\/najaktywniej-czytajacy-trzecioklasista-vi-edycja-wyniki-konkursu\/\" target=\"_blank\" rel=\"noopener noreferrer\">Konkurs &#8222;Najaktywniej czytaj\u0105cy Trzecioklasista&#8221; &#8211; 2018\/2019<\/a><\/li>\n<li><a href=\"https:\/\/pbp.womczest.edu.pl\/new\/najaktywniej-czytajacy-trzecioklasista-wyniki-konkursu\/\" target=\"_blank\" rel=\"noopener\">Konkurs &#8222;Najaktywniej czytaj\u0105cy Trzecioklasista\u201d &#8211; 2019\/2020<\/a><\/li>\n<li><a href=\"https:\/\/pbp.womczest.edu.pl\/new\/najaktywniej-czytajacy-trzecioklasista-2020-2021\/\">Konkurs &#8222;Najaktywniej czytaj\u0105cy Trzecioklasista&#8221; &#8211; 2020\/2021<\/a><\/li>\n<li><a href=\"https:\/\/pbp.womczest.edu.pl\/new\/najaktywniej-czytajacy-trzecioklasista-2022\/\">Konkurs &#8222;Najaktywniej czytaj\u0105cy Trzecioklasista&#8221; &#8211; 2021\/2022<\/a><\/li>\n<li><a href=\"https:\/\/pbp.womczest.edu.pl\/new\/miedzyszkolny-konkurs-czytelniczy-najaktywniej-czytajacy-trzecioklasista\/\">Konkurs &#8222;Najaktywniejszy czytaj\u0105cy Trzecioklasista&#8221; &#8211;\u00a0 2022\/2023<\/a><\/li>\n<li><a href=\"https:\/\/pbp.womczest.edu.pl\/new\/konkurs-czytelniczy-najaktywniej-czytajacy-trzecioklasista-2023-2024\/\">Konkurs &#8222;Najaktywniejszy czytaj\u0105cy Trzecioklasista&#8221; &#8211;\u00a0 2023\/2024<\/a><\/li>\n<\/ul>\n<p><strong>\u201eCzytam, bo lubi\u0119\u201d<\/strong><\/p>\n<ul>\n<li><a href=\"https:\/\/pbp.womczest.edu.pl\/new\/kontakt\/lubliniec\/konkursy-filia-lubliniec\/miedzyszkolny-powiatowy-konkurs-plastyczny-czytam-bo-lubie-dla-klas-iv-relacja\/\" target=\"_blank\" rel=\"noopener noreferrer\">Mi\u0119dzyszkolny Powiatowy Konkurs Plastyczny \u201eCzytam, bo lubi\u0119\u201d dla klas IV &#8211; 2018<\/a><\/li>\n<li><a href=\"https:\/\/pbp.womczest.edu.pl\/new\/kontakt\/lubliniec\/konkursy-filia-lubliniec\/powiatowy-miedzyszkolny-konkurs-czytelniczyczytam-bo-lubie\/\" target=\"_blank\" rel=\"noopener noreferrer\">Mi\u0119dzyszkolny Powiatowy Konkurs Plastyczny &#8222;Czytam, bo lubi\u0119&#8221; &#8211; 2019<\/a><\/li>\n<li><a href=\"https:\/\/pbp.womczest.edu.pl\/new\/powiatowy-konkurs-plastyczny-czytam-bo-lubie\/\" target=\"_blank\" rel=\"noopener\">Powiatowy Konkurs Plastyczny &#8222;Czytam bo lubi\u0119&#8221; &#8211; 2019<\/a><\/li>\n<\/ul>\n<p><strong>Inne konkursy:<\/strong><\/p>\n<ul>\n<li><a href=\"https:\/\/pbp.womczest.edu.pl\/new\/legendy-i-podania-o-goralach-wojewodztwa-slaskiego\/\" rel=\"bookmark\">Legendy i podania o G\u00f3ralach wojew\u00f3dztwa \u015bl\u0105skiego &#8211; 2021<\/a><\/li>\n<li><a href=\"https:\/\/pbp.womczest.edu.pl\/new\/pocztowka-z-lublinca\/\">Poczt\u00f3wka z Lubli\u0144ca &#8211; 2022<\/a><\/li>\n<\/ul>\n<p><strong>&#8222;Wielka Liga Czytelnik\u00f3w&#8221;<\/strong><\/p>\n<ul>\n<li><a href=\"https:\/\/pbp.womczest.edu.pl\/new\/kontakt\/lubliniec\/konkursy-filia-lubliniec\/narodowe-czytanie-2018-2-2\/\" target=\"_blank\" rel=\"noopener noreferrer\">Wielka Liga Czytelnik\u00f3w 2018\/2019<\/a><\/li>\n<\/ul>\n","protected":false},"excerpt":{"rendered":"<p>&nbsp; \u201eBa\u015bnie, legendy i podania G\u00f3rnego \u015al\u0105ska\u201d Konkurs: \u201eBa\u015bnie, legendy i podania G\u00f3rnego \u015al\u0105ska\u201d &#8211; 2011 Konkurs: \u201eBa\u015bnie, legendy i podania G\u00f3rnego \u015al\u0105ska\u201d &#8211; 2012 Konkurs: \u201eBa\u015bnie, legendy i podania G\u00f3rnego \u015al\u0105ska\u201d &#8211; 2014 Konkurs: \u201eBa\u015bnie, legendy i podania G\u00f3rnego \u015al\u0105ska\u201d &#8211; 2015 Konkurs: \u201eBa\u015bnie, legendy i podania G\u00f3rnego \u015al\u0105ska\u201d &#8211; 2016 Konkurs: \u201eBa\u015bnie, legendy i podania G\u00f3rnego \u015al\u0105ska\u201d &#8211; 2017 Konkurs: \u201eBa\u015bnie, legendy i podania G\u00f3rnego \u015al\u0105ska\u201d &#8211; 2018<span class=\"ellipsis\">&hellip;<\/span><\/p>\n<div class=\"read-more\"><a href=\"https:\/\/pbp.womczest.edu.pl\/new\/kontakt\/lubliniec\/konkursy-filia-lubliniec\/\">Czytaj wi\u0119cej &#8250;<\/a><\/div>\n<p><!-- end of .read-more --><\/p>\n","protected":false},"author":3,"featured_media":0,"parent":3160,"menu_order":0,"comment_status":"closed","ping_status":"open","template":"","meta":{"footnotes":""},"jetpack_sharing_enabled":true,"jetpack_shortlink":"https:\/\/wp.me\/PgmV4H-Xq","_links":{"self":[{"href":"https:\/\/pbp.womczest.edu.pl\/new\/wp-json\/wp\/v2\/pages\/3684"}],"collection":[{"href":"https:\/\/pbp.womczest.edu.pl\/new\/wp-json\/wp\/v2\/pages"}],"about":[{"href":"https:\/\/pbp.womczest.edu.pl\/new\/wp-json\/wp\/v2\/types\/page"}],"author":[{"embeddable":true,"href":"https:\/\/pbp.womczest.edu.pl\/new\/wp-json\/wp\/v2\/users\/3"}],"replies":[{"embeddable":true,"href":"https:\/\/pbp.womczest.edu.pl\/new\/wp-json\/wp\/v2\/comments?post=3684"}],"version-history":[{"count":57,"href":"https:\/\/pbp.womczest.edu.pl\/new\/wp-json\/wp\/v2\/pages\/3684\/revisions"}],"predecessor-version":[{"id":25334,"href":"https:\/\/pbp.womczest.edu.pl\/new\/wp-json\/wp\/v2\/pages\/3684\/revisions\/25334"}],"up":[{"embeddable":true,"href":"https:\/\/pbp.womczest.edu.pl\/new\/wp-json\/wp\/v2\/pages\/3160"}],"wp:attachment":[{"href":"https:\/\/pbp.womczest.edu.pl\/new\/wp-json\/wp\/v2\/media?parent=3684"}],"curies":[{"name":"wp","href":"https:\/\/api.w.org\/{rel}","templated":true}]}}