


{"id":3661,"date":"2015-05-18T10:13:47","date_gmt":"2015-05-18T08:13:47","guid":{"rendered":"https:\/\/pbp.womczest.edu.pl\/new\/?page_id=3661"},"modified":"2024-04-30T10:16:07","modified_gmt":"2024-04-30T08:16:07","slug":"zestawienia-bibliograficzne-dostepne-online","status":"publish","type":"page","link":"https:\/\/pbp.womczest.edu.pl\/new\/kontakt\/lubliniec\/zestawienia-bibliograficzne-dostepne-online\/","title":{"rendered":"Zestawienia bibliograficzne"},"content":{"rendered":"<hr \/>\n<p>&nbsp;<\/p>\n<ul>\n<li><a href=\"https:\/\/pbp.womczest.edu.pl\/new\/wp-content\/uploads\/2020\/05\/adopcja.pdf\" target=\"_blank\" rel=\"noopener noreferrer\">Adopcja<\/a><\/li>\n<li><a href=\"https:\/\/pbp.womczest.edu.pl\/new\/wp-content\/uploads\/2020\/05\/alkoholizm.pdf\" target=\"_blank\" rel=\"noopener noreferrer\">Alkoholizm<\/a><\/li>\n<li><a href=\"https:\/\/pbp.womczest.edu.pl\/new\/wp-content\/uploads\/2023\/11\/FAS-2022.pdf\">Alkoholowy zesp\u00f3\u0142 p\u0142odowy (FAS)<\/a><\/li>\n<li><a href=\"https:\/\/pbp.womczest.edu.pl\/new\/wp-content\/uploads\/2023\/11\/ASERTYWNOSC-2022.pdf\">Asertywno\u015b\u0107<\/a><\/li>\n<li><span style=\"color: #888888;\"><a href=\"https:\/\/pbp.womczest.edu.pl\/new\/wp-content\/uploads\/2018\/03\/Ba%C5%9Bnie-i-bajki-terapeutyczne.pdf\" target=\"_blank\" rel=\"noopener noreferrer\">Ba\u015bnie i bajki terapeutyczne<\/a><\/span><\/li>\n<li><a href=\"https:\/\/pbp.womczest.edu.pl\/new\/wp-content\/uploads\/2020\/05\/Bezdomnos\u0301c\u0301-2020.pdf\">Bezdomnos\u0301c\u0301<\/a><\/li>\n<li><a href=\"https:\/\/pbp.womczest.edu.pl\/new\/wp-content\/uploads\/2024\/04\/Bezrobocie-2024.pdf\">Bezrobocie<\/a><\/li>\n<li><a href=\"https:\/\/pbp.womczest.edu.pl\/new\/wp-content\/uploads\/2020\/07\/Biblioterapia-2020.pdf\" target=\"_blank\" rel=\"noopener noreferrer\">Biblioterapia<\/a><\/li>\n<li><a href=\"https:\/\/pbp.womczest.edu.pl\/new\/wp-content\/uploads\/2019\/03\/cyberprzemoc-strona.pdf\" target=\"_blank\" rel=\"noopener noreferrer\">Cyberprzest\u0119pstwa<\/a><\/li>\n<li><a href=\"https:\/\/pbp.womczest.edu.pl\/new\/wp-content\/uploads\/2024\/04\/Choreoterapia-2024.pdf\">Choreoterapia<\/a><\/li>\n<li><a href=\"https:\/\/pbp.womczest.edu.pl\/new\/wp-content\/uploads\/2020\/05\/choroby-nowotworowe.pdf\" target=\"_blank\" rel=\"noopener noreferrer\">Choroby nowotworowe<\/a><\/li>\n<li><a href=\"https:\/\/pbp.womczest.edu.pl\/new\/wp-content\/uploads\/2020\/07\/czas-wolny-2020-strona.pdf\" target=\"_blank\" rel=\"noopener noreferrer\">Czas wolny<\/a><\/li>\n<li><a href=\"https:\/\/pbp.womczest.edu.pl\/new\/wp-content\/uploads\/2020\/07\/Dogoterapia.pdf\" target=\"_blank\" rel=\"noopener noreferrer\">Dogoterapia<\/a><\/li>\n<li><a href=\"https:\/\/pbp.womczest.edu.pl\/new\/wp-content\/uploads\/2021\/08\/Domy-dziecka-2020.pdf\">Domy dziecka i rodzinne domy dziecka<\/a><\/li>\n<li><a href=\"https:\/\/pbp.womczest.edu.pl\/new\/wp-content\/uploads\/2023\/11\/DRAMA-2022.pdf\">Drama<\/a><\/li>\n<li><a href=\"https:\/\/pbp.womczest.edu.pl\/new\/wp-content\/uploads\/2024\/04\/Dysleksja-2024.pdf\">Dysleksja, dysgrafia, dysortografia, dyskalkulia<\/a><\/li>\n<li><a href=\"https:\/\/pbp.womczest.edu.pl\/new\/wp-content\/uploads\/2020\/05\/edukacja-wielokulturowa.pdf\" target=\"_blank\" rel=\"noopener noreferrer\">Edukacja wielokulturowa<\/a><\/li>\n<li><a href=\"https:\/\/pbp.womczest.edu.pl\/new\/wp-content\/uploads\/2024\/04\/Eurosieroctwo-2024.pdf\">Eurosieroctwo<\/a><\/li>\n<li><a href=\"https:\/\/pbp.womczest.edu.pl\/new\/wp-content\/uploads\/2021\/08\/Fonoholizm-2020.pdf\">Fonoholizm<\/a><\/li>\n<li><a href=\"https:\/\/pbp.womczest.edu.pl\/new\/wp-content\/uploads\/2020\/05\/globalizacja.pdf\">Globalizacja<\/a><\/li>\n<li><span style=\"color: #888888;\"><a href=\"https:\/\/pbp.womczest.edu.pl\/new\/wp-content\/uploads\/2020\/05\/gry-i-zabawy-ruchowe.pdf\" target=\"_blank\" rel=\"noopener noreferrer\">Gry i zabawy ruchowe<\/a><\/span><\/li>\n<li><a href=\"https:\/\/pbp.womczest.edu.pl\/new\/wp-content\/uploads\/2020\/07\/Jan-Pawe\u0142-II.pdf\" target=\"_blank\" rel=\"noopener noreferrer\">Jan Pawe\u0142 II<\/a><\/li>\n<li><a href=\"https:\/\/pbp.womczest.edu.pl\/new\/wp-content\/uploads\/2023\/11\/Kobieta.pdf\">Kobieta<\/a><\/li>\n<li><a href=\"https:\/\/pbp.womczest.edu.pl\/new\/wp-content\/uploads\/2020\/05\/Komunikacja-interpersonalna.pdf\">Komunikacja interpersonalna<\/a><\/li>\n<li><a href=\"https:\/\/pbp.womczest.edu.pl\/new\/wp-content\/uploads\/2020\/05\/kurator-sa\u0328dowy1.pdf\" target=\"_blank\" rel=\"noopener noreferrer\">Kurator sa\u0328dowy<\/a><\/li>\n<li><a href=\"https:\/\/pbp.womczest.edu.pl\/new\/wp-content\/uploads\/2020\/05\/Le\u0328k.pdf\">Le\u0328k<\/a><\/li>\n<li><a href=\"https:\/\/pbp.womczest.edu.pl\/new\/wp-content\/uploads\/2020\/07\/Maria-Montessori.pdf\" target=\"_blank\" rel=\"noopener noreferrer\">Pedagogika Marii Montessori<\/a><\/li>\n<li><a href=\"https:\/\/pbp.womczest.edu.pl\/new\/wp-content\/uploads\/2024\/04\/Mobbing-2024.pdf\">Mobbing<\/a><\/li>\n<li><a href=\"https:\/\/pbp.womczest.edu.pl\/new\/wp-content\/uploads\/2021\/08\/muzykoterapia-20202.pdf\">Muzykoterapia<\/a><\/li>\n<li><a href=\"https:\/\/pbp.womczest.edu.pl\/new\/wp-content\/uploads\/2023\/11\/NIEBIESKA-KARTA-2022.pdf\">Niebieska karta<\/a><\/li>\n<li><a href=\"https:\/\/pbp.womczest.edu.pl\/new\/wp-content\/uploads\/2020\/05\/niepe\u0142nosprawnos\u0301c\u0301-ruchowa.pdf\" target=\"_blank\" rel=\"noopener noreferrer\">Niepe\u0142nosprawnos\u0301c\u0301 ruchowa<\/a><\/li>\n<li><a href=\"https:\/\/pbp.womczest.edu.pl\/new\/wp-content\/uploads\/2024\/04\/Nikotynizm-2024.pdf\">Nikotynizm<\/a><\/li>\n<li><a href=\"https:\/\/pbp.womczest.edu.pl\/new\/wp-content\/uploads\/2020\/05\/pedagogika-waldorwska-2020.pdf\">Pedagogika waldorfska (pedagogika Rudolfa Steinera)<\/a><\/li>\n<li><a href=\"https:\/\/pbp.womczest.edu.pl\/new\/wp-content\/uploads\/2020\/05\/praca-poradni-psychologiczno-pedagogicznej.pdf\" target=\"_blank\" rel=\"noopener noreferrer\">Praca poradni psychologiczno-pedagogicznej<\/a><\/li>\n<li><a href=\"https:\/\/pbp.womczest.edu.pl\/new\/wp-content\/uploads\/2022\/11\/PRACA-Z-UCZNIAMI-PRZYBYLYMI-Z-ZAGRANICY-W-SZCZEGOLNOSCI-Z-UKRAINY.pdf\" target=\"_blank\" rel=\"noopener\">Praca z uczniami przyby\u0142ymi z zagranicy, w szczeg\u00f3lno\u015bci z Ukrainy<\/a><\/li>\n<li><span style=\"color: #888888;\"><a href=\"https:\/\/pbp.womczest.edu.pl\/new\/wp-content\/uploads\/2020\/05\/praca-z-uczniem-zdolnym.pdf\" target=\"_blank\" rel=\"noopener noreferrer\">Praca z uczniem zdolnym<\/a><\/span><\/li>\n<li><a href=\"https:\/\/pbp.womczest.edu.pl\/new\/wp-content\/uploads\/2020\/05\/praca_wychowawcy-klasy.pdf\" target=\"_blank\" rel=\"noopener noreferrer\">Praca wychowawcy klasy<\/a><\/li>\n<li><span style=\"color: #888888;\"><a href=\"https:\/\/pbp.womczest.edu.pl\/new\/wp-content\/uploads\/2020\/05\/profilaktyka-uzalez\u0307nien\u0301.pdf\" target=\"_blank\" rel=\"noopener noreferrer\">Profilaktyka uzalez\u0307nien\u0301<\/a><\/span><\/li>\n<li><a href=\"https:\/\/pbp.womczest.edu.pl\/new\/wp-content\/uploads\/2020\/07\/Przyjaz\u0301n\u0301.pdf\" target=\"_blank\" rel=\"noopener noreferrer\">Przyjaz\u0301n\u0301<\/a><\/li>\n<li><a href=\"https:\/\/pbp.womczest.edu.pl\/new\/wp-content\/uploads\/2020\/05\/psychologia-sportu.pdf\" target=\"_blank\" rel=\"noopener noreferrer\">Psychologia sportu<\/a><\/li>\n<li><a href=\"https:\/\/pbp.womczest.edu.pl\/new\/wp-content\/uploads\/2022\/03\/Reforma-edukacji_zestawienie-bibliograficzne.pdf\">Reforma edukacji<\/a><\/li>\n<li><a href=\"https:\/\/pbp.womczest.edu.pl\/new\/wp-content\/uploads\/2020\/05\/rozwijanie-kompetencji-czytelniczych.pdf\">Rozwijanie kompetencji czytelniczych oraz upowszechnianie czytelnictwa w\u015br\u00f3d dzieci i m\u0142odzie\u017cy.<\/a><\/li>\n<li><a href=\"https:\/\/pbp.womczest.edu.pl\/new\/wp-content\/uploads\/2018\/09\/100-ROCZNICA-ODZYSKANIA-NIEPODLEG%C5%81O%C5%9ACI...2.pdf\" target=\"_blank\" rel=\"noopener noreferrer\">100. Rocznica Odzyskania Niepodleg\u0142o\u015bci \u2013 wychowanie do warto\u015bci i kszta\u0142towanie patriotycznych postaw uczni\u00f3w<\/a><\/li>\n<li><a href=\"https:\/\/pbp.womczest.edu.pl\/new\/wp-content\/uploads\/2024\/04\/Sekty-nowe-ruchy-religijne-2024.pdf\">Sekty, nowe ruchy religijne<\/a><\/li>\n<li><span style=\"color: #888888;\"><a href=\"https:\/\/pbp.womczest.edu.pl\/new\/wp-content\/uploads\/2020\/05\/socjoterapia.pdf\" target=\"_blank\" rel=\"noopener noreferrer\">Socjoterapia<\/a><\/span><\/li>\n<li><a href=\"https:\/\/pbp.womczest.edu.pl\/new\/wp-content\/uploads\/2024\/04\/Starosc-2024.pdf\">Staro\u015b\u0107 i starzenie si\u0119<\/a><\/li>\n<li><a href=\"https:\/\/pbp.womczest.edu.pl\/new\/wp-content\/uploads\/2022\/02\/Szkola-i-nauczanie-zdalne-w-czasie-pandemii-2.02.22.pdf\" target=\"_blank\" rel=\"noopener\">Szko\u0142a i nauczanie zdalne w czasie pandemii<\/a><\/li>\n<li><a href=\"https:\/\/pbp.womczest.edu.pl\/new\/wp-content\/uploads\/2024\/04\/swietlica-szkolna.pdf\">\u015awietlica szkolna<\/a><\/li>\n<li><a href=\"https:\/\/pbp.womczest.edu.pl\/new\/wp-content\/uploads\/2020\/05\/terroryzm.pdf\" target=\"_blank\" rel=\"noopener noreferrer\">Terroryzm<\/a><\/li>\n<li><a href=\"https:\/\/pbp.womczest.edu.pl\/new\/wp-content\/uploads\/2020\/07\/Tolerancja.pdf\" target=\"_blank\" rel=\"noopener noreferrer\">Tolerancja<\/a><\/li>\n<li><a href=\"https:\/\/pbp.womczest.edu.pl\/new\/wp-content\/uploads\/2023\/11\/TYFLOPEDAGOGIKA-2022.pdf\">Tyflopedagogika<\/a><\/li>\n<li><a href=\"https:\/\/pbp.womczest.edu.pl\/new\/wp-content\/uploads\/2021\/08\/uzaleznienie-od-komputera-2020.pdf\">Uzale\u017cnienie od komputera, Internetu i gier komputerowych<\/a><\/li>\n<li><span style=\"color: #888888;\"><a href=\"https:\/\/pbp.womczest.edu.pl\/new\/wp-content\/uploads\/2020\/05\/wolontariat.pdf\" target=\"_blank\" rel=\"noopener noreferrer\">Wolontariat<\/a><\/span><\/li>\n<li><a href=\"https:\/\/pbp.womczest.edu.pl\/new\/wp-content\/uploads\/2022\/11\/WYCHOWAWCZA-ROLA-RODZINY.pdf\" target=\"_blank\" rel=\"noopener\">Wychowawcza rola rodziny<\/a><\/li>\n<li><a href=\"https:\/\/pbp.womczest.edu.pl\/new\/wp-content\/uploads\/2022\/12\/Zdrowie-psychiczne-dzieci-i-mlodziezy-1.pdf\" target=\"_blank\" rel=\"noopener\">Zdrowie psychiczne dzieci i m\u0142odzie\u017cy<\/a><\/li>\n<li><span style=\"color: #888888;\"><a href=\"https:\/\/pbp.womczest.edu.pl\/new\/wp-content\/uploads\/2020\/05\/zespo\u0301\u0142-nadpobudliwos\u0301ci-psychoruchowej-ADHD.pdf\" target=\"_blank\" rel=\"noopener noreferrer\">Zespo\u0301\u0142 nadpobudliwos\u0301ci psychoruchowej (ADHD)<\/a><\/span><\/li>\n<\/ul>\n<ol>\n<li style=\"list-style-type: none;\"><\/li>\n<\/ol>\n","protected":false},"excerpt":{"rendered":"<p>&nbsp; Adopcja Alkoholizm Alkoholowy zesp\u00f3\u0142 p\u0142odowy (FAS) Asertywno\u015b\u0107 Ba\u015bnie i bajki terapeutyczne Bezdomnos\u0301c\u0301 Bezrobocie Biblioterapia Cyberprzest\u0119pstwa Choreoterapia Choroby nowotworowe Czas wolny Dogoterapia Domy dziecka i rodzinne domy dziecka Drama Dysleksja, dysgrafia, dysortografia, dyskalkulia Edukacja wielokulturowa Eurosieroctwo Fonoholizm Globalizacja Gry i zabawy ruchowe Jan Pawe\u0142 II Kobieta Komunikacja interpersonalna Kurator sa\u0328dowy Le\u0328k Pedagogika Marii Montessori Mobbing Muzykoterapia Niebieska karta Niepe\u0142nosprawnos\u0301c\u0301 ruchowa Nikotynizm Pedagogika waldorfska (pedagogika Rudolfa Steinera) Praca poradni psychologiczno-pedagogicznej Praca<span class=\"ellipsis\">&hellip;<\/span><\/p>\n<div class=\"read-more\"><a href=\"https:\/\/pbp.womczest.edu.pl\/new\/kontakt\/lubliniec\/zestawienia-bibliograficzne-dostepne-online\/\">Czytaj wi\u0119cej &#8250;<\/a><\/div>\n<p><!-- end of .read-more --><\/p>\n","protected":false},"author":3,"featured_media":0,"parent":3160,"menu_order":0,"comment_status":"closed","ping_status":"open","template":"","meta":{"footnotes":""},"jetpack_sharing_enabled":true,"jetpack_shortlink":"https:\/\/wp.me\/PgmV4H-X3","_links":{"self":[{"href":"https:\/\/pbp.womczest.edu.pl\/new\/wp-json\/wp\/v2\/pages\/3661"}],"collection":[{"href":"https:\/\/pbp.womczest.edu.pl\/new\/wp-json\/wp\/v2\/pages"}],"about":[{"href":"https:\/\/pbp.womczest.edu.pl\/new\/wp-json\/wp\/v2\/types\/page"}],"author":[{"embeddable":true,"href":"https:\/\/pbp.womczest.edu.pl\/new\/wp-json\/wp\/v2\/users\/3"}],"replies":[{"embeddable":true,"href":"https:\/\/pbp.womczest.edu.pl\/new\/wp-json\/wp\/v2\/comments?post=3661"}],"version-history":[{"count":103,"href":"https:\/\/pbp.womczest.edu.pl\/new\/wp-json\/wp\/v2\/pages\/3661\/revisions"}],"predecessor-version":[{"id":24848,"href":"https:\/\/pbp.womczest.edu.pl\/new\/wp-json\/wp\/v2\/pages\/3661\/revisions\/24848"}],"up":[{"embeddable":true,"href":"https:\/\/pbp.womczest.edu.pl\/new\/wp-json\/wp\/v2\/pages\/3160"}],"wp:attachment":[{"href":"https:\/\/pbp.womczest.edu.pl\/new\/wp-json\/wp\/v2\/media?parent=3661"}],"curies":[{"name":"wp","href":"https:\/\/api.w.org\/{rel}","templated":true}]}}