


{"id":3637,"date":"2015-05-18T09:09:25","date_gmt":"2015-05-18T07:09:25","guid":{"rendered":"https:\/\/pbp.womczest.edu.pl\/new\/?page_id=3637"},"modified":"2025-01-20T13:32:07","modified_gmt":"2025-01-20T12:32:07","slug":"czestochowa","status":"publish","type":"page","link":"https:\/\/pbp.womczest.edu.pl\/new\/kontakt\/czestochowa\/","title":{"rendered":"Cz\u0119stochowa"},"content":{"rendered":"<p style=\"text-align: center;\"><strong><a href=\"https:\/\/pbp.womczest.edu.pl\/new\/wp-content\/uploads\/2015\/05\/front.jpg\"><img decoding=\"async\" loading=\"lazy\" class=\"alignleft wp-image-5037 size-medium\" src=\"https:\/\/pbp.womczest.edu.pl\/new\/wp-content\/uploads\/2015\/05\/front-300x200.jpg\" alt=\"front\" width=\"300\" height=\"200\" srcset=\"https:\/\/pbp.womczest.edu.pl\/new\/wp-content\/uploads\/2015\/05\/front-300x200.jpg 300w, https:\/\/pbp.womczest.edu.pl\/new\/wp-content\/uploads\/2015\/05\/front-1000x667.jpg 1000w, https:\/\/pbp.womczest.edu.pl\/new\/wp-content\/uploads\/2015\/05\/front-100x67.jpg 100w, https:\/\/pbp.womczest.edu.pl\/new\/wp-content\/uploads\/2015\/05\/front-150x100.jpg 150w, https:\/\/pbp.womczest.edu.pl\/new\/wp-content\/uploads\/2015\/05\/front-200x133.jpg 200w, https:\/\/pbp.womczest.edu.pl\/new\/wp-content\/uploads\/2015\/05\/front-450x300.jpg 450w, https:\/\/pbp.womczest.edu.pl\/new\/wp-content\/uploads\/2015\/05\/front-600x400.jpg 600w, https:\/\/pbp.womczest.edu.pl\/new\/wp-content\/uploads\/2015\/05\/front-900x600.jpg 900w, https:\/\/pbp.womczest.edu.pl\/new\/wp-content\/uploads\/2015\/05\/front.jpg 2048w\" sizes=\"(max-width: 300px) 100vw, 300px\" \/><\/a><\/strong><\/p>\n<table id=\"kontakttab\">\n<tbody>\n<tr>\n<td>\n<p style=\"text-align: center;\">Publiczna Biblioteka Pedagogiczna RODN \u201eWOM\u201d w\u00a0Cz\u0119stochowie<\/p>\n<p style=\"text-align: center;\">al. Jana Paw\u0142a II 126\/130<br \/>\n42-200 Cz\u0119stochowa,<br \/>\nSekretariat: <strong>34 360 60 04 wew. 254<\/strong><\/p>\n<p style=\"text-align: center;\"><strong>\u00a0\u00a0<a href=\"mailto:czbp@womczest.edu.pl\" target=\"_blank\" rel=\"noopener noreferrer\">czbp@womczest.edu.pl<\/a><\/strong><\/p>\n<p style=\"text-align: center;\">Wypo\u017cyczalnia:<br \/>\n34 361 28 74, 34 360 60 04 wew. 612<\/p>\n<p style=\"text-align: center;\">Czytelnia:<br \/>\n34 3606004 wew. 107<\/p>\n<\/td>\n<\/tr>\n<\/tbody>\n<\/table>\n<hr \/>\n<p style=\"text-align: left;\">Lokalizacja Publicznej Biblioteki Pedagogicznej Regionalnego O\u015brodka Doskonalenia Nauczycieli &#8222;WOM&#8221; w Cz\u0119stochowie<\/p>\n<p style=\"text-align: left;\">Najbli\u017cszy przystanek MPK: Komenda Miejska Policji<\/p>\n<p style=\"text-align: left;\">Linie autobusowe: <strong>10, 12, 15, 19, 26, 32<br \/>\n<\/strong><\/p>\n<p><iframe loading=\"lazy\" src=\"https:\/\/www.google.com\/maps\/embed?pb=!1m18!1m12!1m3!1d2520.730430838262!2d19.10227800000001!3d50.81763300000003!2m3!1f0!2f0!3f0!3m2!1i1024!2i768!4f13.1!3m3!1m2!1s0x4710b67916c5b015%3A0x6f4df8875824c213!2sRegionalny+O%C5%9Brodek+Doskonalenia+Nauczycieli+%22WOM%22!5e0!3m2!1spl!2spl!4v1417699638815\" width=\"100%\" height=\"400&quot;\" frameborder=\"0\"><\/iframe><\/p>\n<hr \/>\n<p class=\"entry-title post-title\"><span style=\"color: #800000;\"><b>Godziny udost\u0119pniania zbior\u00f3w i obs\u0142ugi u\u017cytkownik\u00f3w:<\/b><\/span><\/p>\n<ul>\n<li>poniedzia\u0142ek, wtorek, \u015broda, pi\u0105tek: 8.00-18.00<\/li>\n<li>czwartek: 8.00-15.00<\/li>\n<li>pierwsza lub druga sobota w miesi\u0105cach wrzesie\u0144 \u2013 czerwiec w godzinach: 8.00-13.00<span style=\"font-size: 13.3333px;\">.<\/span><\/li>\n<\/ul>\n<p><span style=\"color: #800000;\"><strong>Sobotnie dy\u017cury biblioteki w roku szkolnym 2024\/2025:<\/strong><\/span><\/p>\n<p>7 wrze\u015bnia, 5 pa\u017adziernika, 9 listopada, 7 grudnia 2024\u00a0r.<br \/>\n11 stycznia, 1 lutego, 1 marca, 5 kwietnia, 10 maja, 7 czerwca 2025\u00a0r.<\/p>\n<p><span style=\"color: #800000;\"><strong>W lipcu i sierpniu biblioteka jest czynna od poniedzia\u0142ku do pi\u0105tku w godzinach od 8.00 do 15.00.<\/strong><\/span><\/p>\n<hr \/>\n<div class=\"post-entry\">\n<p><span style=\"color: #800000;\"><strong>Administracja<\/strong>:<\/span><\/p>\n<p>poniedzia\u0142ek, \u015broda, czwartek, pi\u0105tek w godzinach 7.30-15.30 oraz wtorek w godzinach 7.30-16.00.<\/p>\n<p>&nbsp;<\/p>\n<\/div>\n","protected":false},"excerpt":{"rendered":"<p>Publiczna Biblioteka Pedagogiczna RODN \u201eWOM\u201d w\u00a0Cz\u0119stochowie al. Jana Paw\u0142a II 126\/130 42-200 Cz\u0119stochowa, Sekretariat: 34 360 60 04 wew. 254 \u00a0\u00a0czbp@womczest.edu.pl Wypo\u017cyczalnia: 34 361 28 74, 34 360 60 04 wew. 612 Czytelnia: 34 3606004 wew. 107 Lokalizacja Publicznej Biblioteki Pedagogicznej Regionalnego O\u015brodka Doskonalenia Nauczycieli &#8222;WOM&#8221; w Cz\u0119stochowie Najbli\u017cszy przystanek MPK: Komenda Miejska Policji Linie autobusowe: 10, 12, 15, 19, 26, 32 Godziny udost\u0119pniania zbior\u00f3w i obs\u0142ugi u\u017cytkownik\u00f3w: poniedzia\u0142ek, wtorek,<span class=\"ellipsis\">&hellip;<\/span><\/p>\n<div class=\"read-more\"><a href=\"https:\/\/pbp.womczest.edu.pl\/new\/kontakt\/czestochowa\/\">Czytaj wi\u0119cej &#8250;<\/a><\/div>\n<p><!-- end of .read-more --><\/p>\n","protected":false},"author":2,"featured_media":0,"parent":3154,"menu_order":0,"comment_status":"closed","ping_status":"open","template":"full-width-page.php","meta":{"footnotes":""},"jetpack_sharing_enabled":true,"jetpack_shortlink":"https:\/\/wp.me\/PgmV4H-WF","_links":{"self":[{"href":"https:\/\/pbp.womczest.edu.pl\/new\/wp-json\/wp\/v2\/pages\/3637"}],"collection":[{"href":"https:\/\/pbp.womczest.edu.pl\/new\/wp-json\/wp\/v2\/pages"}],"about":[{"href":"https:\/\/pbp.womczest.edu.pl\/new\/wp-json\/wp\/v2\/types\/page"}],"author":[{"embeddable":true,"href":"https:\/\/pbp.womczest.edu.pl\/new\/wp-json\/wp\/v2\/users\/2"}],"replies":[{"embeddable":true,"href":"https:\/\/pbp.womczest.edu.pl\/new\/wp-json\/wp\/v2\/comments?post=3637"}],"version-history":[{"count":63,"href":"https:\/\/pbp.womczest.edu.pl\/new\/wp-json\/wp\/v2\/pages\/3637\/revisions"}],"predecessor-version":[{"id":26259,"href":"https:\/\/pbp.womczest.edu.pl\/new\/wp-json\/wp\/v2\/pages\/3637\/revisions\/26259"}],"up":[{"embeddable":true,"href":"https:\/\/pbp.womczest.edu.pl\/new\/wp-json\/wp\/v2\/pages\/3154"}],"wp:attachment":[{"href":"https:\/\/pbp.womczest.edu.pl\/new\/wp-json\/wp\/v2\/media?parent=3637"}],"curies":[{"name":"wp","href":"https:\/\/api.w.org\/{rel}","templated":true}]}}