


{"id":3624,"date":"2015-05-18T08:44:58","date_gmt":"2015-05-18T06:44:58","guid":{"rendered":"https:\/\/pbp.womczest.edu.pl\/new\/?page_id=3624"},"modified":"2023-04-04T09:07:04","modified_gmt":"2023-04-04T07:07:04","slug":"biezaca-prenumerata","status":"publish","type":"page","link":"https:\/\/pbp.womczest.edu.pl\/new\/kontakt\/lubliniec\/biezaca-prenumerata\/","title":{"rendered":"Czasopisma &#8211; Filia Lubliniec"},"content":{"rendered":"<hr \/>\n<p><span style=\"color: #993300;\"><strong>Wykaz czasopism prenumerowanych w roku 2023:<\/strong><\/span><\/p>\n<p>1. Biblioteka w Szkole<br \/>\n2. Biblioterapeuta<br \/>\n3. Biologia w Szkole<br \/>\n4. Chemia w Szkole<br \/>\n5. Edukacja<br \/>\n6. Edukacja Wczesnoszkolna<br \/>\n7. Geografia w Szkole<br \/>\n8. G\u0142os Nauczycielski<br \/>\n9. J\u0119zyk Polski w Szkole Podstawowej<br \/>\n10. Praca Socjalna<br \/>\n11. Problemy Opieku\u0144czo-Wychowawcze<br \/>\n12. Szko\u0142a Specjalna<br \/>\n13. \u015awietlica w Szkole<br \/>\n14. Wiadomo\u015bci Historyczne z Wiedz\u0105 o Spo\u0142ecze\u0144stwie<br \/>\n15. Wychowanie w Przedszkolu<br \/>\n16. Wychowawca<br \/>\n17. \u017bycie Szko\u0142y<\/p>\n<p><span style=\"color: #993300;\"><strong><a style=\"color: #993300;\" href=\"https:\/\/pbp.womczest.edu.pl\/new\/wp-content\/uploads\/2023\/04\/czasopisma-dostepne_lubliniec_2023.pdf\">Wykaz czasopism dost\u0119pnych w bibliotece<\/a><\/strong><\/span><\/p>\n","protected":false},"excerpt":{"rendered":"<p>Wykaz czasopism prenumerowanych w roku 2023: 1. Biblioteka w Szkole 2. Biblioterapeuta 3. Biologia w Szkole 4. Chemia w Szkole 5. Edukacja 6. Edukacja Wczesnoszkolna 7. Geografia w Szkole 8. G\u0142os Nauczycielski 9. J\u0119zyk Polski w Szkole Podstawowej 10. Praca Socjalna 11. Problemy Opieku\u0144czo-Wychowawcze 12. Szko\u0142a Specjalna 13. \u015awietlica w Szkole 14. Wiadomo\u015bci Historyczne z Wiedz\u0105 o Spo\u0142ecze\u0144stwie 15. Wychowanie w Przedszkolu 16. Wychowawca 17. \u017bycie Szko\u0142y Wykaz czasopism dost\u0119pnych<span class=\"ellipsis\">&hellip;<\/span><\/p>\n<div class=\"read-more\"><a href=\"https:\/\/pbp.womczest.edu.pl\/new\/kontakt\/lubliniec\/biezaca-prenumerata\/\">Czytaj wi\u0119cej &#8250;<\/a><\/div>\n<p><!-- end of .read-more --><\/p>\n","protected":false},"author":3,"featured_media":0,"parent":3160,"menu_order":0,"comment_status":"closed","ping_status":"open","template":"","meta":{"footnotes":""},"jetpack_sharing_enabled":true,"jetpack_shortlink":"https:\/\/wp.me\/PgmV4H-Ws","_links":{"self":[{"href":"https:\/\/pbp.womczest.edu.pl\/new\/wp-json\/wp\/v2\/pages\/3624"}],"collection":[{"href":"https:\/\/pbp.womczest.edu.pl\/new\/wp-json\/wp\/v2\/pages"}],"about":[{"href":"https:\/\/pbp.womczest.edu.pl\/new\/wp-json\/wp\/v2\/types\/page"}],"author":[{"embeddable":true,"href":"https:\/\/pbp.womczest.edu.pl\/new\/wp-json\/wp\/v2\/users\/3"}],"replies":[{"embeddable":true,"href":"https:\/\/pbp.womczest.edu.pl\/new\/wp-json\/wp\/v2\/comments?post=3624"}],"version-history":[{"count":11,"href":"https:\/\/pbp.womczest.edu.pl\/new\/wp-json\/wp\/v2\/pages\/3624\/revisions"}],"predecessor-version":[{"id":22880,"href":"https:\/\/pbp.womczest.edu.pl\/new\/wp-json\/wp\/v2\/pages\/3624\/revisions\/22880"}],"up":[{"embeddable":true,"href":"https:\/\/pbp.womczest.edu.pl\/new\/wp-json\/wp\/v2\/pages\/3160"}],"wp:attachment":[{"href":"https:\/\/pbp.womczest.edu.pl\/new\/wp-json\/wp\/v2\/media?parent=3624"}],"curies":[{"name":"wp","href":"https:\/\/api.w.org\/{rel}","templated":true}]}}