


{"id":3590,"date":"2015-05-15T15:38:18","date_gmt":"2015-05-15T13:38:18","guid":{"rendered":"https:\/\/pbp.womczest.edu.pl\/new\/?page_id=3590"},"modified":"2015-05-15T15:38:18","modified_gmt":"2015-05-15T13:38:18","slug":"zajecia-biblioteczne-z-elementami-biblioterapii","status":"publish","type":"page","link":"https:\/\/pbp.womczest.edu.pl\/new\/kontakt\/lelow\/spotkania-czytelnicze-filia-lelow\/zajecia-biblioteczne-z-elementami-biblioterapii\/","title":{"rendered":"Zaj\u0119cia biblioteczne z elementami biblioterapii"},"content":{"rendered":"<hr \/>\n<p>12 marca 2013 roku w Szkole Podstawowej w Lelowie w klasach I\u2013III odby\u0142y si\u0119 zaj\u0119cia biblioteczne z elementami biblioterapii prowadzone przez Katarzyn\u0119 Kucharzewsk\u0105 \u2013 nauczyciela bibliotekarza Publicznej Biblioteki Pedagogicznej RODN \u201eWOM\u201d w\u00a0Cz\u0119stochowie.<\/p>\n<p>W ramach spotkania zosta\u0142y przeprowadzone nast\u0119puj\u0105ce tematy:<\/p>\n<ul>\n<li>klasa I \u2013 <em>Samoluba nikt nie lubi<\/em>,<\/li>\n<li>klasa II \u2013 <em>Pokonaj niepowodzenia w szkole<\/em>,<\/li>\n<li>klasa III \u2013 <em>Nowy w\u015br\u00f3d nas<\/em>.<\/li>\n<\/ul>\n<p>Zaj\u0119cia dla klasy I mia\u0142y za zadanie zaszczepi\u0107 w najm\u0142odszych postaw\u0119 \u017cyczliwo\u015bci i wra\u017cliwo\u015bci na potrzeby drugiego cz\u0142owieka. Lekcja oparta by\u0142a na kr\u00f3tkim opowiadaniu pt. \u201eJak motylek Tomek nauczy\u0142 si\u0119 dzieli\u0107\u201d. Tekst dotyczy\u0142 refleksji na temat dzielenia si\u0119 z innymi, empatii czyli umiej\u0119tno\u015bci wsp\u00f3\u0142odczuwania.<\/p>\n<p>Klasa II skupi\u0142a si\u0119 na bajce psychoedukacyjnej Marii Molickiej pt. \u201eBajka o mr\u00f3weczce\u201d. Zaj\u0119cia mia\u0142y za zadanie pom\u00f3c dzieciom rozpoczynaj\u0105cym nauk\u0119 w szkole zrozumie\u0107 przyczyny niepowodze\u0144 szkolnych oraz uczy\u0107 jak z nimi walczy\u0107.<\/p>\n<p>W klasie III prowadz\u0105ca zaj\u0119cia przeczyta\u0142a fragment ksi\u0105\u017cki Marii Dziamskiej pt. \u201eNowy kolega\u201d. Tekst bezpo\u015brednio dotyczy\u0142 postawy nietolerancji ze wzgl\u0119du na inno\u015b\u0107. Celem zaj\u0119\u0107 by\u0142o zwr\u00f3cenie uwagi na niew\u0142a\u015bciwie, cz\u0119sto agresywne przejawy zachowa\u0144 w grupie, w tym wypadku na pojawienie si\u0119 nowego dziecka w klasie szkolnej lub grupie r\u00f3wie\u015bniczej.<\/p>\n<p>Ka\u017cda z grup otrzyma\u0142a pami\u0105tkowe dyplomy z has\u0142em: <em>Jeste\u015bmy kole\u017ce\u0144scy i mili dla siebie nawzajem.<\/em><\/p>\n<p>Dzieci by\u0142y bardzo zadowolone z zaj\u0119\u0107. Okaza\u0142y si\u0119 one dla nich now\u0105 form\u0105 spotkania z ksi\u0105\u017ck\u0105. 45-minutowe lekcje przebieg\u0142y w\u00a0przyjaznej atmosferze, budz\u0105cej wzajemne zaufanie w grupie, akceptacj\u0119 i zach\u0119t\u0119 do dalszej otwarto\u015bci na drugiego cz\u0142owieka. Zaj\u0119cia uwra\u017cliwi\u0142y uczni\u00f3w na potrzeby innych oraz co wa\u017cne &#8211; wzmocni\u0142y w najm\u0142odszych poczucie w\u0142asnej warto\u015bci. Ponadto zaj\u0119cia biblioterapeutyczne by\u0142y form\u0105 rekreacji i zabawy.<\/p>\n<p>Szczeg\u00f3lne podzi\u0119kowania za mo\u017cliwo\u015b\u0107 przeprowadzenia zaj\u0119\u0107 nale\u017c\u0105 si\u0119 Panu Dyrektorowi Szko\u0142y Podstawowej w Lelowie Andrzejowi B\u0105bce oraz Paniom wychowawczyniom: Gra\u017cynie Janas, Joannie Lechowskiej i Emilii Mory\u0144.<\/p>\n<p>Pani Katarzynie Kucharzewskiej, nauczycielowi bibliotekarzowi Publicznej Biblioteki Pedagogicznej RODN \u201eWOM\u201d w Cz\u0119stochowie, dzi\u0119kujemy za przeprowadzenie atrakcyjnych i ciekawych zaj\u0119\u0107.<\/p>\n","protected":false},"excerpt":{"rendered":"<p>12 marca 2013 roku w Szkole Podstawowej w Lelowie w klasach I\u2013III odby\u0142y si\u0119 zaj\u0119cia biblioteczne z elementami biblioterapii prowadzone przez Katarzyn\u0119 Kucharzewsk\u0105 \u2013 nauczyciela bibliotekarza Publicznej Biblioteki Pedagogicznej RODN \u201eWOM\u201d w\u00a0Cz\u0119stochowie. W ramach spotkania zosta\u0142y przeprowadzone nast\u0119puj\u0105ce tematy: klasa I \u2013 Samoluba nikt nie lubi, klasa II \u2013 Pokonaj niepowodzenia w szkole, klasa III \u2013 Nowy w\u015br\u00f3d nas. Zaj\u0119cia dla klasy I mia\u0142y za zadanie zaszczepi\u0107 w najm\u0142odszych postaw\u0119<span class=\"ellipsis\">&hellip;<\/span><\/p>\n<div class=\"read-more\"><a href=\"https:\/\/pbp.womczest.edu.pl\/new\/kontakt\/lelow\/spotkania-czytelnicze-filia-lelow\/zajecia-biblioteczne-z-elementami-biblioterapii\/\">Czytaj wi\u0119cej &#8250;<\/a><\/div>\n<p><!-- end of .read-more --><\/p>\n","protected":false},"author":3,"featured_media":0,"parent":3545,"menu_order":0,"comment_status":"closed","ping_status":"open","template":"","meta":{"footnotes":""},"jetpack_sharing_enabled":true,"jetpack_shortlink":"https:\/\/wp.me\/PgmV4H-VU","_links":{"self":[{"href":"https:\/\/pbp.womczest.edu.pl\/new\/wp-json\/wp\/v2\/pages\/3590"}],"collection":[{"href":"https:\/\/pbp.womczest.edu.pl\/new\/wp-json\/wp\/v2\/pages"}],"about":[{"href":"https:\/\/pbp.womczest.edu.pl\/new\/wp-json\/wp\/v2\/types\/page"}],"author":[{"embeddable":true,"href":"https:\/\/pbp.womczest.edu.pl\/new\/wp-json\/wp\/v2\/users\/3"}],"replies":[{"embeddable":true,"href":"https:\/\/pbp.womczest.edu.pl\/new\/wp-json\/wp\/v2\/comments?post=3590"}],"version-history":[{"count":2,"href":"https:\/\/pbp.womczest.edu.pl\/new\/wp-json\/wp\/v2\/pages\/3590\/revisions"}],"predecessor-version":[{"id":3592,"href":"https:\/\/pbp.womczest.edu.pl\/new\/wp-json\/wp\/v2\/pages\/3590\/revisions\/3592"}],"up":[{"embeddable":true,"href":"https:\/\/pbp.womczest.edu.pl\/new\/wp-json\/wp\/v2\/pages\/3545"}],"wp:attachment":[{"href":"https:\/\/pbp.womczest.edu.pl\/new\/wp-json\/wp\/v2\/media?parent=3590"}],"curies":[{"name":"wp","href":"https:\/\/api.w.org\/{rel}","templated":true}]}}