


{"id":3570,"date":"2015-05-15T15:24:53","date_gmt":"2015-05-15T13:24:53","guid":{"rendered":"https:\/\/pbp.womczest.edu.pl\/new\/?page_id=3570"},"modified":"2015-05-15T15:24:53","modified_gmt":"2015-05-15T13:24:53","slug":"pasowanie-na-czytelnika-2013","status":"publish","type":"page","link":"https:\/\/pbp.womczest.edu.pl\/new\/kontakt\/lelow\/spotkania-czytelnicze-filia-lelow\/pasowanie-na-czytelnika-2013\/","title":{"rendered":"Pasowanie na czytelnika \u2013 2013"},"content":{"rendered":"<hr \/>\n<p>5 lutego 2013 r. uczniowie klasy I Szko\u0142y Podstawowej w Lelowie go\u015bcili w filii biblioteki pedagogicznej. Zwiedzili jej pomieszczenia, zapoznali si\u0119 ze sposobem wypo\u017cyczania i zwracania ksi\u0105\u017cek, poznali \u201epro\u015bby ksi\u0105\u017cki\u201d, dokonali pierwszych wypo\u017cycze\u0144 ksi\u0105\u017cek.<\/p>\n<p>W obecno\u015bci wychowawczyni Pani mgr Emilii Mory\u0144 po z\u0142o\u017ceniu obietnicy zostali pasowani na czytelnik\u00f3w biblioteki.<\/p>\n<p>Ka\u017cdy m\u0142ody czytelnik otrzyma\u0142 pami\u0105tkowy dyplom i drobny upominek.<\/p>\n<p>Wszystkim serdecznie gratulujemy i \u017cyczymy mi\u0142ej lektury.<\/p>\n<p><img decoding=\"async\" class=\" size-full wp-image-1043 alignleft\" style=\"border: 0px none;\" src=\"https:\/\/pbp.womczest.edu.pl\/new\/wp-content\/uploads\/2013\/03\/filie_lelow_pasowanie_na_czytelnika_pasowanie2.jpg\" alt=\"\" width=\"250\" border=\"0\" srcset=\"https:\/\/pbp.womczest.edu.pl\/new\/wp-content\/uploads\/2013\/03\/filie_lelow_pasowanie_na_czytelnika_pasowanie2.jpg 531w, https:\/\/pbp.womczest.edu.pl\/new\/wp-content\/uploads\/2013\/03\/filie_lelow_pasowanie_na_czytelnika_pasowanie2-300x225.jpg 300w, https:\/\/pbp.womczest.edu.pl\/new\/wp-content\/uploads\/2013\/03\/filie_lelow_pasowanie_na_czytelnika_pasowanie2-100x75.jpg 100w, https:\/\/pbp.womczest.edu.pl\/new\/wp-content\/uploads\/2013\/03\/filie_lelow_pasowanie_na_czytelnika_pasowanie2-150x113.jpg 150w, https:\/\/pbp.womczest.edu.pl\/new\/wp-content\/uploads\/2013\/03\/filie_lelow_pasowanie_na_czytelnika_pasowanie2-200x150.jpg 200w, https:\/\/pbp.womczest.edu.pl\/new\/wp-content\/uploads\/2013\/03\/filie_lelow_pasowanie_na_czytelnika_pasowanie2-450x338.jpg 450w\" sizes=\"(max-width: 531px) 100vw, 531px\" \/><\/p>\n<p><img decoding=\"async\" class=\" size-full wp-image-1044 alignleft\" src=\"https:\/\/pbp.womczest.edu.pl\/new\/wp-content\/uploads\/2013\/03\/filie_lelow_pasowanie_na_czytelnika_pasowanie1.jpg\" alt=\"\" width=\"250\" border=\"0\" srcset=\"https:\/\/pbp.womczest.edu.pl\/new\/wp-content\/uploads\/2013\/03\/filie_lelow_pasowanie_na_czytelnika_pasowanie1.jpg 531w, https:\/\/pbp.womczest.edu.pl\/new\/wp-content\/uploads\/2013\/03\/filie_lelow_pasowanie_na_czytelnika_pasowanie1-300x226.jpg 300w, https:\/\/pbp.womczest.edu.pl\/new\/wp-content\/uploads\/2013\/03\/filie_lelow_pasowanie_na_czytelnika_pasowanie1-100x75.jpg 100w, https:\/\/pbp.womczest.edu.pl\/new\/wp-content\/uploads\/2013\/03\/filie_lelow_pasowanie_na_czytelnika_pasowanie1-150x113.jpg 150w, https:\/\/pbp.womczest.edu.pl\/new\/wp-content\/uploads\/2013\/03\/filie_lelow_pasowanie_na_czytelnika_pasowanie1-200x151.jpg 200w, https:\/\/pbp.womczest.edu.pl\/new\/wp-content\/uploads\/2013\/03\/filie_lelow_pasowanie_na_czytelnika_pasowanie1-450x339.jpg 450w\" sizes=\"(max-width: 531px) 100vw, 531px\" \/><\/p>\n<p><img decoding=\"async\" class=\" size-full wp-image-1045 alignleft\" style=\"border: 0px none;\" src=\"https:\/\/pbp.womczest.edu.pl\/new\/wp-content\/uploads\/2013\/03\/filie_lelow_pasowanie_na_czytelnika_pasowanie3.jpg\" alt=\"\" width=\"250\" border=\"0\" srcset=\"https:\/\/pbp.womczest.edu.pl\/new\/wp-content\/uploads\/2013\/03\/filie_lelow_pasowanie_na_czytelnika_pasowanie3.jpg 531w, https:\/\/pbp.womczest.edu.pl\/new\/wp-content\/uploads\/2013\/03\/filie_lelow_pasowanie_na_czytelnika_pasowanie3-300x225.jpg 300w, https:\/\/pbp.womczest.edu.pl\/new\/wp-content\/uploads\/2013\/03\/filie_lelow_pasowanie_na_czytelnika_pasowanie3-100x75.jpg 100w, https:\/\/pbp.womczest.edu.pl\/new\/wp-content\/uploads\/2013\/03\/filie_lelow_pasowanie_na_czytelnika_pasowanie3-150x113.jpg 150w, https:\/\/pbp.womczest.edu.pl\/new\/wp-content\/uploads\/2013\/03\/filie_lelow_pasowanie_na_czytelnika_pasowanie3-200x150.jpg 200w, https:\/\/pbp.womczest.edu.pl\/new\/wp-content\/uploads\/2013\/03\/filie_lelow_pasowanie_na_czytelnika_pasowanie3-450x338.jpg 450w\" sizes=\"(max-width: 531px) 100vw, 531px\" \/><\/p>\n<p><img decoding=\"async\" class=\" size-full wp-image-1046 alignleft\" style=\"border: 0px none;\" src=\"https:\/\/pbp.womczest.edu.pl\/new\/wp-content\/uploads\/2013\/03\/filie_lelow_pasowanie_na_czytelnika_pasowanie4.jpg\" alt=\"\" width=\"250\" border=\"0\" srcset=\"https:\/\/pbp.womczest.edu.pl\/new\/wp-content\/uploads\/2013\/03\/filie_lelow_pasowanie_na_czytelnika_pasowanie4.jpg 531w, https:\/\/pbp.womczest.edu.pl\/new\/wp-content\/uploads\/2013\/03\/filie_lelow_pasowanie_na_czytelnika_pasowanie4-300x226.jpg 300w, https:\/\/pbp.womczest.edu.pl\/new\/wp-content\/uploads\/2013\/03\/filie_lelow_pasowanie_na_czytelnika_pasowanie4-100x75.jpg 100w, https:\/\/pbp.womczest.edu.pl\/new\/wp-content\/uploads\/2013\/03\/filie_lelow_pasowanie_na_czytelnika_pasowanie4-150x113.jpg 150w, https:\/\/pbp.womczest.edu.pl\/new\/wp-content\/uploads\/2013\/03\/filie_lelow_pasowanie_na_czytelnika_pasowanie4-200x151.jpg 200w, https:\/\/pbp.womczest.edu.pl\/new\/wp-content\/uploads\/2013\/03\/filie_lelow_pasowanie_na_czytelnika_pasowanie4-450x339.jpg 450w\" sizes=\"(max-width: 531px) 100vw, 531px\" \/><\/p>\n","protected":false},"excerpt":{"rendered":"<p>5 lutego 2013 r. uczniowie klasy I Szko\u0142y Podstawowej w Lelowie go\u015bcili w filii biblioteki pedagogicznej. Zwiedzili jej pomieszczenia, zapoznali si\u0119 ze sposobem wypo\u017cyczania i zwracania ksi\u0105\u017cek, poznali \u201epro\u015bby ksi\u0105\u017cki\u201d, dokonali pierwszych wypo\u017cycze\u0144 ksi\u0105\u017cek. W obecno\u015bci wychowawczyni Pani mgr Emilii Mory\u0144 po z\u0142o\u017ceniu obietnicy zostali pasowani na czytelnik\u00f3w biblioteki. Ka\u017cdy m\u0142ody czytelnik otrzyma\u0142 pami\u0105tkowy dyplom i drobny upominek. Wszystkim serdecznie gratulujemy i \u017cyczymy mi\u0142ej lektury.<\/p>\n","protected":false},"author":3,"featured_media":0,"parent":3545,"menu_order":0,"comment_status":"closed","ping_status":"open","template":"","meta":{"footnotes":""},"jetpack_sharing_enabled":true,"jetpack_shortlink":"https:\/\/wp.me\/PgmV4H-VA","_links":{"self":[{"href":"https:\/\/pbp.womczest.edu.pl\/new\/wp-json\/wp\/v2\/pages\/3570"}],"collection":[{"href":"https:\/\/pbp.womczest.edu.pl\/new\/wp-json\/wp\/v2\/pages"}],"about":[{"href":"https:\/\/pbp.womczest.edu.pl\/new\/wp-json\/wp\/v2\/types\/page"}],"author":[{"embeddable":true,"href":"https:\/\/pbp.womczest.edu.pl\/new\/wp-json\/wp\/v2\/users\/3"}],"replies":[{"embeddable":true,"href":"https:\/\/pbp.womczest.edu.pl\/new\/wp-json\/wp\/v2\/comments?post=3570"}],"version-history":[{"count":2,"href":"https:\/\/pbp.womczest.edu.pl\/new\/wp-json\/wp\/v2\/pages\/3570\/revisions"}],"predecessor-version":[{"id":3572,"href":"https:\/\/pbp.womczest.edu.pl\/new\/wp-json\/wp\/v2\/pages\/3570\/revisions\/3572"}],"up":[{"embeddable":true,"href":"https:\/\/pbp.womczest.edu.pl\/new\/wp-json\/wp\/v2\/pages\/3545"}],"wp:attachment":[{"href":"https:\/\/pbp.womczest.edu.pl\/new\/wp-json\/wp\/v2\/media?parent=3570"}],"curies":[{"name":"wp","href":"https:\/\/api.w.org\/{rel}","templated":true}]}}