


{"id":3565,"date":"2015-05-15T15:22:24","date_gmt":"2015-05-15T13:22:24","guid":{"rendered":"https:\/\/pbp.womczest.edu.pl\/new\/?page_id=3565"},"modified":"2015-05-15T15:22:24","modified_gmt":"2015-05-15T13:22:24","slug":"swieto-pluszowego-misia-w-przedszkolu-2013","status":"publish","type":"page","link":"https:\/\/pbp.womczest.edu.pl\/new\/kontakt\/lelow\/spotkania-czytelnicze-filia-lelow\/swieto-pluszowego-misia-w-przedszkolu-2013\/","title":{"rendered":"\u015awi\u0119to Pluszowego Misia w przedszkolu 2013"},"content":{"rendered":"<hr \/>\n<p>26 listopada 2013 roku po raz sz\u00f3sty obchodzili\u015bmy \u015awi\u0119to Pluszowego Misia.<\/p>\n<p>Tego dnia dzieci z Przedszkola Zespo\u0142u Szkolno-Przedszkolnego w Lelowie odwiedzi\u0142y bibliotek\u0119, pod opiek\u0105 pani Marii \u0141azarz i pani Ma\u0142gorzaty Synowiec.<\/p>\n<p>Na spotkanie z Jubilatem dzieci przysz\u0142y ze swoimi ulubionymi pluszakami. Wraz z Pluszowym Misiem dzieci zwiedzi\u0142y bibliotek\u0119, \u015bpiewa\u0142y, ta\u0144czy\u0142y, a tak\u017ce opowiada\u0142y o swoich maskotkach. Podczas spotkania dzieci pozna\u0142y tak\u017ce histori\u0119 Pluszowego Misia. Panie z biblioteki czyta\u0142y dzieciom bajk\u0119 <em>Mi\u015b \u0142akomczuch<\/em> i rozmawia\u0142y z nimi o poszanowaniu ksi\u0105\u017cek.<\/p>\n<p>Pami\u0105tk\u0105 z tej radosnej wizyty jest wystawka <em>misiowych<\/em> ilustracji pokolorowanych przez dzieci. Na zako\u0144czenie pe\u0142nego wra\u017ce\u0144 spotkania przedszkolaki otrzyma\u0142y pami\u0105tkowy dyplom, drobne upominki oraz ma\u0142e co nieco.<\/p>\n<p>Wszystkim serdecznie dzi\u0119kujemy.<\/p>\n<p style=\"text-align: right;\"><em>Dorota Kulawiak<br \/>\nZdj\u0119cia: Jadwiga G\u00f3recka<\/em><\/p>\n<p><a href=\"https:\/\/pbp.womczest.edu.pl\/new\/wp-content\/uploads\/2013\/12\/filie_lelow_pluszowy_mis_2013_przeszkole_IMG_2263.jpg\" target=\"_blank\"><img decoding=\"async\" class=\" size-full wp-image-1698 alignleft\" style=\"border: 0px none;\" src=\"https:\/\/pbp.womczest.edu.pl\/new\/wp-content\/uploads\/2013\/12\/filie_lelow_pluszowy_mis_2013_przeszkole_IMG_2263.jpg\" alt=\"\" width=\"165\" border=\"0\" srcset=\"https:\/\/pbp.womczest.edu.pl\/new\/wp-content\/uploads\/2013\/12\/filie_lelow_pluszowy_mis_2013_przeszkole_IMG_2263.jpg 2126w, https:\/\/pbp.womczest.edu.pl\/new\/wp-content\/uploads\/2013\/12\/filie_lelow_pluszowy_mis_2013_przeszkole_IMG_2263-300x200.jpg 300w, https:\/\/pbp.womczest.edu.pl\/new\/wp-content\/uploads\/2013\/12\/filie_lelow_pluszowy_mis_2013_przeszkole_IMG_2263-1024x683.jpg 1024w, https:\/\/pbp.womczest.edu.pl\/new\/wp-content\/uploads\/2013\/12\/filie_lelow_pluszowy_mis_2013_przeszkole_IMG_2263-100x67.jpg 100w, https:\/\/pbp.womczest.edu.pl\/new\/wp-content\/uploads\/2013\/12\/filie_lelow_pluszowy_mis_2013_przeszkole_IMG_2263-150x100.jpg 150w, https:\/\/pbp.womczest.edu.pl\/new\/wp-content\/uploads\/2013\/12\/filie_lelow_pluszowy_mis_2013_przeszkole_IMG_2263-200x133.jpg 200w, https:\/\/pbp.womczest.edu.pl\/new\/wp-content\/uploads\/2013\/12\/filie_lelow_pluszowy_mis_2013_przeszkole_IMG_2263-450x300.jpg 450w, https:\/\/pbp.womczest.edu.pl\/new\/wp-content\/uploads\/2013\/12\/filie_lelow_pluszowy_mis_2013_przeszkole_IMG_2263-600x400.jpg 600w, https:\/\/pbp.womczest.edu.pl\/new\/wp-content\/uploads\/2013\/12\/filie_lelow_pluszowy_mis_2013_przeszkole_IMG_2263-900x600.jpg 900w\" sizes=\"(max-width: 2126px) 100vw, 2126px\" \/><\/a><a href=\"https:\/\/pbp.womczest.edu.pl\/new\/wp-content\/uploads\/2013\/12\/filie_lelow_pluszowy_mis_2013_przeszkole_IMG_2266.jpg\" target=\"_blank\"><img decoding=\"async\" class=\" size-full wp-image-1699 alignleft\" style=\"border: 0px none;\" src=\"https:\/\/pbp.womczest.edu.pl\/new\/wp-content\/uploads\/2013\/12\/filie_lelow_pluszowy_mis_2013_przeszkole_IMG_2266.jpg\" alt=\"\" width=\"165\" border=\"0\" srcset=\"https:\/\/pbp.womczest.edu.pl\/new\/wp-content\/uploads\/2013\/12\/filie_lelow_pluszowy_mis_2013_przeszkole_IMG_2266.jpg 2126w, https:\/\/pbp.womczest.edu.pl\/new\/wp-content\/uploads\/2013\/12\/filie_lelow_pluszowy_mis_2013_przeszkole_IMG_2266-300x200.jpg 300w, https:\/\/pbp.womczest.edu.pl\/new\/wp-content\/uploads\/2013\/12\/filie_lelow_pluszowy_mis_2013_przeszkole_IMG_2266-1024x683.jpg 1024w, https:\/\/pbp.womczest.edu.pl\/new\/wp-content\/uploads\/2013\/12\/filie_lelow_pluszowy_mis_2013_przeszkole_IMG_2266-100x67.jpg 100w, https:\/\/pbp.womczest.edu.pl\/new\/wp-content\/uploads\/2013\/12\/filie_lelow_pluszowy_mis_2013_przeszkole_IMG_2266-150x100.jpg 150w, https:\/\/pbp.womczest.edu.pl\/new\/wp-content\/uploads\/2013\/12\/filie_lelow_pluszowy_mis_2013_przeszkole_IMG_2266-200x133.jpg 200w, https:\/\/pbp.womczest.edu.pl\/new\/wp-content\/uploads\/2013\/12\/filie_lelow_pluszowy_mis_2013_przeszkole_IMG_2266-450x300.jpg 450w, https:\/\/pbp.womczest.edu.pl\/new\/wp-content\/uploads\/2013\/12\/filie_lelow_pluszowy_mis_2013_przeszkole_IMG_2266-600x400.jpg 600w, https:\/\/pbp.womczest.edu.pl\/new\/wp-content\/uploads\/2013\/12\/filie_lelow_pluszowy_mis_2013_przeszkole_IMG_2266-900x600.jpg 900w\" sizes=\"(max-width: 2126px) 100vw, 2126px\" \/><\/a><\/p>\n<p><a href=\"https:\/\/pbp.womczest.edu.pl\/new\/wp-content\/uploads\/2013\/12\/filie_lelow_pluszowy_mis_2013_przeszkole_IMG_2306.jpg\" target=\"_blank\"><img decoding=\"async\" class=\" size-full wp-image-1700 alignleft\" style=\"border: 0px none;\" src=\"https:\/\/pbp.womczest.edu.pl\/new\/wp-content\/uploads\/2013\/12\/filie_lelow_pluszowy_mis_2013_przeszkole_IMG_2306.jpg\" alt=\"\" width=\"165\" border=\"0\" srcset=\"https:\/\/pbp.womczest.edu.pl\/new\/wp-content\/uploads\/2013\/12\/filie_lelow_pluszowy_mis_2013_przeszkole_IMG_2306.jpg 2126w, https:\/\/pbp.womczest.edu.pl\/new\/wp-content\/uploads\/2013\/12\/filie_lelow_pluszowy_mis_2013_przeszkole_IMG_2306-300x200.jpg 300w, https:\/\/pbp.womczest.edu.pl\/new\/wp-content\/uploads\/2013\/12\/filie_lelow_pluszowy_mis_2013_przeszkole_IMG_2306-1024x683.jpg 1024w, https:\/\/pbp.womczest.edu.pl\/new\/wp-content\/uploads\/2013\/12\/filie_lelow_pluszowy_mis_2013_przeszkole_IMG_2306-100x67.jpg 100w, https:\/\/pbp.womczest.edu.pl\/new\/wp-content\/uploads\/2013\/12\/filie_lelow_pluszowy_mis_2013_przeszkole_IMG_2306-150x100.jpg 150w, https:\/\/pbp.womczest.edu.pl\/new\/wp-content\/uploads\/2013\/12\/filie_lelow_pluszowy_mis_2013_przeszkole_IMG_2306-200x133.jpg 200w, https:\/\/pbp.womczest.edu.pl\/new\/wp-content\/uploads\/2013\/12\/filie_lelow_pluszowy_mis_2013_przeszkole_IMG_2306-450x300.jpg 450w, https:\/\/pbp.womczest.edu.pl\/new\/wp-content\/uploads\/2013\/12\/filie_lelow_pluszowy_mis_2013_przeszkole_IMG_2306-600x400.jpg 600w, https:\/\/pbp.womczest.edu.pl\/new\/wp-content\/uploads\/2013\/12\/filie_lelow_pluszowy_mis_2013_przeszkole_IMG_2306-900x600.jpg 900w\" sizes=\"(max-width: 2126px) 100vw, 2126px\" \/><\/a><\/p>\n<p><a href=\"https:\/\/pbp.womczest.edu.pl\/new\/wp-content\/uploads\/2013\/12\/filie_lelow_pluszowy_mis_2013_przeszkole_IMG_2313.jpg\" target=\"_blank\"><img decoding=\"async\" class=\" size-full wp-image-1701 alignleft\" style=\"border: 0px none;\" src=\"https:\/\/pbp.womczest.edu.pl\/new\/wp-content\/uploads\/2013\/12\/filie_lelow_pluszowy_mis_2013_przeszkole_IMG_2313.jpg\" alt=\"\" width=\"165\" border=\"0\" srcset=\"https:\/\/pbp.womczest.edu.pl\/new\/wp-content\/uploads\/2013\/12\/filie_lelow_pluszowy_mis_2013_przeszkole_IMG_2313.jpg 2126w, https:\/\/pbp.womczest.edu.pl\/new\/wp-content\/uploads\/2013\/12\/filie_lelow_pluszowy_mis_2013_przeszkole_IMG_2313-300x200.jpg 300w, https:\/\/pbp.womczest.edu.pl\/new\/wp-content\/uploads\/2013\/12\/filie_lelow_pluszowy_mis_2013_przeszkole_IMG_2313-1024x683.jpg 1024w, https:\/\/pbp.womczest.edu.pl\/new\/wp-content\/uploads\/2013\/12\/filie_lelow_pluszowy_mis_2013_przeszkole_IMG_2313-100x67.jpg 100w, https:\/\/pbp.womczest.edu.pl\/new\/wp-content\/uploads\/2013\/12\/filie_lelow_pluszowy_mis_2013_przeszkole_IMG_2313-150x100.jpg 150w, https:\/\/pbp.womczest.edu.pl\/new\/wp-content\/uploads\/2013\/12\/filie_lelow_pluszowy_mis_2013_przeszkole_IMG_2313-200x133.jpg 200w, https:\/\/pbp.womczest.edu.pl\/new\/wp-content\/uploads\/2013\/12\/filie_lelow_pluszowy_mis_2013_przeszkole_IMG_2313-450x300.jpg 450w, https:\/\/pbp.womczest.edu.pl\/new\/wp-content\/uploads\/2013\/12\/filie_lelow_pluszowy_mis_2013_przeszkole_IMG_2313-600x400.jpg 600w, https:\/\/pbp.womczest.edu.pl\/new\/wp-content\/uploads\/2013\/12\/filie_lelow_pluszowy_mis_2013_przeszkole_IMG_2313-900x600.jpg 900w\" sizes=\"(max-width: 2126px) 100vw, 2126px\" \/><\/a><\/p>\n<p>&nbsp;<\/p>\n","protected":false},"excerpt":{"rendered":"<p>26 listopada 2013 roku po raz sz\u00f3sty obchodzili\u015bmy \u015awi\u0119to Pluszowego Misia. Tego dnia dzieci z Przedszkola Zespo\u0142u Szkolno-Przedszkolnego w Lelowie odwiedzi\u0142y bibliotek\u0119, pod opiek\u0105 pani Marii \u0141azarz i pani Ma\u0142gorzaty Synowiec. Na spotkanie z Jubilatem dzieci przysz\u0142y ze swoimi ulubionymi pluszakami. Wraz z Pluszowym Misiem dzieci zwiedzi\u0142y bibliotek\u0119, \u015bpiewa\u0142y, ta\u0144czy\u0142y, a tak\u017ce opowiada\u0142y o swoich maskotkach. Podczas spotkania dzieci pozna\u0142y tak\u017ce histori\u0119 Pluszowego Misia. Panie z biblioteki czyta\u0142y dzieciom bajk\u0119<span class=\"ellipsis\">&hellip;<\/span><\/p>\n<div class=\"read-more\"><a href=\"https:\/\/pbp.womczest.edu.pl\/new\/kontakt\/lelow\/spotkania-czytelnicze-filia-lelow\/swieto-pluszowego-misia-w-przedszkolu-2013\/\">Czytaj wi\u0119cej &#8250;<\/a><\/div>\n<p><!-- end of .read-more --><\/p>\n","protected":false},"author":3,"featured_media":0,"parent":3545,"menu_order":0,"comment_status":"closed","ping_status":"open","template":"","meta":{"footnotes":""},"jetpack_sharing_enabled":true,"jetpack_shortlink":"https:\/\/wp.me\/PgmV4H-Vv","_links":{"self":[{"href":"https:\/\/pbp.womczest.edu.pl\/new\/wp-json\/wp\/v2\/pages\/3565"}],"collection":[{"href":"https:\/\/pbp.womczest.edu.pl\/new\/wp-json\/wp\/v2\/pages"}],"about":[{"href":"https:\/\/pbp.womczest.edu.pl\/new\/wp-json\/wp\/v2\/types\/page"}],"author":[{"embeddable":true,"href":"https:\/\/pbp.womczest.edu.pl\/new\/wp-json\/wp\/v2\/users\/3"}],"replies":[{"embeddable":true,"href":"https:\/\/pbp.womczest.edu.pl\/new\/wp-json\/wp\/v2\/comments?post=3565"}],"version-history":[{"count":2,"href":"https:\/\/pbp.womczest.edu.pl\/new\/wp-json\/wp\/v2\/pages\/3565\/revisions"}],"predecessor-version":[{"id":3567,"href":"https:\/\/pbp.womczest.edu.pl\/new\/wp-json\/wp\/v2\/pages\/3565\/revisions\/3567"}],"up":[{"embeddable":true,"href":"https:\/\/pbp.womczest.edu.pl\/new\/wp-json\/wp\/v2\/pages\/3545"}],"wp:attachment":[{"href":"https:\/\/pbp.womczest.edu.pl\/new\/wp-json\/wp\/v2\/media?parent=3565"}],"curies":[{"name":"wp","href":"https:\/\/api.w.org\/{rel}","templated":true}]}}