


{"id":3560,"date":"2015-05-15T15:19:44","date_gmt":"2015-05-15T13:19:44","guid":{"rendered":"https:\/\/pbp.womczest.edu.pl\/new\/?page_id=3560"},"modified":"2015-05-15T15:19:44","modified_gmt":"2015-05-15T13:19:44","slug":"swieto-pluszowego-misia-2012","status":"publish","type":"page","link":"https:\/\/pbp.womczest.edu.pl\/new\/kontakt\/lelow\/spotkania-czytelnicze-filia-lelow\/swieto-pluszowego-misia-2012\/","title":{"rendered":"\u015awi\u0119to Pluszowego Misia \u2013 2012"},"content":{"rendered":"<hr \/>\n<p><img decoding=\"async\" loading=\"lazy\" class=\"art-logo-name size-full wp-image-877 alignleft\" style=\"float: left;\" src=\"https:\/\/pbp.womczest.edu.pl\/new\/wp-content\/uploads\/2012\/12\/filie_lelow_pluszowy_mis_2012_4574409409_873fb3636d_z.jpg\" alt=\"\" width=\"300\" height=\"200\" border=\"0\" srcset=\"https:\/\/pbp.womczest.edu.pl\/new\/wp-content\/uploads\/2012\/12\/filie_lelow_pluszowy_mis_2012_4574409409_873fb3636d_z.jpg 640w, https:\/\/pbp.womczest.edu.pl\/new\/wp-content\/uploads\/2012\/12\/filie_lelow_pluszowy_mis_2012_4574409409_873fb3636d_z-300x200.jpg 300w, https:\/\/pbp.womczest.edu.pl\/new\/wp-content\/uploads\/2012\/12\/filie_lelow_pluszowy_mis_2012_4574409409_873fb3636d_z-100x67.jpg 100w, https:\/\/pbp.womczest.edu.pl\/new\/wp-content\/uploads\/2012\/12\/filie_lelow_pluszowy_mis_2012_4574409409_873fb3636d_z-150x100.jpg 150w, https:\/\/pbp.womczest.edu.pl\/new\/wp-content\/uploads\/2012\/12\/filie_lelow_pluszowy_mis_2012_4574409409_873fb3636d_z-200x133.jpg 200w, https:\/\/pbp.womczest.edu.pl\/new\/wp-content\/uploads\/2012\/12\/filie_lelow_pluszowy_mis_2012_4574409409_873fb3636d_z-450x300.jpg 450w, https:\/\/pbp.womczest.edu.pl\/new\/wp-content\/uploads\/2012\/12\/filie_lelow_pluszowy_mis_2012_4574409409_873fb3636d_z-600x400.jpg 600w\" sizes=\"(max-width: 300px) 100vw, 300px\" \/>27 listopada 2012 roku po raz pi\u0105ty obchodzili\u015bmy \u015bwi\u0119to misia.<\/p>\n<p>Tego dnia dzieci z Przedszkola w Lelowie, pod opiek\u0105 pani Magdaleny Kaszni przysz\u0142y do biblioteki w towarzystwie swoich pluszowych ulubie\u0144c\u00f3w.<br \/>\nPo przywitaniu mi\u0142ych go\u015bci, zapozna\u0142y\u015bmy dzieci z histori\u0105 powstania tej popularnej maskotki. W czasie spotkania przedszkolaki opowiada\u0142y o swoich ulubionych pluszowych zabawkach, \u015bpiewa\u0142y piosenki o misiach. Wraz ze swoimi ulubie\u0144cami dzieci zwiedzi\u0142y pomieszczenia biblioteki. Obejrza\u0142y r\u00f3wnie\u017c fragment bajki <em>Wielka ucieczka Misia Yogi<\/em>.<br \/>\nNa spotkaniu w bibliotece nie mog\u0142o zabrakn\u0105\u0107 ksi\u0105\u017cki i g\u0142o\u015bnego czytania.<br \/>\nDzieci wys\u0142ucha\u0142y <em>Bajki o r\u00f3\u017cowym Misiu<\/em>, ogl\u0105da\u0142y ksi\u0105\u017ceczki o misiach ze zbior\u00f3w biblioteki, a nast\u0119pnie kolorowa\u0142y ilustracje z misiami. Z prac dzieci powsta\u0142a wystawka, kt\u00f3r\u0105 mo\u017cna obejrze\u0107 w bibliotece.<br \/>\nNa zako\u0144czenie tego pe\u0142nego wra\u017ce\u0144 spotkania dzieci otrzyma\u0142y pami\u0105tkowy dyplom, drobne upominki oraz ma\u0142e co nieco.<\/p>\n<p style=\"text-align: left;\"><em>Wszystkim serdecznie dzi\u0119kujemy<\/em><\/p>\n<p style=\"text-align: right;\"><span style=\"font-size: xx-small;\">\u0179r\u00f3d\u0142o zdj\u0119cia \u2013 http:\/\/farm5.staticflickr.com\/4038\/4574409409_873fb3636d_z.jpg<\/span><\/p>\n<p><a href=\"https:\/\/pbp.womczest.edu.pl\/new\/wp-content\/uploads\/2012\/12\/filie_lelow_pluszowy_mis_2012_IMG_1208.jpg\" target=\"_blank\"><img decoding=\"async\" loading=\"lazy\" class=\" size-full wp-image-879 alignleft\" style=\"border: 0px none;\" src=\"https:\/\/pbp.womczest.edu.pl\/new\/wp-content\/uploads\/2012\/12\/filie_lelow_pluszowy_mis_2012_IMG_1208-male.jpg\" alt=\"\" width=\"190\" height=\"127\" border=\"0\" srcset=\"https:\/\/pbp.womczest.edu.pl\/new\/wp-content\/uploads\/2012\/12\/filie_lelow_pluszowy_mis_2012_IMG_1208-male.jpg 300w, https:\/\/pbp.womczest.edu.pl\/new\/wp-content\/uploads\/2012\/12\/filie_lelow_pluszowy_mis_2012_IMG_1208-male-100x67.jpg 100w, https:\/\/pbp.womczest.edu.pl\/new\/wp-content\/uploads\/2012\/12\/filie_lelow_pluszowy_mis_2012_IMG_1208-male-150x100.jpg 150w, https:\/\/pbp.womczest.edu.pl\/new\/wp-content\/uploads\/2012\/12\/filie_lelow_pluszowy_mis_2012_IMG_1208-male-200x133.jpg 200w\" sizes=\"(max-width: 190px) 100vw, 190px\" \/><\/a><a href=\"https:\/\/pbp.womczest.edu.pl\/new\/wp-content\/uploads\/2012\/12\/filie_lelow_pluszowy_mis_2012_IMG_1214.jpg\" target=\"_blank\"><img decoding=\"async\" loading=\"lazy\" class=\" size-full wp-image-881 alignleft\" style=\"border: 0px none;\" src=\"https:\/\/pbp.womczest.edu.pl\/new\/wp-content\/uploads\/2012\/12\/filie_lelow_pluszowy_mis_2012_IMG_1214-male.jpg\" alt=\"\" width=\"190\" height=\"127\" border=\"0\" srcset=\"https:\/\/pbp.womczest.edu.pl\/new\/wp-content\/uploads\/2012\/12\/filie_lelow_pluszowy_mis_2012_IMG_1214-male.jpg 300w, https:\/\/pbp.womczest.edu.pl\/new\/wp-content\/uploads\/2012\/12\/filie_lelow_pluszowy_mis_2012_IMG_1214-male-100x67.jpg 100w, https:\/\/pbp.womczest.edu.pl\/new\/wp-content\/uploads\/2012\/12\/filie_lelow_pluszowy_mis_2012_IMG_1214-male-150x100.jpg 150w, https:\/\/pbp.womczest.edu.pl\/new\/wp-content\/uploads\/2012\/12\/filie_lelow_pluszowy_mis_2012_IMG_1214-male-200x133.jpg 200w\" sizes=\"(max-width: 190px) 100vw, 190px\" \/><\/a><\/p>\n<p><a href=\"https:\/\/pbp.womczest.edu.pl\/new\/wp-content\/uploads\/2012\/12\/filie_lelow_pluszowy_mis_2012_IMG_1219.jpg\" target=\"_blank\"><img decoding=\"async\" loading=\"lazy\" class=\" size-full wp-image-883 alignleft\" style=\"border: 0px none;\" src=\"https:\/\/pbp.womczest.edu.pl\/new\/wp-content\/uploads\/2012\/12\/filie_lelow_pluszowy_mis_2012_IMG_1219-male.jpg\" alt=\"\" width=\"190\" height=\"127\" border=\"0\" srcset=\"https:\/\/pbp.womczest.edu.pl\/new\/wp-content\/uploads\/2012\/12\/filie_lelow_pluszowy_mis_2012_IMG_1219-male.jpg 300w, https:\/\/pbp.womczest.edu.pl\/new\/wp-content\/uploads\/2012\/12\/filie_lelow_pluszowy_mis_2012_IMG_1219-male-100x67.jpg 100w, https:\/\/pbp.womczest.edu.pl\/new\/wp-content\/uploads\/2012\/12\/filie_lelow_pluszowy_mis_2012_IMG_1219-male-150x100.jpg 150w, https:\/\/pbp.womczest.edu.pl\/new\/wp-content\/uploads\/2012\/12\/filie_lelow_pluszowy_mis_2012_IMG_1219-male-200x133.jpg 200w\" sizes=\"(max-width: 190px) 100vw, 190px\" \/><\/a><\/p>\n<p><a href=\"https:\/\/pbp.womczest.edu.pl\/new\/wp-content\/uploads\/2012\/12\/filie_lelow_pluszowy_mis_2012_IMG_1222.jpg\" target=\"_blank\"><img decoding=\"async\" class=\" size-full wp-image-885 alignleft\" style=\"border: 0px none;\" src=\"https:\/\/pbp.womczest.edu.pl\/new\/wp-content\/uploads\/2012\/12\/filie_lelow_pluszowy_mis_2012_IMG_1222-male.jpg\" alt=\"\" width=\"190\" border=\"0\" srcset=\"https:\/\/pbp.womczest.edu.pl\/new\/wp-content\/uploads\/2012\/12\/filie_lelow_pluszowy_mis_2012_IMG_1222-male.jpg 300w, https:\/\/pbp.womczest.edu.pl\/new\/wp-content\/uploads\/2012\/12\/filie_lelow_pluszowy_mis_2012_IMG_1222-male-100x67.jpg 100w, https:\/\/pbp.womczest.edu.pl\/new\/wp-content\/uploads\/2012\/12\/filie_lelow_pluszowy_mis_2012_IMG_1222-male-150x100.jpg 150w, https:\/\/pbp.womczest.edu.pl\/new\/wp-content\/uploads\/2012\/12\/filie_lelow_pluszowy_mis_2012_IMG_1222-male-200x133.jpg 200w\" sizes=\"(max-width: 300px) 100vw, 300px\" \/><\/a><\/p>\n<p><a href=\"https:\/\/pbp.womczest.edu.pl\/new\/wp-content\/uploads\/2012\/12\/filie_lelow_pluszowy_mis_2012_IMG_1224.jpg\" target=\"_blank\"><img decoding=\"async\" class=\" size-full wp-image-887 alignleft\" style=\"border: 0px none;\" src=\"https:\/\/pbp.womczest.edu.pl\/new\/wp-content\/uploads\/2012\/12\/filie_lelow_pluszowy_mis_2012_IMG_1224-male.jpg\" alt=\"\" width=\"190\" border=\"0\" srcset=\"https:\/\/pbp.womczest.edu.pl\/new\/wp-content\/uploads\/2012\/12\/filie_lelow_pluszowy_mis_2012_IMG_1224-male.jpg 300w, https:\/\/pbp.womczest.edu.pl\/new\/wp-content\/uploads\/2012\/12\/filie_lelow_pluszowy_mis_2012_IMG_1224-male-100x67.jpg 100w, https:\/\/pbp.womczest.edu.pl\/new\/wp-content\/uploads\/2012\/12\/filie_lelow_pluszowy_mis_2012_IMG_1224-male-150x100.jpg 150w, https:\/\/pbp.womczest.edu.pl\/new\/wp-content\/uploads\/2012\/12\/filie_lelow_pluszowy_mis_2012_IMG_1224-male-200x133.jpg 200w\" sizes=\"(max-width: 300px) 100vw, 300px\" \/><\/a><\/p>\n<p><a href=\"https:\/\/pbp.womczest.edu.pl\/new\/wp-content\/uploads\/2012\/12\/filie_lelow_pluszowy_mis_2012_IMG_1225.jpg\" target=\"_blank\"><img decoding=\"async\" class=\" size-full wp-image-889 alignleft\" style=\"border: 0px none;\" src=\"https:\/\/pbp.womczest.edu.pl\/new\/wp-content\/uploads\/2012\/12\/filie_lelow_pluszowy_mis_2012_IMG_1225-male.jpg\" alt=\"\" width=\"190\" border=\"0\" srcset=\"https:\/\/pbp.womczest.edu.pl\/new\/wp-content\/uploads\/2012\/12\/filie_lelow_pluszowy_mis_2012_IMG_1225-male.jpg 300w, https:\/\/pbp.womczest.edu.pl\/new\/wp-content\/uploads\/2012\/12\/filie_lelow_pluszowy_mis_2012_IMG_1225-male-100x67.jpg 100w, https:\/\/pbp.womczest.edu.pl\/new\/wp-content\/uploads\/2012\/12\/filie_lelow_pluszowy_mis_2012_IMG_1225-male-150x100.jpg 150w, https:\/\/pbp.womczest.edu.pl\/new\/wp-content\/uploads\/2012\/12\/filie_lelow_pluszowy_mis_2012_IMG_1225-male-200x133.jpg 200w\" sizes=\"(max-width: 300px) 100vw, 300px\" \/><\/a><a href=\"https:\/\/pbp.womczest.edu.pl\/new\/wp-content\/uploads\/2012\/12\/filie_lelow_pluszowy_mis_2012_IMG_1233.jpg\" target=\"_blank\"><img decoding=\"async\" class=\" size-full wp-image-891 alignleft\" style=\"border: 0px none;\" src=\"https:\/\/pbp.womczest.edu.pl\/new\/wp-content\/uploads\/2012\/12\/filie_lelow_pluszowy_mis_2012_IMG_1233-male.jpg\" alt=\"\" width=\"190\" border=\"0\" srcset=\"https:\/\/pbp.womczest.edu.pl\/new\/wp-content\/uploads\/2012\/12\/filie_lelow_pluszowy_mis_2012_IMG_1233-male.jpg 300w, https:\/\/pbp.womczest.edu.pl\/new\/wp-content\/uploads\/2012\/12\/filie_lelow_pluszowy_mis_2012_IMG_1233-male-100x67.jpg 100w, https:\/\/pbp.womczest.edu.pl\/new\/wp-content\/uploads\/2012\/12\/filie_lelow_pluszowy_mis_2012_IMG_1233-male-150x100.jpg 150w, https:\/\/pbp.womczest.edu.pl\/new\/wp-content\/uploads\/2012\/12\/filie_lelow_pluszowy_mis_2012_IMG_1233-male-200x133.jpg 200w\" sizes=\"(max-width: 300px) 100vw, 300px\" \/><\/a><\/p>\n<p>&nbsp;<\/p>\n<p><a href=\"https:\/\/pbp.womczest.edu.pl\/new\/wp-content\/uploads\/2012\/12\/filie_lelow_pluszowy_mis_2012_IMG_1241.jpg\" target=\"_blank\"><img decoding=\"async\" class=\" size-full wp-image-893 alignleft\" style=\"border: 0px none;\" src=\"https:\/\/pbp.womczest.edu.pl\/new\/wp-content\/uploads\/2012\/12\/filie_lelow_pluszowy_mis_2012_IMG_1241-male.jpg\" alt=\"\" width=\"190\" border=\"0\" srcset=\"https:\/\/pbp.womczest.edu.pl\/new\/wp-content\/uploads\/2012\/12\/filie_lelow_pluszowy_mis_2012_IMG_1241-male.jpg 300w, https:\/\/pbp.womczest.edu.pl\/new\/wp-content\/uploads\/2012\/12\/filie_lelow_pluszowy_mis_2012_IMG_1241-male-100x67.jpg 100w, https:\/\/pbp.womczest.edu.pl\/new\/wp-content\/uploads\/2012\/12\/filie_lelow_pluszowy_mis_2012_IMG_1241-male-150x100.jpg 150w, https:\/\/pbp.womczest.edu.pl\/new\/wp-content\/uploads\/2012\/12\/filie_lelow_pluszowy_mis_2012_IMG_1241-male-200x133.jpg 200w\" sizes=\"(max-width: 300px) 100vw, 300px\" \/><\/a><\/p>\n","protected":false},"excerpt":{"rendered":"<p>27 listopada 2012 roku po raz pi\u0105ty obchodzili\u015bmy \u015bwi\u0119to misia. Tego dnia dzieci z Przedszkola w Lelowie, pod opiek\u0105 pani Magdaleny Kaszni przysz\u0142y do biblioteki w towarzystwie swoich pluszowych ulubie\u0144c\u00f3w. Po przywitaniu mi\u0142ych go\u015bci, zapozna\u0142y\u015bmy dzieci z histori\u0105 powstania tej popularnej maskotki. W czasie spotkania przedszkolaki opowiada\u0142y o swoich ulubionych pluszowych zabawkach, \u015bpiewa\u0142y piosenki o misiach. Wraz ze swoimi ulubie\u0144cami dzieci zwiedzi\u0142y pomieszczenia biblioteki. Obejrza\u0142y r\u00f3wnie\u017c fragment bajki Wielka ucieczka<span class=\"ellipsis\">&hellip;<\/span><\/p>\n<div class=\"read-more\"><a href=\"https:\/\/pbp.womczest.edu.pl\/new\/kontakt\/lelow\/spotkania-czytelnicze-filia-lelow\/swieto-pluszowego-misia-2012\/\">Czytaj wi\u0119cej &#8250;<\/a><\/div>\n<p><!-- end of .read-more --><\/p>\n","protected":false},"author":3,"featured_media":0,"parent":3545,"menu_order":0,"comment_status":"closed","ping_status":"open","template":"","meta":{"footnotes":""},"jetpack_sharing_enabled":true,"jetpack_shortlink":"https:\/\/wp.me\/PgmV4H-Vq","_links":{"self":[{"href":"https:\/\/pbp.womczest.edu.pl\/new\/wp-json\/wp\/v2\/pages\/3560"}],"collection":[{"href":"https:\/\/pbp.womczest.edu.pl\/new\/wp-json\/wp\/v2\/pages"}],"about":[{"href":"https:\/\/pbp.womczest.edu.pl\/new\/wp-json\/wp\/v2\/types\/page"}],"author":[{"embeddable":true,"href":"https:\/\/pbp.womczest.edu.pl\/new\/wp-json\/wp\/v2\/users\/3"}],"replies":[{"embeddable":true,"href":"https:\/\/pbp.womczest.edu.pl\/new\/wp-json\/wp\/v2\/comments?post=3560"}],"version-history":[{"count":1,"href":"https:\/\/pbp.womczest.edu.pl\/new\/wp-json\/wp\/v2\/pages\/3560\/revisions"}],"predecessor-version":[{"id":3561,"href":"https:\/\/pbp.womczest.edu.pl\/new\/wp-json\/wp\/v2\/pages\/3560\/revisions\/3561"}],"up":[{"embeddable":true,"href":"https:\/\/pbp.womczest.edu.pl\/new\/wp-json\/wp\/v2\/pages\/3545"}],"wp:attachment":[{"href":"https:\/\/pbp.womczest.edu.pl\/new\/wp-json\/wp\/v2\/media?parent=3560"}],"curies":[{"name":"wp","href":"https:\/\/api.w.org\/{rel}","templated":true}]}}