


{"id":3550,"date":"2015-05-15T15:08:00","date_gmt":"2015-05-15T13:08:00","guid":{"rendered":"https:\/\/pbp.womczest.edu.pl\/new\/?page_id=3550"},"modified":"2015-05-15T15:08:15","modified_gmt":"2015-05-15T13:08:15","slug":"pasowanie-na-czytelnika-biblioteki","status":"publish","type":"page","link":"https:\/\/pbp.womczest.edu.pl\/new\/kontakt\/lelow\/spotkania-czytelnicze-filia-lelow\/pasowanie-na-czytelnika-biblioteki\/","title":{"rendered":"Pasowanie na czytelnika biblioteki"},"content":{"rendered":"<hr \/>\n<p>Tradycyjnie, jak co roku, uczniowie klasy I Szko\u0142y Podstawowej Zespo\u0142u Szkolno-Przedszkolnego w Lelowie zostali przyj\u0119ci do grona czytelnik\u00f3w naszej\u00a0 biblioteki. Uroczysto\u015b\u0107 odby\u0142a si\u0119 <strong> 17 lutego 2014 r. w Publicznej Bibliotece Pedagogicznej RODN \u201eWOM\u201d w Cz\u0119stochowie Filia w Lelowie.<\/strong><\/p>\n<p>W trakcie spotkania uczniowie \u00a0zwiedzili pomieszczenia biblioteki. W czasie rozm\u00f3w z bibliotekarzem wskazali r\u00f3\u017cnice mi\u0119dzy bibliotek\u0105 a ksi\u0119garni\u0105, zapoznali si\u0119 z zasadami wypo\u017cyczania i zwracania ksi\u0105\u017cek. Dowiedzieli si\u0119 r\u00f3wnie\u017c w jaki spos\u00f3b dba\u0107 o\u00a0ksi\u0105\u017cki zar\u00f3wno w\u0142asne jak i te wypo\u017cyczone biblioteki. Podczas spotkania rozwi\u0105zywali zagadki i przedstawiali swoje interpretacje wiersza \u201eKsi\u0105\u017ceczka\u201d K. Pac-Gajewskiej. Nast\u0119pnie dzieci z uwag\u0105 wys\u0142ucha\u0142y czytanej dla nich ksi\u0105\u017cki pt.\u00a0 \u201eGdyby\u2026\u201d Piotra Wojciechowskiego.<\/p>\n<p>W dalszej cz\u0119\u015bci spotkania pierwszoklasi\u015bci w obecno\u015bci wychowawczyni Pani Gra\u017cyny Janas uroczy\u015bcie \u015blubowali, \u017ce czytaj\u0105c ksi\u0105\u017cki, b\u0119d\u0105 je szanowa\u0107 i\u00a0dba\u0107 o\u00a0nie. Ka\u017cdy z\u00a0nich zosta\u0142 uroczy\u015bcie pasowany na <strong>Czytelnika i przyjaciela biblioteki.<\/strong><\/p>\n<p>Na pami\u0105tk\u0119 tej donios\u0142ej chwili mali czytelnicy otrzymali pami\u0105tkowy dyplom oraz drobne upominki. Na koniec spotkania uczniowie dokonali swojego pierwszego wypo\u017cyczenia. W bibliotece powsta\u0142a wystawka prac plastycznych pt. \u201eMoja biblioteka\u201d namalowanych przez dzieci na t\u0119 okazj\u0119.<\/p>\n<p>Ca\u0142a uroczysto\u015b\u0107 przebieg\u0142a w mi\u0142ej i przyjaznej atmosferze.<\/p>\n<p style=\"text-align: center;\"><em>Wszystkim uczniom serdecznie gratulujemy i \u017cyczymy mi\u0142ej lektury.<br \/>\nPani Gra\u017cynie Janas dzi\u0119kujemy za wsp\u00f3\u0142prac\u0119<\/em><\/p>\n<p style=\"text-align: right;\"><em>Jadwiga G\u00f3recka<br \/>\nZdj\u0119cia: Dorota Kulawiak<\/em><\/p>\n<p><a href=\"https:\/\/pbp.womczest.edu.pl\/new\/wp-content\/uploads\/2014\/02\/filie_lelow_pasowanie_na_czytelnika_2014_IMG_2485.jpg\" target=\"_blank\"><img decoding=\"async\" loading=\"lazy\" class=\"alignleft wp-image-1785\" src=\"https:\/\/pbp.womczest.edu.pl\/new\/wp-content\/uploads\/2014\/02\/filie_lelow_pasowanie_na_czytelnika_2014_IMG_2485.jpg\" alt=\"\" width=\"150\" height=\"108\" border=\"0\" srcset=\"https:\/\/pbp.womczest.edu.pl\/new\/wp-content\/uploads\/2014\/02\/filie_lelow_pasowanie_na_czytelnika_2014_IMG_2485.jpg 557w, https:\/\/pbp.womczest.edu.pl\/new\/wp-content\/uploads\/2014\/02\/filie_lelow_pasowanie_na_czytelnika_2014_IMG_2485-300x215.jpg 300w, https:\/\/pbp.womczest.edu.pl\/new\/wp-content\/uploads\/2014\/02\/filie_lelow_pasowanie_na_czytelnika_2014_IMG_2485-100x72.jpg 100w, https:\/\/pbp.womczest.edu.pl\/new\/wp-content\/uploads\/2014\/02\/filie_lelow_pasowanie_na_czytelnika_2014_IMG_2485-150x108.jpg 150w, https:\/\/pbp.womczest.edu.pl\/new\/wp-content\/uploads\/2014\/02\/filie_lelow_pasowanie_na_czytelnika_2014_IMG_2485-200x144.jpg 200w, https:\/\/pbp.womczest.edu.pl\/new\/wp-content\/uploads\/2014\/02\/filie_lelow_pasowanie_na_czytelnika_2014_IMG_2485-450x323.jpg 450w\" sizes=\"(max-width: 150px) 100vw, 150px\" \/><\/a><a href=\"https:\/\/pbp.womczest.edu.pl\/new\/wp-content\/uploads\/2014\/02\/filie_lelow_pasowanie_na_czytelnika_2014_IMG_2493.jpg\" target=\"_blank\"><img decoding=\"async\" loading=\"lazy\" class=\"alignleft wp-image-1786\" src=\"https:\/\/pbp.womczest.edu.pl\/new\/wp-content\/uploads\/2014\/02\/filie_lelow_pasowanie_na_czytelnika_2014_IMG_2493.jpg\" alt=\"\" width=\"150\" height=\"113\" border=\"0\" srcset=\"https:\/\/pbp.womczest.edu.pl\/new\/wp-content\/uploads\/2014\/02\/filie_lelow_pasowanie_na_czytelnika_2014_IMG_2493.jpg 533w, https:\/\/pbp.womczest.edu.pl\/new\/wp-content\/uploads\/2014\/02\/filie_lelow_pasowanie_na_czytelnika_2014_IMG_2493-300x225.jpg 300w, https:\/\/pbp.womczest.edu.pl\/new\/wp-content\/uploads\/2014\/02\/filie_lelow_pasowanie_na_czytelnika_2014_IMG_2493-100x75.jpg 100w, https:\/\/pbp.womczest.edu.pl\/new\/wp-content\/uploads\/2014\/02\/filie_lelow_pasowanie_na_czytelnika_2014_IMG_2493-150x113.jpg 150w, https:\/\/pbp.womczest.edu.pl\/new\/wp-content\/uploads\/2014\/02\/filie_lelow_pasowanie_na_czytelnika_2014_IMG_2493-200x150.jpg 200w, https:\/\/pbp.womczest.edu.pl\/new\/wp-content\/uploads\/2014\/02\/filie_lelow_pasowanie_na_czytelnika_2014_IMG_2493-450x338.jpg 450w\" sizes=\"(max-width: 150px) 100vw, 150px\" \/><\/a><\/p>\n<p><a href=\"https:\/\/pbp.womczest.edu.pl\/new\/wp-content\/uploads\/2014\/02\/filie_lelow_pasowanie_na_czytelnika_2014_IMG_2498.jpg\" target=\"_blank\"><img decoding=\"async\" loading=\"lazy\" class=\"alignleft wp-image-1787\" src=\"https:\/\/pbp.womczest.edu.pl\/new\/wp-content\/uploads\/2014\/02\/filie_lelow_pasowanie_na_czytelnika_2014_IMG_2498.jpg\" alt=\"\" width=\"150\" height=\"113\" border=\"0\" srcset=\"https:\/\/pbp.womczest.edu.pl\/new\/wp-content\/uploads\/2014\/02\/filie_lelow_pasowanie_na_czytelnika_2014_IMG_2498.jpg 533w, https:\/\/pbp.womczest.edu.pl\/new\/wp-content\/uploads\/2014\/02\/filie_lelow_pasowanie_na_czytelnika_2014_IMG_2498-300x225.jpg 300w, https:\/\/pbp.womczest.edu.pl\/new\/wp-content\/uploads\/2014\/02\/filie_lelow_pasowanie_na_czytelnika_2014_IMG_2498-100x75.jpg 100w, https:\/\/pbp.womczest.edu.pl\/new\/wp-content\/uploads\/2014\/02\/filie_lelow_pasowanie_na_czytelnika_2014_IMG_2498-150x113.jpg 150w, https:\/\/pbp.womczest.edu.pl\/new\/wp-content\/uploads\/2014\/02\/filie_lelow_pasowanie_na_czytelnika_2014_IMG_2498-200x150.jpg 200w, https:\/\/pbp.womczest.edu.pl\/new\/wp-content\/uploads\/2014\/02\/filie_lelow_pasowanie_na_czytelnika_2014_IMG_2498-450x338.jpg 450w\" sizes=\"(max-width: 150px) 100vw, 150px\" \/><\/a><\/p>\n<p><a href=\"https:\/\/pbp.womczest.edu.pl\/new\/wp-content\/uploads\/2014\/02\/filie_lelow_pasowanie_na_czytelnika_2014_IMG_2512.jpg\" target=\"_blank\"><img decoding=\"async\" loading=\"lazy\" class=\"alignleft wp-image-1788\" src=\"https:\/\/pbp.womczest.edu.pl\/new\/wp-content\/uploads\/2014\/02\/filie_lelow_pasowanie_na_czytelnika_2014_IMG_2512.jpg\" alt=\"\" width=\"150\" height=\"114\" border=\"0\" srcset=\"https:\/\/pbp.womczest.edu.pl\/new\/wp-content\/uploads\/2014\/02\/filie_lelow_pasowanie_na_czytelnika_2014_IMG_2512.jpg 528w, https:\/\/pbp.womczest.edu.pl\/new\/wp-content\/uploads\/2014\/02\/filie_lelow_pasowanie_na_czytelnika_2014_IMG_2512-300x227.jpg 300w, https:\/\/pbp.womczest.edu.pl\/new\/wp-content\/uploads\/2014\/02\/filie_lelow_pasowanie_na_czytelnika_2014_IMG_2512-100x76.jpg 100w, https:\/\/pbp.womczest.edu.pl\/new\/wp-content\/uploads\/2014\/02\/filie_lelow_pasowanie_na_czytelnika_2014_IMG_2512-150x114.jpg 150w, https:\/\/pbp.womczest.edu.pl\/new\/wp-content\/uploads\/2014\/02\/filie_lelow_pasowanie_na_czytelnika_2014_IMG_2512-200x152.jpg 200w, https:\/\/pbp.womczest.edu.pl\/new\/wp-content\/uploads\/2014\/02\/filie_lelow_pasowanie_na_czytelnika_2014_IMG_2512-450x341.jpg 450w\" sizes=\"(max-width: 150px) 100vw, 150px\" \/><\/a><\/p>\n<p><a href=\"https:\/\/pbp.womczest.edu.pl\/new\/wp-content\/uploads\/2014\/02\/filie_lelow_pasowanie_na_czytelnika_2014_IMG_2513.jpg\" target=\"_blank\"><img decoding=\"async\" loading=\"lazy\" class=\"alignleft wp-image-1789\" src=\"https:\/\/pbp.womczest.edu.pl\/new\/wp-content\/uploads\/2014\/02\/filie_lelow_pasowanie_na_czytelnika_2014_IMG_2513.jpg\" alt=\"\" width=\"150\" height=\"113\" border=\"0\" srcset=\"https:\/\/pbp.womczest.edu.pl\/new\/wp-content\/uploads\/2014\/02\/filie_lelow_pasowanie_na_czytelnika_2014_IMG_2513.jpg 533w, https:\/\/pbp.womczest.edu.pl\/new\/wp-content\/uploads\/2014\/02\/filie_lelow_pasowanie_na_czytelnika_2014_IMG_2513-300x225.jpg 300w, https:\/\/pbp.womczest.edu.pl\/new\/wp-content\/uploads\/2014\/02\/filie_lelow_pasowanie_na_czytelnika_2014_IMG_2513-100x75.jpg 100w, https:\/\/pbp.womczest.edu.pl\/new\/wp-content\/uploads\/2014\/02\/filie_lelow_pasowanie_na_czytelnika_2014_IMG_2513-150x113.jpg 150w, https:\/\/pbp.womczest.edu.pl\/new\/wp-content\/uploads\/2014\/02\/filie_lelow_pasowanie_na_czytelnika_2014_IMG_2513-200x150.jpg 200w, https:\/\/pbp.womczest.edu.pl\/new\/wp-content\/uploads\/2014\/02\/filie_lelow_pasowanie_na_czytelnika_2014_IMG_2513-450x338.jpg 450w\" sizes=\"(max-width: 150px) 100vw, 150px\" \/><\/a><\/p>\n<p><a href=\"https:\/\/pbp.womczest.edu.pl\/new\/wp-content\/uploads\/2014\/02\/filie_lelow_pasowanie_na_czytelnika_2014_IMG_2520.jpg\" target=\"_blank\"><img decoding=\"async\" loading=\"lazy\" class=\"alignleft wp-image-1790\" src=\"https:\/\/pbp.womczest.edu.pl\/new\/wp-content\/uploads\/2014\/02\/filie_lelow_pasowanie_na_czytelnika_2014_IMG_2520.jpg\" alt=\"\" width=\"150\" height=\"121\" border=\"0\" srcset=\"https:\/\/pbp.womczest.edu.pl\/new\/wp-content\/uploads\/2014\/02\/filie_lelow_pasowanie_na_czytelnika_2014_IMG_2520.jpg 496w, https:\/\/pbp.womczest.edu.pl\/new\/wp-content\/uploads\/2014\/02\/filie_lelow_pasowanie_na_czytelnika_2014_IMG_2520-300x242.jpg 300w, https:\/\/pbp.womczest.edu.pl\/new\/wp-content\/uploads\/2014\/02\/filie_lelow_pasowanie_na_czytelnika_2014_IMG_2520-100x81.jpg 100w, https:\/\/pbp.womczest.edu.pl\/new\/wp-content\/uploads\/2014\/02\/filie_lelow_pasowanie_na_czytelnika_2014_IMG_2520-150x121.jpg 150w, https:\/\/pbp.womczest.edu.pl\/new\/wp-content\/uploads\/2014\/02\/filie_lelow_pasowanie_na_czytelnika_2014_IMG_2520-200x161.jpg 200w, https:\/\/pbp.womczest.edu.pl\/new\/wp-content\/uploads\/2014\/02\/filie_lelow_pasowanie_na_czytelnika_2014_IMG_2520-450x363.jpg 450w\" sizes=\"(max-width: 150px) 100vw, 150px\" \/><\/a><\/p>\n<p>&nbsp;<\/p>\n","protected":false},"excerpt":{"rendered":"<p>Tradycyjnie, jak co roku, uczniowie klasy I Szko\u0142y Podstawowej Zespo\u0142u Szkolno-Przedszkolnego w Lelowie zostali przyj\u0119ci do grona czytelnik\u00f3w naszej\u00a0 biblioteki. Uroczysto\u015b\u0107 odby\u0142a si\u0119 17 lutego 2014 r. w Publicznej Bibliotece Pedagogicznej RODN \u201eWOM\u201d w Cz\u0119stochowie Filia w Lelowie. W trakcie spotkania uczniowie \u00a0zwiedzili pomieszczenia biblioteki. W czasie rozm\u00f3w z bibliotekarzem wskazali r\u00f3\u017cnice mi\u0119dzy bibliotek\u0105 a ksi\u0119garni\u0105, zapoznali si\u0119 z zasadami wypo\u017cyczania i zwracania ksi\u0105\u017cek. Dowiedzieli si\u0119 r\u00f3wnie\u017c w jaki spos\u00f3b<span class=\"ellipsis\">&hellip;<\/span><\/p>\n<div class=\"read-more\"><a href=\"https:\/\/pbp.womczest.edu.pl\/new\/kontakt\/lelow\/spotkania-czytelnicze-filia-lelow\/pasowanie-na-czytelnika-biblioteki\/\">Czytaj wi\u0119cej &#8250;<\/a><\/div>\n<p><!-- end of .read-more --><\/p>\n","protected":false},"author":3,"featured_media":0,"parent":3545,"menu_order":0,"comment_status":"closed","ping_status":"open","template":"","meta":{"footnotes":""},"jetpack_sharing_enabled":true,"jetpack_shortlink":"https:\/\/wp.me\/PgmV4H-Vg","_links":{"self":[{"href":"https:\/\/pbp.womczest.edu.pl\/new\/wp-json\/wp\/v2\/pages\/3550"}],"collection":[{"href":"https:\/\/pbp.womczest.edu.pl\/new\/wp-json\/wp\/v2\/pages"}],"about":[{"href":"https:\/\/pbp.womczest.edu.pl\/new\/wp-json\/wp\/v2\/types\/page"}],"author":[{"embeddable":true,"href":"https:\/\/pbp.womczest.edu.pl\/new\/wp-json\/wp\/v2\/users\/3"}],"replies":[{"embeddable":true,"href":"https:\/\/pbp.womczest.edu.pl\/new\/wp-json\/wp\/v2\/comments?post=3550"}],"version-history":[{"count":2,"href":"https:\/\/pbp.womczest.edu.pl\/new\/wp-json\/wp\/v2\/pages\/3550\/revisions"}],"predecessor-version":[{"id":3552,"href":"https:\/\/pbp.womczest.edu.pl\/new\/wp-json\/wp\/v2\/pages\/3550\/revisions\/3552"}],"up":[{"embeddable":true,"href":"https:\/\/pbp.womczest.edu.pl\/new\/wp-json\/wp\/v2\/pages\/3545"}],"wp:attachment":[{"href":"https:\/\/pbp.womczest.edu.pl\/new\/wp-json\/wp\/v2\/media?parent=3550"}],"curies":[{"name":"wp","href":"https:\/\/api.w.org\/{rel}","templated":true}]}}