


{"id":3535,"date":"2015-05-15T14:53:04","date_gmt":"2015-05-15T12:53:04","guid":{"rendered":"https:\/\/pbp.womczest.edu.pl\/new\/?page_id=3535"},"modified":"2015-05-15T14:54:17","modified_gmt":"2015-05-15T12:54:17","slug":"konkurs-recytatorski-wierszy-juliana-tuwima-sprawozdanie","status":"publish","type":"page","link":"https:\/\/pbp.womczest.edu.pl\/new\/kontakt\/lelow\/konkursy-filia-lelow\/konkurs-recytatorski-wierszy-juliana-tuwima-sprawozdanie\/","title":{"rendered":"Konkurs recytatorski wierszy Juliana Tuwima &#8211; Sprawozdanie"},"content":{"rendered":"<hr \/>\n<p style=\"text-align: center;\"><span style=\"font-size: large;\">Rok 2013 Rokiem Juliana Tuwima<br \/>\n\u2013 Sprawozdanie z Gminnego Konkursu Recytatorskiego wierszy Juliana Tuwima<\/span><\/p>\n<p>22 maja 2013 r. odby\u0142 si\u0119 Gminny Konkurs Recytatorski wierszy Juliana Tuwima. Konkurs zorganizowany zosta\u0142 przez Publiczn\u0105 Bibliotek\u0119 Pedagogiczn\u0105 RODN \u201eWOM\u2019\u2019 w Cz\u0119stochowie Filia w Lelowie, Gminn\u0105 Bibliotek\u0119 Publiczn\u0105 w Lelowie, Szko\u0142\u0119 Podstawow\u0105 w\u00a0Lelowie. Przebiega\u0142 w dw\u00f3ch etapach:<\/p>\n<ul>\n<li><strong>I etap<\/strong> \u2013 eliminacje klasowe w ka\u017cdej szkole;<\/li>\n<li><strong>II etap<\/strong> \u2013 eliminacje gminne odby\u0142y si\u0119 w Gminnej Bibliotece Publicznej w Lelowie.<\/li>\n<\/ul>\n<p>Uczniowie wyst\u0119powali w nast\u0119puj\u0105cych kategoriach wiekowych:<\/p>\n<ul>\n<li><strong>kategoria I<\/strong> \u2013 klasy I\u2013III<\/li>\n<li><strong>kategoria II<\/strong> \u2013 klasy IV\u2013VI<\/li>\n<\/ul>\n<p>W konkursie wzi\u0119\u0142o udzia\u0142 35 uczni\u00f3w z czterech szk\u00f3\u0142: Nak\u0142a, Lelowa, Podlesia, \u015al\u0119zan. Jury w sk\u0142adzie: mgr Stanis\u0142awa Napora, mgr\u00a0Jadwiga G\u00f3recka, mgr Anna Feleszko dokona\u0142o oceny recytacji uczestnik\u00f3w konkursu i wy\u0142oni\u0142o zwyci\u0119zc\u00f3w.<\/p>\n<p><em><strong>Zwyci\u0119zcami zostali:<\/strong><\/em><\/p>\n<ul>\n<li><strong>Kategoria I \u2013 klasy I\u2013III<\/strong><\/li>\n<\/ul>\n<p style=\"padding-left: 60px;\">1. <em>Natalia Dors<\/em> \u2013 SP Lel\u00f3w<\/p>\n<p style=\"padding-left: 60px;\">2. <em>Kamil Tkacz<\/em> \u2013 SP \u015al\u0119zany<\/p>\n<p style=\"padding-left: 60px;\">3. <em>Szymon Po\u0142cik<\/em> \u2013 SP Nak\u0142o<\/p>\n<p style=\"padding-left: 90px;\"><em>Dawid Soja<\/em> \u2013 SP Lel\u00f3w<\/p>\n<p style=\"padding-left: 60px;\">4. <em>Miko\u0142aj Szyma\u0144ski<\/em> \u2013 SP Lel\u00f3w<\/p>\n<p style=\"padding-left: 60px;\">5. <em>Patrycja Foltyn<\/em> \u2013 SP Lel\u00f3w<\/p>\n<p style=\"padding-left: 90px;\"><em>Karolina Dziura<\/em> \u2013 SP Lel\u00f3w<\/p>\n<ul>\n<li><strong>Kategoria II \u2013 klasy IV\u2013VI <\/strong><\/li>\n<\/ul>\n<p style=\"padding-left: 60px;\">1. <em>Anita Gorzela\u0144czyk<\/em> \u2013 SP Podlesie<\/p>\n<p style=\"padding-left: 60px;\">2. <em>Monika W\u00f3jcik<\/em> \u2013 SP \u015al\u0119zany<\/p>\n<p style=\"padding-left: 90px;\"><em>Izabela Krowicka<\/em> \u2013 SP Lel\u00f3w<\/p>\n<p style=\"padding-left: 60px;\">3. <em>Sylwia Ra\u017ania<\/em> \u2013 SP Lel\u00f3w<\/p>\n<p style=\"padding-left: 60px;\">4. <em>Aleksandra Bieda<\/em> \u2013 SP Lel\u00f3w<\/p>\n<p style=\"padding-left: 60px;\">5. <em>Weronika Palka<\/em> \u2013 SP Podlesie<\/p>\n<ul>\n<li><strong>Wyr\u00f3\u017cnienie:<\/strong><\/li>\n<\/ul>\n<p style=\"padding-left: 60px;\"><em>Oliwia Jasion<\/em> \u2013 SP Lel\u00f3w<\/p>\n<p style=\"padding-left: 60px;\"><em>Julia Chory\u0142ek<\/em> \u2013 SP Lel\u00f3w<\/p>\n<p>Wszyscy uczestnicy konkursu otrzymali nagrody ksi\u0105\u017ckowe i dyplomy.<\/p>\n<p style=\"text-align: center;\"><strong>Gratulujemy zwyci\u0119zcom konkursu<br \/>\na wszystkim osobom zaanga\u017cowanym przy organizacji konkursu sk\u0142adamy serdeczne podzi\u0119kowania.<\/strong><\/p>\n<p style=\"text-align: right;\"><em>Jadwiga G\u00f3recka<br \/>\nDorota Kulawiak<br \/>\nZdj\u0119cia: Dorota Kulawiak<\/em><\/p>\n<p><img decoding=\"async\" loading=\"lazy\" class=\" size-full wp-image-1195 alignleft\" style=\"border: 0px none;\" src=\"https:\/\/pbp.womczest.edu.pl\/new\/wp-content\/uploads\/2013\/05\/filie_lelow_konkurs_recytatorski_tuwim_2013_IMG_1616.jpg\" alt=\"\" width=\"140\" height=\"187\" border=\"0\" srcset=\"https:\/\/pbp.womczest.edu.pl\/new\/wp-content\/uploads\/2013\/05\/filie_lelow_konkurs_recytatorski_tuwim_2013_IMG_1616.jpg 397w, https:\/\/pbp.womczest.edu.pl\/new\/wp-content\/uploads\/2013\/05\/filie_lelow_konkurs_recytatorski_tuwim_2013_IMG_1616-225x300.jpg 225w, https:\/\/pbp.womczest.edu.pl\/new\/wp-content\/uploads\/2013\/05\/filie_lelow_konkurs_recytatorski_tuwim_2013_IMG_1616-100x133.jpg 100w, https:\/\/pbp.womczest.edu.pl\/new\/wp-content\/uploads\/2013\/05\/filie_lelow_konkurs_recytatorski_tuwim_2013_IMG_1616-150x200.jpg 150w, https:\/\/pbp.womczest.edu.pl\/new\/wp-content\/uploads\/2013\/05\/filie_lelow_konkurs_recytatorski_tuwim_2013_IMG_1616-200x266.jpg 200w, https:\/\/pbp.womczest.edu.pl\/new\/wp-content\/uploads\/2013\/05\/filie_lelow_konkurs_recytatorski_tuwim_2013_IMG_1616-300x400.jpg 300w\" sizes=\"(max-width: 140px) 100vw, 140px\" \/><img decoding=\"async\" loading=\"lazy\" class=\" size-full wp-image-1196 alignleft\" style=\"border: 0px none;\" src=\"https:\/\/pbp.womczest.edu.pl\/new\/wp-content\/uploads\/2013\/05\/filie_lelow_konkurs_recytatorski_tuwim_2013_IMG_1618.jpg\" alt=\"\" width=\"140\" height=\"187\" border=\"0\" srcset=\"https:\/\/pbp.womczest.edu.pl\/new\/wp-content\/uploads\/2013\/05\/filie_lelow_konkurs_recytatorski_tuwim_2013_IMG_1618.jpg 397w, https:\/\/pbp.womczest.edu.pl\/new\/wp-content\/uploads\/2013\/05\/filie_lelow_konkurs_recytatorski_tuwim_2013_IMG_1618-225x300.jpg 225w, https:\/\/pbp.womczest.edu.pl\/new\/wp-content\/uploads\/2013\/05\/filie_lelow_konkurs_recytatorski_tuwim_2013_IMG_1618-100x133.jpg 100w, https:\/\/pbp.womczest.edu.pl\/new\/wp-content\/uploads\/2013\/05\/filie_lelow_konkurs_recytatorski_tuwim_2013_IMG_1618-150x200.jpg 150w, https:\/\/pbp.womczest.edu.pl\/new\/wp-content\/uploads\/2013\/05\/filie_lelow_konkurs_recytatorski_tuwim_2013_IMG_1618-200x266.jpg 200w, https:\/\/pbp.womczest.edu.pl\/new\/wp-content\/uploads\/2013\/05\/filie_lelow_konkurs_recytatorski_tuwim_2013_IMG_1618-300x400.jpg 300w\" sizes=\"(max-width: 140px) 100vw, 140px\" \/><img decoding=\"async\" loading=\"lazy\" class=\" size-full wp-image-1197 alignleft\" style=\"border: 0px none;\" src=\"https:\/\/pbp.womczest.edu.pl\/new\/wp-content\/uploads\/2013\/05\/filie_lelow_konkurs_recytatorski_tuwim_2013_IMG_1626.jpg\" alt=\"\" width=\"140\" height=\"187\" border=\"0\" srcset=\"https:\/\/pbp.womczest.edu.pl\/new\/wp-content\/uploads\/2013\/05\/filie_lelow_konkurs_recytatorski_tuwim_2013_IMG_1626.jpg 397w, https:\/\/pbp.womczest.edu.pl\/new\/wp-content\/uploads\/2013\/05\/filie_lelow_konkurs_recytatorski_tuwim_2013_IMG_1626-225x300.jpg 225w, https:\/\/pbp.womczest.edu.pl\/new\/wp-content\/uploads\/2013\/05\/filie_lelow_konkurs_recytatorski_tuwim_2013_IMG_1626-100x133.jpg 100w, https:\/\/pbp.womczest.edu.pl\/new\/wp-content\/uploads\/2013\/05\/filie_lelow_konkurs_recytatorski_tuwim_2013_IMG_1626-150x200.jpg 150w, https:\/\/pbp.womczest.edu.pl\/new\/wp-content\/uploads\/2013\/05\/filie_lelow_konkurs_recytatorski_tuwim_2013_IMG_1626-200x266.jpg 200w, https:\/\/pbp.womczest.edu.pl\/new\/wp-content\/uploads\/2013\/05\/filie_lelow_konkurs_recytatorski_tuwim_2013_IMG_1626-300x400.jpg 300w\" sizes=\"(max-width: 140px) 100vw, 140px\" \/><\/p>\n<p><img decoding=\"async\" loading=\"lazy\" class=\" size-full wp-image-1198 alignleft\" style=\"border: 0px none;\" src=\"https:\/\/pbp.womczest.edu.pl\/new\/wp-content\/uploads\/2013\/05\/filie_lelow_konkurs_recytatorski_tuwim_2013_IMG_1627.jpg\" alt=\"\" width=\"140\" height=\"187\" border=\"0\" srcset=\"https:\/\/pbp.womczest.edu.pl\/new\/wp-content\/uploads\/2013\/05\/filie_lelow_konkurs_recytatorski_tuwim_2013_IMG_1627.jpg 397w, https:\/\/pbp.womczest.edu.pl\/new\/wp-content\/uploads\/2013\/05\/filie_lelow_konkurs_recytatorski_tuwim_2013_IMG_1627-225x300.jpg 225w, https:\/\/pbp.womczest.edu.pl\/new\/wp-content\/uploads\/2013\/05\/filie_lelow_konkurs_recytatorski_tuwim_2013_IMG_1627-100x133.jpg 100w, https:\/\/pbp.womczest.edu.pl\/new\/wp-content\/uploads\/2013\/05\/filie_lelow_konkurs_recytatorski_tuwim_2013_IMG_1627-150x200.jpg 150w, https:\/\/pbp.womczest.edu.pl\/new\/wp-content\/uploads\/2013\/05\/filie_lelow_konkurs_recytatorski_tuwim_2013_IMG_1627-200x266.jpg 200w, https:\/\/pbp.womczest.edu.pl\/new\/wp-content\/uploads\/2013\/05\/filie_lelow_konkurs_recytatorski_tuwim_2013_IMG_1627-300x400.jpg 300w\" sizes=\"(max-width: 140px) 100vw, 140px\" \/><br \/>\n<img decoding=\"async\" loading=\"lazy\" class=\" size-full wp-image-1199 alignleft\" style=\"border: 0px none;\" src=\"https:\/\/pbp.womczest.edu.pl\/new\/wp-content\/uploads\/2013\/05\/filie_lelow_konkurs_recytatorski_tuwim_2013_IMG_1638.jpg\" alt=\"\" width=\"140\" height=\"187\" border=\"0\" srcset=\"https:\/\/pbp.womczest.edu.pl\/new\/wp-content\/uploads\/2013\/05\/filie_lelow_konkurs_recytatorski_tuwim_2013_IMG_1638.jpg 397w, https:\/\/pbp.womczest.edu.pl\/new\/wp-content\/uploads\/2013\/05\/filie_lelow_konkurs_recytatorski_tuwim_2013_IMG_1638-225x300.jpg 225w, https:\/\/pbp.womczest.edu.pl\/new\/wp-content\/uploads\/2013\/05\/filie_lelow_konkurs_recytatorski_tuwim_2013_IMG_1638-100x133.jpg 100w, https:\/\/pbp.womczest.edu.pl\/new\/wp-content\/uploads\/2013\/05\/filie_lelow_konkurs_recytatorski_tuwim_2013_IMG_1638-150x200.jpg 150w, https:\/\/pbp.womczest.edu.pl\/new\/wp-content\/uploads\/2013\/05\/filie_lelow_konkurs_recytatorski_tuwim_2013_IMG_1638-200x266.jpg 200w, https:\/\/pbp.womczest.edu.pl\/new\/wp-content\/uploads\/2013\/05\/filie_lelow_konkurs_recytatorski_tuwim_2013_IMG_1638-300x400.jpg 300w\" sizes=\"(max-width: 140px) 100vw, 140px\" \/><br \/>\n<img decoding=\"async\" loading=\"lazy\" class=\" size-full wp-image-1200 alignleft\" style=\"border: 0px none;\" src=\"https:\/\/pbp.womczest.edu.pl\/new\/wp-content\/uploads\/2013\/05\/filie_lelow_konkurs_recytatorski_tuwim_2013_IMG_1647.jpg\" alt=\"\" width=\"140\" height=\"187\" border=\"0\" srcset=\"https:\/\/pbp.womczest.edu.pl\/new\/wp-content\/uploads\/2013\/05\/filie_lelow_konkurs_recytatorski_tuwim_2013_IMG_1647.jpg 397w, https:\/\/pbp.womczest.edu.pl\/new\/wp-content\/uploads\/2013\/05\/filie_lelow_konkurs_recytatorski_tuwim_2013_IMG_1647-225x300.jpg 225w, https:\/\/pbp.womczest.edu.pl\/new\/wp-content\/uploads\/2013\/05\/filie_lelow_konkurs_recytatorski_tuwim_2013_IMG_1647-100x133.jpg 100w, https:\/\/pbp.womczest.edu.pl\/new\/wp-content\/uploads\/2013\/05\/filie_lelow_konkurs_recytatorski_tuwim_2013_IMG_1647-150x200.jpg 150w, https:\/\/pbp.womczest.edu.pl\/new\/wp-content\/uploads\/2013\/05\/filie_lelow_konkurs_recytatorski_tuwim_2013_IMG_1647-200x266.jpg 200w, https:\/\/pbp.womczest.edu.pl\/new\/wp-content\/uploads\/2013\/05\/filie_lelow_konkurs_recytatorski_tuwim_2013_IMG_1647-300x400.jpg 300w\" sizes=\"(max-width: 140px) 100vw, 140px\" \/><br \/>\n<img decoding=\"async\" loading=\"lazy\" class=\" size-full wp-image-1201 alignleft\" style=\"border: 0px none;\" src=\"https:\/\/pbp.womczest.edu.pl\/new\/wp-content\/uploads\/2013\/05\/filie_lelow_konkurs_recytatorski_tuwim_2013_IMG_1651.jpg\" alt=\"\" width=\"140\" height=\"187\" border=\"0\" srcset=\"https:\/\/pbp.womczest.edu.pl\/new\/wp-content\/uploads\/2013\/05\/filie_lelow_konkurs_recytatorski_tuwim_2013_IMG_1651.jpg 397w, https:\/\/pbp.womczest.edu.pl\/new\/wp-content\/uploads\/2013\/05\/filie_lelow_konkurs_recytatorski_tuwim_2013_IMG_1651-225x300.jpg 225w, https:\/\/pbp.womczest.edu.pl\/new\/wp-content\/uploads\/2013\/05\/filie_lelow_konkurs_recytatorski_tuwim_2013_IMG_1651-100x133.jpg 100w, https:\/\/pbp.womczest.edu.pl\/new\/wp-content\/uploads\/2013\/05\/filie_lelow_konkurs_recytatorski_tuwim_2013_IMG_1651-150x200.jpg 150w, https:\/\/pbp.womczest.edu.pl\/new\/wp-content\/uploads\/2013\/05\/filie_lelow_konkurs_recytatorski_tuwim_2013_IMG_1651-200x266.jpg 200w, https:\/\/pbp.womczest.edu.pl\/new\/wp-content\/uploads\/2013\/05\/filie_lelow_konkurs_recytatorski_tuwim_2013_IMG_1651-300x400.jpg 300w\" sizes=\"(max-width: 140px) 100vw, 140px\" \/><br \/>\n<img decoding=\"async\" loading=\"lazy\" class=\" size-full wp-image-1202 alignleft\" style=\"border: 0px none;\" src=\"https:\/\/pbp.womczest.edu.pl\/new\/wp-content\/uploads\/2013\/05\/filie_lelow_konkurs_recytatorski_tuwim_2013_IMG_1664.jpg\" alt=\"\" width=\"140\" height=\"187\" border=\"0\" srcset=\"https:\/\/pbp.womczest.edu.pl\/new\/wp-content\/uploads\/2013\/05\/filie_lelow_konkurs_recytatorski_tuwim_2013_IMG_1664.jpg 397w, https:\/\/pbp.womczest.edu.pl\/new\/wp-content\/uploads\/2013\/05\/filie_lelow_konkurs_recytatorski_tuwim_2013_IMG_1664-225x300.jpg 225w, https:\/\/pbp.womczest.edu.pl\/new\/wp-content\/uploads\/2013\/05\/filie_lelow_konkurs_recytatorski_tuwim_2013_IMG_1664-100x133.jpg 100w, https:\/\/pbp.womczest.edu.pl\/new\/wp-content\/uploads\/2013\/05\/filie_lelow_konkurs_recytatorski_tuwim_2013_IMG_1664-150x200.jpg 150w, https:\/\/pbp.womczest.edu.pl\/new\/wp-content\/uploads\/2013\/05\/filie_lelow_konkurs_recytatorski_tuwim_2013_IMG_1664-200x266.jpg 200w, https:\/\/pbp.womczest.edu.pl\/new\/wp-content\/uploads\/2013\/05\/filie_lelow_konkurs_recytatorski_tuwim_2013_IMG_1664-300x400.jpg 300w\" sizes=\"(max-width: 140px) 100vw, 140px\" \/><br \/>\n<img decoding=\"async\" loading=\"lazy\" class=\" size-full wp-image-1203 alignleft\" style=\"border: 0px none;\" src=\"https:\/\/pbp.womczest.edu.pl\/new\/wp-content\/uploads\/2013\/05\/filie_lelow_konkurs_recytatorski_tuwim_2013_IMG_1666.jpg\" alt=\"\" width=\"140\" height=\"97\" border=\"0\" srcset=\"https:\/\/pbp.womczest.edu.pl\/new\/wp-content\/uploads\/2013\/05\/filie_lelow_konkurs_recytatorski_tuwim_2013_IMG_1666.jpg 529w, https:\/\/pbp.womczest.edu.pl\/new\/wp-content\/uploads\/2013\/05\/filie_lelow_konkurs_recytatorski_tuwim_2013_IMG_1666-300x208.jpg 300w, https:\/\/pbp.womczest.edu.pl\/new\/wp-content\/uploads\/2013\/05\/filie_lelow_konkurs_recytatorski_tuwim_2013_IMG_1666-100x69.jpg 100w, https:\/\/pbp.womczest.edu.pl\/new\/wp-content\/uploads\/2013\/05\/filie_lelow_konkurs_recytatorski_tuwim_2013_IMG_1666-150x104.jpg 150w, https:\/\/pbp.womczest.edu.pl\/new\/wp-content\/uploads\/2013\/05\/filie_lelow_konkurs_recytatorski_tuwim_2013_IMG_1666-200x139.jpg 200w, https:\/\/pbp.womczest.edu.pl\/new\/wp-content\/uploads\/2013\/05\/filie_lelow_konkurs_recytatorski_tuwim_2013_IMG_1666-450x312.jpg 450w\" sizes=\"(max-width: 140px) 100vw, 140px\" \/><br \/>\n<img decoding=\"async\" class=\" size-full wp-image-1204 alignleft\" style=\"border: 0px none;\" src=\"https:\/\/pbp.womczest.edu.pl\/new\/wp-content\/uploads\/2013\/05\/filie_lelow_konkurs_recytatorski_tuwim_2013_IMG_1669.jpg\" alt=\"\" width=\"140\" border=\"0\" srcset=\"https:\/\/pbp.womczest.edu.pl\/new\/wp-content\/uploads\/2013\/05\/filie_lelow_konkurs_recytatorski_tuwim_2013_IMG_1669.jpg 529w, https:\/\/pbp.womczest.edu.pl\/new\/wp-content\/uploads\/2013\/05\/filie_lelow_konkurs_recytatorski_tuwim_2013_IMG_1669-300x208.jpg 300w, https:\/\/pbp.womczest.edu.pl\/new\/wp-content\/uploads\/2013\/05\/filie_lelow_konkurs_recytatorski_tuwim_2013_IMG_1669-100x69.jpg 100w, https:\/\/pbp.womczest.edu.pl\/new\/wp-content\/uploads\/2013\/05\/filie_lelow_konkurs_recytatorski_tuwim_2013_IMG_1669-150x104.jpg 150w, https:\/\/pbp.womczest.edu.pl\/new\/wp-content\/uploads\/2013\/05\/filie_lelow_konkurs_recytatorski_tuwim_2013_IMG_1669-200x139.jpg 200w, https:\/\/pbp.womczest.edu.pl\/new\/wp-content\/uploads\/2013\/05\/filie_lelow_konkurs_recytatorski_tuwim_2013_IMG_1669-450x312.jpg 450w\" sizes=\"(max-width: 529px) 100vw, 529px\" \/><br \/>\n<img decoding=\"async\" class=\" size-full wp-image-1205 alignleft\" style=\"border: 0px none;\" src=\"https:\/\/pbp.womczest.edu.pl\/new\/wp-content\/uploads\/2013\/05\/filie_lelow_konkurs_recytatorski_tuwim_2013_IMG_1671.jpg\" alt=\"\" width=\"140\" border=\"0\" srcset=\"https:\/\/pbp.womczest.edu.pl\/new\/wp-content\/uploads\/2013\/05\/filie_lelow_konkurs_recytatorski_tuwim_2013_IMG_1671.jpg 529w, https:\/\/pbp.womczest.edu.pl\/new\/wp-content\/uploads\/2013\/05\/filie_lelow_konkurs_recytatorski_tuwim_2013_IMG_1671-300x208.jpg 300w, https:\/\/pbp.womczest.edu.pl\/new\/wp-content\/uploads\/2013\/05\/filie_lelow_konkurs_recytatorski_tuwim_2013_IMG_1671-100x69.jpg 100w, https:\/\/pbp.womczest.edu.pl\/new\/wp-content\/uploads\/2013\/05\/filie_lelow_konkurs_recytatorski_tuwim_2013_IMG_1671-150x104.jpg 150w, https:\/\/pbp.womczest.edu.pl\/new\/wp-content\/uploads\/2013\/05\/filie_lelow_konkurs_recytatorski_tuwim_2013_IMG_1671-200x139.jpg 200w, https:\/\/pbp.womczest.edu.pl\/new\/wp-content\/uploads\/2013\/05\/filie_lelow_konkurs_recytatorski_tuwim_2013_IMG_1671-450x312.jpg 450w\" sizes=\"(max-width: 529px) 100vw, 529px\" \/><br \/>\n<img decoding=\"async\" class=\" size-full wp-image-1206 alignleft\" style=\"border: 0px none;\" src=\"https:\/\/pbp.womczest.edu.pl\/new\/wp-content\/uploads\/2013\/05\/filie_lelow_konkurs_recytatorski_tuwim_2013_IMG_1676.jpg\" alt=\"\" width=\"140\" border=\"0\" srcset=\"https:\/\/pbp.womczest.edu.pl\/new\/wp-content\/uploads\/2013\/05\/filie_lelow_konkurs_recytatorski_tuwim_2013_IMG_1676.jpg 529w, https:\/\/pbp.womczest.edu.pl\/new\/wp-content\/uploads\/2013\/05\/filie_lelow_konkurs_recytatorski_tuwim_2013_IMG_1676-300x208.jpg 300w, https:\/\/pbp.womczest.edu.pl\/new\/wp-content\/uploads\/2013\/05\/filie_lelow_konkurs_recytatorski_tuwim_2013_IMG_1676-100x69.jpg 100w, https:\/\/pbp.womczest.edu.pl\/new\/wp-content\/uploads\/2013\/05\/filie_lelow_konkurs_recytatorski_tuwim_2013_IMG_1676-150x104.jpg 150w, https:\/\/pbp.womczest.edu.pl\/new\/wp-content\/uploads\/2013\/05\/filie_lelow_konkurs_recytatorski_tuwim_2013_IMG_1676-200x139.jpg 200w, https:\/\/pbp.womczest.edu.pl\/new\/wp-content\/uploads\/2013\/05\/filie_lelow_konkurs_recytatorski_tuwim_2013_IMG_1676-450x312.jpg 450w\" sizes=\"(max-width: 529px) 100vw, 529px\" \/><img decoding=\"async\" loading=\"lazy\" class=\"  wp-image-1194 alignleft\" style=\"border: 0px none;\" src=\"https:\/\/pbp.womczest.edu.pl\/new\/wp-content\/uploads\/2013\/05\/filie_lelow_konkurs_recytatorski_tuwim_2013_IMG_1613.jpg\" alt=\"\" width=\"139\" height=\"97\" border=\"0\" srcset=\"https:\/\/pbp.womczest.edu.pl\/new\/wp-content\/uploads\/2013\/05\/filie_lelow_konkurs_recytatorski_tuwim_2013_IMG_1613.jpg 529w, https:\/\/pbp.womczest.edu.pl\/new\/wp-content\/uploads\/2013\/05\/filie_lelow_konkurs_recytatorski_tuwim_2013_IMG_1613-300x208.jpg 300w, https:\/\/pbp.womczest.edu.pl\/new\/wp-content\/uploads\/2013\/05\/filie_lelow_konkurs_recytatorski_tuwim_2013_IMG_1613-100x69.jpg 100w, https:\/\/pbp.womczest.edu.pl\/new\/wp-content\/uploads\/2013\/05\/filie_lelow_konkurs_recytatorski_tuwim_2013_IMG_1613-150x104.jpg 150w, https:\/\/pbp.womczest.edu.pl\/new\/wp-content\/uploads\/2013\/05\/filie_lelow_konkurs_recytatorski_tuwim_2013_IMG_1613-200x139.jpg 200w, https:\/\/pbp.womczest.edu.pl\/new\/wp-content\/uploads\/2013\/05\/filie_lelow_konkurs_recytatorski_tuwim_2013_IMG_1613-450x312.jpg 450w\" sizes=\"(max-width: 139px) 100vw, 139px\" \/><\/p>\n","protected":false},"excerpt":{"rendered":"<p>Rok 2013 Rokiem Juliana Tuwima \u2013 Sprawozdanie z Gminnego Konkursu Recytatorskiego wierszy Juliana Tuwima 22 maja 2013 r. odby\u0142 si\u0119 Gminny Konkurs Recytatorski wierszy Juliana Tuwima. Konkurs zorganizowany zosta\u0142 przez Publiczn\u0105 Bibliotek\u0119 Pedagogiczn\u0105 RODN \u201eWOM\u2019\u2019 w Cz\u0119stochowie Filia w Lelowie, Gminn\u0105 Bibliotek\u0119 Publiczn\u0105 w Lelowie, Szko\u0142\u0119 Podstawow\u0105 w\u00a0Lelowie. Przebiega\u0142 w dw\u00f3ch etapach: I etap \u2013 eliminacje klasowe w ka\u017cdej szkole; II etap \u2013 eliminacje gminne odby\u0142y si\u0119 w Gminnej Bibliotece<span class=\"ellipsis\">&hellip;<\/span><\/p>\n<div class=\"read-more\"><a href=\"https:\/\/pbp.womczest.edu.pl\/new\/kontakt\/lelow\/konkursy-filia-lelow\/konkurs-recytatorski-wierszy-juliana-tuwima-sprawozdanie\/\">Czytaj wi\u0119cej &#8250;<\/a><\/div>\n<p><!-- end of .read-more --><\/p>\n","protected":false},"author":3,"featured_media":0,"parent":3494,"menu_order":0,"comment_status":"closed","ping_status":"open","template":"","meta":{"footnotes":""},"jetpack_sharing_enabled":true,"jetpack_shortlink":"https:\/\/wp.me\/PgmV4H-V1","_links":{"self":[{"href":"https:\/\/pbp.womczest.edu.pl\/new\/wp-json\/wp\/v2\/pages\/3535"}],"collection":[{"href":"https:\/\/pbp.womczest.edu.pl\/new\/wp-json\/wp\/v2\/pages"}],"about":[{"href":"https:\/\/pbp.womczest.edu.pl\/new\/wp-json\/wp\/v2\/types\/page"}],"author":[{"embeddable":true,"href":"https:\/\/pbp.womczest.edu.pl\/new\/wp-json\/wp\/v2\/users\/3"}],"replies":[{"embeddable":true,"href":"https:\/\/pbp.womczest.edu.pl\/new\/wp-json\/wp\/v2\/comments?post=3535"}],"version-history":[{"count":5,"href":"https:\/\/pbp.womczest.edu.pl\/new\/wp-json\/wp\/v2\/pages\/3535\/revisions"}],"predecessor-version":[{"id":3538,"href":"https:\/\/pbp.womczest.edu.pl\/new\/wp-json\/wp\/v2\/pages\/3535\/revisions\/3538"}],"up":[{"embeddable":true,"href":"https:\/\/pbp.womczest.edu.pl\/new\/wp-json\/wp\/v2\/pages\/3494"}],"wp:attachment":[{"href":"https:\/\/pbp.womczest.edu.pl\/new\/wp-json\/wp\/v2\/media?parent=3535"}],"curies":[{"name":"wp","href":"https:\/\/api.w.org\/{rel}","templated":true}]}}