


{"id":3526,"date":"2015-05-15T14:46:56","date_gmt":"2015-05-15T12:46:56","guid":{"rendered":"https:\/\/pbp.womczest.edu.pl\/new\/?page_id=3526"},"modified":"2015-05-15T14:48:17","modified_gmt":"2015-05-15T12:48:17","slug":"3526-2","status":"publish","type":"page","link":"https:\/\/pbp.womczest.edu.pl\/new\/kontakt\/lelow\/konkursy-filia-lelow\/3526-2\/","title":{"rendered":"Konkurs wiedzy \u201ePolscy laureaci Nagrody Nobla\u201d"},"content":{"rendered":"<hr \/>\n<p>16 grudnia 2013 r. odby\u0142 si\u0119 konkurs wiedzy <em>Polscy laureaci Nagrody Nobla. <\/em>Przeznaczony by\u0142 dla uczni\u00f3w Gimnazjum w Lelowie.<\/p>\n<p>Konkurs zosta\u0142 zorganizowany przez nauczycieli bibliotekarzy PBP RODN \u201eWOM\u201d w Cz\u0119stochowie Filia w Lelowie z okazji 180.\u00a0rocznicy urodzin Alfreda Nobla. Celem konkursu by\u0142o przybli\u017cenie dokona\u0144 polskich laureat\u00f3w Nagrody Nobla, rozwijanie zainteresowa\u0144 uczni\u00f3w oraz\u00a0promowanie umiej\u0119tno\u015bci uczni\u00f3w zdolnych.\u00a0 Zadaniem uczestnik\u00f3w konkursu by\u0142o rozwi\u0105zanie testu, zawieraj\u0105cego zadania zamkni\u0119te i otwarte. Zadania te dotyczy\u0142y \u017cycia i osi\u0105gni\u0119\u0107 Alfreda Nobla i polskich noblist\u00f3w.<\/p>\n<p>W konkursie wzi\u0119\u0142o udzia\u0142 11 uczni\u00f3w z poszczeg\u00f3lnych klas: kl. I b \u2013 5 uczni\u00f3w<em>, <\/em>kl. II a \u2013 3 uczni\u00f3w<em>,<\/em> kl. II b \u2013 4 uczni\u00f3w). Komisja w sk\u0142adzie: dr Ewa K\u0142opot \u2013 nauczyciel historii mgr\u00a0 Marta Luba\u015b \u2013 pedagog szkolny, po\u00a0sprawdzeniu i\u00a0dokonaniu oceny prac wytypowa\u0142a nast\u0119puj\u0105cych laureat\u00f3w:<\/p>\n<ul>\n<li>I miejsce: Agnieszka Pawlik \u2013 kl. II a<\/li>\n<li>II miejsce: Karolina Soja \u2013 kl. II a<\/li>\n<li>III miejsce: Magdalena Pud\u0142o \u2013 kl. II b<\/li>\n<\/ul>\n<p>Zwyci\u0119zcy konkursu otrzymali nagrody ksi\u0105\u017ckowe, dyplomy oraz cz\u0105stkow\u0105 ocen\u0119 celuj\u0105c\u0105 z historii. Pozostali uczestnicy konkursu otrzymali dyplomy za udzia\u0142 w\u00a0konkursie oraz cz\u0105stkow\u0105 ocen\u0105 bardzo dobr\u0105 \u00a0z historii.<\/p>\n<p>Wr\u0119czenie nagr\u00f3d i dyplom\u00f3w odby\u0142o si\u0119 20 grudnia 2013 r. podczas uroczystego apelu szkolnego. Nagrody uczniom wr\u0119czy\u0142a dyrektor szko\u0142y mgr\u00a0El\u017cbieta W\u0119grzyniak. Wszystkim uczestnikom konkursu serdecznie gratulujemy. Paniom dr Ewie K\u0142opot i\u00a0mgr\u00a0Marcie Luba\u015b dzi\u0119kujemy za mi\u0142\u0105 wsp\u00f3\u0142prac\u0119.<\/p>\n<p style=\"text-align: right;\"><em>Dorota Kulawiak<br \/>\nZdj\u0119cia: Jadwiga G\u00f3recka<\/em><\/p>\n<p><a href=\"https:\/\/pbp.womczest.edu.pl\/new\/wp-content\/uploads\/2014\/01\/filie_lelow_polscy_laureaci_nagrody_nobla_IMG_2315.jpg\" target=\"_blank\"><img decoding=\"async\" loading=\"lazy\" class=\"alignleft wp-image-1725\" src=\"https:\/\/pbp.womczest.edu.pl\/new\/wp-content\/uploads\/2014\/01\/filie_lelow_polscy_laureaci_nagrody_nobla_IMG_2315.jpg\" alt=\"\" width=\"150\" height=\"97\" border=\"0\" srcset=\"https:\/\/pbp.womczest.edu.pl\/new\/wp-content\/uploads\/2014\/01\/filie_lelow_polscy_laureaci_nagrody_nobla_IMG_2315.jpg 638w, https:\/\/pbp.womczest.edu.pl\/new\/wp-content\/uploads\/2014\/01\/filie_lelow_polscy_laureaci_nagrody_nobla_IMG_2315-300x193.jpg 300w, https:\/\/pbp.womczest.edu.pl\/new\/wp-content\/uploads\/2014\/01\/filie_lelow_polscy_laureaci_nagrody_nobla_IMG_2315-100x64.jpg 100w, https:\/\/pbp.womczest.edu.pl\/new\/wp-content\/uploads\/2014\/01\/filie_lelow_polscy_laureaci_nagrody_nobla_IMG_2315-150x97.jpg 150w, https:\/\/pbp.womczest.edu.pl\/new\/wp-content\/uploads\/2014\/01\/filie_lelow_polscy_laureaci_nagrody_nobla_IMG_2315-200x129.jpg 200w, https:\/\/pbp.womczest.edu.pl\/new\/wp-content\/uploads\/2014\/01\/filie_lelow_polscy_laureaci_nagrody_nobla_IMG_2315-450x290.jpg 450w, https:\/\/pbp.womczest.edu.pl\/new\/wp-content\/uploads\/2014\/01\/filie_lelow_polscy_laureaci_nagrody_nobla_IMG_2315-600x387.jpg 600w\" sizes=\"(max-width: 150px) 100vw, 150px\" \/><\/a><a href=\"https:\/\/pbp.womczest.edu.pl\/new\/wp-content\/uploads\/2014\/01\/filie_lelow_polscy_laureaci_nagrody_nobla_IMG_2326.jpg\" target=\"_blank\"><img decoding=\"async\" loading=\"lazy\" class=\"alignleft wp-image-1730\" src=\"https:\/\/pbp.womczest.edu.pl\/new\/wp-content\/uploads\/2014\/01\/filie_lelow_polscy_laureaci_nagrody_nobla_IMG_2326.jpg\" alt=\"\" width=\"150\" height=\"97\" border=\"0\" srcset=\"https:\/\/pbp.womczest.edu.pl\/new\/wp-content\/uploads\/2014\/01\/filie_lelow_polscy_laureaci_nagrody_nobla_IMG_2326.jpg 638w, https:\/\/pbp.womczest.edu.pl\/new\/wp-content\/uploads\/2014\/01\/filie_lelow_polscy_laureaci_nagrody_nobla_IMG_2326-300x193.jpg 300w, https:\/\/pbp.womczest.edu.pl\/new\/wp-content\/uploads\/2014\/01\/filie_lelow_polscy_laureaci_nagrody_nobla_IMG_2326-100x64.jpg 100w, https:\/\/pbp.womczest.edu.pl\/new\/wp-content\/uploads\/2014\/01\/filie_lelow_polscy_laureaci_nagrody_nobla_IMG_2326-150x97.jpg 150w, https:\/\/pbp.womczest.edu.pl\/new\/wp-content\/uploads\/2014\/01\/filie_lelow_polscy_laureaci_nagrody_nobla_IMG_2326-200x129.jpg 200w, https:\/\/pbp.womczest.edu.pl\/new\/wp-content\/uploads\/2014\/01\/filie_lelow_polscy_laureaci_nagrody_nobla_IMG_2326-450x290.jpg 450w, https:\/\/pbp.womczest.edu.pl\/new\/wp-content\/uploads\/2014\/01\/filie_lelow_polscy_laureaci_nagrody_nobla_IMG_2326-600x387.jpg 600w\" sizes=\"(max-width: 150px) 100vw, 150px\" \/><\/a><\/p>\n<p><a href=\"https:\/\/pbp.womczest.edu.pl\/new\/wp-content\/uploads\/2014\/01\/filie_lelow_polscy_laureaci_nagrody_nobla_IMG_2320.jpg\" target=\"_blank\"><img decoding=\"async\" loading=\"lazy\" class=\"alignleft wp-image-1727\" src=\"https:\/\/pbp.womczest.edu.pl\/new\/wp-content\/uploads\/2014\/01\/filie_lelow_polscy_laureaci_nagrody_nobla_IMG_2320.jpg\" alt=\"\" width=\"150\" height=\"97\" border=\"0\" srcset=\"https:\/\/pbp.womczest.edu.pl\/new\/wp-content\/uploads\/2014\/01\/filie_lelow_polscy_laureaci_nagrody_nobla_IMG_2320.jpg 638w, https:\/\/pbp.womczest.edu.pl\/new\/wp-content\/uploads\/2014\/01\/filie_lelow_polscy_laureaci_nagrody_nobla_IMG_2320-300x193.jpg 300w, https:\/\/pbp.womczest.edu.pl\/new\/wp-content\/uploads\/2014\/01\/filie_lelow_polscy_laureaci_nagrody_nobla_IMG_2320-100x64.jpg 100w, https:\/\/pbp.womczest.edu.pl\/new\/wp-content\/uploads\/2014\/01\/filie_lelow_polscy_laureaci_nagrody_nobla_IMG_2320-150x97.jpg 150w, https:\/\/pbp.womczest.edu.pl\/new\/wp-content\/uploads\/2014\/01\/filie_lelow_polscy_laureaci_nagrody_nobla_IMG_2320-200x129.jpg 200w, https:\/\/pbp.womczest.edu.pl\/new\/wp-content\/uploads\/2014\/01\/filie_lelow_polscy_laureaci_nagrody_nobla_IMG_2320-450x290.jpg 450w, https:\/\/pbp.womczest.edu.pl\/new\/wp-content\/uploads\/2014\/01\/filie_lelow_polscy_laureaci_nagrody_nobla_IMG_2320-600x387.jpg 600w\" sizes=\"(max-width: 150px) 100vw, 150px\" \/><\/a><\/p>\n<p><a href=\"https:\/\/pbp.womczest.edu.pl\/new\/wp-content\/uploads\/2014\/01\/filie_lelow_polscy_laureaci_nagrody_nobla_IMG_2321.jpg\" target=\"_blank\"><img decoding=\"async\" loading=\"lazy\" class=\"alignleft wp-image-1728\" src=\"https:\/\/pbp.womczest.edu.pl\/new\/wp-content\/uploads\/2014\/01\/filie_lelow_polscy_laureaci_nagrody_nobla_IMG_2321.jpg\" alt=\"\" width=\"150\" height=\"97\" border=\"0\" srcset=\"https:\/\/pbp.womczest.edu.pl\/new\/wp-content\/uploads\/2014\/01\/filie_lelow_polscy_laureaci_nagrody_nobla_IMG_2321.jpg 638w, https:\/\/pbp.womczest.edu.pl\/new\/wp-content\/uploads\/2014\/01\/filie_lelow_polscy_laureaci_nagrody_nobla_IMG_2321-300x193.jpg 300w, https:\/\/pbp.womczest.edu.pl\/new\/wp-content\/uploads\/2014\/01\/filie_lelow_polscy_laureaci_nagrody_nobla_IMG_2321-100x64.jpg 100w, https:\/\/pbp.womczest.edu.pl\/new\/wp-content\/uploads\/2014\/01\/filie_lelow_polscy_laureaci_nagrody_nobla_IMG_2321-150x97.jpg 150w, https:\/\/pbp.womczest.edu.pl\/new\/wp-content\/uploads\/2014\/01\/filie_lelow_polscy_laureaci_nagrody_nobla_IMG_2321-200x129.jpg 200w, https:\/\/pbp.womczest.edu.pl\/new\/wp-content\/uploads\/2014\/01\/filie_lelow_polscy_laureaci_nagrody_nobla_IMG_2321-450x290.jpg 450w, https:\/\/pbp.womczest.edu.pl\/new\/wp-content\/uploads\/2014\/01\/filie_lelow_polscy_laureaci_nagrody_nobla_IMG_2321-600x387.jpg 600w\" sizes=\"(max-width: 150px) 100vw, 150px\" \/><\/a><\/p>\n<p><a href=\"https:\/\/pbp.womczest.edu.pl\/new\/wp-content\/uploads\/2014\/01\/filie_lelow_polscy_laureaci_nagrody_nobla_IMG_2322.jpg\" target=\"_blank\"><img decoding=\"async\" loading=\"lazy\" class=\"alignleft wp-image-1729\" src=\"https:\/\/pbp.womczest.edu.pl\/new\/wp-content\/uploads\/2014\/01\/filie_lelow_polscy_laureaci_nagrody_nobla_IMG_2322.jpg\" alt=\"\" width=\"150\" height=\"97\" border=\"0\" srcset=\"https:\/\/pbp.womczest.edu.pl\/new\/wp-content\/uploads\/2014\/01\/filie_lelow_polscy_laureaci_nagrody_nobla_IMG_2322.jpg 638w, https:\/\/pbp.womczest.edu.pl\/new\/wp-content\/uploads\/2014\/01\/filie_lelow_polscy_laureaci_nagrody_nobla_IMG_2322-300x193.jpg 300w, https:\/\/pbp.womczest.edu.pl\/new\/wp-content\/uploads\/2014\/01\/filie_lelow_polscy_laureaci_nagrody_nobla_IMG_2322-100x64.jpg 100w, https:\/\/pbp.womczest.edu.pl\/new\/wp-content\/uploads\/2014\/01\/filie_lelow_polscy_laureaci_nagrody_nobla_IMG_2322-150x97.jpg 150w, https:\/\/pbp.womczest.edu.pl\/new\/wp-content\/uploads\/2014\/01\/filie_lelow_polscy_laureaci_nagrody_nobla_IMG_2322-200x129.jpg 200w, https:\/\/pbp.womczest.edu.pl\/new\/wp-content\/uploads\/2014\/01\/filie_lelow_polscy_laureaci_nagrody_nobla_IMG_2322-450x290.jpg 450w, https:\/\/pbp.womczest.edu.pl\/new\/wp-content\/uploads\/2014\/01\/filie_lelow_polscy_laureaci_nagrody_nobla_IMG_2322-600x387.jpg 600w\" sizes=\"(max-width: 150px) 100vw, 150px\" \/><\/a><\/p>\n<p><a href=\"https:\/\/pbp.womczest.edu.pl\/new\/wp-content\/uploads\/2014\/01\/filie_lelow_polscy_laureaci_nagrody_nobla_IMG_2317.jpg\" target=\"_blank\"><img decoding=\"async\" loading=\"lazy\" class=\"alignleft wp-image-1726\" src=\"https:\/\/pbp.womczest.edu.pl\/new\/wp-content\/uploads\/2014\/01\/filie_lelow_polscy_laureaci_nagrody_nobla_IMG_2317.jpg\" alt=\"\" width=\"150\" height=\"97\" border=\"0\" srcset=\"https:\/\/pbp.womczest.edu.pl\/new\/wp-content\/uploads\/2014\/01\/filie_lelow_polscy_laureaci_nagrody_nobla_IMG_2317.jpg 638w, https:\/\/pbp.womczest.edu.pl\/new\/wp-content\/uploads\/2014\/01\/filie_lelow_polscy_laureaci_nagrody_nobla_IMG_2317-300x193.jpg 300w, https:\/\/pbp.womczest.edu.pl\/new\/wp-content\/uploads\/2014\/01\/filie_lelow_polscy_laureaci_nagrody_nobla_IMG_2317-100x64.jpg 100w, https:\/\/pbp.womczest.edu.pl\/new\/wp-content\/uploads\/2014\/01\/filie_lelow_polscy_laureaci_nagrody_nobla_IMG_2317-150x97.jpg 150w, https:\/\/pbp.womczest.edu.pl\/new\/wp-content\/uploads\/2014\/01\/filie_lelow_polscy_laureaci_nagrody_nobla_IMG_2317-200x129.jpg 200w, https:\/\/pbp.womczest.edu.pl\/new\/wp-content\/uploads\/2014\/01\/filie_lelow_polscy_laureaci_nagrody_nobla_IMG_2317-450x290.jpg 450w, https:\/\/pbp.womczest.edu.pl\/new\/wp-content\/uploads\/2014\/01\/filie_lelow_polscy_laureaci_nagrody_nobla_IMG_2317-600x387.jpg 600w\" sizes=\"(max-width: 150px) 100vw, 150px\" \/><\/a><\/p>\n","protected":false},"excerpt":{"rendered":"<p>16 grudnia 2013 r. odby\u0142 si\u0119 konkurs wiedzy Polscy laureaci Nagrody Nobla. Przeznaczony by\u0142 dla uczni\u00f3w Gimnazjum w Lelowie. Konkurs zosta\u0142 zorganizowany przez nauczycieli bibliotekarzy PBP RODN \u201eWOM\u201d w Cz\u0119stochowie Filia w Lelowie z okazji 180.\u00a0rocznicy urodzin Alfreda Nobla. Celem konkursu by\u0142o przybli\u017cenie dokona\u0144 polskich laureat\u00f3w Nagrody Nobla, rozwijanie zainteresowa\u0144 uczni\u00f3w oraz\u00a0promowanie umiej\u0119tno\u015bci uczni\u00f3w zdolnych.\u00a0 Zadaniem uczestnik\u00f3w konkursu by\u0142o rozwi\u0105zanie testu, zawieraj\u0105cego zadania zamkni\u0119te i otwarte. Zadania te dotyczy\u0142y \u017cycia<span class=\"ellipsis\">&hellip;<\/span><\/p>\n<div class=\"read-more\"><a href=\"https:\/\/pbp.womczest.edu.pl\/new\/kontakt\/lelow\/konkursy-filia-lelow\/3526-2\/\">Czytaj wi\u0119cej &#8250;<\/a><\/div>\n<p><!-- end of .read-more --><\/p>\n","protected":false},"author":3,"featured_media":0,"parent":3494,"menu_order":0,"comment_status":"closed","ping_status":"open","template":"","meta":{"footnotes":""},"jetpack_sharing_enabled":true,"jetpack_shortlink":"https:\/\/wp.me\/PgmV4H-US","_links":{"self":[{"href":"https:\/\/pbp.womczest.edu.pl\/new\/wp-json\/wp\/v2\/pages\/3526"}],"collection":[{"href":"https:\/\/pbp.womczest.edu.pl\/new\/wp-json\/wp\/v2\/pages"}],"about":[{"href":"https:\/\/pbp.womczest.edu.pl\/new\/wp-json\/wp\/v2\/types\/page"}],"author":[{"embeddable":true,"href":"https:\/\/pbp.womczest.edu.pl\/new\/wp-json\/wp\/v2\/users\/3"}],"replies":[{"embeddable":true,"href":"https:\/\/pbp.womczest.edu.pl\/new\/wp-json\/wp\/v2\/comments?post=3526"}],"version-history":[{"count":3,"href":"https:\/\/pbp.womczest.edu.pl\/new\/wp-json\/wp\/v2\/pages\/3526\/revisions"}],"predecessor-version":[{"id":3534,"href":"https:\/\/pbp.womczest.edu.pl\/new\/wp-json\/wp\/v2\/pages\/3526\/revisions\/3534"}],"up":[{"embeddable":true,"href":"https:\/\/pbp.womczest.edu.pl\/new\/wp-json\/wp\/v2\/pages\/3494"}],"wp:attachment":[{"href":"https:\/\/pbp.womczest.edu.pl\/new\/wp-json\/wp\/v2\/media?parent=3526"}],"curies":[{"name":"wp","href":"https:\/\/api.w.org\/{rel}","templated":true}]}}