


{"id":3520,"date":"2015-05-15T14:36:07","date_gmt":"2015-05-15T12:36:07","guid":{"rendered":"https:\/\/pbp.womczest.edu.pl\/new\/?page_id=3520"},"modified":"2015-05-15T14:36:07","modified_gmt":"2015-05-15T12:36:07","slug":"moja-ulubiona-postac-bajkowa","status":"publish","type":"page","link":"https:\/\/pbp.womczest.edu.pl\/new\/kontakt\/lelow\/konkursy-filia-lelow\/moja-ulubiona-postac-bajkowa\/","title":{"rendered":"Moja ulubiona posta\u0107 bajkowa"},"content":{"rendered":"<hr \/>\n<p style=\"text-align: center;\">Konkurs plastyczny przeznaczony dla uczni\u00f3w klas I\u2013III<\/p>\n<p style=\"text-align: center;\"><span style=\"font-size: large;\">Szko\u0142y Podstawowej Zespo\u0142u Szkolno Przedszkolnego w Lelowie<\/span><\/p>\n<p>Konkurs zosta\u0142 zorganizowany w ramach obchod\u00f3w <strong>Roku Czytelnika<\/strong> przez nauczycieli bibliotekarzy Publicznej Biblioteki Pedagogicznej Regionalnego O\u015brodka Doskonalenia Nauczycieli \u201eWOM\u201d w Cz\u0119stochowie Filia w Lelowie \u2013 Dorot\u0119 Kulawiak i Jadwig\u0119 G\u00f3reck\u0105<strong>. <\/strong>Zmagania konkursowe trwa\u0142y od 24.02.2014 r. do 17.03.2014 r. i mia\u0142y na celu: promowanie czytania jako formy sp\u0119dzania wolnego czasu, popularyzowanie tw\u00f3rczo\u015bci literackiej dla dzieci oraz rozwijanie wra\u017cliwo\u015bci i wyobra\u017ani m\u0142odych autor\u00f3w.<br \/>\nW konkursie wzi\u0119\u0142o udzia\u0142 23 uczni\u00f3w, kt\u00f3rzy za pomoc\u0105 pracy plastycznej przedstawili swoj\u0105 ulubion\u0105 posta\u0107 bajkow\u0105.<br \/>\nKomisja konkursowa dokona\u0142a oceny prac uczni\u00f3w i og\u0142osi\u0142a nast\u0119puj\u0105ce wyniki:<\/p>\n<p><strong>I miejsce<\/strong>:<\/p>\n<ul>\n<li><em>Natalia Dors \u2013 kl. II<\/em><\/li>\n<li><em>Zuzanna Chory\u0142ek \u2013 kl. I<\/em><\/li>\n<\/ul>\n<p><strong>II miejsce:<\/strong><\/p>\n<ul>\n<li><em>Alicja Szwaja \u2013 kl. I<\/em><\/li>\n<\/ul>\n<p><strong>III miejsce:<\/strong><\/p>\n<ul>\n<li><em>Olga Kr\u00f3licka \u2013 kl. II<\/em><\/li>\n<li><em>Agata Grewenda \u2013 kl. III<\/em><\/li>\n<\/ul>\n<p><strong>Wyr\u00f3\u017cnienie:<\/strong><\/p>\n<ul>\n<li><em>Oliwia Zaborska \u2013 kl. I<\/em><\/li>\n<li><em>Nikola Derejczyk \u2013 kl. I<\/em><\/li>\n<\/ul>\n<p>Podsumowanie konkursu, wr\u0119czenie dyplom\u00f3w i nagr\u00f3d odby\u0142o si\u0119 21.03.2014 r. w Szkole Podstawowej podczas uroczystego apelu szkolnego z okazji Dnia Wiosny.<br \/>\nPrace uczni\u00f3w zosta\u0142y zaprezentowane na wystawce szkolnej.<\/p>\n<p style=\"text-align: center;\"><em>Wszystkim uczestnikom konkursu dzi\u0119kujemy i gratulujemy.<br \/>\nPaniom Gra\u017cynie Janas, Emilii Mory\u0144 i Joannie Lechowskiej dzi\u0119kujemy za wsp\u00f3\u0142prac\u0119.<\/em><\/p>\n<p style=\"text-align: right;\"><em>Dorota Kulawiak<br \/>\nZdj\u0119cia: Jadwiga G\u00f3recka<\/em><\/p>\n<p><a href=\"https:\/\/pbp.womczest.edu.pl\/new\/wp-content\/uploads\/2014\/03\/filie_lelow_postac_bajkowa_2014_IMG_2532.jpg\" target=\"_blank\"><img decoding=\"async\" loading=\"lazy\" class=\"alignleft wp-image-1815\" style=\"border: 0px none;\" src=\"https:\/\/pbp.womczest.edu.pl\/new\/wp-content\/uploads\/2014\/03\/filie_lelow_postac_bajkowa_2014_IMG_2532.jpg\" alt=\"\" width=\"150\" height=\"113\" border=\"0\" srcset=\"https:\/\/pbp.womczest.edu.pl\/new\/wp-content\/uploads\/2014\/03\/filie_lelow_postac_bajkowa_2014_IMG_2532.jpg 533w, https:\/\/pbp.womczest.edu.pl\/new\/wp-content\/uploads\/2014\/03\/filie_lelow_postac_bajkowa_2014_IMG_2532-300x225.jpg 300w, https:\/\/pbp.womczest.edu.pl\/new\/wp-content\/uploads\/2014\/03\/filie_lelow_postac_bajkowa_2014_IMG_2532-100x75.jpg 100w, https:\/\/pbp.womczest.edu.pl\/new\/wp-content\/uploads\/2014\/03\/filie_lelow_postac_bajkowa_2014_IMG_2532-150x113.jpg 150w, https:\/\/pbp.womczest.edu.pl\/new\/wp-content\/uploads\/2014\/03\/filie_lelow_postac_bajkowa_2014_IMG_2532-200x150.jpg 200w, https:\/\/pbp.womczest.edu.pl\/new\/wp-content\/uploads\/2014\/03\/filie_lelow_postac_bajkowa_2014_IMG_2532-450x338.jpg 450w\" sizes=\"(max-width: 150px) 100vw, 150px\" \/><\/a><a href=\"https:\/\/pbp.womczest.edu.pl\/new\/wp-content\/uploads\/2014\/03\/filie_lelow_postac_bajkowa_2014_IMG_2536.jpg\" target=\"_blank\"><img decoding=\"async\" loading=\"lazy\" class=\"alignleft wp-image-1817\" style=\"border: 0px none;\" src=\"https:\/\/pbp.womczest.edu.pl\/new\/wp-content\/uploads\/2014\/03\/filie_lelow_postac_bajkowa_2014_IMG_2536.jpg\" alt=\"\" width=\"150\" height=\"113\" border=\"0\" srcset=\"https:\/\/pbp.womczest.edu.pl\/new\/wp-content\/uploads\/2014\/03\/filie_lelow_postac_bajkowa_2014_IMG_2536.jpg 533w, https:\/\/pbp.womczest.edu.pl\/new\/wp-content\/uploads\/2014\/03\/filie_lelow_postac_bajkowa_2014_IMG_2536-300x225.jpg 300w, https:\/\/pbp.womczest.edu.pl\/new\/wp-content\/uploads\/2014\/03\/filie_lelow_postac_bajkowa_2014_IMG_2536-100x75.jpg 100w, https:\/\/pbp.womczest.edu.pl\/new\/wp-content\/uploads\/2014\/03\/filie_lelow_postac_bajkowa_2014_IMG_2536-150x113.jpg 150w, https:\/\/pbp.womczest.edu.pl\/new\/wp-content\/uploads\/2014\/03\/filie_lelow_postac_bajkowa_2014_IMG_2536-200x150.jpg 200w, https:\/\/pbp.womczest.edu.pl\/new\/wp-content\/uploads\/2014\/03\/filie_lelow_postac_bajkowa_2014_IMG_2536-450x338.jpg 450w\" sizes=\"(max-width: 150px) 100vw, 150px\" \/><\/a><\/p>\n<p><a href=\"https:\/\/pbp.womczest.edu.pl\/new\/wp-content\/uploads\/2014\/03\/filie_lelow_postac_bajkowa_2014_IMG_2534.jpg\" target=\"_blank\"><img decoding=\"async\" loading=\"lazy\" class=\"alignleft wp-image-1816\" style=\"border: 0px none;\" src=\"https:\/\/pbp.womczest.edu.pl\/new\/wp-content\/uploads\/2014\/03\/filie_lelow_postac_bajkowa_2014_IMG_2534.jpg\" alt=\"\" width=\"150\" height=\"113\" border=\"0\" srcset=\"https:\/\/pbp.womczest.edu.pl\/new\/wp-content\/uploads\/2014\/03\/filie_lelow_postac_bajkowa_2014_IMG_2534.jpg 533w, https:\/\/pbp.womczest.edu.pl\/new\/wp-content\/uploads\/2014\/03\/filie_lelow_postac_bajkowa_2014_IMG_2534-300x225.jpg 300w, https:\/\/pbp.womczest.edu.pl\/new\/wp-content\/uploads\/2014\/03\/filie_lelow_postac_bajkowa_2014_IMG_2534-100x75.jpg 100w, https:\/\/pbp.womczest.edu.pl\/new\/wp-content\/uploads\/2014\/03\/filie_lelow_postac_bajkowa_2014_IMG_2534-150x113.jpg 150w, https:\/\/pbp.womczest.edu.pl\/new\/wp-content\/uploads\/2014\/03\/filie_lelow_postac_bajkowa_2014_IMG_2534-200x150.jpg 200w, https:\/\/pbp.womczest.edu.pl\/new\/wp-content\/uploads\/2014\/03\/filie_lelow_postac_bajkowa_2014_IMG_2534-450x338.jpg 450w\" sizes=\"(max-width: 150px) 100vw, 150px\" \/><\/a><\/p>\n<p><a href=\"https:\/\/pbp.womczest.edu.pl\/new\/wp-content\/uploads\/2014\/03\/filie_lelow_postac_bajkowa_2014_IMG_2537.jpg\" target=\"_blank\"><img decoding=\"async\" loading=\"lazy\" class=\"alignleft wp-image-1818\" style=\"border: 0px none;\" src=\"https:\/\/pbp.womczest.edu.pl\/new\/wp-content\/uploads\/2014\/03\/filie_lelow_postac_bajkowa_2014_IMG_2537.jpg\" alt=\"\" width=\"150\" height=\"113\" border=\"0\" srcset=\"https:\/\/pbp.womczest.edu.pl\/new\/wp-content\/uploads\/2014\/03\/filie_lelow_postac_bajkowa_2014_IMG_2537.jpg 533w, https:\/\/pbp.womczest.edu.pl\/new\/wp-content\/uploads\/2014\/03\/filie_lelow_postac_bajkowa_2014_IMG_2537-300x225.jpg 300w, https:\/\/pbp.womczest.edu.pl\/new\/wp-content\/uploads\/2014\/03\/filie_lelow_postac_bajkowa_2014_IMG_2537-100x75.jpg 100w, https:\/\/pbp.womczest.edu.pl\/new\/wp-content\/uploads\/2014\/03\/filie_lelow_postac_bajkowa_2014_IMG_2537-150x113.jpg 150w, https:\/\/pbp.womczest.edu.pl\/new\/wp-content\/uploads\/2014\/03\/filie_lelow_postac_bajkowa_2014_IMG_2537-200x150.jpg 200w, https:\/\/pbp.womczest.edu.pl\/new\/wp-content\/uploads\/2014\/03\/filie_lelow_postac_bajkowa_2014_IMG_2537-450x338.jpg 450w\" sizes=\"(max-width: 150px) 100vw, 150px\" \/><\/a><\/p>\n<p><a href=\"https:\/\/pbp.womczest.edu.pl\/new\/wp-content\/uploads\/2014\/03\/filie_lelow_postac_bajkowa_2014_IMG_2539.jpg\" target=\"_blank\"><img decoding=\"async\" loading=\"lazy\" class=\"alignleft wp-image-1819\" style=\"border: 0px none;\" src=\"https:\/\/pbp.womczest.edu.pl\/new\/wp-content\/uploads\/2014\/03\/filie_lelow_postac_bajkowa_2014_IMG_2539.jpg\" alt=\"\" width=\"150\" height=\"113\" border=\"0\" srcset=\"https:\/\/pbp.womczest.edu.pl\/new\/wp-content\/uploads\/2014\/03\/filie_lelow_postac_bajkowa_2014_IMG_2539.jpg 533w, https:\/\/pbp.womczest.edu.pl\/new\/wp-content\/uploads\/2014\/03\/filie_lelow_postac_bajkowa_2014_IMG_2539-300x225.jpg 300w, https:\/\/pbp.womczest.edu.pl\/new\/wp-content\/uploads\/2014\/03\/filie_lelow_postac_bajkowa_2014_IMG_2539-100x75.jpg 100w, https:\/\/pbp.womczest.edu.pl\/new\/wp-content\/uploads\/2014\/03\/filie_lelow_postac_bajkowa_2014_IMG_2539-150x113.jpg 150w, https:\/\/pbp.womczest.edu.pl\/new\/wp-content\/uploads\/2014\/03\/filie_lelow_postac_bajkowa_2014_IMG_2539-200x150.jpg 200w, https:\/\/pbp.womczest.edu.pl\/new\/wp-content\/uploads\/2014\/03\/filie_lelow_postac_bajkowa_2014_IMG_2539-450x338.jpg 450w\" sizes=\"(max-width: 150px) 100vw, 150px\" \/><\/a><\/p>\n<p><a href=\"https:\/\/pbp.womczest.edu.pl\/new\/wp-content\/uploads\/2014\/03\/filie_lelow_postac_bajkowa_2014_IMG_2549.jpg\" target=\"_blank\"><img decoding=\"async\" loading=\"lazy\" class=\"alignleft wp-image-1820\" style=\"border: 0px none;\" src=\"https:\/\/pbp.womczest.edu.pl\/new\/wp-content\/uploads\/2014\/03\/filie_lelow_postac_bajkowa_2014_IMG_2549.jpg\" alt=\"\" width=\"150\" height=\"113\" border=\"0\" srcset=\"https:\/\/pbp.womczest.edu.pl\/new\/wp-content\/uploads\/2014\/03\/filie_lelow_postac_bajkowa_2014_IMG_2549.jpg 533w, https:\/\/pbp.womczest.edu.pl\/new\/wp-content\/uploads\/2014\/03\/filie_lelow_postac_bajkowa_2014_IMG_2549-300x225.jpg 300w, https:\/\/pbp.womczest.edu.pl\/new\/wp-content\/uploads\/2014\/03\/filie_lelow_postac_bajkowa_2014_IMG_2549-100x75.jpg 100w, https:\/\/pbp.womczest.edu.pl\/new\/wp-content\/uploads\/2014\/03\/filie_lelow_postac_bajkowa_2014_IMG_2549-150x113.jpg 150w, https:\/\/pbp.womczest.edu.pl\/new\/wp-content\/uploads\/2014\/03\/filie_lelow_postac_bajkowa_2014_IMG_2549-200x150.jpg 200w, https:\/\/pbp.womczest.edu.pl\/new\/wp-content\/uploads\/2014\/03\/filie_lelow_postac_bajkowa_2014_IMG_2549-450x338.jpg 450w\" sizes=\"(max-width: 150px) 100vw, 150px\" \/><\/a><\/p>\n<p>&nbsp;<\/p>\n","protected":false},"excerpt":{"rendered":"<p>Konkurs plastyczny przeznaczony dla uczni\u00f3w klas I\u2013III Szko\u0142y Podstawowej Zespo\u0142u Szkolno Przedszkolnego w Lelowie Konkurs zosta\u0142 zorganizowany w ramach obchod\u00f3w Roku Czytelnika przez nauczycieli bibliotekarzy Publicznej Biblioteki Pedagogicznej Regionalnego O\u015brodka Doskonalenia Nauczycieli \u201eWOM\u201d w Cz\u0119stochowie Filia w Lelowie \u2013 Dorot\u0119 Kulawiak i Jadwig\u0119 G\u00f3reck\u0105. Zmagania konkursowe trwa\u0142y od 24.02.2014 r. do 17.03.2014 r. i mia\u0142y na celu: promowanie czytania jako formy sp\u0119dzania wolnego czasu, popularyzowanie tw\u00f3rczo\u015bci literackiej dla dzieci oraz<span class=\"ellipsis\">&hellip;<\/span><\/p>\n<div class=\"read-more\"><a href=\"https:\/\/pbp.womczest.edu.pl\/new\/kontakt\/lelow\/konkursy-filia-lelow\/moja-ulubiona-postac-bajkowa\/\">Czytaj wi\u0119cej &#8250;<\/a><\/div>\n<p><!-- end of .read-more --><\/p>\n","protected":false},"author":3,"featured_media":0,"parent":3494,"menu_order":0,"comment_status":"closed","ping_status":"open","template":"","meta":{"footnotes":""},"jetpack_sharing_enabled":true,"jetpack_shortlink":"https:\/\/wp.me\/PgmV4H-UM","_links":{"self":[{"href":"https:\/\/pbp.womczest.edu.pl\/new\/wp-json\/wp\/v2\/pages\/3520"}],"collection":[{"href":"https:\/\/pbp.womczest.edu.pl\/new\/wp-json\/wp\/v2\/pages"}],"about":[{"href":"https:\/\/pbp.womczest.edu.pl\/new\/wp-json\/wp\/v2\/types\/page"}],"author":[{"embeddable":true,"href":"https:\/\/pbp.womczest.edu.pl\/new\/wp-json\/wp\/v2\/users\/3"}],"replies":[{"embeddable":true,"href":"https:\/\/pbp.womczest.edu.pl\/new\/wp-json\/wp\/v2\/comments?post=3520"}],"version-history":[{"count":2,"href":"https:\/\/pbp.womczest.edu.pl\/new\/wp-json\/wp\/v2\/pages\/3520\/revisions"}],"predecessor-version":[{"id":3522,"href":"https:\/\/pbp.womczest.edu.pl\/new\/wp-json\/wp\/v2\/pages\/3520\/revisions\/3522"}],"up":[{"embeddable":true,"href":"https:\/\/pbp.womczest.edu.pl\/new\/wp-json\/wp\/v2\/pages\/3494"}],"wp:attachment":[{"href":"https:\/\/pbp.womczest.edu.pl\/new\/wp-json\/wp\/v2\/media?parent=3520"}],"curies":[{"name":"wp","href":"https:\/\/api.w.org\/{rel}","templated":true}]}}