


{"id":3510,"date":"2015-05-15T14:33:10","date_gmt":"2015-05-15T12:33:10","guid":{"rendered":"https:\/\/pbp.womczest.edu.pl\/new\/?page_id=3510"},"modified":"2015-11-20T08:41:03","modified_gmt":"2015-11-20T07:41:03","slug":"ojciec-swiety-jan-pawel-ii-sprawozdanie-z-konkursu","status":"publish","type":"page","link":"https:\/\/pbp.womczest.edu.pl\/new\/kontakt\/lelow\/konkursy-filia-lelow\/ojciec-swiety-jan-pawel-ii-sprawozdanie-z-konkursu\/","title":{"rendered":"\u201eOjciec \u015awi\u0119ty Jan Pawe\u0142 II\u201d \u2013 sprawozdanie z konkursu"},"content":{"rendered":"<hr \/>\n<p><img decoding=\"async\" loading=\"lazy\" class=\"art-logo-text wp-image-859 alignleft\" style=\"float: left; border: 0pt none;\" src=\"https:\/\/pbp.womczest.edu.pl\/new\/wp-content\/uploads\/2012\/11\/filie_lelow_JP2_JP2.jpg\" alt=\"\" width=\"117\" height=\"194\" border=\"0\" srcset=\"https:\/\/pbp.womczest.edu.pl\/new\/wp-content\/uploads\/2012\/11\/filie_lelow_JP2_JP2.jpg 386w, https:\/\/pbp.womczest.edu.pl\/new\/wp-content\/uploads\/2012\/11\/filie_lelow_JP2_JP2-181x300.jpg 181w, https:\/\/pbp.womczest.edu.pl\/new\/wp-content\/uploads\/2012\/11\/filie_lelow_JP2_JP2-100x166.jpg 100w, https:\/\/pbp.womczest.edu.pl\/new\/wp-content\/uploads\/2012\/11\/filie_lelow_JP2_JP2-150x249.jpg 150w, https:\/\/pbp.womczest.edu.pl\/new\/wp-content\/uploads\/2012\/11\/filie_lelow_JP2_JP2-200x332.jpg 200w, https:\/\/pbp.womczest.edu.pl\/new\/wp-content\/uploads\/2012\/11\/filie_lelow_JP2_JP2-300x497.jpg 300w\" sizes=\"(max-width: 117px) 100vw, 117px\" \/>16 pa\u017adziernika 2012 roku w Gimnazjum w Lelowie odby\u0142 si\u0119 konkurs wiedzy \u201eOjciec \u015awi\u0119ty Jan Pawe\u0142 II\u201d zorganizowany przez Publiczn\u0105 Bibliotek\u0119 Pedagogiczn\u0105 RODN \u201eWOM\u201d w Cz\u0119stochowie Filia w Lelowie.<\/p>\n<p>W konkursie wzi\u0119li udzia\u0142 uczniowie z klasy I B, II, III B.<\/p>\n<p>Zadaniem uczestnik\u00f3w konkursu by\u0142o rozwi\u0105zanie testu dotycz\u0105cego dzieci\u0144stwa i m\u0142odo\u015bci Karola Wojty\u0142y, okresu kardynalskiego, lat pontyfikatu oraz znajomo\u015bci termin\u00f3w zwi\u0105zanych z pontyfikatem Jana Paw\u0142a II.<\/p>\n<p>Laureatami konkursu zostali:<\/p>\n<ul>\n<li>Monika Pytlarz \u2013 kl. III B \u2013 I miejsce<\/li>\n<li>Klaudia Kocela \u2013 kl. III B \u2013 II miejsce<\/li>\n<li>Weronika Kapral \u2013 kl. III B \u2013 III miejsce<\/li>\n<\/ul>\n<p>Og\u0142oszenie wynik\u00f3w konkursu, wr\u0119czenie dyplom\u00f3w i nagr\u00f3d odby\u0142o si\u0119 23.10.2012 r. w obecno\u015bci Pana Marka \u0106wieka \u2013 dyrektora szko\u0142y.<\/p>\n<p>Wszystkim uczestnikom konkursu gratulujemy.<\/p>\n<p>Sk\u0142adamy serdeczne podzi\u0119kowania ks. Lucjanowi Dudzi\u0144skiemu oraz Pani Annie Gorczyczy\u0144skiej za pomoc w organizacji konkursu.<\/p>\n<p style=\"text-align: right;\"><span style=\"font-size: xx-small;\">\u0179r\u00f3d\u0142o zdj\u0119cia \u2013 http:\/\/farm2.staticflickr.com\/1062\/5106330603_d809a32a5d_z.jpg<\/span><\/p>\n<p style=\"text-align: left;\"><strong>Galeria<\/strong><\/p>\n<p><a href=\"https:\/\/pbp.womczest.edu.pl\/new\/wp-content\/uploads\/2012\/11\/filie_lelow_JP2_1.JPG\" target=\"_blank\"><img decoding=\"async\" class=\" size-full wp-image-861 alignleft\" src=\"https:\/\/pbp.womczest.edu.pl\/new\/wp-content\/uploads\/2012\/11\/filie_lelow_JP2_1 - male.jpg\" alt=\"\" width=\"150\" border=\"0\" srcset=\"https:\/\/pbp.womczest.edu.pl\/new\/wp-content\/uploads\/2012\/11\/filie_lelow_JP2_1%20-%20male.jpg 500w, https:\/\/pbp.womczest.edu.pl\/new\/wp-content\/uploads\/2012\/11\/filie_lelow_JP2_1%20-%20male-300x198.jpg 300w, https:\/\/pbp.womczest.edu.pl\/new\/wp-content\/uploads\/2012\/11\/filie_lelow_JP2_1%20-%20male-100x66.jpg 100w, https:\/\/pbp.womczest.edu.pl\/new\/wp-content\/uploads\/2012\/11\/filie_lelow_JP2_1%20-%20male-150x99.jpg 150w, https:\/\/pbp.womczest.edu.pl\/new\/wp-content\/uploads\/2012\/11\/filie_lelow_JP2_1%20-%20male-200x132.jpg 200w, https:\/\/pbp.womczest.edu.pl\/new\/wp-content\/uploads\/2012\/11\/filie_lelow_JP2_1%20-%20male-450x297.jpg 450w\" sizes=\"(max-width: 500px) 100vw, 500px\" \/><\/a><a href=\"https:\/\/pbp.womczest.edu.pl\/new\/wp-content\/uploads\/2012\/11\/filie_lelow_JP2_5.JPG\" target=\"_blank\"><img decoding=\"async\" class=\" size-full wp-image-865 alignleft\" src=\"https:\/\/pbp.womczest.edu.pl\/new\/wp-content\/uploads\/2012\/11\/filie_lelow_JP2_5 - male.jpg\" alt=\"\" width=\"150\" border=\"0\" srcset=\"https:\/\/pbp.womczest.edu.pl\/new\/wp-content\/uploads\/2012\/11\/filie_lelow_JP2_5%20-%20male.jpg 500w, https:\/\/pbp.womczest.edu.pl\/new\/wp-content\/uploads\/2012\/11\/filie_lelow_JP2_5%20-%20male-300x198.jpg 300w, https:\/\/pbp.womczest.edu.pl\/new\/wp-content\/uploads\/2012\/11\/filie_lelow_JP2_5%20-%20male-100x66.jpg 100w, https:\/\/pbp.womczest.edu.pl\/new\/wp-content\/uploads\/2012\/11\/filie_lelow_JP2_5%20-%20male-150x99.jpg 150w, https:\/\/pbp.womczest.edu.pl\/new\/wp-content\/uploads\/2012\/11\/filie_lelow_JP2_5%20-%20male-200x132.jpg 200w, https:\/\/pbp.womczest.edu.pl\/new\/wp-content\/uploads\/2012\/11\/filie_lelow_JP2_5%20-%20male-450x297.jpg 450w\" sizes=\"(max-width: 500px) 100vw, 500px\" \/><\/a><\/p>\n<p><a href=\"https:\/\/pbp.womczest.edu.pl\/new\/wp-content\/uploads\/2012\/11\/filie_lelow_JP2_3.JPG\" target=\"_blank\"><img decoding=\"async\" class=\" size-full wp-image-863 alignleft\" src=\"https:\/\/pbp.womczest.edu.pl\/new\/wp-content\/uploads\/2012\/11\/filie_lelow_JP2_3 - male.jpg\" alt=\"\" width=\"150\" border=\"0\" srcset=\"https:\/\/pbp.womczest.edu.pl\/new\/wp-content\/uploads\/2012\/11\/filie_lelow_JP2_3%20-%20male.jpg 500w, https:\/\/pbp.womczest.edu.pl\/new\/wp-content\/uploads\/2012\/11\/filie_lelow_JP2_3%20-%20male-300x198.jpg 300w, https:\/\/pbp.womczest.edu.pl\/new\/wp-content\/uploads\/2012\/11\/filie_lelow_JP2_3%20-%20male-100x66.jpg 100w, https:\/\/pbp.womczest.edu.pl\/new\/wp-content\/uploads\/2012\/11\/filie_lelow_JP2_3%20-%20male-150x99.jpg 150w, https:\/\/pbp.womczest.edu.pl\/new\/wp-content\/uploads\/2012\/11\/filie_lelow_JP2_3%20-%20male-200x132.jpg 200w, https:\/\/pbp.womczest.edu.pl\/new\/wp-content\/uploads\/2012\/11\/filie_lelow_JP2_3%20-%20male-450x297.jpg 450w\" sizes=\"(max-width: 500px) 100vw, 500px\" \/><\/a><\/p>\n<p><a href=\"https:\/\/pbp.womczest.edu.pl\/new\/wp-content\/uploads\/2012\/11\/filie_lelow_JP2_4.jpg\" target=\"_blank\"><img decoding=\"async\" class=\" size-full wp-image-867 alignleft\" src=\"https:\/\/pbp.womczest.edu.pl\/new\/wp-content\/uploads\/2012\/11\/filie_lelow_JP2_4 - male.jpg\" alt=\"\" width=\"150\" border=\"0\" srcset=\"https:\/\/pbp.womczest.edu.pl\/new\/wp-content\/uploads\/2012\/11\/filie_lelow_JP2_4%20-%20male.jpg 500w, https:\/\/pbp.womczest.edu.pl\/new\/wp-content\/uploads\/2012\/11\/filie_lelow_JP2_4%20-%20male-300x198.jpg 300w, https:\/\/pbp.womczest.edu.pl\/new\/wp-content\/uploads\/2012\/11\/filie_lelow_JP2_4%20-%20male-100x66.jpg 100w, https:\/\/pbp.womczest.edu.pl\/new\/wp-content\/uploads\/2012\/11\/filie_lelow_JP2_4%20-%20male-150x99.jpg 150w, https:\/\/pbp.womczest.edu.pl\/new\/wp-content\/uploads\/2012\/11\/filie_lelow_JP2_4%20-%20male-200x132.jpg 200w, https:\/\/pbp.womczest.edu.pl\/new\/wp-content\/uploads\/2012\/11\/filie_lelow_JP2_4%20-%20male-450x297.jpg 450w\" sizes=\"(max-width: 500px) 100vw, 500px\" \/><\/a><\/p>\n<p><a href=\"https:\/\/pbp.womczest.edu.pl\/new\/wp-content\/uploads\/2012\/11\/filie_lelow_JP2_6.jpg\" target=\"_blank\"><img decoding=\"async\" class=\" size-full wp-image-869 alignleft\" src=\"https:\/\/pbp.womczest.edu.pl\/new\/wp-content\/uploads\/2012\/11\/filie_lelow_JP2_6 - male.jpg\" alt=\"\" width=\"150\" border=\"0\" srcset=\"https:\/\/pbp.womczest.edu.pl\/new\/wp-content\/uploads\/2012\/11\/filie_lelow_JP2_6%20-%20male.jpg 500w, https:\/\/pbp.womczest.edu.pl\/new\/wp-content\/uploads\/2012\/11\/filie_lelow_JP2_6%20-%20male-300x121.jpg 300w, https:\/\/pbp.womczest.edu.pl\/new\/wp-content\/uploads\/2012\/11\/filie_lelow_JP2_6%20-%20male-100x40.jpg 100w, https:\/\/pbp.womczest.edu.pl\/new\/wp-content\/uploads\/2012\/11\/filie_lelow_JP2_6%20-%20male-150x60.jpg 150w, https:\/\/pbp.womczest.edu.pl\/new\/wp-content\/uploads\/2012\/11\/filie_lelow_JP2_6%20-%20male-200x80.jpg 200w, https:\/\/pbp.womczest.edu.pl\/new\/wp-content\/uploads\/2012\/11\/filie_lelow_JP2_6%20-%20male-450x181.jpg 450w\" sizes=\"(max-width: 500px) 100vw, 500px\" \/><\/a><\/p>\n<p><a href=\"https:\/\/pbp.womczest.edu.pl\/new\/wp-content\/uploads\/2012\/11\/filie_lelow_JP2_2.jpg\" target=\"_blank\"><img decoding=\"async\" class=\" size-full wp-image-871 alignleft\" src=\"https:\/\/pbp.womczest.edu.pl\/new\/wp-content\/uploads\/2012\/11\/filie_lelow_JP2_2 - male.jpg\" alt=\"\" width=\"150\" border=\"0\" srcset=\"https:\/\/pbp.womczest.edu.pl\/new\/wp-content\/uploads\/2012\/11\/filie_lelow_JP2_2%20-%20male.jpg 500w, https:\/\/pbp.womczest.edu.pl\/new\/wp-content\/uploads\/2012\/11\/filie_lelow_JP2_2%20-%20male-300x198.jpg 300w, https:\/\/pbp.womczest.edu.pl\/new\/wp-content\/uploads\/2012\/11\/filie_lelow_JP2_2%20-%20male-100x66.jpg 100w, https:\/\/pbp.womczest.edu.pl\/new\/wp-content\/uploads\/2012\/11\/filie_lelow_JP2_2%20-%20male-150x99.jpg 150w, https:\/\/pbp.womczest.edu.pl\/new\/wp-content\/uploads\/2012\/11\/filie_lelow_JP2_2%20-%20male-200x132.jpg 200w, https:\/\/pbp.womczest.edu.pl\/new\/wp-content\/uploads\/2012\/11\/filie_lelow_JP2_2%20-%20male-450x297.jpg 450w\" sizes=\"(max-width: 500px) 100vw, 500px\" \/><\/a><\/p>\n<p>&nbsp;<\/p>\n","protected":false},"excerpt":{"rendered":"<p>16 pa\u017adziernika 2012 roku w Gimnazjum w Lelowie odby\u0142 si\u0119 konkurs wiedzy \u201eOjciec \u015awi\u0119ty Jan Pawe\u0142 II\u201d zorganizowany przez Publiczn\u0105 Bibliotek\u0119 Pedagogiczn\u0105 RODN \u201eWOM\u201d w Cz\u0119stochowie Filia w Lelowie. W konkursie wzi\u0119li udzia\u0142 uczniowie z klasy I B, II, III B. Zadaniem uczestnik\u00f3w konkursu by\u0142o rozwi\u0105zanie testu dotycz\u0105cego dzieci\u0144stwa i m\u0142odo\u015bci Karola Wojty\u0142y, okresu kardynalskiego, lat pontyfikatu oraz znajomo\u015bci termin\u00f3w zwi\u0105zanych z pontyfikatem Jana Paw\u0142a II. Laureatami konkursu zostali: Monika<span class=\"ellipsis\">&hellip;<\/span><\/p>\n<div class=\"read-more\"><a href=\"https:\/\/pbp.womczest.edu.pl\/new\/kontakt\/lelow\/konkursy-filia-lelow\/ojciec-swiety-jan-pawel-ii-sprawozdanie-z-konkursu\/\">Czytaj wi\u0119cej &#8250;<\/a><\/div>\n<p><!-- end of .read-more --><\/p>\n","protected":false},"author":3,"featured_media":0,"parent":3494,"menu_order":0,"comment_status":"closed","ping_status":"open","template":"","meta":{"footnotes":""},"jetpack_sharing_enabled":true,"jetpack_shortlink":"https:\/\/wp.me\/PgmV4H-UC","_links":{"self":[{"href":"https:\/\/pbp.womczest.edu.pl\/new\/wp-json\/wp\/v2\/pages\/3510"}],"collection":[{"href":"https:\/\/pbp.womczest.edu.pl\/new\/wp-json\/wp\/v2\/pages"}],"about":[{"href":"https:\/\/pbp.womczest.edu.pl\/new\/wp-json\/wp\/v2\/types\/page"}],"author":[{"embeddable":true,"href":"https:\/\/pbp.womczest.edu.pl\/new\/wp-json\/wp\/v2\/users\/3"}],"replies":[{"embeddable":true,"href":"https:\/\/pbp.womczest.edu.pl\/new\/wp-json\/wp\/v2\/comments?post=3510"}],"version-history":[{"count":1,"href":"https:\/\/pbp.womczest.edu.pl\/new\/wp-json\/wp\/v2\/pages\/3510\/revisions"}],"predecessor-version":[{"id":3511,"href":"https:\/\/pbp.womczest.edu.pl\/new\/wp-json\/wp\/v2\/pages\/3510\/revisions\/3511"}],"up":[{"embeddable":true,"href":"https:\/\/pbp.womczest.edu.pl\/new\/wp-json\/wp\/v2\/pages\/3494"}],"wp:attachment":[{"href":"https:\/\/pbp.womczest.edu.pl\/new\/wp-json\/wp\/v2\/media?parent=3510"}],"curies":[{"name":"wp","href":"https:\/\/api.w.org\/{rel}","templated":true}]}}