


{"id":3505,"date":"2015-05-15T14:31:50","date_gmt":"2015-05-15T12:31:50","guid":{"rendered":"https:\/\/pbp.womczest.edu.pl\/new\/?page_id=3505"},"modified":"2018-09-04T15:14:37","modified_gmt":"2018-09-04T13:14:37","slug":"konkurs-swietnie-znam-te-ksiazki","status":"publish","type":"page","link":"https:\/\/pbp.womczest.edu.pl\/new\/kontakt\/lelow\/konkursy-filia-lelow\/konkurs-swietnie-znam-te-ksiazki\/","title":{"rendered":"Konkurs: &#8222;\u015awietnie znam te ksi\u0105\u017cki&#8221;"},"content":{"rendered":"<hr \/>\n<p><strong>Dnia 28.02.2012 r. w Szkole Podstawowej w Lelowie<\/strong> <strong>odby\u0142 si\u0119 konkurs czytelniczy dla uczni\u00f3w klasy II i III SP w Lelowie<\/strong><\/p>\n<p align=\"center\"><strong>\u201e \u015awietnie znam te ksi\u0105\u017cki \u201d<\/strong><\/p>\n<p>Konkurs zosta\u0142 zorganizowany przez :<br \/>\nPBP RODN \u201eWOM\u201d w Cz\u0119stochowie Filia w Lelowie.<br \/>\nKonkurs mia\u0142 na celu sprawdzenie poziomu wiedzy uczni\u00f3w na temat lektury szkolnej, motywowanie dzieci do czytelnictwa oraz promowanie czytania, jako formy sp\u0119dzania wolnego czasu<\/p>\n<p>W konkursie wzi\u0119\u0142o udzia\u0142 19 uczni\u00f3w :<br \/>\nz klasy II \u2013 10 uczni\u00f3w<br \/>\nz klasy III \u2013 9 uczni\u00f3w.<\/p>\n<p><strong>Komisja w sk\u0142adzie :<\/strong><br \/>\n<strong>mgr Joanna Lechowska \u2013 <\/strong>nauczyciel nauczania zintegrowanego kl. I<br \/>\n<strong>mgr Renata Korzeniec \u2013 <\/strong>nauczyciel polonista SP w Lelowie<\/p>\n<p>po sprawdzeniu prac przyzna\u0142a miejsca :<br \/>\nI miejsce: <strong>Eliza Gul &#8211; kl. II<\/strong><br \/>\nII miejsce: <strong>Agata Gorzkowska \u2013 kl. II<\/strong><br \/>\n<strong>Damian Szymczyk\u00a0&#8211; kl. II<\/strong><br \/>\n<strong>Karolina Tr\u0119da\u00a0\u00a0\u00a0\u00a0\u00a0\u00a0 &#8211; kl. III<\/strong><br \/>\n<strong>Martyna Szczerba\u00a0 &#8211; kl. III<\/strong><br \/>\nIII miejsce: <strong>Karolina Dziura\u00a0\u00a0\u00a0\u00a0 &#8211; kl. II<\/strong><br \/>\n<strong>Natalia Kitala\u00a0\u00a0\u00a0\u00a0\u00a0\u00a0\u00a0\u00a0 &#8211; kl. II<\/strong><br \/>\n<strong>Beata Rokicka\u00a0\u00a0\u00a0\u00a0\u00a0\u00a0\u00a0 &#8211; kl. III<\/strong><br \/>\n<strong>Dawid Frajer\u00a0\u00a0\u00a0\u00a0\u00a0\u00a0\u00a0\u00a0\u00a0 &#8211; kl. III<\/strong><\/p>\n<p>Podsumowanie konkursu oraz wr\u0119czenie dyplom\u00f3w i nagr\u00f3d odby\u0142o si\u0119 w Szkole Podstawowej dnia 05.03.2012 w obecno\u015bci \u00a0uczni\u00f3w klas I \u2013 III i ich wychowawc\u00f3w.<br \/>\nWszystkim uczestnikom konkursu dzi\u0119kujemy i gratulujemy.<\/p>\n","protected":false},"excerpt":{"rendered":"<p>Dnia 28.02.2012 r. w Szkole Podstawowej w Lelowie odby\u0142 si\u0119 konkurs czytelniczy dla uczni\u00f3w klasy II i III SP w Lelowie \u201e \u015awietnie znam te ksi\u0105\u017cki \u201d Konkurs zosta\u0142 zorganizowany przez : PBP RODN \u201eWOM\u201d w Cz\u0119stochowie Filia w Lelowie. Konkurs mia\u0142 na celu sprawdzenie poziomu wiedzy uczni\u00f3w na temat lektury szkolnej, motywowanie dzieci do czytelnictwa oraz promowanie czytania, jako formy sp\u0119dzania wolnego czasu W konkursie wzi\u0119\u0142o udzia\u0142 19 uczni\u00f3w<span class=\"ellipsis\">&hellip;<\/span><\/p>\n<div class=\"read-more\"><a href=\"https:\/\/pbp.womczest.edu.pl\/new\/kontakt\/lelow\/konkursy-filia-lelow\/konkurs-swietnie-znam-te-ksiazki\/\">Czytaj wi\u0119cej &#8250;<\/a><\/div>\n<p><!-- end of .read-more --><\/p>\n","protected":false},"author":3,"featured_media":0,"parent":3494,"menu_order":0,"comment_status":"closed","ping_status":"open","template":"","meta":{"footnotes":""},"jetpack_sharing_enabled":true,"jetpack_shortlink":"https:\/\/wp.me\/PgmV4H-Ux","_links":{"self":[{"href":"https:\/\/pbp.womczest.edu.pl\/new\/wp-json\/wp\/v2\/pages\/3505"}],"collection":[{"href":"https:\/\/pbp.womczest.edu.pl\/new\/wp-json\/wp\/v2\/pages"}],"about":[{"href":"https:\/\/pbp.womczest.edu.pl\/new\/wp-json\/wp\/v2\/types\/page"}],"author":[{"embeddable":true,"href":"https:\/\/pbp.womczest.edu.pl\/new\/wp-json\/wp\/v2\/users\/3"}],"replies":[{"embeddable":true,"href":"https:\/\/pbp.womczest.edu.pl\/new\/wp-json\/wp\/v2\/comments?post=3505"}],"version-history":[{"count":3,"href":"https:\/\/pbp.womczest.edu.pl\/new\/wp-json\/wp\/v2\/pages\/3505\/revisions"}],"predecessor-version":[{"id":12295,"href":"https:\/\/pbp.womczest.edu.pl\/new\/wp-json\/wp\/v2\/pages\/3505\/revisions\/12295"}],"up":[{"embeddable":true,"href":"https:\/\/pbp.womczest.edu.pl\/new\/wp-json\/wp\/v2\/pages\/3494"}],"wp:attachment":[{"href":"https:\/\/pbp.womczest.edu.pl\/new\/wp-json\/wp\/v2\/media?parent=3505"}],"curies":[{"name":"wp","href":"https:\/\/api.w.org\/{rel}","templated":true}]}}