


{"id":3500,"date":"2015-05-15T14:29:11","date_gmt":"2015-05-15T12:29:11","guid":{"rendered":"https:\/\/pbp.womczest.edu.pl\/new\/?page_id=3500"},"modified":"2018-09-04T15:15:25","modified_gmt":"2018-09-04T13:15:25","slug":"konkurs-gminny-mistrz-ortografii-2012","status":"publish","type":"page","link":"https:\/\/pbp.womczest.edu.pl\/new\/kontakt\/lelow\/konkursy-filia-lelow\/konkurs-gminny-mistrz-ortografii-2012\/","title":{"rendered":"Konkurs: Gminny Mistrz Ortografii 2012"},"content":{"rendered":"<hr \/>\n<p><strong>10 maja 2012 roku w Urz\u0119dzie Gminy w Lelowie<\/strong> odby\u0142 si\u0119 fina\u0142 konkursu ortograficznego <strong>\u201eGminny Mistrz Ortografii 2012\u201d dla uczni\u00f3w klas V \u2013 VI szk\u00f3\u0142 podstawowych.<\/strong><br \/>\nKonkurs zosta\u0142 zorganizowany przez Publiczn\u0105 Bibliotek\u0119 Pedagogiczn\u0105 RODN \u201eWOM\u201d w Cz\u0119stochowie Filia w Lelowie.<br \/>\n<strong>Patronat nad konkursem obj\u0105\u0142 Pan Jacek Lupa W\u00f3jt Gminy Lel\u00f3w.<\/strong><\/p>\n<p>Autorem tekstu dyktanda by\u0142a Pani Ma\u0142gorzata P\u0142atek \u2013 nauczyciel j\u0119zyka polskiego Szko\u0142y Podstawowej nr 50 im. gen. W\u0142adys\u0142awa Sikorskiego w Cz\u0119stochowie, wsp\u00f3\u0142pracuj\u0105ca z PBP RODN \u201eWOM\u201d w Cz\u0119stochowie.<br \/>\nW konkursie rywalizowa\u0142o 16 uczni\u00f3w z Lelowa, Nak\u0142a, Podlesia i \u015al\u0119zan.<\/p>\n<p>Komisja konkursowa w sk\u0142adzie :<br \/>\nAgnieszka Kowalik \u2013 nauczyciel j\u0119zyka polskiego Gimnazjum w Lelowie<br \/>\nAneta W\u0142odarska \u2013 nauczyciel Szko\u0142y Podstawowej w Lelowie<br \/>\npo sprawdzeniu prac, przyzna\u0142a tytu\u0142<br \/>\n<span style=\"color: #333333;\"><strong>Gminnego Mistrza Ortografii 2012<\/strong><\/span><br \/>\n<span style=\"color: #333333;\"> <strong>Agnieszce Pawlik \u2013 uczennicy klasy VI Szko\u0142y Podstawowej w Lelowie<\/strong><\/span><br \/>\n<span style=\"color: #333333;\"> <strong>Gminnego Wicemistrza Ortografii 2012<\/strong><\/span><br \/>\n<strong>Marcie St\u0119pie\u0144 \u2013 uczennicy klasy VI Szko\u0142y Podstawowej w Lelowie<\/strong><br \/>\nPonadto komisja konkursowa wyr\u00f3\u017cni\u0142a 2 prace:<br \/>\n<strong>Eweliny Popi\u00f3\u0142<\/strong> \u2013 uczennicy klasy VI Szko\u0142y Podstawowej w \u015al\u0119zanach<br \/>\n<strong>Kingi Woch<\/strong> \u2013 uczennicy klasy VI Szko\u0142y Podstawowej w Lelowie<\/p>\n<p>Podsumowanie konkursu, og\u0142oszenie wynik\u00f3w i wr\u0119czenie nagr\u00f3d odby\u0142o si\u0119 21.05.2012 r. w Urz\u0119dzie Gminy w Lelowie.<br \/>\nPodczas spotkania obecni byli laureaci konkursu wraz z opiekunami, W\u00f3jt i Sekretarz Gminy, Dyrektor Szko\u0142y Podstawowej w Lelowie oraz cz\u0142onkowie komisji konkursowej.<\/p>\n<p><span style=\"font-size: medium;\"><em>Zwyci\u0119zcom konkursu serdecznie gratulujemy<\/em><\/span><strong>\u00a0<\/strong><\/p>\n","protected":false},"excerpt":{"rendered":"<p>10 maja 2012 roku w Urz\u0119dzie Gminy w Lelowie odby\u0142 si\u0119 fina\u0142 konkursu ortograficznego \u201eGminny Mistrz Ortografii 2012\u201d dla uczni\u00f3w klas V \u2013 VI szk\u00f3\u0142 podstawowych. Konkurs zosta\u0142 zorganizowany przez Publiczn\u0105 Bibliotek\u0119 Pedagogiczn\u0105 RODN \u201eWOM\u201d w Cz\u0119stochowie Filia w Lelowie. Patronat nad konkursem obj\u0105\u0142 Pan Jacek Lupa W\u00f3jt Gminy Lel\u00f3w. Autorem tekstu dyktanda by\u0142a Pani Ma\u0142gorzata P\u0142atek \u2013 nauczyciel j\u0119zyka polskiego Szko\u0142y Podstawowej nr 50 im. gen. W\u0142adys\u0142awa Sikorskiego w<span class=\"ellipsis\">&hellip;<\/span><\/p>\n<div class=\"read-more\"><a href=\"https:\/\/pbp.womczest.edu.pl\/new\/kontakt\/lelow\/konkursy-filia-lelow\/konkurs-gminny-mistrz-ortografii-2012\/\">Czytaj wi\u0119cej &#8250;<\/a><\/div>\n<p><!-- end of .read-more --><\/p>\n","protected":false},"author":3,"featured_media":0,"parent":3494,"menu_order":0,"comment_status":"closed","ping_status":"open","template":"","meta":{"footnotes":""},"jetpack_sharing_enabled":true,"jetpack_shortlink":"https:\/\/wp.me\/PgmV4H-Us","_links":{"self":[{"href":"https:\/\/pbp.womczest.edu.pl\/new\/wp-json\/wp\/v2\/pages\/3500"}],"collection":[{"href":"https:\/\/pbp.womczest.edu.pl\/new\/wp-json\/wp\/v2\/pages"}],"about":[{"href":"https:\/\/pbp.womczest.edu.pl\/new\/wp-json\/wp\/v2\/types\/page"}],"author":[{"embeddable":true,"href":"https:\/\/pbp.womczest.edu.pl\/new\/wp-json\/wp\/v2\/users\/3"}],"replies":[{"embeddable":true,"href":"https:\/\/pbp.womczest.edu.pl\/new\/wp-json\/wp\/v2\/comments?post=3500"}],"version-history":[{"count":5,"href":"https:\/\/pbp.womczest.edu.pl\/new\/wp-json\/wp\/v2\/pages\/3500\/revisions"}],"predecessor-version":[{"id":12296,"href":"https:\/\/pbp.womczest.edu.pl\/new\/wp-json\/wp\/v2\/pages\/3500\/revisions\/12296"}],"up":[{"embeddable":true,"href":"https:\/\/pbp.womczest.edu.pl\/new\/wp-json\/wp\/v2\/pages\/3494"}],"wp:attachment":[{"href":"https:\/\/pbp.womczest.edu.pl\/new\/wp-json\/wp\/v2\/media?parent=3500"}],"curies":[{"name":"wp","href":"https:\/\/api.w.org\/{rel}","templated":true}]}}