


{"id":3494,"date":"2015-05-15T14:25:52","date_gmt":"2015-05-15T12:25:52","guid":{"rendered":"https:\/\/pbp.womczest.edu.pl\/new\/?page_id=3494"},"modified":"2024-08-30T11:13:52","modified_gmt":"2024-08-30T09:13:52","slug":"konkursy-filia-lelow","status":"publish","type":"page","link":"https:\/\/pbp.womczest.edu.pl\/new\/kontakt\/lelow\/konkursy-filia-lelow\/","title":{"rendered":"Konkursy &#8211; Filia Lel\u00f3w"},"content":{"rendered":"<hr \/>\n<ul>\n<li><a href=\"https:\/\/pbp.womczest.edu.pl\/new\/miedzyszkolny-mol-biblioteczny-2023-2024\/\">Mi\u0119dzyszkolny M\u00f3l Biblioteczny 2023\/2024<\/a><\/li>\n<li><a href=\"https:\/\/pbp.womczest.edu.pl\/new\/konkurs-plastyczny-byl-sobie-pewien-mis\/\">Konkurs plastyczny\u00a0\u201eBy\u0142 sobie pewien Mi\u015b\u201d &#8211; 2023<\/a><\/li>\n<li><a href=\"https:\/\/pbp.womczest.edu.pl\/new\/miedzyszkolny-konkurs-pieknego-czytania-litery-znam-wiec-czytam-sam\/\">Mi\u0119dzyszkolny konkurs pi\u0119knego czytania \u201eLitery znam, wi\u0119c czytam sam\u201d &#8211; 2023<\/a><\/li>\n<li><a href=\"https:\/\/pbp.womczest.edu.pl\/new\/miedzyszkolny-mol-biblioteczny-2022-2023-podsumowanie\/\">Mi\u0119dzyszkolny M\u00f3l Biblioteczny 2022\/2023<\/a><\/li>\n<li><a href=\"https:\/\/pbp.womczest.edu.pl\/new\/x-edycja-konkursu-ortograficznego-miedzygminny-mistrz-i-wicemistrz-ortografii-2023\/\">IX edycja konkursu ortograficznego Mi\u0119dzygminny Mistrz i Wicemistrz Ortografii &#8211; 2023<\/a><\/li>\n<li><a href=\"https:\/\/pbp.womczest.edu.pl\/new\/konkursy-dla-uczniow-szkol-podstawowych\/\">Konkurs plastyczny\u00a0<em>Ja i moja rodzina; <\/em>Konkurs literacki; <em>Jeden dzie\u0144 z \u017cycia mojej rodziny &#8211; <\/em>2022<\/a><\/li>\n<li><a href=\"https:\/\/pbp.womczest.edu.pl\/new\/miedzyszkolny-mol-biblioteczny-2021-2022\/\">Mi\u0119dzyszkolny M\u00f3l Biblioteczny 2021\/2022<\/a><\/li>\n<li><a href=\"https:\/\/pbp.womczest.edu.pl\/new\/miedzygminny-mistrz-i-wicemistrz-ortografii-2022\/\">Mi\u0119dzygminny Mistrz i Wicemistrz Ortografii &#8211; 2022<\/a><\/li>\n<li><a href=\"https:\/\/pbp.womczest.edu.pl\/new\/podsumowanie-konkursu-na-najpiekniejszy-wyrob-rekodzielniczy\/\">Haftowanie, szyde\u0142kowanie, wyszywanie i inne techniki r\u0119kodzielnicze w tradycji \u015bl\u0105skiej &#8211; 2022<\/a><\/li>\n<li><a href=\"https:\/\/pbp.womczest.edu.pl\/new\/litery-znam-wiec-czytam-sam\/\">Litery znam, wi\u0119c czytam sam &#8211; 2022<\/a><\/li>\n<li><a href=\"https:\/\/pbp.womczest.edu.pl\/new\/goralskie-cytanie\/\">&#8222;G\u00f3ralskie Cytanie\u201d Gwarowych Tekst\u00f3w Literatury Regionalnej Cieszyna &#8211; 2021<\/a><\/li>\n<li><a href=\"https:\/\/pbp.womczest.edu.pl\/new\/miedzyszkolny-mol-biblioteczny-2020-2021\/\">Mi\u0119dzyszkolny M\u00f3l Biblioteczny 2020\/2021<\/a><\/li>\n<li><a href=\"https:\/\/pbp.womczest.edu.pl\/new\/jestem-tworczy-jak-ignacy-lukasiewicz\/\">Jestem tw\u00f3rczy jak Ignacy \u0141ukasiewicz &#8211; 2021<\/a><\/li>\n<li><a href=\"https:\/\/pbp.womczest.edu.pl\/new\/jan-pawel-ii-papiez-ludzkich-serc-podsumowanie-konkursu\/\">Jan Pawe\u0142 II \u2013 Papie\u017c ludzkich serc &#8211; 2020<\/a><\/li>\n<li><a href=\"https:\/\/pbp.womczest.edu.pl\/new\/miedzyszkolny-mol-biblioteczny-2019-2020\/\">Mi\u0119dzyszkolny M\u00f3l Biblioteczny 2019\/2020<\/a><\/li>\n<li><a href=\"https:\/\/pbp.womczest.edu.pl\/new\/litery-znam-wiec-czytam-sam-relacja-z-konkursu\/\" target=\"_blank\" rel=\"noopener noreferrer\">Konkurs pi\u0119knego czytania &#8222;Litery znam, wi\u0119c czytam sam&#8221; &#8211; 2019<\/a><\/li>\n<li><a href=\"https:\/\/pbp.womczest.edu.pl\/new\/jaka-to-bajka-podsumowanie-konkursu-czytelniczego\/\" target=\"_blank\" rel=\"noopener noreferrer\">Konkurs czytelniczy &#8222;Jaka to bajka?&#8221; &#8211; 2019<\/a><\/li>\n<li><a href=\"https:\/\/pbp.womczest.edu.pl\/new\/miedzypowiatowy-konkurs-ortograficzny-mistrz-ortografii-2019-relacja\/\" target=\"_blank\" rel=\"noopener noreferrer\">Mi\u0119dzypowiatowy konkurs ortograficzny Mistrz Ortografii 2019<\/a><\/li>\n<li><a href=\"https:\/\/pbp.womczest.edu.pl\/new\/miedzyszkolny-mol-biblioteczny-2018-2019\/\" target=\"_blank\" rel=\"noopener noreferrer\">Mi\u0119dzyszkolny M\u00f3l Biblioteczny 2018\/2019<\/a><\/li>\n<li><a href=\"https:\/\/pbp.womczest.edu.pl\/new\/miedzygminny-mistrz-ortografii-2018\/\" target=\"_blank\" rel=\"noopener noreferrer\">Konkurs: &#8222;Mi\u0119dzygminny Mistrz Ortografii 2018&#8221;<\/a><\/li>\n<li><a href=\"https:\/\/pbp.womczest.edu.pl\/new\/relacja-z-podsumowania-konkursow-czytelniczych\/\" target=\"_blank\" rel=\"noopener noreferrer\">Konkurs \u0142adnego pisania- O Dyrektorskie pi\u00f3ro &#8222;Droga do niepodleg\u0142o\u015bci&#8221; &#8211; 2018<\/a><\/li>\n<li><a href=\"https:\/\/pbp.womczest.edu.pl\/new\/relacja-z-podsumowania-konkursow-czytelniczych\/\" target=\"_blank\" rel=\"noopener noreferrer\">Szkolny konkurs literacko plastyczny &#8222;Ksi\u0105\u017cka przysz\u0142o\u015bci&#8221; &#8211; 2018<\/a><\/li>\n<li><a href=\"https:\/\/pbp.womczest.edu.pl\/new\/konkurs-pieknego-czytania\/\" target=\"_blank\" rel=\"noopener noreferrer\">Konkurs pi\u0119knego czytania &#8211; 2018<\/a><\/li>\n<li><a href=\"https:\/\/pbp.womczest.edu.pl\/new\/konkurs-na-prezentacje-multimedialna-kobieta-i-jej-prawa-2018\/\" target=\"_blank\" rel=\"noopener noreferrer\">Konkurs na prezentacj\u0119 multimedialn\u0105 &#8222;Kobieta i jej prawa&#8221; &#8211; 2018<\/a><\/li>\n<li><a href=\"https:\/\/pbp.womczest.edu.pl\/new\/miedzyszkolny-mol-biblioteczny-2017-2018\/\" target=\"_blank\" rel=\"noopener noreferrer\">Mi\u0119dzyszkolny M\u00f3l Biblioteczny 2017\/2018<\/a><\/li>\n<li><a href=\"https:\/\/pbp.womczest.edu.pl\/new\/kontakt\/lelow\/konkursy-filia-lelow\/ksiazka-ktora-warto-przeczytac-list-do-kolegi-lub-kolezanki-podsumowanie-konkursu-literackiego\/\" target=\"_blank\" rel=\"noopener noreferrer\">Konkurs literacki\u00a0 &#8222;Ksi\u0105\u017cka, kt\u00f3r\u0105 warto przeczyta\u0107\u2026- list do kolegi lub kole\u017canki&#8221; &#8211; 2017<\/a><\/li>\n<li><a href=\"https:\/\/pbp.womczest.edu.pl\/new\/kontakt\/lelow\/konkursy-filia-lelow\/mistrz-ortografii-2017\/\" target=\"_blank\" rel=\"noopener noreferrer\">Konkurs: &#8222;Mi\u0119dzygminny Mistrz Ortografii 2017&#8221;<\/a><\/li>\n<li><a href=\"https:\/\/pbp.womczest.edu.pl\/new\/kontakt\/lelow\/konkursy-filia-lelow\/konkurs-pieknego-czytania-2017\/\" target=\"_blank\" rel=\"noopener noreferrer\">Konkurs pi\u0119knego czytania &#8211; 2017<\/a><\/li>\n<li><a href=\"https:\/\/pbp.womczest.edu.pl\/new\/kontakt\/lelow\/konkursy-filia-lelow\/brat-albert-uczy-nas-dobroci-rozstrzygniecie-konkursu-dla-uczniow-gimnazjow\/\" target=\"_blank\" rel=\"noopener noreferrer\">&#8222;Brat Albert uczy nas dobroci&#8221; &#8211; rozstrzygni\u0119cie konkursu dla uczni\u00f3w gimnazj\u00f3w &#8211; 2017<\/a><\/li>\n<li><a href=\"https:\/\/pbp.womczest.edu.pl\/new\/kontakt\/lelow\/konkursy-filia-lelow\/konkurs-plastyczny-plynie-wisla-plynie\/\" target=\"_blank\" rel=\"noopener noreferrer\">Konkurs plastyczny &#8222;P\u0142ynie Wis\u0142a p\u0142ynie&#8221; &#8211; 2017<\/a><\/li>\n<li><a href=\"https:\/\/pbp.womczest.edu.pl\/new\/brat-albert-uczy-nas-dobroci-wyniki-konkursu-historycznego\/\" target=\"_blank\" rel=\"noopener noreferrer\">Brat Albert uczy nas dobroci &#8211; 2017<\/a><\/li>\n<li><a href=\"https:\/\/pbp.womczest.edu.pl\/new\/kontakt\/lelow\/konkursy-filia-lelow\/miedzyszkolny-mol-biblioteczny-20162017\/\" target=\"_blank\" rel=\"noopener noreferrer\">Mi\u0119dzyszkolny M\u00f3l Biblioteczny 2016\/2017<\/a><\/li>\n<li><a href=\"https:\/\/pbp.womczest.edu.pl\/new\/lekturolandia-podsumowanie-konkursu-na-najciekawszy-dzienniczek-lektur-w-szkole\/\">&#8222;Lekturolandia&#8221; &#8211; 2016<\/a><\/li>\n<li><a href=\"https:\/\/pbp.womczest.edu.pl\/new\/kontakt\/lelow\/konkursy-filia-lelow\/konkurs-pieknego-czytania-2016\/\">Konkurs pi\u0119knego czytania &#8211; 2016<\/a><\/li>\n<li><a href=\"https:\/\/pbp.womczest.edu.pl\/new\/kontakt\/lelow\/konkursy-filia-lelow\/miedzygminny-mistrz-ortografii-2015\/\">Konkurs: &#8222;Mi\u0119dzygminny Mistrz Ortografii 2015&#8221;<\/a><\/li>\n<li><a href=\"https:\/\/pbp.womczest.edu.pl\/new\/kontakt\/lelow\/konkursy-filia-lelow\/konkurs-pieknego-czytania-2015\/\">Konkurs pi\u0119knego czytania &#8211; 2015<\/a><\/li>\n<li><a href=\"https:\/\/pbp.womczest.edu.pl\/new\/kontakt\/lelow\/konkursy-filia-lelow\/konkurs-frazeologiczny-2015\/\">Konkurs frazeologiczny &#8211; 2015<\/a><\/li>\n<li><a href=\"https:\/\/pbp.womczest.edu.pl\/new\/kontakt\/lelow\/konkursy-filia-lelow\/konkurs-plastyczny-wesola-zima\/\">Konkurs plastyczny &#8222;Weso\u0142a zima&#8221; &#8211; 2015<\/a><\/li>\n<li><a href=\"https:\/\/pbp.womczest.edu.pl\/new\/kontakt\/lelow\/konkursy-filia-lelow\/szkolny-konkurs-grafiki-komputerowej\/\">Szkolny Konkurs Grafiki Komputerowej &#8211; 2014<\/a><\/li>\n<li><a href=\"https:\/\/pbp.womczest.edu.pl\/new\/kontakt\/lelow\/konkursy-filia-lelow\/konkurs-czytelniczy-legendy-i-podania-godne-poznania-przeznaczony-dla-uczniow-klas-iv-vi\/\">Konkurs czytelniczy: &#8222;Legendy i podania godne poznania&#8221; &#8211; 2014<\/a><\/li>\n<li><a href=\"https:\/\/pbp.womczest.edu.pl\/new\/kontakt\/lelow\/konkursy-filia-lelow\/gminny-mistrz-ortografii-2014\/\">Konkurs: \u201eGminny Mistrz Ortografii\u00a0 2014\u201d<\/a><\/li>\n<li><a href=\"https:\/\/pbp.womczest.edu.pl\/new\/kontakt\/lelow\/konkursy-filia-lelow\/moja-ulubiona-postac-bajkowa\/\" target=\"_blank\" rel=\"noopener noreferrer\">Konkurs plastyczny przeznaczony dla uczni\u00f3w klas I\u2013III Szko\u0142y Podstawowej Zespo\u0142u Szkolno Przedszkolnego w Lelowie: \u201eMoja ulubiona posta\u0107 bajkowa\u201d &#8211; 2014<\/a><\/li>\n<li><a href=\"https:\/\/pbp.womczest.edu.pl\/new\/kontakt\/lelow\/konkursy-filia-lelow\/konkurs-najaktywniej-czytajaca-klasa-w-szkole-dla-uczniow-wszystkich-klas-szkoly-podstawowej-w-lelowie\/\" target=\"_blank\" rel=\"noopener noreferrer\">Konkurs: \u201eNajaktywniej czytaj\u0105ca klasa w szkole\u201d dla uczni\u00f3w wszystkich klas Szko\u0142y Podstawowej w Lelowie &#8211; 2013<\/a><\/li>\n<li><a href=\"https:\/\/pbp.womczest.edu.pl\/new\/kontakt\/lelow\/konkursy-filia-lelow\/3526-2\/\" target=\"_blank\" rel=\"noopener noreferrer\">Konkurs wiedzy: \u201ePolscy laureaci Nagrody Nobla\u201d &#8211; 2013<\/a><\/li>\n<li><a href=\"https:\/\/pbp.womczest.edu.pl\/new\/kontakt\/lelow\/konkursy-filia-lelow\/konkurs-recytatorski-wierszy-juliana-tuwima-sprawozdanie\/\" target=\"_blank\" rel=\"noopener noreferrer\">Gminny Konkurs Recytatorski wierszy Juliana Tuwima &#8211; 2013<\/a><\/li>\n<li><a href=\"https:\/\/pbp.womczest.edu.pl\/new\/kontakt\/lelow\/konkursy-filia-lelow\/ojciec-swiety-jan-pawel-ii-sprawozdanie-z-konkursu\/\">Konkurs: \u201eOjciec \u015awi\u0119ty Jan Pawe\u0142 II\u201d &#8211; 2012<\/a><\/li>\n<li><a href=\"https:\/\/pbp.womczest.edu.pl\/new\/kontakt\/lelow\/konkursy-filia-lelow\/konkurs-swietnie-znam-te-ksiazki\/\" target=\"_blank\" rel=\"noopener noreferrer\">Konkurs: \u201e\u015awietnie znam te ksi\u0105\u017cki\u201d &#8211; 2012<\/a><\/li>\n<li><a href=\"https:\/\/pbp.womczest.edu.pl\/new\/kontakt\/lelow\/konkursy-filia-lelow\/konkurs-gminny-mistrz-ortografii-2012\/\" target=\"_blank\" rel=\"noopener noreferrer\">Konkurs: \u201eGminny Mistrz Ortografii 2012\u201d<\/a><\/li>\n<\/ul>\n<p><!--more--><\/p>\n","protected":false},"excerpt":{"rendered":"<p>Mi\u0119dzyszkolny M\u00f3l Biblioteczny 2023\/2024 Konkurs plastyczny\u00a0\u201eBy\u0142 sobie pewien Mi\u015b\u201d &#8211; 2023 Mi\u0119dzyszkolny konkurs pi\u0119knego czytania \u201eLitery znam, wi\u0119c czytam sam\u201d &#8211; 2023 Mi\u0119dzyszkolny M\u00f3l Biblioteczny 2022\/2023 IX edycja konkursu ortograficznego Mi\u0119dzygminny Mistrz i Wicemistrz Ortografii &#8211; 2023 Konkurs plastyczny\u00a0Ja i moja rodzina; Konkurs literacki; Jeden dzie\u0144 z \u017cycia mojej rodziny &#8211; 2022 Mi\u0119dzyszkolny M\u00f3l Biblioteczny 2021\/2022 Mi\u0119dzygminny Mistrz i Wicemistrz Ortografii &#8211; 2022 Haftowanie, szyde\u0142kowanie, wyszywanie i inne techniki r\u0119kodzielnicze<span class=\"ellipsis\">&hellip;<\/span><\/p>\n<div class=\"read-more\"><a href=\"https:\/\/pbp.womczest.edu.pl\/new\/kontakt\/lelow\/konkursy-filia-lelow\/\">Czytaj wi\u0119cej &#8250;<\/a><\/div>\n<p><!-- end of .read-more --><\/p>\n","protected":false},"author":3,"featured_media":0,"parent":3158,"menu_order":0,"comment_status":"closed","ping_status":"open","template":"","meta":{"footnotes":""},"jetpack_sharing_enabled":true,"jetpack_shortlink":"https:\/\/wp.me\/PgmV4H-Um","_links":{"self":[{"href":"https:\/\/pbp.womczest.edu.pl\/new\/wp-json\/wp\/v2\/pages\/3494"}],"collection":[{"href":"https:\/\/pbp.womczest.edu.pl\/new\/wp-json\/wp\/v2\/pages"}],"about":[{"href":"https:\/\/pbp.womczest.edu.pl\/new\/wp-json\/wp\/v2\/types\/page"}],"author":[{"embeddable":true,"href":"https:\/\/pbp.womczest.edu.pl\/new\/wp-json\/wp\/v2\/users\/3"}],"replies":[{"embeddable":true,"href":"https:\/\/pbp.womczest.edu.pl\/new\/wp-json\/wp\/v2\/comments?post=3494"}],"version-history":[{"count":79,"href":"https:\/\/pbp.womczest.edu.pl\/new\/wp-json\/wp\/v2\/pages\/3494\/revisions"}],"predecessor-version":[{"id":25373,"href":"https:\/\/pbp.womczest.edu.pl\/new\/wp-json\/wp\/v2\/pages\/3494\/revisions\/25373"}],"up":[{"embeddable":true,"href":"https:\/\/pbp.womczest.edu.pl\/new\/wp-json\/wp\/v2\/pages\/3158"}],"wp:attachment":[{"href":"https:\/\/pbp.womczest.edu.pl\/new\/wp-json\/wp\/v2\/media?parent=3494"}],"curies":[{"name":"wp","href":"https:\/\/api.w.org\/{rel}","templated":true}]}}