


{"id":3489,"date":"2015-05-15T14:24:13","date_gmt":"2015-05-15T12:24:13","guid":{"rendered":"https:\/\/pbp.womczest.edu.pl\/new\/?page_id=3489"},"modified":"2020-08-18T12:57:21","modified_gmt":"2020-08-18T10:57:21","slug":"katalogi-online-filia-lelow","status":"publish","type":"page","link":"https:\/\/pbp.womczest.edu.pl\/new\/kontakt\/lelow\/katalogi-online-filia-lelow\/","title":{"rendered":"Katalogi online &#8211; Filia Lel\u00f3w"},"content":{"rendered":"<hr \/>\n<p><span style=\"color: #1a4a88; font-size: large;\"><span style=\"font-size: medium;\"><span style=\"color: #1a4a88;\"><strong><a href=\"http:\/\/www.sowa.womczest.edu.pl\/\" target=\"_blank\" rel=\"noopener noreferrer\"><span style=\"text-decoration: underline;\">Katalogi online<\/span><\/a><\/strong><\/span><\/span><\/span><\/p>\n<p>Informujemy, \u017ce katalogi online zawieraj\u0105 opisy zbior\u00f3w gromadzonych w Publicznej Bibliotece Pedagogicznej w Cz\u0119stochowie oraz jej filiach w K\u0142obucku, Lelowie, Lubli\u0144cu i Myszkowie.<\/p>\n<p>Czytelnicy korzystaj\u0105cy z katalog\u00f3w online spotkaj\u0105 si\u0119 z adnotacj\u0105 <em>dost\u0119pno\u015b\u0107 nieokre\u015blona<\/em>, umieszczon\u0105 przy sygnaturze. Okre\u015blenie to jest czasowe i wynika z realizacji kolejnego etapu komputeryzacji. Nie jest to informacja o faktycznej dost\u0119pno\u015bci zbior\u00f3w.<\/p>\n<p>W przypadku filii informacj\u0119 o dost\u0119pno\u015bci ksi\u0105\u017cki mo\u017cna uzyska\u0107 tylko drog\u0105 telefoniczn\u0105 lub za po\u015brednictwem poczty elektronicznej.<\/p>\n<p>PBP Filia w K\u0142obucku &#8211; 34 317 33 69\u00a0 <a href=\"mailto:klbp@womczest.edu.pl\" target=\"_blank\" rel=\"noopener noreferrer\">klbp@womczest.edu.pl<\/a><br \/>\nPBP Filia w Lubli\u0144cu &#8211; 34 351 17 98\u00a0 <a href=\"mailto:lubp@womczest.edu.pl\" target=\"_blank\" rel=\"noopener noreferrer\">lubp@womczest.edu.pl<\/a><br \/>\nPBP Filia w Lelowie &#8211;\u00a0 34 355 00 99\u00a0 <a href=\"mailto:lebp@womczest.edu.pl\" target=\"_blank\" rel=\"noopener noreferrer\">lebp@womczest.edu.pl<\/a><br \/>\nPBP Filia w Myszkowie &#8211; 34 313 44 94\u00a0 <a href=\"mailto:mybp@womczest.edu.pl\" target=\"_blank\" rel=\"noopener noreferrer\">mybp@womczest.edu.pl<\/a><br \/>\nMo\u017cliwo\u015b\u0107 elektronicznej rezerwacji i zamawiania zbior\u00f3w posiadaj\u0105 obecnie tylko czytelnicy zarejestrowani w PBP w Cz\u0119stochowie.<\/p>\n","protected":false},"excerpt":{"rendered":"<p>Katalogi online Informujemy, \u017ce katalogi online zawieraj\u0105 opisy zbior\u00f3w gromadzonych w Publicznej Bibliotece Pedagogicznej w Cz\u0119stochowie oraz jej filiach w K\u0142obucku, Lelowie, Lubli\u0144cu i Myszkowie. Czytelnicy korzystaj\u0105cy z katalog\u00f3w online spotkaj\u0105 si\u0119 z adnotacj\u0105 dost\u0119pno\u015b\u0107 nieokre\u015blona, umieszczon\u0105 przy sygnaturze. Okre\u015blenie to jest czasowe i wynika z realizacji kolejnego etapu komputeryzacji. Nie jest to informacja o faktycznej dost\u0119pno\u015bci zbior\u00f3w. W przypadku filii informacj\u0119 o dost\u0119pno\u015bci ksi\u0105\u017cki mo\u017cna uzyska\u0107 tylko drog\u0105 telefoniczn\u0105<span class=\"ellipsis\">&hellip;<\/span><\/p>\n<div class=\"read-more\"><a href=\"https:\/\/pbp.womczest.edu.pl\/new\/kontakt\/lelow\/katalogi-online-filia-lelow\/\">Czytaj wi\u0119cej &#8250;<\/a><\/div>\n<p><!-- end of .read-more --><\/p>\n","protected":false},"author":3,"featured_media":0,"parent":3158,"menu_order":0,"comment_status":"closed","ping_status":"open","template":"","meta":{"footnotes":""},"jetpack_sharing_enabled":true,"jetpack_shortlink":"https:\/\/wp.me\/PgmV4H-Uh","_links":{"self":[{"href":"https:\/\/pbp.womczest.edu.pl\/new\/wp-json\/wp\/v2\/pages\/3489"}],"collection":[{"href":"https:\/\/pbp.womczest.edu.pl\/new\/wp-json\/wp\/v2\/pages"}],"about":[{"href":"https:\/\/pbp.womczest.edu.pl\/new\/wp-json\/wp\/v2\/types\/page"}],"author":[{"embeddable":true,"href":"https:\/\/pbp.womczest.edu.pl\/new\/wp-json\/wp\/v2\/users\/3"}],"replies":[{"embeddable":true,"href":"https:\/\/pbp.womczest.edu.pl\/new\/wp-json\/wp\/v2\/comments?post=3489"}],"version-history":[{"count":3,"href":"https:\/\/pbp.womczest.edu.pl\/new\/wp-json\/wp\/v2\/pages\/3489\/revisions"}],"predecessor-version":[{"id":26833,"href":"https:\/\/pbp.womczest.edu.pl\/new\/wp-json\/wp\/v2\/pages\/3489\/revisions\/26833"}],"up":[{"embeddable":true,"href":"https:\/\/pbp.womczest.edu.pl\/new\/wp-json\/wp\/v2\/pages\/3158"}],"wp:attachment":[{"href":"https:\/\/pbp.womczest.edu.pl\/new\/wp-json\/wp\/v2\/media?parent=3489"}],"curies":[{"name":"wp","href":"https:\/\/api.w.org\/{rel}","templated":true}]}}