


{"id":3162,"date":"2015-05-14T12:10:07","date_gmt":"2015-05-14T10:10:07","guid":{"rendered":"https:\/\/pbp.womczest.edu.pl\/new\/?page_id=3162"},"modified":"2025-09-09T10:20:58","modified_gmt":"2025-09-09T08:20:58","slug":"myszkow","status":"publish","type":"page","link":"https:\/\/pbp.womczest.edu.pl\/new\/kontakt\/myszkow\/","title":{"rendered":"Myszk\u00f3w"},"content":{"rendered":"<p><img decoding=\"async\" loading=\"lazy\" class=\"alignnone size-medium wp-image-22199 aligncenter\" src=\"https:\/\/pbp.womczest.edu.pl\/new\/wp-content\/uploads\/2023\/03\/logo_PBP_2023_myszkow-300x219.jpg\" alt=\"\" width=\"300\" height=\"219\" srcset=\"https:\/\/pbp.womczest.edu.pl\/new\/wp-content\/uploads\/2023\/03\/logo_PBP_2023_myszkow-300x219.jpg 300w, https:\/\/pbp.womczest.edu.pl\/new\/wp-content\/uploads\/2023\/03\/logo_PBP_2023_myszkow-1000x731.jpg 1000w, https:\/\/pbp.womczest.edu.pl\/new\/wp-content\/uploads\/2023\/03\/logo_PBP_2023_myszkow-768x561.jpg 768w, https:\/\/pbp.womczest.edu.pl\/new\/wp-content\/uploads\/2023\/03\/logo_PBP_2023_myszkow-100x73.jpg 100w, https:\/\/pbp.womczest.edu.pl\/new\/wp-content\/uploads\/2023\/03\/logo_PBP_2023_myszkow-150x110.jpg 150w, https:\/\/pbp.womczest.edu.pl\/new\/wp-content\/uploads\/2023\/03\/logo_PBP_2023_myszkow-200x146.jpg 200w, https:\/\/pbp.womczest.edu.pl\/new\/wp-content\/uploads\/2023\/03\/logo_PBP_2023_myszkow-450x329.jpg 450w, https:\/\/pbp.womczest.edu.pl\/new\/wp-content\/uploads\/2023\/03\/logo_PBP_2023_myszkow-600x438.jpg 600w, https:\/\/pbp.womczest.edu.pl\/new\/wp-content\/uploads\/2023\/03\/logo_PBP_2023_myszkow-900x658.jpg 900w, https:\/\/pbp.womczest.edu.pl\/new\/wp-content\/uploads\/2023\/03\/logo_PBP_2023_myszkow.jpg 1047w\" sizes=\"(max-width: 300px) 100vw, 300px\" \/><\/p>\n<div style=\"text-align: center;\">\n<div>\n<p>42-300 Myszk\u00f3w, ul.\u00a0Pu\u0142askiego 7\/210<br \/>\ntel. 34 313 44 94<br \/>\n<a href=\"mailto:mybp@womczest.edu.pl\">mybp@womczest.edu.pl<\/a><\/p>\n<div><strong>Nauczyciel bibliotekarz:<\/strong><br \/>\nnauczyciel bibliotekarz &#8211; Beata Loch &#8211; <a href=\"mailto:loch@womczest.edu.pl\">loch@womczest.edu.pl<\/a><\/div>\n<\/div>\n<\/div>\n<div>\n<hr \/>\n<\/div>\n<p style=\"text-align: center;\"><strong>Biblioteka jest czynna w godzinach:<\/strong><br \/>\n<strong>poniedzia\u0142ek, \u015broda, czwartek, pi\u0105tek \u2013 8.00-15.00<br \/>\n<\/strong><strong>wtorek \u2013 11.00-18.00<\/strong><br \/>\n<strong>pierwsza lub druga sobota miesi\u0105ca wrzesie\u0144-czerwiec &#8211; 8.00-13.00<\/strong><\/p>\n<p style=\"text-align: center;\"><strong>Dy\u017cury sobotnie biblioteki:<br \/>\n<\/strong>7 wrze\u015bnia, 5 pa\u017adziernika, 9 listopada, 7 grudnia 2024\u00a0r.<br \/>\n1 marca, 5 kwietnia, 10 maja, 7 czerwca 2025 r.<\/p>\n<hr \/>\n<div id=\"attachment_25643\" style=\"width: 351px\" class=\"wp-caption aligncenter\"><a href=\"https:\/\/www.facebook.com\/people\/Publiczna-Biblioteka-Pedagogiczna-RODN-WOM-w-Cz%25C4%2599stochowie-Filia-w-Myszkowie\/61566270583831\/\"><img aria-describedby=\"caption-attachment-25643\" decoding=\"async\" loading=\"lazy\" class=\"wp-image-25643\" src=\"https:\/\/pbp.womczest.edu.pl\/new\/wp-content\/uploads\/2024\/10\/FB-logo.png\" alt=\"na granatowym tle bia\u0142y napis facebook\" width=\"341\" height=\"170\" srcset=\"https:\/\/pbp.womczest.edu.pl\/new\/wp-content\/uploads\/2024\/10\/FB-logo.png 640w, https:\/\/pbp.womczest.edu.pl\/new\/wp-content\/uploads\/2024\/10\/FB-logo-300x150.png 300w, https:\/\/pbp.womczest.edu.pl\/new\/wp-content\/uploads\/2024\/10\/FB-logo-100x50.png 100w, https:\/\/pbp.womczest.edu.pl\/new\/wp-content\/uploads\/2024\/10\/FB-logo-150x75.png 150w, https:\/\/pbp.womczest.edu.pl\/new\/wp-content\/uploads\/2024\/10\/FB-logo-200x100.png 200w, https:\/\/pbp.womczest.edu.pl\/new\/wp-content\/uploads\/2024\/10\/FB-logo-450x224.png 450w, https:\/\/pbp.womczest.edu.pl\/new\/wp-content\/uploads\/2024\/10\/FB-logo-600x299.png 600w\" sizes=\"(max-width: 341px) 100vw, 341px\" \/><\/a><p id=\"caption-attachment-25643\" class=\"wp-caption-text\"><span style=\"color: #800000;\"><strong>\u00a0 \u00a0 \u00a0 \u00a0 \u00a0 POLUB I UDOST\u0118PNIJ NASZ PROFIL!<\/strong><\/span><\/p><\/div>\n<p><a href=\"https:\/\/pbp.womczest.edu.pl\/new\/wp-content\/uploads\/2024\/10\/QR_MYSZKOW.jpg\"><img decoding=\"async\" loading=\"lazy\" class=\"aligncenter wp-image-25654\" src=\"https:\/\/pbp.womczest.edu.pl\/new\/wp-content\/uploads\/2024\/10\/QR_MYSZKOW.jpg\" alt=\"KOD qr Filii w Myszkowie\" width=\"215\" height=\"215\" srcset=\"https:\/\/pbp.womczest.edu.pl\/new\/wp-content\/uploads\/2024\/10\/QR_MYSZKOW.jpg 420w, https:\/\/pbp.womczest.edu.pl\/new\/wp-content\/uploads\/2024\/10\/QR_MYSZKOW-300x300.jpg 300w, https:\/\/pbp.womczest.edu.pl\/new\/wp-content\/uploads\/2024\/10\/QR_MYSZKOW-150x150.jpg 150w, https:\/\/pbp.womczest.edu.pl\/new\/wp-content\/uploads\/2024\/10\/QR_MYSZKOW-100x100.jpg 100w, https:\/\/pbp.womczest.edu.pl\/new\/wp-content\/uploads\/2024\/10\/QR_MYSZKOW-200x200.jpg 200w\" sizes=\"(max-width: 215px) 100vw, 215px\" \/><\/a><\/p>\n","protected":false},"excerpt":{"rendered":"<p>42-300 Myszk\u00f3w, ul.\u00a0Pu\u0142askiego 7\/210 tel. 34 313 44 94 mybp@womczest.edu.pl Nauczyciel bibliotekarz: nauczyciel bibliotekarz &#8211; Beata Loch &#8211; loch@womczest.edu.pl Biblioteka jest czynna w godzinach: poniedzia\u0142ek, \u015broda, czwartek, pi\u0105tek \u2013 8.00-15.00 wtorek \u2013 11.00-18.00 pierwsza lub druga sobota miesi\u0105ca wrzesie\u0144-czerwiec &#8211; 8.00-13.00 Dy\u017cury sobotnie biblioteki: 7 wrze\u015bnia, 5 pa\u017adziernika, 9 listopada, 7 grudnia 2024\u00a0r. 1 marca, 5 kwietnia, 10 maja, 7 czerwca 2025 r.<\/p>\n","protected":false},"author":2,"featured_media":0,"parent":3154,"menu_order":0,"comment_status":"closed","ping_status":"open","template":"","meta":{"footnotes":""},"jetpack_sharing_enabled":true,"jetpack_shortlink":"https:\/\/wp.me\/PgmV4H-P0","_links":{"self":[{"href":"https:\/\/pbp.womczest.edu.pl\/new\/wp-json\/wp\/v2\/pages\/3162"}],"collection":[{"href":"https:\/\/pbp.womczest.edu.pl\/new\/wp-json\/wp\/v2\/pages"}],"about":[{"href":"https:\/\/pbp.womczest.edu.pl\/new\/wp-json\/wp\/v2\/types\/page"}],"author":[{"embeddable":true,"href":"https:\/\/pbp.womczest.edu.pl\/new\/wp-json\/wp\/v2\/users\/2"}],"replies":[{"embeddable":true,"href":"https:\/\/pbp.womczest.edu.pl\/new\/wp-json\/wp\/v2\/comments?post=3162"}],"version-history":[{"count":66,"href":"https:\/\/pbp.womczest.edu.pl\/new\/wp-json\/wp\/v2\/pages\/3162\/revisions"}],"predecessor-version":[{"id":26834,"href":"https:\/\/pbp.womczest.edu.pl\/new\/wp-json\/wp\/v2\/pages\/3162\/revisions\/26834"}],"up":[{"embeddable":true,"href":"https:\/\/pbp.womczest.edu.pl\/new\/wp-json\/wp\/v2\/pages\/3154"}],"wp:attachment":[{"href":"https:\/\/pbp.womczest.edu.pl\/new\/wp-json\/wp\/v2\/media?parent=3162"}],"curies":[{"name":"wp","href":"https:\/\/api.w.org\/{rel}","templated":true}]}}