


{"id":3154,"date":"2015-05-14T12:08:21","date_gmt":"2015-05-14T10:08:21","guid":{"rendered":"https:\/\/pbp.womczest.edu.pl\/new\/?page_id=3154"},"modified":"2021-11-30T10:36:05","modified_gmt":"2021-11-30T09:36:05","slug":"kontakt","status":"publish","type":"page","link":"https:\/\/pbp.womczest.edu.pl\/new\/kontakt\/","title":{"rendered":"Kontakt"},"content":{"rendered":"<hr \/>\n<ul>\n<li><a href=\"https:\/\/pbp.womczest.edu.pl\/new\/kontakt\/czestochowa\/\" target=\"_self\" rel=\"noopener\">Cz\u0119stochowa<\/a><\/li>\n<li><a href=\"https:\/\/pbp.womczest.edu.pl\/new\/kontakt\/lelow\/\" target=\"_self\" rel=\"noopener\">Lel\u00f3w &#8211; filia<\/a><\/li>\n<li><a href=\"https:\/\/pbp.womczest.edu.pl\/new\/kontakt\/lubliniec\/\" target=\"_self\" rel=\"noopener\">Lubliniec &#8211; filia<\/a><\/li>\n<li><a href=\"https:\/\/pbp.womczest.edu.pl\/new\/kontakt\/myszkow\/\" target=\"_self\" rel=\"noopener\">Myszk\u00f3w &#8211; filia<\/a><\/li>\n<\/ul>\n","protected":false},"excerpt":{"rendered":"<p>Cz\u0119stochowa Lel\u00f3w &#8211; filia Lubliniec &#8211; filia Myszk\u00f3w &#8211; filia<\/p>\n","protected":false},"author":2,"featured_media":0,"parent":0,"menu_order":0,"comment_status":"closed","ping_status":"open","template":"","meta":{"footnotes":""},"jetpack_sharing_enabled":true,"jetpack_shortlink":"https:\/\/wp.me\/PgmV4H-OS","_links":{"self":[{"href":"https:\/\/pbp.womczest.edu.pl\/new\/wp-json\/wp\/v2\/pages\/3154"}],"collection":[{"href":"https:\/\/pbp.womczest.edu.pl\/new\/wp-json\/wp\/v2\/pages"}],"about":[{"href":"https:\/\/pbp.womczest.edu.pl\/new\/wp-json\/wp\/v2\/types\/page"}],"author":[{"embeddable":true,"href":"https:\/\/pbp.womczest.edu.pl\/new\/wp-json\/wp\/v2\/users\/2"}],"replies":[{"embeddable":true,"href":"https:\/\/pbp.womczest.edu.pl\/new\/wp-json\/wp\/v2\/comments?post=3154"}],"version-history":[{"count":3,"href":"https:\/\/pbp.womczest.edu.pl\/new\/wp-json\/wp\/v2\/pages\/3154\/revisions"}],"predecessor-version":[{"id":19314,"href":"https:\/\/pbp.womczest.edu.pl\/new\/wp-json\/wp\/v2\/pages\/3154\/revisions\/19314"}],"wp:attachment":[{"href":"https:\/\/pbp.womczest.edu.pl\/new\/wp-json\/wp\/v2\/media?parent=3154"}],"curies":[{"name":"wp","href":"https:\/\/api.w.org\/{rel}","templated":true}]}}