


{"id":2653,"date":"2015-05-12T09:33:05","date_gmt":"2015-05-12T07:33:05","guid":{"rendered":"https:\/\/pbp.womczest.edu.pl\/new\/?page_id=2653"},"modified":"2025-05-06T12:06:35","modified_gmt":"2025-05-06T10:06:35","slug":"oferta-wspomagania","status":"publish","type":"page","link":"https:\/\/pbp.womczest.edu.pl\/new\/wspomaganie\/oferta-wspomagania\/","title":{"rendered":"Oferta wspomagania"},"content":{"rendered":"<h3 style=\"text-align: left;\"><a href=\"https:\/\/www.womczest.edu.pl\/\"><strong><span style=\"color: #800000;\">OFERTA SZKOLE\u0143 RODN &#8222;WOM&#8221; W CZ\u0118STOCHOWIE\u00a0<\/span><\/strong><\/a><\/h3>\n<p>&nbsp;<\/p>\n<p><strong>Oferta szkole\u0144 dla nauczycieli bibliotekarzy:<\/strong><\/p>\n<h3><span style=\"color: #800000;\"><strong>WIDEOKONFERENCJE<\/strong><\/span><\/h3>\n<p><strong><span style=\"color: #800000;\">Temat: <strong>Rola nauczyciela bibliotekarza w profilaktyce cyberprzemocy i innych zagro\u017ce\u0144 internetowych<\/strong><\/span><\/strong><br \/>\n<strong>Grupa docelowa:<\/strong> nauczyciele bibliotekarze<br \/>\n<strong>Forma: <\/strong>wideokonferencja<br \/>\n<strong>Prowadz\u0105cy: <\/strong>Katarzyna Kucharzewska, Marta Ma\u0142ek<br \/>\n<strong>Termin: <\/strong><span style=\"font-weight: 400;\">16.06.2025 r., godz. <\/span><span style=\"font-weight: 400;\">15.30-17.00<br \/>\n<\/span><strong>Miejsce: <span style=\"font-weight: 400;\">Clickmeeting<\/span><\/strong><br \/>\n<a href=\"https:\/\/www.womczest.edu.pl\/szkolenia\/oferta-nauczyciele-bibliotekarze\"><strong>Karta zg\u0142oszenia<\/strong><\/a><\/p>\n<h3><span style=\"color: #800000;\"><strong>SZKOLENIA NA PLATFORMIE MOODLE PBP<br \/>\n<\/strong><\/span><\/h3>\n<p><span style=\"color: #800000;\"><strong>Temat: Padlet &#8211; wykorzystanie sztucznej inteligencji\u00a0 do tworzenia wirtualnych tablic\u00a0<\/strong><\/span><br \/>\n<strong>Grupa docelowa<\/strong>: nauczyciele bibliotekarze<br \/>\n<strong>Forma<\/strong>: Moodle PBP<br \/>\n<strong>Prowadz\u0105cy<\/strong>: Ernest Pidzik<br \/>\n<strong>Termin<\/strong>: <span style=\"font-weight: 400;\">26. 05-06. 06. <\/span><span style=\"font-weight: 400;\">2025 r.<\/span><strong>Miejsce<\/strong>: Platforma MOODLE PBP<br \/>\n<a href=\"https:\/\/www.womczest.edu.pl\/szkolenia\/oferta-nauczyciele-bibliotekarze\"><strong>Karta zg\u0142oszenia<\/strong><\/a><\/p>\n<p>&nbsp;<\/p>\n","protected":false},"excerpt":{"rendered":"<p>OFERTA SZKOLE\u0143 RODN &#8222;WOM&#8221; W CZ\u0118STOCHOWIE\u00a0 &nbsp; Oferta szkole\u0144 dla nauczycieli bibliotekarzy: WIDEOKONFERENCJE Temat: Rola nauczyciela bibliotekarza w profilaktyce cyberprzemocy i innych zagro\u017ce\u0144 internetowych Grupa docelowa: nauczyciele bibliotekarze Forma: wideokonferencja Prowadz\u0105cy: Katarzyna Kucharzewska, Marta Ma\u0142ek Termin: 16.06.2025 r., godz. 15.30-17.00 Miejsce: Clickmeeting Karta zg\u0142oszenia SZKOLENIA NA PLATFORMIE MOODLE PBP Temat: Padlet &#8211; wykorzystanie sztucznej inteligencji\u00a0 do tworzenia wirtualnych tablic\u00a0 Grupa docelowa: nauczyciele bibliotekarze Forma: Moodle PBP Prowadz\u0105cy: Ernest Pidzik Termin:<span class=\"ellipsis\">&hellip;<\/span><\/p>\n<div class=\"read-more\"><a href=\"https:\/\/pbp.womczest.edu.pl\/new\/wspomaganie\/oferta-wspomagania\/\">Czytaj wi\u0119cej &#8250;<\/a><\/div>\n<p><!-- end of .read-more --><\/p>\n","protected":false},"author":2,"featured_media":0,"parent":2548,"menu_order":0,"comment_status":"closed","ping_status":"open","template":"full-width-page.php","meta":{"footnotes":""},"jetpack_sharing_enabled":true,"jetpack_shortlink":"https:\/\/wp.me\/PgmV4H-GN","_links":{"self":[{"href":"https:\/\/pbp.womczest.edu.pl\/new\/wp-json\/wp\/v2\/pages\/2653"}],"collection":[{"href":"https:\/\/pbp.womczest.edu.pl\/new\/wp-json\/wp\/v2\/pages"}],"about":[{"href":"https:\/\/pbp.womczest.edu.pl\/new\/wp-json\/wp\/v2\/types\/page"}],"author":[{"embeddable":true,"href":"https:\/\/pbp.womczest.edu.pl\/new\/wp-json\/wp\/v2\/users\/2"}],"replies":[{"embeddable":true,"href":"https:\/\/pbp.womczest.edu.pl\/new\/wp-json\/wp\/v2\/comments?post=2653"}],"version-history":[{"count":223,"href":"https:\/\/pbp.womczest.edu.pl\/new\/wp-json\/wp\/v2\/pages\/2653\/revisions"}],"predecessor-version":[{"id":26740,"href":"https:\/\/pbp.womczest.edu.pl\/new\/wp-json\/wp\/v2\/pages\/2653\/revisions\/26740"}],"up":[{"embeddable":true,"href":"https:\/\/pbp.womczest.edu.pl\/new\/wp-json\/wp\/v2\/pages\/2548"}],"wp:attachment":[{"href":"https:\/\/pbp.womczest.edu.pl\/new\/wp-json\/wp\/v2\/media?parent=2653"}],"curies":[{"name":"wp","href":"https:\/\/api.w.org\/{rel}","templated":true}]}}