


{"id":2645,"date":"2015-05-12T09:17:18","date_gmt":"2015-05-12T07:17:18","guid":{"rendered":"https:\/\/pbp.womczest.edu.pl\/new\/?page_id=2645"},"modified":"2015-08-24T09:32:47","modified_gmt":"2015-08-24T07:32:47","slug":"bezpieczenstwo-w-internecie","status":"publish","type":"page","link":"https:\/\/pbp.womczest.edu.pl\/new\/edukacja\/bezpieczenstwo-w-internecie\/","title":{"rendered":"Bezpiecze\u0144stwo w Internecie"},"content":{"rendered":"<hr \/>\n<ul>\n<li><a href=\"https:\/\/pbp.womczest.edu.pl\/images\/stories\/dla_nauczycieli\/bezpieczenstwo_w_sieci\/Jak%20byc%20bezpiecznym%20w%20sieci.pdf\" target=\"_blank\">Jak by\u0107 bezpiecznym w sieci? \u2013 program edukacyjny w Publicznej Bibliotece Pedagogicznej RODN \u201eWOM\u201d w Cz\u0119stochowie<\/a><\/li>\n<li><a href=\"https:\/\/pbp.womczest.edu.pl\/images\/stories\/dla_nauczycieli\/bezpieczenstwo_w_sieci\/bezpieczenstwo_w_internecie_oferta_zajec.pdf\" target=\"_blank\">Oferta zaj\u0119\u0107<\/a><\/li>\n<li><a href=\"https:\/\/pbp.womczest.edu.pl\/new\/edukacja\/bezpieczenstwo-w-internecie\/bezpieczenstwo-w-internecie-zestawienia-bibliograficzne\/\" target=\"_blank\">Internet \u2013 zestawienia bibliograficzne<\/a><\/li>\n<\/ul>\n","protected":false},"excerpt":{"rendered":"<p>Jak by\u0107 bezpiecznym w sieci? \u2013 program edukacyjny w Publicznej Bibliotece Pedagogicznej RODN \u201eWOM\u201d w Cz\u0119stochowie Oferta zaj\u0119\u0107 Internet \u2013 zestawienia bibliograficzne<\/p>\n","protected":false},"author":2,"featured_media":0,"parent":2546,"menu_order":0,"comment_status":"closed","ping_status":"open","template":"","meta":{"footnotes":""},"jetpack_sharing_enabled":true,"jetpack_shortlink":"https:\/\/wp.me\/PgmV4H-GF","_links":{"self":[{"href":"https:\/\/pbp.womczest.edu.pl\/new\/wp-json\/wp\/v2\/pages\/2645"}],"collection":[{"href":"https:\/\/pbp.womczest.edu.pl\/new\/wp-json\/wp\/v2\/pages"}],"about":[{"href":"https:\/\/pbp.womczest.edu.pl\/new\/wp-json\/wp\/v2\/types\/page"}],"author":[{"embeddable":true,"href":"https:\/\/pbp.womczest.edu.pl\/new\/wp-json\/wp\/v2\/users\/2"}],"replies":[{"embeddable":true,"href":"https:\/\/pbp.womczest.edu.pl\/new\/wp-json\/wp\/v2\/comments?post=2645"}],"version-history":[{"count":15,"href":"https:\/\/pbp.womczest.edu.pl\/new\/wp-json\/wp\/v2\/pages\/2645\/revisions"}],"predecessor-version":[{"id":5715,"href":"https:\/\/pbp.womczest.edu.pl\/new\/wp-json\/wp\/v2\/pages\/2645\/revisions\/5715"}],"up":[{"embeddable":true,"href":"https:\/\/pbp.womczest.edu.pl\/new\/wp-json\/wp\/v2\/pages\/2546"}],"wp:attachment":[{"href":"https:\/\/pbp.womczest.edu.pl\/new\/wp-json\/wp\/v2\/media?parent=2645"}],"curies":[{"name":"wp","href":"https:\/\/api.w.org\/{rel}","templated":true}]}}