


{"id":26350,"date":"2025-01-30T12:13:12","date_gmt":"2025-01-30T11:13:12","guid":{"rendered":"https:\/\/pbp.womczest.edu.pl\/new\/?page_id=26350"},"modified":"2025-01-30T12:13:34","modified_gmt":"2025-01-30T11:13:34","slug":"projekt-edukacyjny-czytanie-wartosci-2024-2025","status":"publish","type":"page","link":"https:\/\/pbp.womczest.edu.pl\/new\/projekt-edukacyjny-czytanie-wartosci-2024-2025\/","title":{"rendered":"Projekt edukacyjny &#8222;Czytanie warto\u015bci&#8221; 2024\/2025"},"content":{"rendered":"<p>W styczniu 2025 r. zako\u0144czyli\u015bmy jedenast\u0105 edycj\u0119 spotka\u0144 z uczniami\u00a0 klasy Ia i Ib Zespo\u0142u Szkolno Przedszkolnego w Lelowie w ramach projektu <em>Czytanie warto\u015bci.<\/em><\/p>\n<p>Zaj\u0119cia rozpocz\u0119\u0142y si\u0119 od\u00a0 09.10.2024 r. i trwa\u0142y do 30.01.2025 r. Og\u00f3\u0142em odby\u0142o si\u0119 18 spotka\u0144, kt\u00f3rych celem by\u0142o wprowadzenie uczni\u00f3w w \u015bwiat uniwersalnych warto\u015bci moralnych, budowanie systemu warto\u015bci dziecka, wskazywanie tego co dobre i z\u0142e, rozpoznawanie i nazywanie uczu\u0107 &#8211; emocji, podejmowanie pr\u00f3b kontrolowania swojego zachowania, skierowanie uwagi dzieci na ponadczasowy przekaz warto\u015bci zawartych w bajkach, ba\u015bniach, opowiadaniach. Tematyka czytanych warto\u015bci dotyczy\u0142a nast\u0119puj\u0105cych obszar\u00f3w: zdrowie \u2013 sprawno\u015b\u0107 fizyczna; patriotyzm \u2013 moja ma\u0142a ojczyzna; wra\u017cliwo\u015b\u0107 \u2013 empatia; odpowiedzialno\u015b\u0107 \u2013 dobro-z\u0142o. Tre\u015bci prowadzonych zaj\u0119\u0107 wpisywa\u0142y si\u0119 m.in. w realizacj\u0119 kierunk\u00f3w polityki o\u015bwiatowej pa\u0144stwa w roku szkolnym 2024\/2025.<\/p>\n<p>Uczniowie ch\u0119tnie uczestniczyli w organizowanych zaj\u0119ciach.\u00a0 Potrafili oceni\u0107 zachowanie i post\u0119powanie ksi\u0105\u017ckowych bohater\u00f3w oraz por\u00f3wna\u0107 je do r\u00f3\u017cnych, znanych sobie przyk\u0142ad\u00f3w. Podsumowaniem, a zarazem ewaluacj\u0105 zaj\u0119\u0107 by\u0142 podzia\u0142 przez dzieci cech: na dobre i z\u0142e oraz stworzenie \u201edrzewka dobrych warto\u015bci \u201d.<\/p>\n<p>Zaj\u0119cia zosta\u0142y zorganizowane i przeprowadzone przez nauczycieli bibliotekarzy PBP RODN \u201eWOM\u201d w Cz\u0119stochowie Filia w Lelowie. Wychowawczyniom klasy Ia i Ib dzi\u0119kujemy za wsp\u00f3\u0142prac\u0119.<\/p>\n<p style=\"text-align: right;\"><em>Tekst: Dorota Kulawiak<\/em><\/p>\n","protected":false},"excerpt":{"rendered":"<p>W styczniu 2025 r. zako\u0144czyli\u015bmy jedenast\u0105 edycj\u0119 spotka\u0144 z uczniami\u00a0 klasy Ia i Ib Zespo\u0142u Szkolno Przedszkolnego w Lelowie w ramach projektu Czytanie warto\u015bci. Zaj\u0119cia rozpocz\u0119\u0142y si\u0119 od\u00a0 09.10.2024 r. i trwa\u0142y do 30.01.2025 r. Og\u00f3\u0142em odby\u0142o si\u0119 18 spotka\u0144, kt\u00f3rych celem by\u0142o wprowadzenie uczni\u00f3w w \u015bwiat uniwersalnych warto\u015bci moralnych, budowanie systemu warto\u015bci dziecka, wskazywanie tego co dobre i z\u0142e, rozpoznawanie i nazywanie uczu\u0107 &#8211; emocji, podejmowanie pr\u00f3b kontrolowania swojego<span class=\"ellipsis\">&hellip;<\/span><\/p>\n<div class=\"read-more\"><a href=\"https:\/\/pbp.womczest.edu.pl\/new\/projekt-edukacyjny-czytanie-wartosci-2024-2025\/\">Czytaj wi\u0119cej &#8250;<\/a><\/div>\n<p><!-- end of .read-more --><\/p>\n","protected":false},"author":6,"featured_media":0,"parent":0,"menu_order":0,"comment_status":"closed","ping_status":"closed","template":"full-width-page.php","meta":{"footnotes":""},"jetpack_sharing_enabled":true,"jetpack_shortlink":"https:\/\/wp.me\/PgmV4H-6R0","_links":{"self":[{"href":"https:\/\/pbp.womczest.edu.pl\/new\/wp-json\/wp\/v2\/pages\/26350"}],"collection":[{"href":"https:\/\/pbp.womczest.edu.pl\/new\/wp-json\/wp\/v2\/pages"}],"about":[{"href":"https:\/\/pbp.womczest.edu.pl\/new\/wp-json\/wp\/v2\/types\/page"}],"author":[{"embeddable":true,"href":"https:\/\/pbp.womczest.edu.pl\/new\/wp-json\/wp\/v2\/users\/6"}],"replies":[{"embeddable":true,"href":"https:\/\/pbp.womczest.edu.pl\/new\/wp-json\/wp\/v2\/comments?post=26350"}],"version-history":[{"count":1,"href":"https:\/\/pbp.womczest.edu.pl\/new\/wp-json\/wp\/v2\/pages\/26350\/revisions"}],"predecessor-version":[{"id":26351,"href":"https:\/\/pbp.womczest.edu.pl\/new\/wp-json\/wp\/v2\/pages\/26350\/revisions\/26351"}],"wp:attachment":[{"href":"https:\/\/pbp.womczest.edu.pl\/new\/wp-json\/wp\/v2\/media?parent=26350"}],"curies":[{"name":"wp","href":"https:\/\/api.w.org\/{rel}","templated":true}]}}