


{"id":2633,"date":"2015-05-12T09:13:57","date_gmt":"2015-05-12T07:13:57","guid":{"rendered":"https:\/\/pbp.womczest.edu.pl\/new\/?page_id=2633"},"modified":"2025-04-04T11:38:53","modified_gmt":"2025-04-04T09:38:53","slug":"zajecia-biblioteczne","status":"publish","type":"page","link":"https:\/\/pbp.womczest.edu.pl\/new\/edukacja\/zajecia-biblioteczne\/","title":{"rendered":"Zaj\u0119cia biblioteczne &#8211; oferta"},"content":{"rendered":"<p style=\"text-align: center;\"><span style=\"color: #ff0000;\"><strong>W zwi\u0105zku z przebudow\u0105 strony internetowej biblioteki mog\u0105 pojawi\u0107 si\u0119 problemy techniczne przy wysy\u0142aniu karty zg\u0142oszenia i potwierdzania rezerwacji.\u00a0<\/strong><\/span><\/p>\n<p style=\"text-align: center;\"><span style=\"color: #ff0000;\"><strong>Prosimy korzysta\u0107 z tych dokument\u00f3w poprzez otwieranie strony g\u0142\u00f3wnej biblioteki.<\/strong><\/span><\/p>\n<p style=\"text-align: center;\"><span style=\"color: #ff0000;\"><strong>\u00a0Zak\u0142adka: Edukacja &#8211; zaj\u0119cia biblioteczne &#8211; oferta.\u00a0<\/strong><\/span><\/p>\n<p style=\"text-align: center;\"><span style=\"color: #ff0000;\"><strong>https:\/\/pbp.womczest.edu.pl\/new\/<\/strong> <\/span><\/p>\n<p>Publiczna Biblioteka Pedagogiczna RODN \u201eWOM\u201d w\u00a0Cz\u0119stochowie zaprasza nauczycieli i\u00a0uczni\u00f3w wszystkich typ\u00f3w szk\u00f3\u0142 i\u00a0poziom\u00f3w kszta\u0142cenia na\u00a0zaj\u0119cia promuj\u0105ce edukacj\u0119 czytelnicz\u0105 i\u00a0medialn\u0105.<\/p>\n<p><strong>Aby prawid\u0142owo zarezerwowa\u0107 zaj\u0119cia, nale\u017cy koniecznie:<\/strong><\/p>\n<ol>\n<li>Zapozna\u0107 si\u0119 na naszej stronie internetowej z tematyk\u0105 zaj\u0119\u0107 dla okre\u015blonej grupy wiekowej.<\/li>\n<li>Wys\u0142a\u0107 kart\u0119 zg\u0142oszenia i oczekiwa\u0107 na telefon od pracownika biblioteki (maksymalnie do pi\u0119ciu dni roboczych).<\/li>\n<li>Przy wysy\u0142aniu karty zg\u0142oszenia prosz\u0119 dopilnowa\u0107, aby adres mailowy plac\u00f3wki by\u0142 poprawny.<\/li>\n<li>Ustali\u0107 w rozmowie telefonicznej szczeg\u00f3\u0142y rezerwacji, m.in. dat\u0119, godzin\u0119 i temat zaj\u0119\u0107.<\/li>\n<li>Przes\u0142a\u0107 w ci\u0105gu tygodnia potwierdzenie rezerwacji.<\/li>\n<li>UWAGA! Kart\u0119 zg\u0142oszenia mo\u017ce przes\u0142a\u0107 indywidualnie ka\u017cdy nauczyciel, b\u0105d\u017a te\u017c bibliotekarz szkolny lub inna osoba upowa\u017cniona do zg\u0142oszenia zaj\u0119\u0107 bibliotecznych. Natomiast potwierdzenie rezerwacji konkretnych zaj\u0119\u0107 powinien przes\u0142a\u0107 nauczyciel, kt\u00f3ry b\u0119dzie obecny na zaj\u0119ciach wraz z uczniami.<\/li>\n<\/ol>\n<p><a href=\"https:\/\/pbp.womczest.edu.pl\/karta\/karta-zgloszenia-pbp.php\" target=\"_blank\" rel=\"noopener noreferrer\"><img decoding=\"async\" loading=\"lazy\" class=\"alignnone wp-image-12413 size-full\" src=\"https:\/\/pbp.womczest.edu.pl\/new\/wp-content\/uploads\/2018\/09\/karta_zgloszenia.png\" alt=\"\" width=\"240\" height=\"43\" srcset=\"https:\/\/pbp.womczest.edu.pl\/new\/wp-content\/uploads\/2018\/09\/karta_zgloszenia.png 240w, https:\/\/pbp.womczest.edu.pl\/new\/wp-content\/uploads\/2018\/09\/karta_zgloszenia-100x18.png 100w, https:\/\/pbp.womczest.edu.pl\/new\/wp-content\/uploads\/2018\/09\/karta_zgloszenia-150x27.png 150w, https:\/\/pbp.womczest.edu.pl\/new\/wp-content\/uploads\/2018\/09\/karta_zgloszenia-200x36.png 200w\" sizes=\"(max-width: 240px) 100vw, 240px\" \/><\/a> <a href=\"https:\/\/pbp.womczest.edu.pl\/karta\/potwierdzenie-rezerwacji-pbp.php\" target=\"_blank\" rel=\"noopener noreferrer\"><img decoding=\"async\" loading=\"lazy\" class=\"alignnone wp-image-12414 size-full\" src=\"https:\/\/pbp.womczest.edu.pl\/new\/wp-content\/uploads\/2018\/09\/potwierdzenie_rezerwacji.png\" alt=\"\" width=\"240\" height=\"43\" srcset=\"https:\/\/pbp.womczest.edu.pl\/new\/wp-content\/uploads\/2018\/09\/potwierdzenie_rezerwacji.png 240w, https:\/\/pbp.womczest.edu.pl\/new\/wp-content\/uploads\/2018\/09\/potwierdzenie_rezerwacji-100x18.png 100w, https:\/\/pbp.womczest.edu.pl\/new\/wp-content\/uploads\/2018\/09\/potwierdzenie_rezerwacji-150x27.png 150w, https:\/\/pbp.womczest.edu.pl\/new\/wp-content\/uploads\/2018\/09\/potwierdzenie_rezerwacji-200x36.png 200w\" sizes=\"(max-width: 240px) 100vw, 240px\" \/><\/a><span style=\"color: #800000;\"><strong>\u00a0<\/strong><\/span><\/p>\n<p style=\"text-align: center;\"><strong><u>We wszelkich sprawach zwi\u0105zanych z rezerwacj\u0105\u00a0 zaj\u0119\u0107 prosimy o\u00a0 kontakt\u00a0 z:<\/u><\/strong><\/p>\n<p style=\"text-align: center;\"><strong>Beat\u0105 Raczy\u0144sk\u0105<\/strong><br \/>\n<a href=\"mailto:raczynska@womczest.edu.pl\">raczynska@womczest.edu.pl<\/a><\/p>\n<p style=\"text-align: center;\"><strong>Joann\u0105 Resakowsk\u0105<\/strong><br \/>\n<a href=\"mailto:resakowska@womczest.edu.pl\">resakowska@womczest.edu.pl<\/a><\/p>\n<p style=\"text-align: center;\">Telefon kontaktowy: <strong>34\u00a0361 28 74<\/strong><\/p>\n<p><strong>Dodatkowe informacje:<\/strong><\/p>\n<ul>\n<li>rezerwacji dokonujemy do wyczerpania wolnych termin\u00f3w.<\/li>\n<li>brak elektronicznego potwierdzenia rezerwacji w wyznaczonym czasie oznacza rezygnacj\u0119 z zarezerwowanego terminu zaj\u0119\u0107.<\/li>\n<li>zastrzegamy sobie prawo prze\u0142o\u017cenia lub odwo\u0142ania zaj\u0119\u0107 z wa\u017cnych przyczyn s\u0142u\u017cbowych.<\/li>\n<li>w przypadku odwo\u0142ania zaj\u0119\u0107 przez przedszkole lub szko\u0142\u0119 prosimy o informacj\u0119 telefoniczn\u0105.<\/li>\n<li>zaj\u0119cia na terenie plac\u00f3wek o\u015bwiatowych organizujemy w wyj\u0105tkowych przypadkach; ich realizacja wymaga wcze\u015bniejszego uzgodnienia z osob\u0105 prowadz\u0105c\u0105 zaj\u0119cia (dotyczy g\u0142\u00f3wnie spotka\u0144 w przedszkolach i projekt\u00f3w edukacyjnych).<\/li>\n<li>w trosce o zaspokojenie potrzeb wszystkich uczestnik\u00f3w, a tak\u017ce o jak najlepsze i najpe\u0142niejsze przygotowanie si\u0119 bibliotekarzy do zaj\u0119\u0107, prosimy przy rezerwowaniu terminu o stosown\u0105 informacj\u0119, je\u015bli w grupie uczni\u00f3w znajduj\u0105 si\u0119 dzieci z dysfunkcjami.<\/li>\n<li>informujemy, \u017ce nauczyciel przychodz\u0105cy z uczniami jest zobowi\u0105zany do przebywania na zaj\u0119ciach razem z nimi bez wzgl\u0119du na grup\u0119 wiekow\u0105.<\/li>\n<li>wydajemy za\u015bwiadczenia potwierdzaj\u0105ce udzia\u0142 nauczyciela i uczni\u00f3w w zaj\u0119ciach przeprowadzonych przez pracownik\u00f3w naszej biblioteki.<\/li>\n<\/ul>\n<p>&nbsp;<\/p>\n<h1 style=\"text-align: center;\"><strong><span style=\"color: #800000;\">OFERTA ZAJ\u0118\u0106:<\/span><\/strong><\/h1>\n<p style=\"text-align: center;\"><a href=\"https:\/\/pbp.womczest.edu.pl\/new\/przedszkola\/\"><img decoding=\"async\" loading=\"lazy\" class=\"size-full wp-image-10536 aligncenter\" src=\"https:\/\/pbp.womczest.edu.pl\/new\/wp-content\/uploads\/2017\/09\/przedszkola.png\" alt=\"\" width=\"266\" height=\"43\" srcset=\"https:\/\/pbp.womczest.edu.pl\/new\/wp-content\/uploads\/2017\/09\/przedszkola.png 266w, https:\/\/pbp.womczest.edu.pl\/new\/wp-content\/uploads\/2017\/09\/przedszkola-100x16.png 100w, https:\/\/pbp.womczest.edu.pl\/new\/wp-content\/uploads\/2017\/09\/przedszkola-150x24.png 150w, https:\/\/pbp.womczest.edu.pl\/new\/wp-content\/uploads\/2017\/09\/przedszkola-200x32.png 200w\" sizes=\"(max-width: 266px) 100vw, 266px\" \/><\/a><br \/>\n<a href=\"https:\/\/pbp.womczest.edu.pl\/new\/klasy-1-3\/\"><img decoding=\"async\" loading=\"lazy\" class=\"size-full wp-image-10535 aligncenter\" src=\"https:\/\/pbp.womczest.edu.pl\/new\/wp-content\/uploads\/2017\/09\/kl1-3.png\" alt=\"\" width=\"266\" height=\"43\" srcset=\"https:\/\/pbp.womczest.edu.pl\/new\/wp-content\/uploads\/2017\/09\/kl1-3.png 266w, https:\/\/pbp.womczest.edu.pl\/new\/wp-content\/uploads\/2017\/09\/kl1-3-100x16.png 100w, https:\/\/pbp.womczest.edu.pl\/new\/wp-content\/uploads\/2017\/09\/kl1-3-150x24.png 150w, https:\/\/pbp.womczest.edu.pl\/new\/wp-content\/uploads\/2017\/09\/kl1-3-200x32.png 200w\" sizes=\"(max-width: 266px) 100vw, 266px\" \/><\/a><br \/>\n<a href=\"https:\/\/pbp.womczest.edu.pl\/new\/klasy-4-6\/\"><img decoding=\"async\" loading=\"lazy\" class=\"size-full wp-image-10539 aligncenter\" src=\"https:\/\/pbp.womczest.edu.pl\/new\/wp-content\/uploads\/2017\/09\/kl4-6.png\" alt=\"\" width=\"266\" height=\"43\" srcset=\"https:\/\/pbp.womczest.edu.pl\/new\/wp-content\/uploads\/2017\/09\/kl4-6.png 266w, https:\/\/pbp.womczest.edu.pl\/new\/wp-content\/uploads\/2017\/09\/kl4-6-100x16.png 100w, https:\/\/pbp.womczest.edu.pl\/new\/wp-content\/uploads\/2017\/09\/kl4-6-150x24.png 150w, https:\/\/pbp.womczest.edu.pl\/new\/wp-content\/uploads\/2017\/09\/kl4-6-200x32.png 200w\" sizes=\"(max-width: 266px) 100vw, 266px\" \/><\/a><br \/>\n<a href=\"https:\/\/pbp.womczest.edu.pl\/new\/klasy-7-i-gimnazja\/\"><img decoding=\"async\" loading=\"lazy\" class=\"size-full wp-image-14345 size-full\" src=\"https:\/\/pbp.womczest.edu.pl\/new\/wp-content\/uploads\/2019\/09\/klasy7-8.png\" alt=\"\" width=\"266\" height=\"43\" \/><\/a><\/p>\n<p style=\"text-align: center;\"><a href=\"https:\/\/pbp.womczest.edu.pl\/new\/szkoly-ponadgimnazjalne\/\"><img decoding=\"async\" loading=\"lazy\" class=\"size-full wp-image-14346 size-full\" src=\"https:\/\/pbp.womczest.edu.pl\/new\/wp-content\/uploads\/2019\/09\/szkolyponadpodstawowe.png\" alt=\"\" width=\"266\" height=\"43\" srcset=\"https:\/\/pbp.womczest.edu.pl\/new\/wp-content\/uploads\/2019\/09\/szkolyponadpodstawowe.png 266w, https:\/\/pbp.womczest.edu.pl\/new\/wp-content\/uploads\/2019\/09\/szkolyponadpodstawowe-100x16.png 100w, https:\/\/pbp.womczest.edu.pl\/new\/wp-content\/uploads\/2019\/09\/szkolyponadpodstawowe-150x24.png 150w, https:\/\/pbp.womczest.edu.pl\/new\/wp-content\/uploads\/2019\/09\/szkolyponadpodstawowe-200x32.png 200w\" sizes=\"(max-width: 266px) 100vw, 266px\" \/><\/a><\/p>\n","protected":false},"excerpt":{"rendered":"<p>W zwi\u0105zku z przebudow\u0105 strony internetowej biblioteki mog\u0105 pojawi\u0107 si\u0119 problemy techniczne przy wysy\u0142aniu karty zg\u0142oszenia i potwierdzania rezerwacji.\u00a0 Prosimy korzysta\u0107 z tych dokument\u00f3w poprzez otwieranie strony g\u0142\u00f3wnej biblioteki. \u00a0Zak\u0142adka: Edukacja &#8211; zaj\u0119cia biblioteczne &#8211; oferta.\u00a0 https:\/\/pbp.womczest.edu.pl\/new\/ Publiczna Biblioteka Pedagogiczna RODN \u201eWOM\u201d w\u00a0Cz\u0119stochowie zaprasza nauczycieli i\u00a0uczni\u00f3w wszystkich typ\u00f3w szk\u00f3\u0142 i\u00a0poziom\u00f3w kszta\u0142cenia na\u00a0zaj\u0119cia promuj\u0105ce edukacj\u0119 czytelnicz\u0105 i\u00a0medialn\u0105. Aby prawid\u0142owo zarezerwowa\u0107 zaj\u0119cia, nale\u017cy koniecznie: Zapozna\u0107 si\u0119 na naszej stronie internetowej z tematyk\u0105<span class=\"ellipsis\">&hellip;<\/span><\/p>\n<div class=\"read-more\"><a href=\"https:\/\/pbp.womczest.edu.pl\/new\/edukacja\/zajecia-biblioteczne\/\">Czytaj wi\u0119cej &#8250;<\/a><\/div>\n<p><!-- end of .read-more --><\/p>\n","protected":false},"author":2,"featured_media":0,"parent":2546,"menu_order":0,"comment_status":"closed","ping_status":"open","template":"full-width-page.php","meta":{"footnotes":""},"jetpack_sharing_enabled":true,"jetpack_shortlink":"https:\/\/wp.me\/PgmV4H-Gt","_links":{"self":[{"href":"https:\/\/pbp.womczest.edu.pl\/new\/wp-json\/wp\/v2\/pages\/2633"}],"collection":[{"href":"https:\/\/pbp.womczest.edu.pl\/new\/wp-json\/wp\/v2\/pages"}],"about":[{"href":"https:\/\/pbp.womczest.edu.pl\/new\/wp-json\/wp\/v2\/types\/page"}],"author":[{"embeddable":true,"href":"https:\/\/pbp.womczest.edu.pl\/new\/wp-json\/wp\/v2\/users\/2"}],"replies":[{"embeddable":true,"href":"https:\/\/pbp.womczest.edu.pl\/new\/wp-json\/wp\/v2\/comments?post=2633"}],"version-history":[{"count":144,"href":"https:\/\/pbp.womczest.edu.pl\/new\/wp-json\/wp\/v2\/pages\/2633\/revisions"}],"predecessor-version":[{"id":26657,"href":"https:\/\/pbp.womczest.edu.pl\/new\/wp-json\/wp\/v2\/pages\/2633\/revisions\/26657"}],"up":[{"embeddable":true,"href":"https:\/\/pbp.womczest.edu.pl\/new\/wp-json\/wp\/v2\/pages\/2546"}],"wp:attachment":[{"href":"https:\/\/pbp.womczest.edu.pl\/new\/wp-json\/wp\/v2\/media?parent=2633"}],"curies":[{"name":"wp","href":"https:\/\/api.w.org\/{rel}","templated":true}]}}