


{"id":26299,"date":"2025-01-22T13:51:54","date_gmt":"2025-01-22T12:51:54","guid":{"rendered":"https:\/\/pbp.womczest.edu.pl\/new\/?page_id=26299"},"modified":"2025-01-22T13:51:54","modified_gmt":"2025-01-22T12:51:54","slug":"narodowe-czytanie-2024-3","status":"publish","type":"page","link":"https:\/\/pbp.womczest.edu.pl\/new\/narodowe-czytanie-2024-3\/","title":{"rendered":"Narodowe Czytanie 2024"},"content":{"rendered":"<p>W ramach Narodowego Czytania, lektur\u0105 wybran\u0105 do wsp\u00f3lnego czytania, by\u0142 dramat Juliusza S\u0142owackiego &#8222;Kordian&#8221; nale\u017c\u0105cy do kluczowych dzie\u0142 polskiego romantyzmu. Wydarzenie to pod honorowym patronatem Pary Prezydenckiej odby\u0142o si\u0119 7 wrze\u015bnia 2024 r. Nauczyciele bibliotekarze PBP RODN &#8222;WOM&#8221; w Cz\u0119stochowie Filia w Lubli\u0144cu wzi\u0119li udzia\u0142 w wydarzeniu, kt\u00f3re zosta\u0142o zorganizowane przez Gminn\u0105 Bibliotek\u0119 Publiczn\u0105 w Ciasnej.\u00a0 Podczas wsp\u00f3lnego czytania uczestnicy spotkania mogli obejrze\u0107 wystaw\u0119 po\u015bwi\u0119con\u0105 Juliuszowi S\u0142owackiemu i jego dzie\u0142u, kt\u00f3r\u0105\u00a0 przygotowali pracownicy biblioteki pedagogicznej w Lubli\u0144cu. Wystawa by\u0142a prezentowana w holu LUBITEKI Miejsko-Powiatowej Biblioteki Publicznej im. J\u00f3zefa Lompy w Lubli\u0144cu.<\/p>\n<p style=\"text-align: right;\"><em>Olimpia Zieli\u0144ska<\/em><\/p>\n","protected":false},"excerpt":{"rendered":"<p>W ramach Narodowego Czytania, lektur\u0105 wybran\u0105 do wsp\u00f3lnego czytania, by\u0142 dramat Juliusza S\u0142owackiego &#8222;Kordian&#8221; nale\u017c\u0105cy do kluczowych dzie\u0142 polskiego romantyzmu. Wydarzenie to pod honorowym patronatem Pary Prezydenckiej odby\u0142o si\u0119 7 wrze\u015bnia 2024 r. Nauczyciele bibliotekarze PBP RODN &#8222;WOM&#8221; w Cz\u0119stochowie Filia w Lubli\u0144cu wzi\u0119li udzia\u0142 w wydarzeniu, kt\u00f3re zosta\u0142o zorganizowane przez Gminn\u0105 Bibliotek\u0119 Publiczn\u0105 w Ciasnej.\u00a0 Podczas wsp\u00f3lnego czytania uczestnicy spotkania mogli obejrze\u0107 wystaw\u0119 po\u015bwi\u0119con\u0105 Juliuszowi S\u0142owackiemu i jego dzie\u0142u,<span class=\"ellipsis\">&hellip;<\/span><\/p>\n<div class=\"read-more\"><a href=\"https:\/\/pbp.womczest.edu.pl\/new\/narodowe-czytanie-2024-3\/\">Czytaj wi\u0119cej &#8250;<\/a><\/div>\n<p><!-- end of .read-more --><\/p>\n","protected":false},"author":6,"featured_media":0,"parent":0,"menu_order":0,"comment_status":"closed","ping_status":"closed","template":"","meta":{"footnotes":""},"jetpack_sharing_enabled":true,"jetpack_shortlink":"https:\/\/wp.me\/PgmV4H-6Qb","_links":{"self":[{"href":"https:\/\/pbp.womczest.edu.pl\/new\/wp-json\/wp\/v2\/pages\/26299"}],"collection":[{"href":"https:\/\/pbp.womczest.edu.pl\/new\/wp-json\/wp\/v2\/pages"}],"about":[{"href":"https:\/\/pbp.womczest.edu.pl\/new\/wp-json\/wp\/v2\/types\/page"}],"author":[{"embeddable":true,"href":"https:\/\/pbp.womczest.edu.pl\/new\/wp-json\/wp\/v2\/users\/6"}],"replies":[{"embeddable":true,"href":"https:\/\/pbp.womczest.edu.pl\/new\/wp-json\/wp\/v2\/comments?post=26299"}],"version-history":[{"count":1,"href":"https:\/\/pbp.womczest.edu.pl\/new\/wp-json\/wp\/v2\/pages\/26299\/revisions"}],"predecessor-version":[{"id":26300,"href":"https:\/\/pbp.womczest.edu.pl\/new\/wp-json\/wp\/v2\/pages\/26299\/revisions\/26300"}],"wp:attachment":[{"href":"https:\/\/pbp.womczest.edu.pl\/new\/wp-json\/wp\/v2\/media?parent=26299"}],"curies":[{"name":"wp","href":"https:\/\/api.w.org\/{rel}","templated":true}]}}