


{"id":2629,"date":"2015-05-12T08:59:54","date_gmt":"2015-05-12T06:59:54","guid":{"rendered":"https:\/\/pbp.womczest.edu.pl\/new\/?page_id=2629"},"modified":"2024-12-18T11:28:02","modified_gmt":"2024-12-18T10:28:02","slug":"wystawy","status":"publish","type":"page","link":"https:\/\/pbp.womczest.edu.pl\/new\/dla-nauczycieli\/wystawy\/","title":{"rendered":"Wystawy"},"content":{"rendered":"<p><a href=\"https:\/\/pbp.womczest.edu.pl\/new\/dla-nauczycieli\/wystawy\/wystawy-do-wypozyczenia\/\" target=\"_blank\" rel=\"noopener noreferrer\">Wystawy do\u00a0wypo\u017cyczenia!<\/a><br \/>W bibliotece istnieje mo\u017cliwo\u015b\u0107 bezp\u0142atnego wypo\u017cyczenia materia\u0142\u00f3w edukacyjnych (plansze, grafiki, opracowania tekstowe) do wykorzystania w wystawach okoliczno\u015bciowych i gazetkach \u015bciennych na terenie szk\u00f3\u0142 i plac\u00f3wek o\u015bwiatowych.<\/p>\r\n<p><a href=\"https:\/\/pbp.womczest.edu.pl\/new\/wystawa-gazet-szkolnych\/\"><span style=\"color: #800000;\"><strong>WYSTAWY GAZET SZKOLNYCH<\/strong><\/span><\/a><\/p>\r\n<p><a href=\"https:\/\/pbp.womczest.edu.pl\/new\/materialy-do-tworzenia-wystaw-tematycznych\/\"><span style=\"color: #800000;\"><strong>MATERIA\u0141Y DLA NAUCZYCIELI DO TWORZENIA WYSTAW TEMATYCZNYCH<\/strong><\/span><\/a><\/p>\r\n<p><span style=\"color: #800000;\"><strong>WYSTAWY W BIBLIOTECE:<\/strong><\/span><\/p>\r\n<ul>\r\n<li>Ekspozycja \u201eBeata, kt\u00f3ra dzie\u0142a tworzy\u0142a, a nie stwarza\u0142a\u2026\u201d w Galerii Kultury PBP RODN \u201eWOM\u201d w Cz\u0119stochowie (2024)<\/li>\r\n<li><a href=\"https:\/\/pbp.womczest.edu.pl\/new\/makro-obrazy-w-obiektywie-malarskim-barbary-szyc\/\">Makro obrazy\u00a0 w obiektywie malarskim Barbary Szyc (2024)<\/a><\/li>\r\n<li><a href=\"https:\/\/pbp.womczest.edu.pl\/new\/mala-retrospektywa-pejzaze-malarstwo-barbary-czarnockiej\/\"><em>Ma\u0142a retrospektywa&#8230; Pejza\u017ce<\/em>. Malarstwo Barbary Czarnockiej (2024)<\/a><\/li>\r\n<li><a href=\"https:\/\/pbp.womczest.edu.pl\/new\/wystawa-22-lata-po-kapistach-zeby-zaistniec-trzeba-byc-osobna-wyspa\/\"><em>22 lata po Kapistach. \u017beby zaistnie\u0107 trzeba by\u0107 osobn\u0105 wysp\u0105<\/em> (2023)<\/a><\/li>\r\n<li><a href=\"https:\/\/pbp.womczest.edu.pl\/new\/dumanska-agnieszka-2\/\">Duma\u0144ska Agnieszka (2023)<\/a><\/li>\r\n<li><a href=\"https:\/\/pbp.womczest.edu.pl\/new\/rok-2022-rokiem-rzemiosla-w-wojewodztwie-slaskim\/\">Rok 2022 Rokiem Rzemios\u0142a w Wojew\u00f3dztwie \u015al\u0105skim. Galeria Sztuki Odlewniczej im. Profesora Wac\u0142awa Sakwy Politechniki Cz\u0119stochowskiej. Fotoreporta\u017c Jaros\u0142awa Duma\u0144skiego (2022)<\/a><\/li>\r\n<li><a href=\"https:\/\/pbp.womczest.edu.pl\/new\/beskid-niski-w-obiektywie-jurajskiego-fotoklubu\/\">Beskid Niski w obiektywie Jurajskiego Fotoklubu (2021\/2022)<\/a><\/li>\r\n<li><a href=\"https:\/\/pbp.womczest.edu.pl\/new\/galeria\/wystawa-malarstwa-waldemara-rekawika\/\">Malarstwo Waldemara R\u0119kawika (2015)<\/a><\/li>\r\n<li><a href=\"https:\/\/pbp.womczest.edu.pl\/new\/tadeusz-gierymski-1928-2009-in-memoriam-zycie-duchowe-zaczyna-sie-na-biurku\/\">Tadeusz Gierymski 1928-2009 in memoriam (2015)<\/a><\/li>\r\n<li><a href=\"https:\/\/pbp.womczest.edu.pl\/new\/dla-nauczycieli\/wystawy\/powiatowy-konkurs-na-ilustracje-do-wiersza-juliana-tuwima-pokonkursowa-wystawa-prac-plastycznych-w-publicznej-bibliotece-pedagogicznej-rodn-wom-w-czestochowie\/\" target=\"_blank\" rel=\"noopener noreferrer\">Powiatowy Konkurs na Ilustracj\u0119 do Wiersza Juliana Tuwima \u2013 pokonkursowa wystawa prac plastycznych w Publicznej Bibliotece Pedagogicznej RODN \u201eWOM\u201d w Cz\u0119stochowie (2013)<\/a><\/li>\r\n<li><a href=\"https:\/\/pbp.womczest.edu.pl\/new\/dla-nauczycieli\/wystawy\/wystawa-historia-ksiazki-od-starozytnosci-do-wspolczesnosci-w-publicznej-bibliotece-pedagogicznej-rodn-wom-w-czestochowie\/\" target=\"_blank\" rel=\"noopener noreferrer\">Wystawa \u201eHistoria ksi\u0105\u017cki od staro\u017cytno\u015bci do wsp\u00f3\u0142czesno\u015bci\u201d w Publicznej Bibliotece Pedagogicznej RODN \u201eWOM\u201d w Cz\u0119stochowie (2013)<\/a><\/li>\r\n<\/ul>\r\n\r\n<p>&nbsp;<\/p>\r\n","protected":false},"excerpt":{"rendered":"<p>Wystawy do\u00a0wypo\u017cyczenia!W bibliotece istnieje mo\u017cliwo\u015b\u0107 bezp\u0142atnego wypo\u017cyczenia materia\u0142\u00f3w edukacyjnych (plansze, grafiki, opracowania tekstowe) do wykorzystania w wystawach okoliczno\u015bciowych i gazetkach \u015bciennych na terenie szk\u00f3\u0142 i plac\u00f3wek o\u015bwiatowych. WYSTAWY GAZET SZKOLNYCH MATERIA\u0141Y DLA NAUCZYCIELI DO TWORZENIA WYSTAW TEMATYCZNYCH WYSTAWY W BIBLIOTECE: Ekspozycja \u201eBeata, kt\u00f3ra dzie\u0142a tworzy\u0142a, a nie stwarza\u0142a\u2026\u201d w Galerii Kultury PBP RODN \u201eWOM\u201d w Cz\u0119stochowie (2024) Makro obrazy\u00a0 w obiektywie malarskim Barbary Szyc (2024) Ma\u0142a retrospektywa&#8230; Pejza\u017ce. Malarstwo Barbary<span class=\"ellipsis\">&hellip;<\/span><\/p>\n<div class=\"read-more\"><a href=\"https:\/\/pbp.womczest.edu.pl\/new\/dla-nauczycieli\/wystawy\/\">Czytaj wi\u0119cej &#8250;<\/a><\/div>\n<p><!-- end of .read-more --><\/p>\n","protected":false},"author":2,"featured_media":0,"parent":2539,"menu_order":0,"comment_status":"closed","ping_status":"open","template":"","meta":{"footnotes":""},"jetpack_sharing_enabled":true,"jetpack_shortlink":"https:\/\/wp.me\/PgmV4H-Gp","_links":{"self":[{"href":"https:\/\/pbp.womczest.edu.pl\/new\/wp-json\/wp\/v2\/pages\/2629"}],"collection":[{"href":"https:\/\/pbp.womczest.edu.pl\/new\/wp-json\/wp\/v2\/pages"}],"about":[{"href":"https:\/\/pbp.womczest.edu.pl\/new\/wp-json\/wp\/v2\/types\/page"}],"author":[{"embeddable":true,"href":"https:\/\/pbp.womczest.edu.pl\/new\/wp-json\/wp\/v2\/users\/2"}],"replies":[{"embeddable":true,"href":"https:\/\/pbp.womczest.edu.pl\/new\/wp-json\/wp\/v2\/comments?post=2629"}],"version-history":[{"count":42,"href":"https:\/\/pbp.womczest.edu.pl\/new\/wp-json\/wp\/v2\/pages\/2629\/revisions"}],"predecessor-version":[{"id":26078,"href":"https:\/\/pbp.womczest.edu.pl\/new\/wp-json\/wp\/v2\/pages\/2629\/revisions\/26078"}],"up":[{"embeddable":true,"href":"https:\/\/pbp.womczest.edu.pl\/new\/wp-json\/wp\/v2\/pages\/2539"}],"wp:attachment":[{"href":"https:\/\/pbp.womczest.edu.pl\/new\/wp-json\/wp\/v2\/media?parent=2629"}],"curies":[{"name":"wp","href":"https:\/\/api.w.org\/{rel}","templated":true}]}}