


{"id":2610,"date":"2015-05-12T08:53:53","date_gmt":"2015-05-12T06:53:53","guid":{"rendered":"https:\/\/pbp.womczest.edu.pl\/new\/?page_id=2610"},"modified":"2025-01-13T12:23:15","modified_gmt":"2025-01-13T11:23:15","slug":"prawo-w-oswiacie","status":"publish","type":"page","link":"https:\/\/pbp.womczest.edu.pl\/new\/dla-nauczycieli\/prawo-w-oswiacie\/","title":{"rendered":"PRAWO O\u015aWIATOWE &#8211; OPRACOWANE NA PODSTAWIE INTERNETOWEGO SYSTEMU AKT\u00d3W PRAWNYCH (ISAP)"},"content":{"rendered":"<hr \/>\n<ul>\n<li><a href=\"https:\/\/pbp.womczest.edu.pl\/new\/ustawa-o-systemie-oswiaty\/\"><strong>USTAWA O SYSTEMIE O\u015aWIATY<\/strong><\/a><\/li>\n<li><a href=\"https:\/\/pbp.womczest.edu.pl\/new\/dodatkowe-ustawy\/\"><strong>DODATKOWE USTAWY<\/strong><\/a><\/li>\n<li class=\"row\"><a href=\"https:\/\/pbp.womczest.edu.pl\/new\/karta-nauczyciela\/\"><strong>KARTA NAUCZYCIELA<\/strong><\/a><\/li>\n<li><a href=\"https:\/\/pbp.womczest.edu.pl\/new\/awans-zawodowy\/\"><strong>AWANS ZAWODOWY<\/strong><\/a><\/li>\n<li><a href=\"https:\/\/pbp.womczest.edu.pl\/new\/biblioteki-pedagogiczne-i-szkolne\/\"><strong>BIBLIOTEKI PEDAGOGICZNE I SZKOLNE<\/strong><\/a><\/li>\n<li><a href=\"https:\/\/pbp.womczest.edu.pl\/new\/dokumentacja-szkolna\/\"><strong>DOKUMENTACJA SZKOLNA<\/strong><\/a><\/li>\n<li><a href=\"https:\/\/pbp.womczest.edu.pl\/new\/egzaminatorzy\/\"><strong>EGZAMINATORZY<\/strong><\/a><\/li>\n<li><a href=\"https:\/\/pbp.womczest.edu.pl\/new\/inne-placowki-oswiatowe\/\"><strong>INNE PLAC\u00d3WKI O\u015aWIATOWE<\/strong><\/a><\/li>\n<li><a href=\"https:\/\/pbp.womczest.edu.pl\/new\/konkursy-i-olimpiady\/\"><strong>KONKURSY I OLIMPIADY<\/strong><\/a><\/li>\n<li><a href=\"https:\/\/pbp.womczest.edu.pl\/new\/konkursy-na-stanowiska\/\"><strong>KONKURSY NA STANOWISKA\u00a0<\/strong><\/a><\/li>\n<li><a href=\"https:\/\/pbp.womczest.edu.pl\/new\/ksztalcenie-specjalne\/\"><strong>KSZTA\u0141CENIE SPECJALNE<\/strong><\/a><\/li>\n<li><a href=\"https:\/\/pbp.womczest.edu.pl\/new\/kuratoria-oswiaty\/\"><strong>KURATORIA O\u015aWIATY<\/strong><\/a><\/li>\n<li><a href=\"https:\/\/pbp.womczest.edu.pl\/new\/kwalifikacje-nauczycieli\/\"><strong>KWALIFIKACJE NAUCZYCIELI<\/strong><\/a><\/li>\n<li><a href=\"https:\/\/pbp.womczest.edu.pl\/new\/nadzor-pedagogiczny\/\"><strong>NADZ\u00d3R PEDAGOGICZNY<\/strong><\/a><\/li>\n<li><a href=\"https:\/\/pbp.womczest.edu.pl\/new\/ocenianie-uczniow-i-klasyfikowanie\/\"><strong>OCENIANIE UCZNI\u00d3W I KLASYFIKOWANIE<\/strong><\/a><\/li>\n<li><a href=\"https:\/\/pbp.womczest.edu.pl\/new\/ochrona-danych-osobowych\/\"><strong>OCHRONA DANYCH OSOBOWYCH<\/strong><\/a><\/li>\n<li><a href=\"https:\/\/pbp.womczest.edu.pl\/new\/organizacja-pracy-szkol-przedszkoli-i-placowek\/\"><strong>ORGANIZACJA PRACY SZK\u00d3\u0141, PRZEDSZKOLI I PLAC\u00d3WEK<\/strong><\/a><\/li>\n<li><a href=\"https:\/\/pbp.womczest.edu.pl\/new\/organizacja-wycieczek-oraz-wypoczynku-dzieci-i-mlodziezy\/\"><strong>ORGANIZACJA WYCIECZEK ORAZ WYPOCZYNKU DZIECI I M\u0141ODZIE\u017bY<\/strong><\/a><\/li>\n<li><a href=\"https:\/\/pbp.womczest.edu.pl\/new\/placowki-doskonalenia-nauczycieli\/\"><strong>PLAC\u00d3WKI DOSKONALENIA NAUCZYCIELI<\/strong><\/a><\/li>\n<li><a href=\"https:\/\/pbp.womczest.edu.pl\/new\/podreczniki\/\"><strong>PODR\u0118CZNIKI<\/strong><\/a><\/li>\n<li><a href=\"https:\/\/pbp.womczest.edu.pl\/new\/pomoc-socjalna-uczniom\/\"><strong>POMOC SOCJALNA UCZNIOM<\/strong><\/a><\/li>\n<li><a href=\"https:\/\/pbp.womczest.edu.pl\/new\/poradnie-psychologiczno-pedagogiczne\/\"><strong>PORADNIE PSYCHOLOGICZNO-PEDAGOGICZNE<\/strong><\/a><\/li>\n<li><a href=\"https:\/\/pbp.womczest.edu.pl\/new\/promocja-zdrowia-i-profilaktyka-uzaleznien\/\"><strong>PROMOCJA ZDROWIA I PROFILAKTYKA UZALE\u017bNIE\u0143<\/strong><\/a><\/li>\n<li><a href=\"https:\/\/pbp.womczest.edu.pl\/new\/przebieg-nauczania\/\"><strong>PRZEBIEG NAUCZANIA<\/strong><\/a><\/li>\n<li><a href=\"https:\/\/pbp.womczest.edu.pl\/new\/ramowe-plany-nauczania\/\"><strong>RAMOWE PLANY NAUCZANIA<\/strong><\/a><\/li>\n<li><a href=\"https:\/\/pbp.womczest.edu.pl\/new\/rzadowe-projekty-wspierajace-edukacje\/\"><strong>RZ\u0104DOWE PROJEKTY WSPIERAJ\u0104CE EDUKACJ\u0118<\/strong><\/a><\/li>\n<li><a href=\"https:\/\/pbp.womczest.edu.pl\/new\/sio\/\"><strong>SIO<\/strong><\/a><\/li>\n<li><a href=\"https:\/\/pbp.womczest.edu.pl\/new\/szkolnictwo-artystyczne\/\"><strong>SZKOLNICTWO ARTYSTYCZNE<\/strong><\/a><\/li>\n<li><a href=\"https:\/\/pbp.womczest.edu.pl\/new\/szkolnictwo-zawodowe\/\"><strong>SZKOLNICTWO BRAN\u017bOWE<\/strong><\/a><\/li>\n<li><a href=\"https:\/\/pbp.womczest.edu.pl\/new\/ulgowe-przejazdy\/\"><strong>ULGOWE PRZEJAZDY<\/strong><\/a><\/li>\n<li><a href=\"https:\/\/pbp.womczest.edu.pl\/new\/wychowanie-przedszkolne\/\"><strong>WYCHOWANIE PRZEDSZKOLNE<\/strong><\/a><\/li>\n<li><a href=\"https:\/\/pbp.womczest.edu.pl\/new\/wynagrodzenie-nauczycieli-i-osob-niebedacych-nauczycielami\/\"><strong>WYNAGRODZENIE NAUCZYCIELI I OS\u00d3B NIEB\u0118D\u0104CYCH NAUCZYCIELAMI<\/strong><\/a><\/li>\n<li><a href=\"https:\/\/pbp.womczest.edu.pl\/new\/zintegrowany-system-kwalifikacji\/\"><strong>ZINTEGROWANY SYSTEM KWALIFIKACJI<\/strong><\/a><\/li>\n<\/ul>\n","protected":false},"excerpt":{"rendered":"<p>USTAWA O SYSTEMIE O\u015aWIATY DODATKOWE USTAWY KARTA NAUCZYCIELA AWANS ZAWODOWY BIBLIOTEKI PEDAGOGICZNE I SZKOLNE DOKUMENTACJA SZKOLNA EGZAMINATORZY INNE PLAC\u00d3WKI O\u015aWIATOWE KONKURSY I OLIMPIADY KONKURSY NA STANOWISKA\u00a0 KSZTA\u0141CENIE SPECJALNE KURATORIA O\u015aWIATY KWALIFIKACJE NAUCZYCIELI NADZ\u00d3R PEDAGOGICZNY OCENIANIE UCZNI\u00d3W I KLASYFIKOWANIE OCHRONA DANYCH OSOBOWYCH ORGANIZACJA PRACY SZK\u00d3\u0141, PRZEDSZKOLI I PLAC\u00d3WEK ORGANIZACJA WYCIECZEK ORAZ WYPOCZYNKU DZIECI I M\u0141ODZIE\u017bY PLAC\u00d3WKI DOSKONALENIA NAUCZYCIELI PODR\u0118CZNIKI POMOC SOCJALNA UCZNIOM PORADNIE PSYCHOLOGICZNO-PEDAGOGICZNE PROMOCJA ZDROWIA I PROFILAKTYKA UZALE\u017bNIE\u0143 PRZEBIEG NAUCZANIA<span class=\"ellipsis\">&hellip;<\/span><\/p>\n<div class=\"read-more\"><a href=\"https:\/\/pbp.womczest.edu.pl\/new\/dla-nauczycieli\/prawo-w-oswiacie\/\">Czytaj wi\u0119cej &#8250;<\/a><\/div>\n<p><!-- end of .read-more --><\/p>\n","protected":false},"author":2,"featured_media":0,"parent":2539,"menu_order":0,"comment_status":"closed","ping_status":"open","template":"","meta":{"footnotes":""},"jetpack_sharing_enabled":true,"jetpack_shortlink":"https:\/\/wp.me\/PgmV4H-G6","_links":{"self":[{"href":"https:\/\/pbp.womczest.edu.pl\/new\/wp-json\/wp\/v2\/pages\/2610"}],"collection":[{"href":"https:\/\/pbp.womczest.edu.pl\/new\/wp-json\/wp\/v2\/pages"}],"about":[{"href":"https:\/\/pbp.womczest.edu.pl\/new\/wp-json\/wp\/v2\/types\/page"}],"author":[{"embeddable":true,"href":"https:\/\/pbp.womczest.edu.pl\/new\/wp-json\/wp\/v2\/users\/2"}],"replies":[{"embeddable":true,"href":"https:\/\/pbp.womczest.edu.pl\/new\/wp-json\/wp\/v2\/comments?post=2610"}],"version-history":[{"count":342,"href":"https:\/\/pbp.womczest.edu.pl\/new\/wp-json\/wp\/v2\/pages\/2610\/revisions"}],"predecessor-version":[{"id":26171,"href":"https:\/\/pbp.womczest.edu.pl\/new\/wp-json\/wp\/v2\/pages\/2610\/revisions\/26171"}],"up":[{"embeddable":true,"href":"https:\/\/pbp.womczest.edu.pl\/new\/wp-json\/wp\/v2\/pages\/2539"}],"wp:attachment":[{"href":"https:\/\/pbp.womczest.edu.pl\/new\/wp-json\/wp\/v2\/media?parent=2610"}],"curies":[{"name":"wp","href":"https:\/\/api.w.org\/{rel}","templated":true}]}}