


{"id":25805,"date":"2024-10-22T13:20:00","date_gmt":"2024-10-22T11:20:00","guid":{"rendered":"https:\/\/pbp.womczest.edu.pl\/new\/?page_id=25805"},"modified":"2024-10-22T13:20:00","modified_gmt":"2024-10-22T11:20:00","slug":"statuetka-przyjaciel-osrodka-szkolno-wychowawczego-im-jana-brzechwy-w-bogumilku","status":"publish","type":"page","link":"https:\/\/pbp.womczest.edu.pl\/new\/statuetka-przyjaciel-osrodka-szkolno-wychowawczego-im-jana-brzechwy-w-bogumilku\/","title":{"rendered":"Statuetka \u201ePrzyjaciel O\u015brodka Szkolno-Wychowawczego im. Jana Brzechwy w Bogumi\u0142ku\u201d"},"content":{"rendered":"<p>18 pa\u017adziernika 2024\u00a0r. by\u0142 dla naszej biblioteki dniem szczeg\u00f3lnym, poniewa\u017c uczestniczyli\u015bmy w\u00a0 obchodach Jubileuszu 55-lecia \u00a0O\u015brodka Szkolno-Wychowawczego im.\u00a0Jana Brzechwy w\u00a0Bogumi\u0142ku. \u00a0Podczas uroczysto\u015bci osoby i\u00a0instytucje zaprzyja\u017anione z\u00a0plac\u00f3wk\u0105 i\u00a0wspieraj\u0105ce j\u0105\u00a0w\u00a0realizacji r\u00f3\u017cnorodnych zada\u0144 otrzyma\u0142y z\u00a0r\u0105k Pani Dyrektor Leny Nie\u015bpielak statuetki\u00a0<em>Przyjaciela O\u015brodka Szkolno-Wychowawczego im.\u00a0Jana Brzechwy w\u00a0Bogumi\u0142ku<\/em>, przyznawane przez\u00a0Dyrektora, Pracownik\u00f3w, Uczni\u00f3w i\u00a0Rodzic\u00f3w. Publiczna Biblioteka Pedagogiczna RODN \u201eWOM\u201d w\u00a0Cz\u0119stochowie Filia w\u00a0Lelowie znalaz\u0142a si\u0119 r\u00f3wnie\u017c w\u00a0gronie wyr\u00f3\u017cnionych. Dzi\u0119kujemy i\u00a0jeste\u015bmy dumni, \u017ce\u00a0mo\u017cemy zalicza\u0107 si\u0119 do\u00a0grona przyjaci\u00f3\u0142 O\u015brodka.<\/p>\n<p style=\"text-align: right;\"><em>Tekst i zdj\u0119cie: Dorota Kulawiak<\/em><\/p>\n<p>&nbsp;<\/p>\n<p><a href=\"https:\/\/pbp.womczest.edu.pl\/new\/wp-content\/uploads\/2024\/10\/statuetka-scaled.jpg\"><img decoding=\"async\" loading=\"lazy\" class=\"aligncenter  wp-image-25802\" src=\"https:\/\/pbp.womczest.edu.pl\/new\/wp-content\/uploads\/2024\/10\/statuetka-scaled.jpg\" alt=\"\" width=\"391\" height=\"521\" srcset=\"https:\/\/pbp.womczest.edu.pl\/new\/wp-content\/uploads\/2024\/10\/statuetka-scaled.jpg 1920w, https:\/\/pbp.womczest.edu.pl\/new\/wp-content\/uploads\/2024\/10\/statuetka-225x300.jpg 225w, https:\/\/pbp.womczest.edu.pl\/new\/wp-content\/uploads\/2024\/10\/statuetka-750x1000.jpg 750w, https:\/\/pbp.womczest.edu.pl\/new\/wp-content\/uploads\/2024\/10\/statuetka-768x1024.jpg 768w, https:\/\/pbp.womczest.edu.pl\/new\/wp-content\/uploads\/2024\/10\/statuetka-1152x1536.jpg 1152w, https:\/\/pbp.womczest.edu.pl\/new\/wp-content\/uploads\/2024\/10\/statuetka-1536x2048.jpg 1536w, https:\/\/pbp.womczest.edu.pl\/new\/wp-content\/uploads\/2024\/10\/statuetka-100x133.jpg 100w, https:\/\/pbp.womczest.edu.pl\/new\/wp-content\/uploads\/2024\/10\/statuetka-150x200.jpg 150w, https:\/\/pbp.womczest.edu.pl\/new\/wp-content\/uploads\/2024\/10\/statuetka-200x267.jpg 200w, https:\/\/pbp.womczest.edu.pl\/new\/wp-content\/uploads\/2024\/10\/statuetka-300x400.jpg 300w, https:\/\/pbp.womczest.edu.pl\/new\/wp-content\/uploads\/2024\/10\/statuetka-450x600.jpg 450w, https:\/\/pbp.womczest.edu.pl\/new\/wp-content\/uploads\/2024\/10\/statuetka-600x800.jpg 600w, https:\/\/pbp.womczest.edu.pl\/new\/wp-content\/uploads\/2024\/10\/statuetka-900x1200.jpg 900w\" sizes=\"(max-width: 391px) 100vw, 391px\" \/><\/a><\/p>\n<p style=\"text-align: right;\">\n","protected":false},"excerpt":{"rendered":"<p>18 pa\u017adziernika 2024\u00a0r. by\u0142 dla naszej biblioteki dniem szczeg\u00f3lnym, poniewa\u017c uczestniczyli\u015bmy w\u00a0 obchodach Jubileuszu 55-lecia \u00a0O\u015brodka Szkolno-Wychowawczego im.\u00a0Jana Brzechwy w\u00a0Bogumi\u0142ku. \u00a0Podczas uroczysto\u015bci osoby i\u00a0instytucje zaprzyja\u017anione z\u00a0plac\u00f3wk\u0105 i\u00a0wspieraj\u0105ce j\u0105\u00a0w\u00a0realizacji r\u00f3\u017cnorodnych zada\u0144 otrzyma\u0142y z\u00a0r\u0105k Pani Dyrektor Leny Nie\u015bpielak statuetki\u00a0Przyjaciela O\u015brodka Szkolno-Wychowawczego im.\u00a0Jana Brzechwy w\u00a0Bogumi\u0142ku, przyznawane przez\u00a0Dyrektora, Pracownik\u00f3w, Uczni\u00f3w i\u00a0Rodzic\u00f3w. Publiczna Biblioteka Pedagogiczna RODN \u201eWOM\u201d w\u00a0Cz\u0119stochowie Filia w\u00a0Lelowie znalaz\u0142a si\u0119 r\u00f3wnie\u017c w\u00a0gronie wyr\u00f3\u017cnionych. Dzi\u0119kujemy i\u00a0jeste\u015bmy dumni, \u017ce\u00a0mo\u017cemy zalicza\u0107 si\u0119 do\u00a0grona przyjaci\u00f3\u0142 O\u015brodka. Tekst<span class=\"ellipsis\">&hellip;<\/span><\/p>\n<div class=\"read-more\"><a href=\"https:\/\/pbp.womczest.edu.pl\/new\/statuetka-przyjaciel-osrodka-szkolno-wychowawczego-im-jana-brzechwy-w-bogumilku\/\">Czytaj wi\u0119cej &#8250;<\/a><\/div>\n<p><!-- end of .read-more --><\/p>\n","protected":false},"author":6,"featured_media":0,"parent":0,"menu_order":0,"comment_status":"closed","ping_status":"closed","template":"full-width-page.php","meta":{"footnotes":""},"jetpack_sharing_enabled":true,"jetpack_shortlink":"https:\/\/wp.me\/PgmV4H-6Id","_links":{"self":[{"href":"https:\/\/pbp.womczest.edu.pl\/new\/wp-json\/wp\/v2\/pages\/25805"}],"collection":[{"href":"https:\/\/pbp.womczest.edu.pl\/new\/wp-json\/wp\/v2\/pages"}],"about":[{"href":"https:\/\/pbp.womczest.edu.pl\/new\/wp-json\/wp\/v2\/types\/page"}],"author":[{"embeddable":true,"href":"https:\/\/pbp.womczest.edu.pl\/new\/wp-json\/wp\/v2\/users\/6"}],"replies":[{"embeddable":true,"href":"https:\/\/pbp.womczest.edu.pl\/new\/wp-json\/wp\/v2\/comments?post=25805"}],"version-history":[{"count":1,"href":"https:\/\/pbp.womczest.edu.pl\/new\/wp-json\/wp\/v2\/pages\/25805\/revisions"}],"predecessor-version":[{"id":25806,"href":"https:\/\/pbp.womczest.edu.pl\/new\/wp-json\/wp\/v2\/pages\/25805\/revisions\/25806"}],"wp:attachment":[{"href":"https:\/\/pbp.womczest.edu.pl\/new\/wp-json\/wp\/v2\/media?parent=25805"}],"curies":[{"name":"wp","href":"https:\/\/api.w.org\/{rel}","templated":true}]}}