


{"id":25769,"date":"2024-10-22T09:32:01","date_gmt":"2024-10-22T07:32:01","guid":{"rendered":"https:\/\/pbp.womczest.edu.pl\/new\/?page_id=25769"},"modified":"2024-10-29T10:15:18","modified_gmt":"2024-10-29T09:15:18","slug":"x-jubileuszowa-edycja-ogolnopolskiej-nocy-bibliotek","status":"publish","type":"page","link":"https:\/\/pbp.womczest.edu.pl\/new\/x-jubileuszowa-edycja-ogolnopolskiej-nocy-bibliotek\/","title":{"rendered":"X jubileuszowa edycja og\u00f3lnopolskiej Nocy Bibliotek"},"content":{"rendered":"<p>\u201eMoc bibliotek\u201d \u2013 pod takim has\u0142em 11 pa\u017adziernika 2024 r. odby\u0142a si\u0119 <strong>X jubileuszowa edycja og\u00f3lnopolskiej <em>Nocy Bibliotek<\/em><\/strong>. Jak co roku, Publiczna Biblioteka Pedagogiczna Regionalnego O\u015brodka Doskonalenia Nauczycieli \u201eWOM\u201d w Cz\u0119stochowie, wzi\u0119\u0142a udzia\u0142 w tym wyj\u0105tkowym wydarzeniu, kt\u00f3re promuje biblioteki i czytelnictwo. Og\u00f3lnopolska akcja w oryginalny spos\u00f3b zach\u0119ca do korzystania z bibliotek, kt\u00f3re s\u0105 jednymi z najbardziej dost\u0119pnych i otwartych instytucji kultury, oferuj\u0105c szeroki wachlarz dzia\u0142a\u0144 dla os\u00f3b w ka\u017cdym wieku. Biblioteki pe\u0142ni\u0105 rol\u0119 miejsc spotka\u0144 i integracji, b\u0119d\u0105c lokalnymi centrami kultury i edukacji.<\/p>\n<p>Od samego rana do biblioteki przybywa\u0142y grupy dzieci i uczni\u00f3w wraz z nauczycielami z cz\u0119stochowskich szk\u00f3\u0142, przedszkoli i plac\u00f3wek o\u015bwiatowych. Oko\u0142o 200 os\u00f3b wzi\u0119\u0142o udzia\u0142 w warsztatach pe\u0142nych zabawy, kreatywno\u015bci i odkrywania nowych pasji. Pani Anna D\u0105browska przygotowa\u0142a warsztaty <strong><em>Noc w bibliotece z Teatrzykiem Kamishibai. <\/em><\/strong>Przedszkolaki mia\u0142y okazj\u0119 &#8222;zaczarowa\u0107&#8221; drewnian\u0105 skrzyneczk\u0119 Kamishibai i wys\u0142ucha\u0107 pi\u0119knej historii \u201eNoc w bibliotece\u201d<strong>. <\/strong>Po prezentacji tekstu literackiego nast\u0105pi\u0142y gry i zabawy zwi\u0105zane z bajkami i ba\u015bniami. Dzieci odpowiada\u0142y na pytania i zagadki, szuka\u0142y ukrytych rekwizyt\u00f3w, kolorowa\u0142y ilustracje do historii, \u0142\u0105czy\u0142y pary postaci, przyporz\u0105dkowywa\u0142y cienie do odpowiedniej postaci.<\/p>\n<p>Go\u015bciem specjalnym przedpo\u0142udniowych nocnych atrakcji by\u0142a Pani Ewelina Ignaszak-Stolarska z Regionalnego O\u015brodka Kultury w Cz\u0119stochowie, kt\u00f3ra przygotowa\u0142a na t\u0119 okazj\u0119 bardzo ciekawe zaj\u0119cia.<strong>\u00a0 <em>Filmowe przygody &#8211; spotkanie z filmem animowanym dla najm\u0142odszych <\/em><\/strong>by\u0142o okazj\u0105 do poznania tajnik\u00f3w produkcji filmu animowanego, historii i ciekawostek zwi\u0105zanych z t\u0105 dziedzin\u0105 sztuki. Uczniowie klasy I mieli okazj\u0119 pozna\u0107 histori\u0119 kina, ciekawostki dotycz\u0105ce powstawania filmu fabularnego, techniki monta\u017cu i gry aktorskiej podczas zaj\u0119\u0107 edukacyjnych\u00a0 <strong><em>Kino &#8211; jak to si\u0119 zacz\u0119\u0142o?<\/em> <\/strong><\/p>\n<p>Pani Anna P\u0142usa zaproponowa\u0142a uczestnikom <strong>interaktywn\u0105 grywalizacj\u0119 czytelnicz\u0105 z tabletami <em>Czy znasz bohater\u00f3w literackich?<\/em> <\/strong>W radosnej atmosferze uczniowie rozwi\u0105zywali zagadki i zadania zwi\u0105zane z bohaterami znanych i lubianych ksi\u0105\u017cek dla dzieci i m\u0142odzie\u017cy.<\/p>\n<p><strong><em>Ksi\u0105\u017cka doda Ci skrzyde\u0142 &#8211; MOC czytania w bibliotece<\/em><\/strong> to zaj\u0119cia biblioterapeutyczne zaproponowane przez Pani\u0105 Katarzyn\u0119 Kucharzewsk\u0105. Zaj\u0119cia zosta\u0142y oparte na poetyckim <strong>picturebooku<\/strong> Iwony Pietrzak-P\u0142achta pt. \u201cWypo\u017cyczalnia skrzyde\u0142\u201d. Uczniowie przenie\u015bli si\u0119 do tajemniczej biblioteki i poznali histori\u0119 bibliotekarki, kt\u00f3ra ma moc uzdrawiania przez ksi\u0105\u017cki. Po wys\u0142uchaniu tekstu literackiego rysowali wymarzon\u0105 bibliotek\u0119.<\/p>\n<p>Moc biblioteki objawi\u0142a si\u0119 podczas warsztat\u00f3w plastycznych Artystycznej <em>Grupy Werniks<\/em> z Uniwersytetu Trzeciego Wieku dzia\u0142aj\u0105cej przy Politechnice Cz\u0119stochowskiej pod kierunkiem Pana Marka Czarno\u0142\u0119skiego, po\u0142\u0105czonych z wystaw\u0105 prac plastycznych uczestnik\u00f3w.<\/p>\n<p>Pani Aneta Przyby\u0142owicz i Pan Ernest Pidzik zaproponowali uczniom podr\u00f3\u017c w \u015bwiat technologii podczas zaj\u0119\u0107 z wykorzystaniem narz\u0119dzi cyfrowych sztucznej inteligencji, hologram\u00f3w, awatar\u00f3w, okular\u00f3w 3D oraz\u00a0 komiks\u00f3w<strong> <em>Graficzne eMOCje!<\/em> <\/strong>Uczestnicy wygenerowali grafik\u0119 na podstawie swojego tekstu, obejrzeli wystaw\u0119 w okularach red-cyjan oraz holograficzny pokaz. Ponadto tworzyli m\u00f3wi\u0105ce awatary i w\u0142asne cyfrowe komiksy. To by\u0142y wszech<strong>MOC<\/strong>ne obrazy.<\/p>\n<p>Du\u017cym zainteresowaniem uczni\u00f3w i nauczycieli cieszy\u0142o si\u0119 <strong>MOCne zwiedzanie wystawy <\/strong><strong><em>Zanim nasta\u0142y media cyfrowe,<\/em><\/strong> kt\u00f3r\u0105 prezentowa\u0142a Pani Izabela Bajor.<\/p>\n<p>Po po\u0142udniu uczestnicy zostali powitani i zaproszeni do stworzenia plastycznej kompozycji <strong><em>Przywitaj si\u0119 z\u00a0bibliotek\u0105<\/em><\/strong>. Na wszystkich czeka\u0142o mn\u00f3stwo atrakcji i niespodzianek. Go\u015bcinne progi biblioteki po godzinie 17.00 odwiedzi\u0142o ponad 80 os\u00f3b. Jak co roku ogromnym zainteresowaniem cieszy\u0142y si\u0119 warsztaty z rob\u00f3tek r\u0119cznych <strong><em>Magiczne szyde\u0142ko<\/em><\/strong>. Pod\u00a0czujnym okiem instruktorki powsta\u0142y pi\u0119kne motyle, zak\u0142adki do ksi\u0105\u017cek i\u00a0serduszka. Niemal ka\u017cdy uczestnik Nocy Bibliotek przeszed\u0142\u00a0<strong><em>trening pierwszej pomocy przedmedycznej<\/em><\/strong>, kt\u00f3ry przeprowadzi\u0142a\u00a0 Pani konsultant RODN \u201eWOM\u201d Aleksandra Krawczyk. W\u00a0k\u0105ciku malucha dzieci mog\u0142y sp\u0119dzi\u0107 mi\u0142o czas na\u00a0kolorowaniu, grach i\u00a0zabawach oraz\u00a0s\u0142uchaniu bajek i\u00a0ba\u015bni. Mi\u0142o\u015bnicy gier planszowych mieli okazj\u0119 pogra\u0107 w\u00a0wiele gier towarzyskich i strategicznych ale te\u017c zmierzy\u0107 si\u0119 z zawodnikami Uczniowskiego Klubu Sportowego Hetman Cz\u0119stochowa i rozegra\u0107 parti\u0119 szach\u00f3w z do\u015bwiadczonymi graczami.\u00a0<strong><em>Graficzne eMOCje!<\/em><\/strong> podobnie jak przed po\u0142udniem by\u0142y znacz\u0105cym punktem tej Nocy. Wielu ch\u0119tnych <strong>MOCno<\/strong> zwiedzi\u0142o wystaw\u0119 <strong><em>Zanim nasta\u0142y media cyfrowe. <\/em><\/strong>Bardzo ciekaw\u0105 propozycj\u0105, kt\u00f3ra dostarczy\u0142a wielu emocji <strong><em>Grywalizacja z kodem QR Biblioteczne<\/em><\/strong><em><strong>Tajemnice<\/strong><\/em>,kt\u00f3r\u0105 prowadzi\u0142a Pani Anna P\u0142usa. Odby\u0142a si\u0119 r\u00f3wnie\u017c projekcja filmu <strong><em>M\u00f3j brat \u015bciga dinozaury<\/em><\/strong>, kt\u00f3ry w lekki, m\u0105dry, czasem zabawny spos\u00f3b pokazuje relacje w rodzinie i w gronie r\u00f3wie\u015bnik\u00f3w, dojrzewanie i dorastanie.<\/p>\n<p>MOCnym punktem tegorocznej Nocy Bibliotek by\u0142 <strong><em>pokaz ta\u0144ca towarzyskiego Szko\u0142y Ta\u0144ca Dobrowolscy Cz\u0119stochowa<\/em><\/strong>. Jakub Lizura i Weronika Putyra, para klasy mistrzowskiej i finali\u015bci Mistrzostw Okr\u0119gu \u015al\u0105skiego, zachwycili widowni\u0119, prezentuj\u0105c gor\u0105c\u0105 rumb\u0119 oraz energiczn\u0105 cha-ch\u0119. Emilia Ko\u0142don i Wiktor Banaszczyk &#8211; para taneczna w klasie D, podw\u00f3jni wicemistrzowie Okr\u0119gu \u015al\u0105skiego i finali\u015bci Polish Open Championship, zata\u0144czyli dynamiczne paso doble. Wszystkich oczarowa\u0142 jive zata\u0144czony przez obie pary. By\u0142a te\u017c mi\u0142a niespodzianka dla wszystkich &#8211; nauka ta\u0144ca do piosenki \u201eAi se eu te pego\u201d. Zabawa by\u0142a \u015bwietna.<\/p>\n<p>Pe\u0142ne energii utwory wykonane przez <strong><em>zesp\u00f3\u0142 NURT<\/em><\/strong> doda\u0142y \u017caru do X jubileuszowej edycji. W\u00a0zespole wyst\u0119puj\u0105: Zuzanna P\u0142usa, Patrycja Szymczyk, Karol Celban i Bartosz Ko\u0142don. MOCne brzmienia zespo\u0142u by\u0142y ostatnim punktem Nocy Bibliotek w bibliotece pedagogicznej.<\/p>\n<p>Z r\u00f3\u017cnorodnej oferty biblioteki pedagogicznej skorzysta\u0142o \u0142\u0105cznie oko\u0142o 300 os\u00f3b.<\/p>\n<p>Noc Bibliotek to og\u00f3lnopolska inicjatywa, kt\u00f3ra promuje czytelnictwo, zach\u0119caj\u0105c do odwiedzin lokalnych bibliotek \u2013 miejsc, gdzie ka\u017cdy mo\u017ce spotka\u0107 si\u0119 z kultur\u0105 i skorzysta\u0107 z bogatych, bezp\u0142atnych zasob\u00f3w, wspieraj\u0105cych wymian\u0119 idei i integracj\u0119 spo\u0142eczno\u015bci. Akcj\u0119 zainicjowa\u0142o i rozwija Centrum Edukacji Obywatelskiej pod patronatem Biblioteki Narodowej, przy wsp\u00f3\u0142pracy z Fundacj\u0105 ABCXXI \u2013 Ca\u0142a Polska czyta dzieciom oraz Fundacj\u0105 Rozwoju Spo\u0142ecze\u0144stwa Informacyjnego, a tak\u017ce licznych partner\u00f3w i patron\u00f3w.<\/p>\n<p>Serdecznie dzi\u0119kujemy wszystkim, kt\u00f3rzy przyczynili si\u0119 do stworzenia atrakcyjnej oferty zaj\u0119\u0107 i warsztat\u00f3w. Szczeg\u00f3lne podzi\u0119kowania kierujemy do zaproszonych go\u015bci, kt\u00f3rzy zechcieli podzieli\u0107 si\u0119 swoj\u0105 pasj\u0105 i po\u015bwi\u0119ci\u0107 sw\u00f3j czas.<\/p>\n<p style=\"text-align: right;\"><em>Tekst: Anna D\u0105browska<br \/>\n<\/em><em>Zdj\u0119cia: Izabela Bajor<br \/>\n<\/em><a href=\"https:\/\/pbp.womczest.edu.pl\/new\/galeria\/x-jubileuszowa-noc-bibliotek-2024\/\"><strong>galeria<\/strong><\/a><em><br \/>\n<\/em><\/p>\n","protected":false},"excerpt":{"rendered":"<p>\u201eMoc bibliotek\u201d \u2013 pod takim has\u0142em 11 pa\u017adziernika 2024 r. odby\u0142a si\u0119 X jubileuszowa edycja og\u00f3lnopolskiej Nocy Bibliotek. Jak co roku, Publiczna Biblioteka Pedagogiczna Regionalnego O\u015brodka Doskonalenia Nauczycieli \u201eWOM\u201d w Cz\u0119stochowie, wzi\u0119\u0142a udzia\u0142 w tym wyj\u0105tkowym wydarzeniu, kt\u00f3re promuje biblioteki i czytelnictwo. Og\u00f3lnopolska akcja w oryginalny spos\u00f3b zach\u0119ca do korzystania z bibliotek, kt\u00f3re s\u0105 jednymi z najbardziej dost\u0119pnych i otwartych instytucji kultury, oferuj\u0105c szeroki wachlarz dzia\u0142a\u0144 dla os\u00f3b w ka\u017cdym<span class=\"ellipsis\">&hellip;<\/span><\/p>\n<div class=\"read-more\"><a href=\"https:\/\/pbp.womczest.edu.pl\/new\/x-jubileuszowa-edycja-ogolnopolskiej-nocy-bibliotek\/\">Czytaj wi\u0119cej &#8250;<\/a><\/div>\n<p><!-- end of .read-more --><\/p>\n","protected":false},"author":5,"featured_media":0,"parent":0,"menu_order":0,"comment_status":"closed","ping_status":"closed","template":"full-width-page.php","meta":{"footnotes":""},"jetpack_sharing_enabled":true,"jetpack_shortlink":"https:\/\/wp.me\/PgmV4H-6HD","_links":{"self":[{"href":"https:\/\/pbp.womczest.edu.pl\/new\/wp-json\/wp\/v2\/pages\/25769"}],"collection":[{"href":"https:\/\/pbp.womczest.edu.pl\/new\/wp-json\/wp\/v2\/pages"}],"about":[{"href":"https:\/\/pbp.womczest.edu.pl\/new\/wp-json\/wp\/v2\/types\/page"}],"author":[{"embeddable":true,"href":"https:\/\/pbp.womczest.edu.pl\/new\/wp-json\/wp\/v2\/users\/5"}],"replies":[{"embeddable":true,"href":"https:\/\/pbp.womczest.edu.pl\/new\/wp-json\/wp\/v2\/comments?post=25769"}],"version-history":[{"count":8,"href":"https:\/\/pbp.womczest.edu.pl\/new\/wp-json\/wp\/v2\/pages\/25769\/revisions"}],"predecessor-version":[{"id":25800,"href":"https:\/\/pbp.womczest.edu.pl\/new\/wp-json\/wp\/v2\/pages\/25769\/revisions\/25800"}],"wp:attachment":[{"href":"https:\/\/pbp.womczest.edu.pl\/new\/wp-json\/wp\/v2\/media?parent=25769"}],"curies":[{"name":"wp","href":"https:\/\/api.w.org\/{rel}","templated":true}]}}