


{"id":2564,"date":"2015-04-23T14:27:41","date_gmt":"2015-04-23T12:27:41","guid":{"rendered":"https:\/\/pbp.womczest.edu.pl\/new\/?page_id=2564"},"modified":"2024-09-02T09:05:52","modified_gmt":"2024-09-02T07:05:52","slug":"struktura-i-pracownicy","status":"publish","type":"page","link":"https:\/\/pbp.womczest.edu.pl\/new\/o-bibliotece\/struktura-i-pracownicy\/","title":{"rendered":"Struktura i pracownicy"},"content":{"rendered":"<hr \/>\n<p style=\"text-align: center;\"><strong>Struktura i pracownicy<\/strong><\/p>\n<hr \/>\n<p>Publiczna Biblioteka Pedagogiczna tworzy zesp\u00f3\u0142 z Regionalnym O\u015brodkiem Doskonalenia Nauczycieli \u201eWOM\u201d w Cz\u0119stochowie.<\/p>\n<hr \/>\n<p style=\"text-align: center;\"><strong>Kierownictwo biblioteki<\/strong><\/p>\n<hr \/>\n<p><strong>Aneta \u017burek<\/strong>\u00a0\u2013 dyrektor Regionalnego O\u015brodka Doskonalenia Nauczycieli \u201eWOM\u201d w Cz\u0119stochowie<\/p>\n<p><strong>Renata Lipniewska<\/strong> \u2013 wicedyrektor Regionalnego O\u015brodka Doskonalenia Nauczycieli \u201eWOM\u201d w Cz\u0119stochowie ds. bibliotek pedagogicznych<br \/>\ntel. 34 360 60 04 wew. 256<br \/>\ne-mail:<strong> <a href=\"mailto:lipniewska@womczest.edu.pl\">Renata Lipniewska<\/a><\/strong><\/p>\n<hr \/>\n<p style=\"text-align: center;\"><strong>Gromadzenie i opracowanie zbior\u00f3w<\/strong><\/p>\n<hr \/>\n<p><strong>Izabela Bajor<\/strong><br \/>\ntel. 34 360 60 04 wew. 249<br \/>\ne-mail: <strong> <a href=\"mailto:ibajor@womczest.edu.pl\">Izabela Bajor<\/a><\/strong><\/p>\n<p><strong>Barbara Witkowska<\/strong><br \/>\ntel. 34 360 60 04 wew. 248<br \/>\ne-mail:<strong> <a href=\"mailto:witkowska@womczest.edu.pl\">Barbara Witkowska<\/a><\/strong><\/p>\n<hr \/>\n<p style=\"text-align: center;\"><strong>Dzia\u0142ania edukacyjne, informacja pedagogiczna, wspieranie dzia\u0142alno\u015bci bibliotekarzy bibliotek szkolnych i pedagogicznych<br \/>\n<\/strong><\/p>\n<hr \/>\n<p><strong>dr Agata Arkabus<\/strong><br \/>\ntel. 34 360 60 04 wew. 255<br \/>\ne-mail:<strong> <a href=\"mailto:arkabus@womczest.edu.pl\">Agata Arkabus<\/a><\/strong><\/p>\n<p><strong>Anna P\u0142usa<\/strong><br \/>\ntel. 34 360 60 04 wew. 255<br \/>\ne-mail:<strong> <a href=\"mailto:plusa@womczest.edu.pl\">Anna P\u0142usa<\/a><\/strong><\/p>\n<p><strong>Marta Ma\u0142ek<\/strong><br \/>\ntel. 34 360 60 04 wew. 248<br \/>\ne-mail:<strong> <a href=\"mailto:malek@womczest.edu.pl\">Marta Ma\u0142ek<\/a><\/strong><\/p>\n<p><strong>Anna Hiller<\/strong><br \/>\ntel. 34 360 60 04 wew. 250<br \/>\ne-mail:<strong> <a href=\"mailto:hiller@womczest.edu.pl\">Anna Hiller<\/a><\/strong><\/p>\n<p><strong>Anna D\u0105browska<\/strong><br \/>\ntel. 34 360 60 04 wew. 250<br \/>\ne-mail:<strong> <a href=\"mailto:dabrowska@womczest.edu.pl\">Anna D\u0105browska<\/a><\/strong><\/p>\n<p><strong>Katarzyna Kucharzewska<\/strong><br \/>\ntel. 34 360 60 04 wew. 253<br \/>\ne-mail: <strong> <a href=\"mailto:kucharzewska@womczest.edu.pl\">Katarzyna Kucharzewska<\/a><\/strong><\/p>\n<p><strong>Aneta Przyby\u0142owicz <\/strong><br \/>\ntel. 34 360 60 04 wew. 253<br \/>\ne-mail: <strong><a href=\"mailto:przybylowicz@womczest.edu.pl\">Aneta Przyby\u0142owicz<\/a><\/strong><\/p>\n<p><strong>Ernest Pidzik<\/strong><br \/>\ntel. 34 360 60 04 wew. 109<br \/>\ne-mail: <strong> <a href=\"mailto:pidzik@womczest.edu.pl\">Ernest Pidzik<\/a><\/strong><\/p>\n<hr \/>\n<p style=\"text-align: center;\"><strong>Udost\u0119pnianie zbior\u00f3w (ksi\u0105\u017cki, multimedia)<\/strong><\/p>\n<hr \/>\n<p><strong>Alina Ty\u015b<\/strong><br \/>\ntel. 34 360 60 04 wew. 612<br \/>\ne-mail: <strong> <a href=\"mailto:tys@womczest.edu.pl\">Alina Ty\u015b<\/a><\/strong><\/p>\n<p><strong>Beata Raczy\u0144ska<\/strong><br \/>\ntel. 34\u00a0360 60 04 wew. 612<br \/>\ne-mail:<strong> <a href=\"mailto:raczynska@womczest.edu.pl\">Beata Raczy\u0144ska<\/a><\/strong><\/p>\n<p><strong>Joanna Resakowska<\/strong><br \/>\ntel. 34\u00a0360 60 04 wew. 612<br \/>\ne-mail:<strong> <a href=\"mailto:resakowska@womczest.edu.pl\">Joanna Resakowska<\/a><\/strong><\/p>\n<p><strong>Edyta Sendal<\/strong><br \/>\ntel. 34 360 60 04 wew. 612<br \/>\ne-mail: <a href=\"mailto:sendal@womczest.edu.pl\"><strong>Edyta Sendal<\/strong><\/a><\/p>\n<hr \/>\n<p style=\"text-align: center;\"><strong>Czytelnia naukowa<\/strong><\/p>\n<hr \/>\n<p><strong>Zofia \u015awi\u0105tecka-Radzioch<\/strong><br \/>\ntel. 34 360 60 04 wew. 107<br \/>\ne-mail: <strong><a href=\"mailto:swiatecka-radzioch@womczest.edu.pl\">Zofia \u015awi\u0105tecka-Radzioch<\/a><\/strong><\/p>\n<p><strong>Marek Czarno\u0142\u0119ski<\/strong><br \/>\ntel. 34 360 60 04 wew. 107<br \/>\ne-mail:<strong> <a href=\"mailto:czarnoleski@womczest.edu.pl\">Marek Czarno\u0142\u0119ski<\/a><\/strong><\/p>\n<hr \/>\n<p style=\"text-align: center;\"><strong>Czytelnia czasopism<\/strong><\/p>\n<hr \/>\n<p><strong>Bernarda \u015amigielska<\/strong><br \/>\ntel. 34 360 60 04 wew. 107<br \/>\ne-mail: <strong> <a href=\"mailto:smigielska@womczest.edu.pl\">Bernarda \u015amigielska<\/a><\/strong><\/p>\n<hr \/>\n<p style=\"text-align: center;\"><strong>Pracownicy administracji i obs\u0142ugi<\/strong><\/p>\n<hr \/>\n<p><strong>Monika Handzel<\/strong> \u2013 sekretariat<br \/>\ntel. 34 360 60 04 wew. 254<br \/>\ne-mail: <strong> <a href=\"mailto:handzel@womczest.edu.pl\">Monika Handzel<\/a><\/strong><\/p>\n","protected":false},"excerpt":{"rendered":"<p>Struktura i pracownicy Publiczna Biblioteka Pedagogiczna tworzy zesp\u00f3\u0142 z Regionalnym O\u015brodkiem Doskonalenia Nauczycieli \u201eWOM\u201d w Cz\u0119stochowie. Kierownictwo biblioteki Aneta \u017burek\u00a0\u2013 dyrektor Regionalnego O\u015brodka Doskonalenia Nauczycieli \u201eWOM\u201d w Cz\u0119stochowie Renata Lipniewska \u2013 wicedyrektor Regionalnego O\u015brodka Doskonalenia Nauczycieli \u201eWOM\u201d w Cz\u0119stochowie ds. bibliotek pedagogicznych tel. 34 360 60 04 wew. 256 e-mail: Renata Lipniewska Gromadzenie i opracowanie zbior\u00f3w Izabela Bajor tel. 34 360 60 04 wew. 249 e-mail: Izabela Bajor Barbara Witkowska<span class=\"ellipsis\">&hellip;<\/span><\/p>\n<div class=\"read-more\"><a href=\"https:\/\/pbp.womczest.edu.pl\/new\/o-bibliotece\/struktura-i-pracownicy\/\">Czytaj wi\u0119cej &#8250;<\/a><\/div>\n<p><!-- end of .read-more --><\/p>\n","protected":false},"author":2,"featured_media":0,"parent":2537,"menu_order":0,"comment_status":"closed","ping_status":"open","template":"","meta":{"footnotes":""},"jetpack_sharing_enabled":true,"jetpack_shortlink":"https:\/\/wp.me\/PgmV4H-Fm","_links":{"self":[{"href":"https:\/\/pbp.womczest.edu.pl\/new\/wp-json\/wp\/v2\/pages\/2564"}],"collection":[{"href":"https:\/\/pbp.womczest.edu.pl\/new\/wp-json\/wp\/v2\/pages"}],"about":[{"href":"https:\/\/pbp.womczest.edu.pl\/new\/wp-json\/wp\/v2\/types\/page"}],"author":[{"embeddable":true,"href":"https:\/\/pbp.womczest.edu.pl\/new\/wp-json\/wp\/v2\/users\/2"}],"replies":[{"embeddable":true,"href":"https:\/\/pbp.womczest.edu.pl\/new\/wp-json\/wp\/v2\/comments?post=2564"}],"version-history":[{"count":42,"href":"https:\/\/pbp.womczest.edu.pl\/new\/wp-json\/wp\/v2\/pages\/2564\/revisions"}],"predecessor-version":[{"id":25384,"href":"https:\/\/pbp.womczest.edu.pl\/new\/wp-json\/wp\/v2\/pages\/2564\/revisions\/25384"}],"up":[{"embeddable":true,"href":"https:\/\/pbp.womczest.edu.pl\/new\/wp-json\/wp\/v2\/pages\/2537"}],"wp:attachment":[{"href":"https:\/\/pbp.womczest.edu.pl\/new\/wp-json\/wp\/v2\/media?parent=2564"}],"curies":[{"name":"wp","href":"https:\/\/api.w.org\/{rel}","templated":true}]}}