


{"id":25639,"date":"2024-10-01T11:23:18","date_gmt":"2024-10-01T09:23:18","guid":{"rendered":"https:\/\/pbp.womczest.edu.pl\/new\/?page_id=25639"},"modified":"2024-10-01T11:23:18","modified_gmt":"2024-10-01T09:23:18","slug":"miedzynarodowy-dzien-kropki-2","status":"publish","type":"page","link":"https:\/\/pbp.womczest.edu.pl\/new\/miedzynarodowy-dzien-kropki-2\/","title":{"rendered":"Mi\u0119dzynarodowy Dzie\u0144 Kropki"},"content":{"rendered":"<p>18 wrze\u015bnia 2024 r. w bibliotece zorganizowano obchody Mi\u0119dzynarodowego Dnia Kropki. Z tej okazji odwiedzili nas uczniowie klasy I C Szko\u0142y Podstawowej nr 38 im. L. Zamenhofa w Cz\u0119stochowie wraz z wychowawczyni\u0105 Pani\u0105 Patrycj\u0105 Rogalsk\u0105-Dymek. Na pocz\u0105tku spotkania dzieci obejrza\u0142y kr\u00f3tki filmik o tym sk\u0105d wzi\u0119\u0142o si\u0119 to \u015bwi\u0119to i jaki jest jego cel. Nast\u0119pnie uczniowie poznali histori\u0119 dziewczynki o imieniu Vasthi. Historia ta by\u0142a pretekstem do rozmowy o dzieci\u0119cych talentach i ich rozwijaniu. Dzie\u0144 kropki to \u015bwi\u0119to kreatywno\u015bci, dlatego nie zabrak\u0142o na nim ciekawych gier i zabaw z kropk\u0105 w tle.\u00a0 Ka\u017cdy uczestnik indywidualnie rysowa\u0142 drog\u0119 Vashti, pokonuj\u0105c labirynt. Kolejnym zadaniem by\u0142a praca plastyczna \u201ePokoloruj ludzika\u201d. Rzut kostk\u0105 decydowa\u0142 o tym, kt\u00f3ry element kolorowanki, i na jaki kolor zostanie pomalowany. W trzyosobowych zespo\u0142ach grano w cyferkowo-kropkowe memory, kt\u00f3re dostarczy\u0142o wszystkim wielu emocji. Na zako\u0144czenie uczestnicy za\u015bpiewali piosenk\u0119 o kropkach. Klasa otrzyma\u0142a pami\u0105tkowy Certyfikat udzia\u0142u w Mi\u0119dzynarodowym Dniu Kropki, a ka\u017cdy uczestnik drobny upominek \u2013 kolorow\u0105 zak\u0142adk\u0119 do ksi\u0105\u017cki. Bardzo dzi\u0119kujemy dzieciom oraz wychowawczyni za zaanga\u017cowanie podczas zaj\u0119\u0107 i mi\u0142o sp\u0119dzony czas.<\/p>\n<p style=\"text-align: right;\"><em>Tekst: Anna D\u0105browska; Zdj\u0119cia:<\/em><em>\u00a0Anna Hiller<\/em><\/p>\n","protected":false},"excerpt":{"rendered":"<p>18 wrze\u015bnia 2024 r. w bibliotece zorganizowano obchody Mi\u0119dzynarodowego Dnia Kropki. Z tej okazji odwiedzili nas uczniowie klasy I C Szko\u0142y Podstawowej nr 38 im. L. Zamenhofa w Cz\u0119stochowie wraz z wychowawczyni\u0105 Pani\u0105 Patrycj\u0105 Rogalsk\u0105-Dymek. Na pocz\u0105tku spotkania dzieci obejrza\u0142y kr\u00f3tki filmik o tym sk\u0105d wzi\u0119\u0142o si\u0119 to \u015bwi\u0119to i jaki jest jego cel. Nast\u0119pnie uczniowie poznali histori\u0119 dziewczynki o imieniu Vasthi. Historia ta by\u0142a pretekstem do rozmowy o dzieci\u0119cych<span class=\"ellipsis\">&hellip;<\/span><\/p>\n<div class=\"read-more\"><a href=\"https:\/\/pbp.womczest.edu.pl\/new\/miedzynarodowy-dzien-kropki-2\/\">Czytaj wi\u0119cej &#8250;<\/a><\/div>\n<p><!-- end of .read-more --><\/p>\n","protected":false},"author":6,"featured_media":0,"parent":0,"menu_order":0,"comment_status":"closed","ping_status":"closed","template":"full-width-page.php","meta":{"footnotes":""},"jetpack_sharing_enabled":true,"jetpack_shortlink":"https:\/\/wp.me\/PgmV4H-6Fx","_links":{"self":[{"href":"https:\/\/pbp.womczest.edu.pl\/new\/wp-json\/wp\/v2\/pages\/25639"}],"collection":[{"href":"https:\/\/pbp.womczest.edu.pl\/new\/wp-json\/wp\/v2\/pages"}],"about":[{"href":"https:\/\/pbp.womczest.edu.pl\/new\/wp-json\/wp\/v2\/types\/page"}],"author":[{"embeddable":true,"href":"https:\/\/pbp.womczest.edu.pl\/new\/wp-json\/wp\/v2\/users\/6"}],"replies":[{"embeddable":true,"href":"https:\/\/pbp.womczest.edu.pl\/new\/wp-json\/wp\/v2\/comments?post=25639"}],"version-history":[{"count":1,"href":"https:\/\/pbp.womczest.edu.pl\/new\/wp-json\/wp\/v2\/pages\/25639\/revisions"}],"predecessor-version":[{"id":25640,"href":"https:\/\/pbp.womczest.edu.pl\/new\/wp-json\/wp\/v2\/pages\/25639\/revisions\/25640"}],"wp:attachment":[{"href":"https:\/\/pbp.womczest.edu.pl\/new\/wp-json\/wp\/v2\/media?parent=25639"}],"curies":[{"name":"wp","href":"https:\/\/api.w.org\/{rel}","templated":true}]}}