


{"id":2560,"date":"2015-04-23T14:27:01","date_gmt":"2015-04-23T12:27:01","guid":{"rendered":"https:\/\/pbp.womczest.edu.pl\/new\/?page_id=2560"},"modified":"2024-08-23T13:57:50","modified_gmt":"2024-08-23T11:57:50","slug":"informacje-ogolne","status":"publish","type":"page","link":"https:\/\/pbp.womczest.edu.pl\/new\/o-bibliotece\/informacje-ogolne\/","title":{"rendered":"Informacje og\u00f3lne"},"content":{"rendered":"<hr \/>\n<p><strong>Publiczna Biblioteka Pedagogiczna RODN \u201eWOM\u201d w Cz\u0119stochowie<\/strong> od momentu powstania zwi\u0105zana jest z procesem kszta\u0142cenia i doskonalenia nauczycieli. Stanowi jego niezb\u0119dny element w systemie rozwoju zawodowego, jest warsztatem pracy kadry pedagogicznej.<\/p>\n<p>Od 1991 roku <strong>Publiczna Biblioteka Pedagogiczna RODN \u201eWOM\u201d<\/strong> tworzy zesp\u00f3\u0142 plac\u00f3wek o\u015bwiatowych z Regionalnym O\u015brodkiem Doskonalenia Nauczycieli \u201eWOM\u201d w Cz\u0119stochowie.<\/p>\n<p><strong>Do korzystania z naszych zbior\u00f3w i us\u0142ug zapraszamy:<br \/>\n<\/strong><\/p>\n<ul>\n<li>nauczycieli<\/li>\n<li>student\u00f3w<\/li>\n<li>uczni\u00f3w szk\u00f3\u0142 ponadpodstawowych<\/li>\n<li>osoby zainteresowane problemami kszta\u0142cenia i wychowania<\/li>\n<\/ul>\n<p>Szczeg\u00f3\u0142owe zasady korzystanie ze zbior\u00f3w i us\u0142ug okre\u015bla <a href=\"https:\/\/pbp.womczest.edu.pl\/new\/wp-content\/uploads\/2011\/11\/moje_regulamin.pdf\" target=\"_blank\" rel=\"noopener noreferrer\">regulamin<\/a><\/p>\n<p><strong>Nasza dzia\u0142alno\u015b\u0107:<\/strong><\/p>\n<ul>\n<li>gromadzimy i udost\u0119pniamy ksi\u0105\u017cki, czasopisma i multimedia<\/li>\n<li>prowadzimy dzia\u0142alno\u015b\u0107 informacyjno-bibliograficzn\u0105<\/li>\n<li>udzielamy pomocy i instrukta\u017cu bibliotekarzom szkolnym<\/li>\n<li>realizujemy zaj\u0119cia biblioteczne dla uczni\u00f3w wszystkich typ\u00f3w szk\u00f3\u0142 i plac\u00f3wek o\u015bwiatowych<\/li>\n<li>organizujemy konkursy mi\u0119dzyszkolne i imprezy czytelnicze<\/li>\n<li>organizujemy kurs kwalifikacyjny z zakresu bibliotekoznawstwa<\/li>\n<li>wsp\u00f3\u0142pracujemy ze szko\u0142ami i innymi plac\u00f3wkami o\u015bwiatowymi<\/li>\n<\/ul>\n<p><strong>Nasze zbiory:<br \/>\n<\/strong><\/p>\n<ul>\n<li>publikacje z zakresu pedagogiki, psychologii, literatury naukowej z innych dziedzin wiedzy, programy nauczania, lektury szkolne<\/li>\n<li>wydawnictwa dotycz\u0105ce naszego miasta i regionu<\/li>\n<li>czasopisma z zakresu psychologii, pedagogiki i metodyki nauczania<\/li>\n<li>edukacyjne zbiory audiowizualne<\/li>\n<\/ul>\n<p><strong>Czytelnikom oferujemy r\u00f3wnie\u017c:<\/strong><\/p>\n<ul>\n<li>bezp\u0142atny dost\u0119p do Internetu<\/li>\n<li>katalogi online zawieraj\u0105ce nast\u0119puj\u0105ce bazy: ksi\u0105\u017cki, czasopisma, multimedia, artyku\u0142y z czasopism, regionalia, uroczysto\u015bci szkolne<\/li>\n<li>mo\u017cliwo\u015b\u0107 zamawiania i rezerwowania zbior\u00f3w drog\u0105 elektroniczn\u0105<\/li>\n<li>zestawienia bibliograficzne dost\u0119pne online<\/li>\n<\/ul>\n<p><strong>Nasze plac\u00f3wki filialne:<\/strong><\/p>\n<ul>\n<li>Filia w Lelowie<\/li>\n<li>Filia w Lubli\u0144cu<\/li>\n<li>Filia w Myszkowie<\/li>\n<\/ul>\n<p>&nbsp;<\/p>\n","protected":false},"excerpt":{"rendered":"<p>Publiczna Biblioteka Pedagogiczna RODN \u201eWOM\u201d w Cz\u0119stochowie od momentu powstania zwi\u0105zana jest z procesem kszta\u0142cenia i doskonalenia nauczycieli. Stanowi jego niezb\u0119dny element w systemie rozwoju zawodowego, jest warsztatem pracy kadry pedagogicznej. Od 1991 roku Publiczna Biblioteka Pedagogiczna RODN \u201eWOM\u201d tworzy zesp\u00f3\u0142 plac\u00f3wek o\u015bwiatowych z Regionalnym O\u015brodkiem Doskonalenia Nauczycieli \u201eWOM\u201d w Cz\u0119stochowie. Do korzystania z naszych zbior\u00f3w i us\u0142ug zapraszamy: nauczycieli student\u00f3w uczni\u00f3w szk\u00f3\u0142 ponadpodstawowych osoby zainteresowane problemami kszta\u0142cenia i wychowania<span class=\"ellipsis\">&hellip;<\/span><\/p>\n<div class=\"read-more\"><a href=\"https:\/\/pbp.womczest.edu.pl\/new\/o-bibliotece\/informacje-ogolne\/\">Czytaj wi\u0119cej &#8250;<\/a><\/div>\n<p><!-- end of .read-more --><\/p>\n","protected":false},"author":2,"featured_media":0,"parent":2537,"menu_order":0,"comment_status":"closed","ping_status":"open","template":"","meta":{"footnotes":""},"jetpack_sharing_enabled":true,"jetpack_shortlink":"https:\/\/wp.me\/PgmV4H-Fi","_links":{"self":[{"href":"https:\/\/pbp.womczest.edu.pl\/new\/wp-json\/wp\/v2\/pages\/2560"}],"collection":[{"href":"https:\/\/pbp.womczest.edu.pl\/new\/wp-json\/wp\/v2\/pages"}],"about":[{"href":"https:\/\/pbp.womczest.edu.pl\/new\/wp-json\/wp\/v2\/types\/page"}],"author":[{"embeddable":true,"href":"https:\/\/pbp.womczest.edu.pl\/new\/wp-json\/wp\/v2\/users\/2"}],"replies":[{"embeddable":true,"href":"https:\/\/pbp.womczest.edu.pl\/new\/wp-json\/wp\/v2\/comments?post=2560"}],"version-history":[{"count":14,"href":"https:\/\/pbp.womczest.edu.pl\/new\/wp-json\/wp\/v2\/pages\/2560\/revisions"}],"predecessor-version":[{"id":25320,"href":"https:\/\/pbp.womczest.edu.pl\/new\/wp-json\/wp\/v2\/pages\/2560\/revisions\/25320"}],"up":[{"embeddable":true,"href":"https:\/\/pbp.womczest.edu.pl\/new\/wp-json\/wp\/v2\/pages\/2537"}],"wp:attachment":[{"href":"https:\/\/pbp.womczest.edu.pl\/new\/wp-json\/wp\/v2\/media?parent=2560"}],"curies":[{"name":"wp","href":"https:\/\/api.w.org\/{rel}","templated":true}]}}