


{"id":25585,"date":"2024-09-23T09:53:53","date_gmt":"2024-09-23T07:53:53","guid":{"rendered":"https:\/\/pbp.womczest.edu.pl\/new\/?page_id=25585"},"modified":"2024-09-23T09:54:16","modified_gmt":"2024-09-23T07:54:16","slug":"narodowe-czytanie-2024-w-klobucku","status":"publish","type":"page","link":"https:\/\/pbp.womczest.edu.pl\/new\/narodowe-czytanie-2024-w-klobucku\/","title":{"rendered":"Narodowe Czytanie 2024 w K\u0142obucku"},"content":{"rendered":"<p>7 wrze\u015bnia 2024 roku Publiczna Biblioteka Pedagogiczna RODN \u201eWOM\u201d w Cz\u0119stochowie wraz z Bibliotek\u0105 Publiczn\u0105 Gminy K\u0142obuck im. Jana D\u0142ugosza i Szko\u0142\u0105 Podstawow\u0105 nr 2 im. Adama Mickiewicza w K\u0142obucku wsp\u00f3\u0142organizowa\u0142a Narodowe Czytanie. Wszyscy zainteresowani zgromadzili si\u0119 o godzinie 10.00 na k\u0142obuckim rynku by pos\u0142ucha\u0107 czytanych fragment\u00f3w &#8222;Kordiana<strong><em>&#8222;<\/em><\/strong> Juliusza S\u0142owackiego.<\/p>\n<p>W tym roku czytali: Zuzanna Zawisza, Beata Hyra, Ewa Jakubowska (SP nr 2), Miko\u0142aj Fa\u0142owski (IX LO im. C. K. Norwida w Cz\u0119stochowie), Krzysztof W\u0142odarczyk (ZS nr 3 w K\u0142obucku), Sebastian Wypych, Stanis\u0142aw Ochma\u0144ski, Miros\u0142aw Dr\u00f3\u017cd\u017c (K\u0142obucka Uliczna Kapela SMS), Zygmunt Dudkowski (Akademia Trzeciego Wieku w K\u0142obucku). W rol\u0119 narratora wcieli\u0142a si\u0119 Izabela W\u0142odarczyk.<\/p>\n<p>Ca\u0142o\u015b\u0107 muzycznie u\u015bwietni\u0142a K\u0142obucka Kapela SMS.<\/p>\n<p style=\"text-align: right;\"><em>Tekst i zdj\u0119cia: Edyta Sendal<br \/>\n<\/em><\/p>\n","protected":false},"excerpt":{"rendered":"<p>7 wrze\u015bnia 2024 roku Publiczna Biblioteka Pedagogiczna RODN \u201eWOM\u201d w Cz\u0119stochowie wraz z Bibliotek\u0105 Publiczn\u0105 Gminy K\u0142obuck im. Jana D\u0142ugosza i Szko\u0142\u0105 Podstawow\u0105 nr 2 im. Adama Mickiewicza w K\u0142obucku wsp\u00f3\u0142organizowa\u0142a Narodowe Czytanie. Wszyscy zainteresowani zgromadzili si\u0119 o godzinie 10.00 na k\u0142obuckim rynku by pos\u0142ucha\u0107 czytanych fragment\u00f3w &#8222;Kordiana&#8222; Juliusza S\u0142owackiego. W tym roku czytali: Zuzanna Zawisza, Beata Hyra, Ewa Jakubowska (SP nr 2), Miko\u0142aj Fa\u0142owski (IX LO im. C. K.<span class=\"ellipsis\">&hellip;<\/span><\/p>\n<div class=\"read-more\"><a href=\"https:\/\/pbp.womczest.edu.pl\/new\/narodowe-czytanie-2024-w-klobucku\/\">Czytaj wi\u0119cej &#8250;<\/a><\/div>\n<p><!-- end of .read-more --><\/p>\n","protected":false},"author":6,"featured_media":0,"parent":0,"menu_order":0,"comment_status":"closed","ping_status":"closed","template":"","meta":{"footnotes":""},"jetpack_sharing_enabled":true,"jetpack_shortlink":"https:\/\/wp.me\/PgmV4H-6EF","_links":{"self":[{"href":"https:\/\/pbp.womczest.edu.pl\/new\/wp-json\/wp\/v2\/pages\/25585"}],"collection":[{"href":"https:\/\/pbp.womczest.edu.pl\/new\/wp-json\/wp\/v2\/pages"}],"about":[{"href":"https:\/\/pbp.womczest.edu.pl\/new\/wp-json\/wp\/v2\/types\/page"}],"author":[{"embeddable":true,"href":"https:\/\/pbp.womczest.edu.pl\/new\/wp-json\/wp\/v2\/users\/6"}],"replies":[{"embeddable":true,"href":"https:\/\/pbp.womczest.edu.pl\/new\/wp-json\/wp\/v2\/comments?post=25585"}],"version-history":[{"count":2,"href":"https:\/\/pbp.womczest.edu.pl\/new\/wp-json\/wp\/v2\/pages\/25585\/revisions"}],"predecessor-version":[{"id":25587,"href":"https:\/\/pbp.womczest.edu.pl\/new\/wp-json\/wp\/v2\/pages\/25585\/revisions\/25587"}],"wp:attachment":[{"href":"https:\/\/pbp.womczest.edu.pl\/new\/wp-json\/wp\/v2\/media?parent=25585"}],"curies":[{"name":"wp","href":"https:\/\/api.w.org\/{rel}","templated":true}]}}