


{"id":2546,"date":"2015-04-23T08:53:20","date_gmt":"2015-04-23T06:53:20","guid":{"rendered":"https:\/\/pbp.womczest.edu.pl\/new\/?page_id=2546"},"modified":"2015-05-20T11:52:22","modified_gmt":"2015-05-20T09:52:22","slug":"edukacja","status":"publish","type":"page","link":"https:\/\/pbp.womczest.edu.pl\/new\/edukacja\/","title":{"rendered":"Edukacja"},"content":{"rendered":"<hr \/>\n<ul>\n<li><a href=\"https:\/\/pbp.womczest.edu.pl\/new\/edukacja\/zajecia-biblioteczne\/\" target=\"_self\">Zaj\u0119cia biblioteczne<\/a><\/li>\n<li><a href=\"https:\/\/pbp.womczest.edu.pl\/new\/edukacja\/biblioterapia\/\" target=\"_self\">Biblioterapia<\/a><\/li>\n<li><a href=\"https:\/\/pbp.womczest.edu.pl\/new\/edukacja\/projekty-edukacyjne\/\" target=\"_self\">Projekty edukacyjne<\/a><\/li>\n<li><a href=\"https:\/\/pbp.womczest.edu.pl\/new\/edukacja\/edukacja-filmowa-i-dziennikarska\/\" target=\"_self\">Edukacja filmowa i dziennikarska<\/a><\/li>\n<li><a href=\"https:\/\/pbp.womczest.edu.pl\/new\/edukacja\/bezpieczenstwo-w-internecie\/\" target=\"_self\">Bezpiecze\u0144stwo w internecie<\/a><\/li>\n<li><a href=\"https:\/\/pbp.womczest.edu.pl\/new\/edukacja\/cala-polska-czyta-dzieciom\/\" target=\"_self\">Ca\u0142a Polska czyta dzieciom<\/a><\/li>\n<li><a href=\"https:\/\/pbp.womczest.edu.pl\/new\/edukacja\/konkursy\/\" target=\"_self\">Konkursy<\/a><\/li>\n<li><a href=\"https:\/\/pbp.womczest.edu.pl\/new\/edukacja\/inne-wydarzenia\/\" target=\"_self\">Inne wydarzenia<\/a><\/li>\n<\/ul>\n","protected":false},"excerpt":{"rendered":"<p>Zaj\u0119cia biblioteczne Biblioterapia Projekty edukacyjne Edukacja filmowa i dziennikarska Bezpiecze\u0144stwo w internecie Ca\u0142a Polska czyta dzieciom Konkursy Inne wydarzenia<\/p>\n","protected":false},"author":2,"featured_media":0,"parent":0,"menu_order":0,"comment_status":"closed","ping_status":"open","template":"","meta":{"footnotes":""},"jetpack_sharing_enabled":true,"jetpack_shortlink":"https:\/\/wp.me\/PgmV4H-F4","_links":{"self":[{"href":"https:\/\/pbp.womczest.edu.pl\/new\/wp-json\/wp\/v2\/pages\/2546"}],"collection":[{"href":"https:\/\/pbp.womczest.edu.pl\/new\/wp-json\/wp\/v2\/pages"}],"about":[{"href":"https:\/\/pbp.womczest.edu.pl\/new\/wp-json\/wp\/v2\/types\/page"}],"author":[{"embeddable":true,"href":"https:\/\/pbp.womczest.edu.pl\/new\/wp-json\/wp\/v2\/users\/2"}],"replies":[{"embeddable":true,"href":"https:\/\/pbp.womczest.edu.pl\/new\/wp-json\/wp\/v2\/comments?post=2546"}],"version-history":[{"count":2,"href":"https:\/\/pbp.womczest.edu.pl\/new\/wp-json\/wp\/v2\/pages\/2546\/revisions"}],"predecessor-version":[{"id":4827,"href":"https:\/\/pbp.womczest.edu.pl\/new\/wp-json\/wp\/v2\/pages\/2546\/revisions\/4827"}],"wp:attachment":[{"href":"https:\/\/pbp.womczest.edu.pl\/new\/wp-json\/wp\/v2\/media?parent=2546"}],"curies":[{"name":"wp","href":"https:\/\/api.w.org\/{rel}","templated":true}]}}