


{"id":25415,"date":"2024-09-04T14:07:45","date_gmt":"2024-09-04T12:07:45","guid":{"rendered":"https:\/\/pbp.womczest.edu.pl\/new\/?page_id=25415"},"modified":"2024-09-04T14:07:59","modified_gmt":"2024-09-04T12:07:59","slug":"wielka-liga-czytelnikow-2017-2018","status":"publish","type":"page","link":"https:\/\/pbp.womczest.edu.pl\/new\/wielka-liga-czytelnikow-2017-2018\/","title":{"rendered":"Wielka Liga Czytelnik\u00f3w 2017\/2018"},"content":{"rendered":"<p>Konkurs &#8222;Wielka Liga Czytelnik\u00f3w&#8221; to projekt czytelniczy \u00a0kt\u00f3rego g\u0142\u00f3wnym celem jest tworzenie mody na czytanie w\u015br\u00f3d rodzin.<\/p>\n<p>W roku szkolnym 2017\/2018 Wielka Liga Czytelnik\u00f3w by\u0142a konkursem o zasi\u0119gu wojew\u00f3dzkim skierowanym do uczni\u00f3w klas 1-7 szk\u00f3\u0142 podstawowych organizowanym na dw\u00f3ch poziomach: klasy 1-3 i klasy 4-7.<\/p>\n<p><strong>Konkurs przebiega\u0142 w trzech etapach: <\/strong><\/p>\n<ul>\n<li>pierwszy: szkolno-biblioteczny<\/li>\n<li>drugi: p\u00f3\u0142fina\u0142y powiatowe<\/li>\n<li>trzeci: fina\u0142 wojew\u00f3dzki<\/li>\n<\/ul>\n<p>Publiczna Biblioteka Pedagogiczna RODN &#8222;WOM&#8221; w\u00a0Cz\u0119stochowie zosta\u0142a <strong>koordynatorem\u00a0 powiatowym<\/strong>\u00a0 <strong>konkursu &#8222;Wielka Liga Czytelnik\u00f3w&#8221;<\/strong> <strong>dla miasta Cz\u0119stochowy oraz powiat\u00f3w: cz\u0119stochowskiego i\u00a0k\u0142obuckiego<\/strong>.<\/p>\n<p>W konkursie wzi\u0119\u0142o udzia\u0142 18 plac\u00f3wek o\u015bwiatowych, kt\u00f3re realizowa\u0142y<strong> etap pierwszy<\/strong> szkolno-biblioteczny polegaj\u0105cy na wybraniu przez nauczyciela z proponowanej przez WLC listy pozycji ksi\u0105\u017ckowych i stworzenia listy KSI\u0104\u017bEK konkursowych.<br \/>\nUczniowie szk\u00f3\u0142 podstawowych wypo\u017cyczali (w bibliotece szkolnej lub filii Miejskiej Biblioteki Publicznej) ksi\u0105\u017cki z listy konkursowej i tworzyli do nich pytania. Testy rozwi\u0105zywali w domu (np. podczas rodzinnego czytania), a nast\u0119pnie wype\u0142nione formularze oddawali do biblioteki, gdzie zosta\u0142y oceniane przez nauczyciela bibliotekarza.<\/p>\n<p>W\u00a0 przeprowadzonym w \u00a0Publicznej Bibliotece Pedagogicznej RODN &#8222;WOM&#8221; w\u00a0Cz\u0119stochowie p\u00f3\u0142finale<strong> konkursu &#8222;Wielka Liga Czytelnik\u00f3w&#8221;<\/strong> wzi\u0119\u0142o udzia\u0142 12 dru\u017cyn z klas 1-3 i 18 dru\u017cyn z klas 4-7 oraz 19 nauczycieli-opiekun\u00f3w.<\/p>\n<p><strong>Cz\u0119stochowa:<br \/>\n<\/strong>Kategoria: klasy 1-3 &#8211; <strong>8 dru\u017cyn<br \/>\n<\/strong>Kategoria: klasy 4-7 &#8211; <strong>10 dru\u017cyn<\/strong><\/p>\n<p>Do fina\u0142u <strong>klas 1-3<\/strong> przeszli reprezentanci plac\u00f3wki: Zespo\u0142u Szkolno-Przedszkolnego nr 1 w Cz\u0119stochowie.<br \/>\nDo fina\u0142u <strong>klas 4-7 <\/strong>przeszli reprezentanci plac\u00f3wki: Zespo\u0142u Szkolno-Przedszkolnego nr 1 w Cz\u0119stochowie.<\/p>\n<p>Powiat:\u00a0<strong>cz\u0119stochowski<br \/>\n<\/strong>Kategoria: klasy 1-3 &#8211; <strong>2 dru\u017cyny<br \/>\n<\/strong>Kategoria: klasy 4-7 &#8211;<strong> 5 dru\u017cyn<\/strong><\/p>\n<p>Do fina\u0142u <strong>klas 1-3<\/strong> przeszli reprezentanci plac\u00f3wki: Szko\u0142y Podstawowej im. Kornela Makuszy\u0144skiego w \u0141ojkach.<br \/>\nDo fina\u0142u <strong>klas 4-7 <\/strong>przeszli reprezentanci plac\u00f3wki: Szko\u0142y Podstawowej im. H. Sienkiewicza w \u00a0Kamienicy Polskiej.<\/p>\n<p>Powiat:\u00a0<strong>k\u0142obucki<br \/>\n<\/strong>Kategoria: klasy 1-3 &#8211; <strong>2 dru\u017cyny<br \/>\n<\/strong>Kategoria: klasy 4-7<strong> &#8211; 3 dru\u017cyny<\/strong><\/p>\n<p>Do fina\u0142u <strong>klas 1-3<\/strong> przeszli reprezentanci plac\u00f3wki: Szko\u0142y Podstawowej im. Tadeusza Ko\u015bciuszki w Pankach.<br \/>\nDo fina\u0142u <strong>klas 4-7 <\/strong>przeszli reprezentanci plac\u00f3wki: Szko\u0142y im. Adama Mickiewicza w Parzymiechach.<\/p>\n<p>Uczestnicy p\u00f3\u0142fina\u0142u oraz ich opiekunowie otrzymali dyplomy i podzi\u0119kowania.<\/p>\n<p>Najlepsze dru\u017cyny wyst\u0105pi\u0142y w finale<strong> konkursu &#8222;Wielka Liga Czytelnik\u00f3w&#8221;,\u00a0 kt\u00f3ry odby\u0142 si\u0119 w Katowicach. <\/strong>Fina\u0142owi towarzyszy\u0142y liczne atrakcje dla rodzin.<\/p>\n<p style=\"text-align: right;\"><em>Tekst: Anna D\u0105browska, Anna Hiller<\/em><\/p>\n<p>&nbsp;<\/p>\n<p>&nbsp;<\/p>\n","protected":false},"excerpt":{"rendered":"<p>Konkurs &#8222;Wielka Liga Czytelnik\u00f3w&#8221; to projekt czytelniczy \u00a0kt\u00f3rego g\u0142\u00f3wnym celem jest tworzenie mody na czytanie w\u015br\u00f3d rodzin. W roku szkolnym 2017\/2018 Wielka Liga Czytelnik\u00f3w by\u0142a konkursem o zasi\u0119gu wojew\u00f3dzkim skierowanym do uczni\u00f3w klas 1-7 szk\u00f3\u0142 podstawowych organizowanym na dw\u00f3ch poziomach: klasy 1-3 i klasy 4-7. Konkurs przebiega\u0142 w trzech etapach: pierwszy: szkolno-biblioteczny drugi: p\u00f3\u0142fina\u0142y powiatowe trzeci: fina\u0142 wojew\u00f3dzki Publiczna Biblioteka Pedagogiczna RODN &#8222;WOM&#8221; w\u00a0Cz\u0119stochowie zosta\u0142a koordynatorem\u00a0 powiatowym\u00a0 konkursu &#8222;Wielka Liga<span class=\"ellipsis\">&hellip;<\/span><\/p>\n<div class=\"read-more\"><a href=\"https:\/\/pbp.womczest.edu.pl\/new\/wielka-liga-czytelnikow-2017-2018\/\">Czytaj wi\u0119cej &#8250;<\/a><\/div>\n<p><!-- end of .read-more --><\/p>\n","protected":false},"author":6,"featured_media":0,"parent":0,"menu_order":0,"comment_status":"closed","ping_status":"closed","template":"","meta":{"footnotes":""},"jetpack_sharing_enabled":true,"jetpack_shortlink":"https:\/\/wp.me\/PgmV4H-6BV","_links":{"self":[{"href":"https:\/\/pbp.womczest.edu.pl\/new\/wp-json\/wp\/v2\/pages\/25415"}],"collection":[{"href":"https:\/\/pbp.womczest.edu.pl\/new\/wp-json\/wp\/v2\/pages"}],"about":[{"href":"https:\/\/pbp.womczest.edu.pl\/new\/wp-json\/wp\/v2\/types\/page"}],"author":[{"embeddable":true,"href":"https:\/\/pbp.womczest.edu.pl\/new\/wp-json\/wp\/v2\/users\/6"}],"replies":[{"embeddable":true,"href":"https:\/\/pbp.womczest.edu.pl\/new\/wp-json\/wp\/v2\/comments?post=25415"}],"version-history":[{"count":2,"href":"https:\/\/pbp.womczest.edu.pl\/new\/wp-json\/wp\/v2\/pages\/25415\/revisions"}],"predecessor-version":[{"id":25417,"href":"https:\/\/pbp.womczest.edu.pl\/new\/wp-json\/wp\/v2\/pages\/25415\/revisions\/25417"}],"wp:attachment":[{"href":"https:\/\/pbp.womczest.edu.pl\/new\/wp-json\/wp\/v2\/media?parent=25415"}],"curies":[{"name":"wp","href":"https:\/\/api.w.org\/{rel}","templated":true}]}}