


{"id":25332,"date":"2024-08-28T13:37:19","date_gmt":"2024-08-28T11:37:19","guid":{"rendered":"https:\/\/pbp.womczest.edu.pl\/new\/?page_id=25332"},"modified":"2024-08-28T13:37:19","modified_gmt":"2024-08-28T11:37:19","slug":"konkurs-czytelniczy-najaktywniej-czytajacy-trzecioklasista-2023-2024","status":"publish","type":"page","link":"https:\/\/pbp.womczest.edu.pl\/new\/konkurs-czytelniczy-najaktywniej-czytajacy-trzecioklasista-2023-2024\/","title":{"rendered":"Konkurs czytelniczy &#8222;Najaktywniej Czytaj\u0105cy Trzecioklasista&#8221; 2023\/2024"},"content":{"rendered":"<p>Celem konkursu by\u0142o rozbudzanie zainteresowa\u0144 czytelniczych w\u015br\u00f3d dzieci, kszta\u0142towanie nawyku systematycznego czytania oraz\u00a0promocja ksi\u0119gozbior\u00f3w bibliotek szkolnych. Organizatorzy mieli za\u00a0zadanie wskaza\u0107 uczni\u00f3w trzecich klas szk\u00f3\u0142 podstawowych, kt\u00f3rzy\u00a0w\u00a0okresie od\u00a01 wrze\u015bnia 2023 roku do\u00a031 maja 2024 roku przeczytali najwi\u0119cej ksi\u0105\u017cek dost\u0119pnych w\u00a0bibliotece szkolnej.<\/p>\n<p>Do\u00a0konkursowych zmaga\u0144 na\u00a0\u201eNajaktywniej czytaj\u0105cego Trzecioklasist\u0119\u201d zg\u0142osi\u0142o si\u0119 dziewi\u0119\u0107 szk\u00f3\u0142 podstawowych z\u00a0powiatu lublinieckiego:<\/p>\n<ul>\n<li>Szko\u0142a Podstawowa im.\u00a0J. Ligonia w\u00a0Strzebiniu,<\/li>\n<li>Publiczna Szko\u0142a Podstawowa im.\u00a0W. Kawy i\u00a0B.\u00a0Kawy w\u00a0Ko\u015bmidrach,<\/li>\n<li>Szko\u0142a Podstawowa nr\u00a01 im.\u00a0M. Konopnickiej w\u00a0Lubli\u0144cu,<\/li>\n<li>Zesp\u00f3\u0142 Plac\u00f3wek O\u015bwiatowych im.\u00a0Unii Europejskiej w\u00a0Boronowie,<\/li>\n<li>Szko\u0142a Podstawowa nr\u00a03 im.\u00a0Bohater\u00f3w Westerplatte w\u00a0Lubli\u0144cu,<\/li>\n<li>Szko\u0142a Podstawowa im.\u00a0Jana Paw\u0142a II\u00a0w\u00a0Psarach,<\/li>\n<li>Szko\u0142a Podstawowa im.\u00a0Jana Paw\u0142a II\u00a0w\u00a0Kosz\u0119cinie,<\/li>\n<li>Szko\u0142a Podstawowa im.\u00a074 G\u00f3rno\u015bl\u0105skiego Pu\u0142ku Piechoty w\u00a0Sadowie,<\/li>\n<li>Katolicki Zesp\u00f3\u0142 Szkolno-Przedszkolny im.\u00a0\u015bw.\u00a0Edyty Stein w\u00a0Lubli\u0144cu.<\/li>\n<\/ul>\n<p>Spo\u015br\u00f3d zg\u0142oszonych trzecioklasist\u00f3w najlepszymi czytelnikami okazali si\u0119:<\/p>\n<p><strong>I\u00a0miejsce<\/strong>\u00a0zaj\u0105\u0142\u00a0<strong>Szymon Aleksy<\/strong>\u00a0z\u00a0Zespo\u0142u Plac\u00f3wek O\u015bwiatowych im.\u00a0Unii Europejskiej w\u00a0Boronowie \u2013\u00a0<strong>176 przeczytanych ksi\u0105\u017cek<\/strong>, pod\u00a0opiek\u0105 nauczyciela bibliotekarza Pani Agaty Sart.<\/p>\n<p><strong>II\u00a0miejsce<\/strong>\u00a0zaj\u0105\u0142\u00a0<strong>Jakub Suda<\/strong>\u00a0ze\u00a0Szko\u0142y Podstawowej nr\u00a03 im.\u00a0Bohater\u00f3w Westerplatte w\u00a0Lubli\u0144cu \u2013\u00a0<strong>138 przeczytanych ksi\u0105\u017cek<\/strong>, pod\u00a0opiek\u0105 nauczyciela bibliotekarza Pani Barbary Brewki.<\/p>\n<p><strong>III miejsce<\/strong>\u00a0zaj\u0119\u0142a\u00a0<strong>Maria Kaczmarzyk<\/strong>\u00a0ze\u00a0Szko\u0142y Podstawowej im.\u00a074 G\u00f3rno\u015bl\u0105skiego Pu\u0142ku Piechoty w\u00a0Sadowie \u00a0\u2013\u00a0\u00a0<strong>84 przeczytane ksi\u0105\u017cki,\u00a0<\/strong>pod\u00a0opiek\u0105 nauczyciela bibliotekarza Pani Anny Lipi\u0144skiej.<\/p>\n<p>Zwyci\u0119zcom oraz\u00a0wszystkim uczestnikom gratulujemy wynik\u00f3w!<\/p>\n<p style=\"text-align: right;\"><em>Anna Bidzi\u0144ska-Kristof, Ma\u0142gorzata Goinda, Olimpia Zieli\u0144ska<\/em><\/p>\n","protected":false},"excerpt":{"rendered":"<p>Celem konkursu by\u0142o rozbudzanie zainteresowa\u0144 czytelniczych w\u015br\u00f3d dzieci, kszta\u0142towanie nawyku systematycznego czytania oraz\u00a0promocja ksi\u0119gozbior\u00f3w bibliotek szkolnych. Organizatorzy mieli za\u00a0zadanie wskaza\u0107 uczni\u00f3w trzecich klas szk\u00f3\u0142 podstawowych, kt\u00f3rzy\u00a0w\u00a0okresie od\u00a01 wrze\u015bnia 2023 roku do\u00a031 maja 2024 roku przeczytali najwi\u0119cej ksi\u0105\u017cek dost\u0119pnych w\u00a0bibliotece szkolnej. Do\u00a0konkursowych zmaga\u0144 na\u00a0\u201eNajaktywniej czytaj\u0105cego Trzecioklasist\u0119\u201d zg\u0142osi\u0142o si\u0119 dziewi\u0119\u0107 szk\u00f3\u0142 podstawowych z\u00a0powiatu lublinieckiego: Szko\u0142a Podstawowa im.\u00a0J. Ligonia w\u00a0Strzebiniu, Publiczna Szko\u0142a Podstawowa im.\u00a0W. Kawy i\u00a0B.\u00a0Kawy w\u00a0Ko\u015bmidrach, Szko\u0142a Podstawowa nr\u00a01 im.\u00a0M. Konopnickiej w\u00a0Lubli\u0144cu,<span class=\"ellipsis\">&hellip;<\/span><\/p>\n<div class=\"read-more\"><a href=\"https:\/\/pbp.womczest.edu.pl\/new\/konkurs-czytelniczy-najaktywniej-czytajacy-trzecioklasista-2023-2024\/\">Czytaj wi\u0119cej &#8250;<\/a><\/div>\n<p><!-- end of .read-more --><\/p>\n","protected":false},"author":6,"featured_media":0,"parent":0,"menu_order":0,"comment_status":"closed","ping_status":"closed","template":"","meta":{"footnotes":""},"jetpack_sharing_enabled":true,"jetpack_shortlink":"https:\/\/wp.me\/PgmV4H-6AA","_links":{"self":[{"href":"https:\/\/pbp.womczest.edu.pl\/new\/wp-json\/wp\/v2\/pages\/25332"}],"collection":[{"href":"https:\/\/pbp.womczest.edu.pl\/new\/wp-json\/wp\/v2\/pages"}],"about":[{"href":"https:\/\/pbp.womczest.edu.pl\/new\/wp-json\/wp\/v2\/types\/page"}],"author":[{"embeddable":true,"href":"https:\/\/pbp.womczest.edu.pl\/new\/wp-json\/wp\/v2\/users\/6"}],"replies":[{"embeddable":true,"href":"https:\/\/pbp.womczest.edu.pl\/new\/wp-json\/wp\/v2\/comments?post=25332"}],"version-history":[{"count":1,"href":"https:\/\/pbp.womczest.edu.pl\/new\/wp-json\/wp\/v2\/pages\/25332\/revisions"}],"predecessor-version":[{"id":25333,"href":"https:\/\/pbp.womczest.edu.pl\/new\/wp-json\/wp\/v2\/pages\/25332\/revisions\/25333"}],"wp:attachment":[{"href":"https:\/\/pbp.womczest.edu.pl\/new\/wp-json\/wp\/v2\/media?parent=25332"}],"curies":[{"name":"wp","href":"https:\/\/api.w.org\/{rel}","templated":true}]}}