


{"id":25148,"date":"2024-06-21T11:40:53","date_gmt":"2024-06-21T09:40:53","guid":{"rendered":"https:\/\/pbp.womczest.edu.pl\/new\/?page_id=25148"},"modified":"2024-06-21T11:47:19","modified_gmt":"2024-06-21T09:47:19","slug":"xiv-bajkowe-spotkania","status":"publish","type":"page","link":"https:\/\/pbp.womczest.edu.pl\/new\/xiv-bajkowe-spotkania\/","title":{"rendered":"XVI Bajkowe Spotkania"},"content":{"rendered":"<p><strong>Publiczna Biblioteka Pedagogiczna RODN \u201eWOM\u201d w Cz\u0119stochowie po raz szesnasty zorganizowa\u0142a \u201eBajkowe Spotkania\u201d w ramach og\u00f3lnopolskiej kampanii spo\u0142ecznej \u201eCa\u0142a Polska czyta dzieciom\u201d. <\/strong>Wydarzenie cieszy si\u0119 od lat nieustaj\u0105cym zainteresowaniem i jest skierowane do dzieci pi\u0119cio i sze\u015bcioletnich. Celem Bajkowych Spotka\u0144 jest popularyzowanie literatury w\u015br\u00f3d dzieci. Dzi\u0119ki zaanga\u017cowaniu i \u017cyczliwo\u015bci naszych Go\u015bci mogli\u015bmy ten cel zrealizowa\u0107 w spos\u00f3b radosny i atrakcyjny.<\/p>\n<p><strong>14 maja 2024 r.<\/strong> pierwsze z trzech Bajkowych Spotka\u0144 <strong>zgromadzi\u0142o w<\/strong> Auli <em>Forum<\/em> <strong>RODN \u201eWOM\u201d 129 dzieci i 16 nauczycieli z cz\u0119stochowskich przedszkoli. <\/strong><em>Bajk\u0119 o\u00a0Smoku Kubie<\/em> autorstwa Mariusza Kozubka przeczyta\u0142 <strong>Pan Miko\u0142aj Mikser M\u0105drzyk <\/strong>\u2013 znany i\u00a0ceniony raper-filozof oraz ambasador og\u00f3lnopolskiej kampanii spo\u0142ecznej \u201eCa\u0142a Polska Czyta Dzieciom\u201d. Dzieci z\u00a0wielk\u0105 uwag\u0105 s\u0142ucha\u0142y naszego Go\u015bcia zadaj\u0105c te\u017c wiele pyta\u0144 dotycz\u0105cych profesji i\u00a0zainteresowa\u0144 Miksera. Uda\u0142o si\u0119 te\u017c nam\u00f3wi\u0107 Pana Miko\u0142aja do improwizowanego wyst\u0119pu. Spotkanie by\u0142o bardzo radosne i\u00a0inspiruj\u0105ce.<\/p>\n<p>W pi\u0105tek, <strong>17 maja<\/strong> go\u015bcili\u015bmy <strong>Pana Mariusza Szulza<\/strong> &#8211; pedagoga, terapeut\u0119, animatora, znanego jako <strong>Hapi Hapi.<\/strong> Ten niesamowicie energiczny \u201eGo\u015b\u0107 od u\u015bmiechu\u201d oczarowa\u0142 uczestnik\u00f3w spotkania czytaj\u0105c dla nich teksty literackie<em>: Fanek i zielony stworek<\/em> Joanny Krzy\u017canek, <em>Micha\u0142ek i\u00a0pude\u0142ko niespodzianek<\/em> Agnieszki Stelmaszczyk, <em>Antek i stara jab\u0142onka<\/em> Edyty Zar\u0119bskiej, <em>Ja\u015b i\u00a0zaczarowany przyjaciel<\/em> Ireny Landau. Pomi\u0119dzy utworami Hapi Hapi odpowiada\u0142 na pytania dzieci, niekt\u00f3re bardzo zaskakuj\u0105ce np<em>. Czy zawsze by\u0142 taki kolorowy? Czy si\u0119 myje? A dlaczego tak si\u0119 ubiera? <\/em>By\u0142 tez czas na zabaw\u0119 przy muzyce i zabaw\u0119 niespodziank\u0119 poprowadzon\u0105 przez Hapi Hapi. W tym spotkaniu udzia\u0142 wzi\u0119\u0142o 115 dzieci i 15 opiekun\u00f3w z cz\u0119stochowskich szk\u00f3\u0142 i przedszkoli.<\/p>\n<p>Trzecia ods\u0142ona Bajkowych Spotka\u0144 odby\u0142a si\u0119 <strong>21 maja<\/strong>. Zaproszenie przyj\u0119\u0142a <strong>Pani Sylwia Oksiuta-Warmus<\/strong>, aktorka, arteterapeuta, pedagog, logopeda i osoba wielu talent\u00f3w, pasji i profesji. Na rozgrzewk\u0119 Pani Sylwia zaproponowa\u0142a dzieciom gimnastyk\u0119 buzi i j\u0119zyka a nast\u0119pnie przeczyta\u0142a takie utwory, jak: \u201eHelenka i r\u00f3\u017cowe okulary\u201d Joanny Krzy\u017canek, \u201eZosia i fio\u0142kowy kapelusz\u201d Edyty Zar\u0119bskiej, \u201eMatylda i czekoladowe ciastko\u201d Liliany Fabisi\u0144skiej, \u201eLenka i magiczne drzewo\u201d i\u00a0\u201eZuzia i piesek w\u00a0kratk\u0119\u201d Ireny Landau. Te historie o pot\u0119dze wyobra\u017ani, przyja\u017ani i\u00a0 przezwyci\u0119\u017caniu swoich s\u0142abo\u015bci przypad\u0142y dzieciom do gustu. Nie zabrak\u0142o te\u017c zabaw ruchowych przy muzyce. Ostatnie spotkanie zgromadzi\u0142o 120 dzieci i 20 opiekun\u00f3w z\u00a0cz\u0119stochowskich plac\u00f3wek.<\/p>\n<p>Podczas Bajkowych Spotka\u0144 bibliotek\u0119 odwiedzi\u0142o <strong>364 dzieci i 51 nauczycieli.<\/strong><\/p>\n<p>Serdecznie dzi\u0119kujemy Go\u015bciom za przyj\u0119cie zaproszenia, po\u015bwi\u0119cony czas, zach\u0119cenie dzieci do czytania i s\u0142uchania utwor\u00f3w literackich oraz poszerzania wiedzy i wzbogacania swojej wyobra\u017ani. Wszystkim uczestnikom dzi\u0119kujemy za wspania\u0142\u0105 zabaw\u0119. Pami\u0105tkowe dyplomy i wsp\u00f3lna fotografia z Go\u015b\u0107mi b\u0119d\u0105 uczestnikom przypomina\u0107 mi\u0142o sp\u0119dzony czas w bibliotece pedagogicznej.<\/p>\n<p style=\"text-align: right;\"><em>Tekst: Anna D\u0105browska<br \/>\n<\/em><em>Anna Hiller<br \/>\n<\/em><em>Zdj\u0119cia: Izabela Bajor<br \/>\n<\/em><a href=\"https:\/\/pbp.womczest.edu.pl\/new\/galeria\/bajkowe-spotkania-2024\/\"><strong>galeria<\/strong><\/a><\/p>\n","protected":false},"excerpt":{"rendered":"<p>Publiczna Biblioteka Pedagogiczna RODN \u201eWOM\u201d w Cz\u0119stochowie po raz szesnasty zorganizowa\u0142a \u201eBajkowe Spotkania\u201d w ramach og\u00f3lnopolskiej kampanii spo\u0142ecznej \u201eCa\u0142a Polska czyta dzieciom\u201d. Wydarzenie cieszy si\u0119 od lat nieustaj\u0105cym zainteresowaniem i jest skierowane do dzieci pi\u0119cio i sze\u015bcioletnich. Celem Bajkowych Spotka\u0144 jest popularyzowanie literatury w\u015br\u00f3d dzieci. Dzi\u0119ki zaanga\u017cowaniu i \u017cyczliwo\u015bci naszych Go\u015bci mogli\u015bmy ten cel zrealizowa\u0107 w spos\u00f3b radosny i atrakcyjny. 14 maja 2024 r. pierwsze z trzech Bajkowych Spotka\u0144 zgromadzi\u0142o<span class=\"ellipsis\">&hellip;<\/span><\/p>\n<div class=\"read-more\"><a href=\"https:\/\/pbp.womczest.edu.pl\/new\/xiv-bajkowe-spotkania\/\">Czytaj wi\u0119cej &#8250;<\/a><\/div>\n<p><!-- end of .read-more --><\/p>\n","protected":false},"author":6,"featured_media":0,"parent":0,"menu_order":0,"comment_status":"closed","ping_status":"closed","template":"","meta":{"footnotes":""},"jetpack_sharing_enabled":true,"jetpack_shortlink":"https:\/\/wp.me\/PgmV4H-6xC","_links":{"self":[{"href":"https:\/\/pbp.womczest.edu.pl\/new\/wp-json\/wp\/v2\/pages\/25148"}],"collection":[{"href":"https:\/\/pbp.womczest.edu.pl\/new\/wp-json\/wp\/v2\/pages"}],"about":[{"href":"https:\/\/pbp.womczest.edu.pl\/new\/wp-json\/wp\/v2\/types\/page"}],"author":[{"embeddable":true,"href":"https:\/\/pbp.womczest.edu.pl\/new\/wp-json\/wp\/v2\/users\/6"}],"replies":[{"embeddable":true,"href":"https:\/\/pbp.womczest.edu.pl\/new\/wp-json\/wp\/v2\/comments?post=25148"}],"version-history":[{"count":2,"href":"https:\/\/pbp.womczest.edu.pl\/new\/wp-json\/wp\/v2\/pages\/25148\/revisions"}],"predecessor-version":[{"id":25152,"href":"https:\/\/pbp.womczest.edu.pl\/new\/wp-json\/wp\/v2\/pages\/25148\/revisions\/25152"}],"wp:attachment":[{"href":"https:\/\/pbp.womczest.edu.pl\/new\/wp-json\/wp\/v2\/media?parent=25148"}],"curies":[{"name":"wp","href":"https:\/\/api.w.org\/{rel}","templated":true}]}}