


{"id":25028,"date":"2024-06-05T14:03:16","date_gmt":"2024-06-05T12:03:16","guid":{"rendered":"https:\/\/pbp.womczest.edu.pl\/new\/?page_id=25028"},"modified":"2024-06-05T14:03:27","modified_gmt":"2024-06-05T12:03:27","slug":"25028-2","status":"publish","type":"page","link":"https:\/\/pbp.womczest.edu.pl\/new\/25028-2\/","title":{"rendered":"Dyktu\u015b 2024"},"content":{"rendered":"<p>Doczekali\u015bmy dwudziestolecia!!! A\u017c trudno uwierzy\u0107!!! A gdyby nie pandemia, Dyktu\u015b mia\u0142by ju\u017c 22 lata. I cho\u0107 czas leci, ch\u0119tnych do wzi\u0119cia udzia\u0142u w naszych ortograficznych zmaganiach nadal nie brakuje. W tym roku do udzia\u0142u zg\u0142osi\u0142o si\u0119 40 uczni\u00f3w z 21 cz\u0119stochowskich szk\u00f3\u0142 podstawowych. Szkolni mistrzowie i wicemistrzowie ortografii spotkali si\u0119 9 maja 2024 r. w <em>Auli Forum<\/em>\u00a0Regionalnego O\u015brodka Doskonalenia Nauczycieli \u201eWOM\u201d w\u00a0Cz\u0119stochowie, gdzie przyst\u0105pili do\u00a0pisania dyktanda.<\/p>\n<p>Uroczyste podsumowanie, na kt\u00f3rym og\u0142oszono wyniki konkursu, odby\u0142o si\u0119 20 maja 2024 r. Na uroczysto\u015b\u0107 przybyli uczniowie ze swoimi nauczycielami, rodzicami i dziadkami. Nie zabrak\u0142o te\u017c zaproszonych przez organizator\u00f3w go\u015bci. W naszym spotkaniu udzia\u0142 wzi\u0119li: Pani Gabriela Chrustowska \u2013 wizytator Delegatury w Cz\u0119stochowie Kuratorium O\u015bwiaty w Katowicach, Pani Agata Boral z Wydzia\u0142u Edukacji Urz\u0119du Miasta Cz\u0119stochowy, Pani Magdalena Krzemi\u0144ska \u2013 dyrektor Szko\u0142y Podstawowej im. H. Sienkiewicza \u00a0nr 14 w Cz\u0119stochowie, Pani Marzena Michalska \u2013 dyrektor Szko\u0142y Podstawowej nr 11 w Cz\u0119stochowie oraz Pani Anna Grabowska \u2013 wieloletnia wsp\u00f3\u0142organizatorka naszego konkursu, nauczyciel Szko\u0142y Podstawowej nr 39 w Cz\u0119stochowie.<\/p>\n<p>Uroczysto\u015b\u0107 poprowadzi\u0142a Pani Renata Lipniewska \u2013 wicedyrektor RODN \u201eWOM\u201d ds.\u00a0bibliotek pedagogicznych. W\u00a0imieniu go\u015bci g\u0142os zabra\u0142a Gabriela Chrustowska. Gratuluj\u0105c uczniom wiedzy oraz\u00a0wspania\u0142ych umiej\u0119tno\u015bci pos\u0142ugiwania si\u0119 zasadami ortografii, podzi\u0119kowa\u0142a nauczycielom za\u00a0przygotowanie dzieci, rodzicom za\u00a0wsparcie w\u00a0rozwoju swoich pociech, a\u00a0organizatorom za\u00a0wszystkie lata pracy i\u00a0wytrwa\u0142o\u015b\u0107 w\u00a0organizacji przedsi\u0119wzi\u0119cia, kt\u00f3re wpisa\u0142o si\u0119 w\u00a0kalendarz imprez edukacyjnych naszego miasta. W\u00a0ciep\u0142ych s\u0142owach zwr\u00f3ci\u0142a si\u0119 do\u00a0uczestnik\u00f3w dyktanda, przypominaj\u0105c, \u017ce\u00a0warto cieszy\u0107 si\u0119 w\u00a0\u017cyciu nawet z\u00a0najmniejszych sukces\u00f3w. W\u00a0trakcie spotkania mieli\u015bmy okazj\u0119 pos\u0142ucha\u0107 muzycznych wyst\u0119p\u00f3w w\u00a0wykonaniu uczennic ze\u00a0Szko\u0142y Podstawowej nr\u00a011 i\u00a0Szko\u0142y Podstawowej\u00a0 nr\u00a014 w\u00a0Cz\u0119stochowie.<\/p>\n<p>Jak przysta\u0142o na\u00a0jubileusz, w\u00a0tre\u015bci tegorocznego dyktanda wspominali\u015bmy dawnych dyktusiowych bohater\u00f3w. Poziom trudno\u015bci by\u0142, jak ka\u017cdego roku, wysoki. Tym razem jednak nikomu nie\u00a0uda\u0142o si\u0119 napisa\u0107 dyktanda bez\u00a0b\u0142\u0119du. Wszyscy bior\u0105cy udzia\u0142 w\u00a0 konkursie otrzymali dyplomy, a\u00a0nauczyciele podzi\u0119kowania. Jury konkursowe przyzna\u0142o w\u00a0tym roku osiem nagr\u00f3d rzeczowych. Nagrody ksi\u0105\u017ckowe ufundowa\u0142 Prezydent Miasta Cz\u0119stochowy, Pan Krzysztof Matyjaszczyk, kt\u00f3ry\u00a0ponownie w\u00a0tym roku obj\u0105\u0142\u00a0<em>Dyktusia<\/em>\u00a0swoim patronatem.<\/p>\n<p>Z\u00a0racji jubileuszowej edycji konkursu \u2013 20. urodzin\u00a0<em>Dyktusia<\/em>, Firma Cukiernicza\u00a0<em>Micha\u015b<\/em> ufundowa\u0142a tort urodzinowy.<\/p>\n<p><strong>A\u00a0oto lista Laureat\u00f3w\u00a0<em>Dyktusia 2024:<\/em><\/strong><\/p>\n<p><strong>Mistrz<\/strong>\u00a0\u2013\u00a0<strong><em>Franciszek \u015aliwowski<\/em><\/strong>\u00a0\u2013 Szko\u0142a Podstawowa nr\u00a031 im.\u00a0Or\u0142a Bia\u0142ego w\u00a0Cz\u0119stochowie<\/p>\n<p><strong>Wicemistrz<\/strong>\u00a0\u2013\u00a0<strong><em>Wiktoria Tomala<\/em><\/strong>\u00a0\u2013Szko\u0142a Podstawowa nr\u00a014 im.\u00a0H. Sienkiewicza w\u00a0Cz\u0119stochowie<\/p>\n<p><strong>Wicemistrz<\/strong>\u00a0\u2013\u00a0<strong><em>Piotr Ma\u0107kowiak<\/em><\/strong>\u00a0\u2013 Szko\u0142a Podstawowa nr\u00a041 im.\u00a0J. Matejki w\u00a0Cz\u0119stochowie<\/p>\n<p><strong>Wyr\u00f3\u017cnienia:<\/strong><\/p>\n<p><strong><em>Gabriela Kozie\u0142<\/em><\/strong>\u00a0\u2013 Szko\u0142a Podstawowa nr\u00a029 im.\u00a0Kr\u00f3lowej Jadwigi w\u00a0Cz\u0119stochowie<\/p>\n<p><strong><em>Urszula Woli\u0144ska<\/em><\/strong>\u00a0\u2013 Szko\u0142a Podstawowa nr\u00a038 im.\u00a0Ludwika Zamenhofa w\u00a0Cz\u0119stochowie<\/p>\n<p><strong><em>Szymon Rutkowski<\/em><\/strong>\u00a0\u2013 Szko\u0142a Podstawowa im.\u00a0\u015bw.\u00a0Jana de\u00a0La\u00a0Salle \u00a0w Cz\u0119stochowie<\/p>\n<p><strong><em>Lena Urbanowicz<\/em><\/strong>\u00a0\u2013 Szko\u0142a Podstawowa nr\u00a038 \u00a0im. Ludwika Zamenhofa w\u00a0Cz\u0119stochowie<\/p>\n<p><strong><em>Oskar Ko\u0142odziej<\/em><\/strong>\u00a0\u00a0\u2013 Szko\u0142a Podstawowa nr\u00a035 w\u00a0Cz\u0119stochowie<\/p>\n<p><a href=\"https:\/\/pbp.womczest.edu.pl\/new\/wp-content\/uploads\/2024\/05\/DYKTUS-2024_tekst-dyktanda.pdf\">DYKTU\u015a 2024_tekst dyktanda<\/a><\/p>\n<p><a href=\"https:\/\/pbp.womczest.edu.pl\/new\/wp-content\/uploads\/2024\/05\/list-gratulacyjny_KO.pdf\">List gratulacyjny_KO<\/a><\/p>\n<p>Dzieciom gratulujemy wiedzy i\u00a0umiej\u0119tno\u015bci ortograficznych. Wszystkim, kt\u00f3rzy\u00a0swoj\u0105 pomoc\u0105 wsparli nasze przedsi\u0119wzi\u0119cie serdecznie dzi\u0119kujemy.<\/p>\n<p>Organizatorzy:<br \/>\nMagdalena Krzemi\u0144ska, Szko\u0142a Podstawowa nr 19 w Cz\u0119stochowie<br \/>\nAnna Janas, Katarzyna Ma\u0142asiewicz, Szko\u0142a Podstawowa nr 11 w Cz\u0119stochowie<br \/>\nJoanna Resakowska, Publiczna Biblioteka Pedagogiczna RODN \u201eWOM\u201d w Cz\u0119stochowie<\/p>\n<p style=\"text-align: right;\"><em>Tekst: Joanna Resakowska; zdj\u0119cia: Izabela Bajor<\/em><br \/>\n<a href=\"https:\/\/pbp.womczest.edu.pl\/new\/galeria\/dyktus-2024\/\"><strong>galeria<\/strong><\/a><\/p>\n","protected":false},"excerpt":{"rendered":"<p>Doczekali\u015bmy dwudziestolecia!!! A\u017c trudno uwierzy\u0107!!! A gdyby nie pandemia, Dyktu\u015b mia\u0142by ju\u017c 22 lata. I cho\u0107 czas leci, ch\u0119tnych do wzi\u0119cia udzia\u0142u w naszych ortograficznych zmaganiach nadal nie brakuje. W tym roku do udzia\u0142u zg\u0142osi\u0142o si\u0119 40 uczni\u00f3w z 21 cz\u0119stochowskich szk\u00f3\u0142 podstawowych. Szkolni mistrzowie i wicemistrzowie ortografii spotkali si\u0119 9 maja 2024 r. w Auli Forum\u00a0Regionalnego O\u015brodka Doskonalenia Nauczycieli \u201eWOM\u201d w\u00a0Cz\u0119stochowie, gdzie przyst\u0105pili do\u00a0pisania dyktanda. Uroczyste podsumowanie, na kt\u00f3rym<span class=\"ellipsis\">&hellip;<\/span><\/p>\n<div class=\"read-more\"><a href=\"https:\/\/pbp.womczest.edu.pl\/new\/25028-2\/\">Czytaj wi\u0119cej &#8250;<\/a><\/div>\n<p><!-- end of .read-more --><\/p>\n","protected":false},"author":6,"featured_media":0,"parent":0,"menu_order":0,"comment_status":"closed","ping_status":"closed","template":"","meta":{"footnotes":""},"jetpack_sharing_enabled":true,"jetpack_shortlink":"https:\/\/wp.me\/PgmV4H-6vG","_links":{"self":[{"href":"https:\/\/pbp.womczest.edu.pl\/new\/wp-json\/wp\/v2\/pages\/25028"}],"collection":[{"href":"https:\/\/pbp.womczest.edu.pl\/new\/wp-json\/wp\/v2\/pages"}],"about":[{"href":"https:\/\/pbp.womczest.edu.pl\/new\/wp-json\/wp\/v2\/types\/page"}],"author":[{"embeddable":true,"href":"https:\/\/pbp.womczest.edu.pl\/new\/wp-json\/wp\/v2\/users\/6"}],"replies":[{"embeddable":true,"href":"https:\/\/pbp.womczest.edu.pl\/new\/wp-json\/wp\/v2\/comments?post=25028"}],"version-history":[{"count":2,"href":"https:\/\/pbp.womczest.edu.pl\/new\/wp-json\/wp\/v2\/pages\/25028\/revisions"}],"predecessor-version":[{"id":25030,"href":"https:\/\/pbp.womczest.edu.pl\/new\/wp-json\/wp\/v2\/pages\/25028\/revisions\/25030"}],"wp:attachment":[{"href":"https:\/\/pbp.womczest.edu.pl\/new\/wp-json\/wp\/v2\/media?parent=25028"}],"curies":[{"name":"wp","href":"https:\/\/api.w.org\/{rel}","templated":true}]}}