


{"id":24806,"date":"2024-04-26T11:38:28","date_gmt":"2024-04-26T09:38:28","guid":{"rendered":"https:\/\/pbp.womczest.edu.pl\/new\/?page_id=24806"},"modified":"2024-05-06T14:45:00","modified_gmt":"2024-05-06T12:45:00","slug":"bylo-nie-ma-jest-akcja-zonkile-dlaczego-pamiec-jest-wazna","status":"publish","type":"page","link":"https:\/\/pbp.womczest.edu.pl\/new\/bylo-nie-ma-jest-akcja-zonkile-dlaczego-pamiec-jest-wazna\/","title":{"rendered":"\u201eBy\u0142o \u2013 nie ma \u2013 jest\u201d \u2013 akcja \u017conkile \u2013 dlaczego pami\u0119\u0107 jest wa\u017cna?"},"content":{"rendered":"<p>Publiczna Biblioteka Pedagogiczna RODN \u201eWOM\u201d w\u00a0Cz\u0119stochowie Filia w\u00a0Lelowie we\u00a0wsp\u00f3\u0142pracy ze\u00a0Szko\u0142\u0105 Podstawow\u0105 Zespo\u0142u Szkolno Przedszkolnego w\u00a0Lelowie po\u00a0raz drugi w\u0142\u0105czy\u0142a si\u0119 w\u00a0akcj\u0119 spo\u0142eczno-edukacyjn\u0105\u00a0<strong>\u017bonkile\u00a0<\/strong>upami\u0119tniaj\u0105c\u0105 powstanie w\u00a0getcie warszawskim w\u00a01943\u00a0r.\u00a0 Akcja organizowana jest przez\u00a0POLIN Muzeum Historii \u017byd\u00f3w Polskich w\u00a0Warszawie. Wi\u0105\u017ce si\u0119 z\u00a0postaci\u0105 Marka Edelmana, ostatniego dow\u00f3dcy \u017bydowskiej Organizacji Bojowej, kt\u00f3ra\u00a0razem z\u00a0\u017bydowskim Zwi\u0105zkiem Wojskowym zorganizowa\u0142a powstanie. Edelman by\u0142 jednym z\u00a0nielicznych ocala\u0142ych bojowc\u00f3w i\u00a0po\u00a0wojnie, w\u00a0rocznice powstania, sk\u0142ada\u0142 pod\u00a0Pomnikiem Bohater\u00f3w Getta na\u00a0Muranowie bukiet \u017c\u00f3\u0142tych kwiat\u00f3w. Muzeum POLIN kontynuuje t\u0119\u00a0tradycj\u0119, rozdaj\u0105c 19 kwietnia tysi\u0105ce papierowych kwiat\u00f3w i\u00a0ulotki informuj\u0105ce o\u00a0powstaniu. Nosz\u0105c \u017conkile pokazujemy, \u017ce\u00a0\u0142\u0105czy nas pami\u0119\u0107 o\u00a0tych, kt\u00f3rzy\u00a0zgin\u0119li w\u00a0walce o\u00a0godno\u015b\u0107.<\/p>\n<p>25 kwietnia 2024\u00a0r. w\u00a0klasie VI Zespo\u0142u Szkolno Przedszkolnego w\u00a0Lelowie w\u00a0obecno\u015bci Pani Dyrektor dr\u00a0Mai Dymi\u0144skiej-Czy\u017c i\u00a0nauczyciela bibliotekarza naszej biblioteki, Pani dr\u00a0Ewa K\u0142opot \u2013 nauczyciel historii \u2013 przeprowadzi\u0142a zaj\u0119cia dydaktyczne wykorzystuj\u0105c min. materia\u0142y \u00a0udost\u0119pnione przez\u00a0Muzeum Historii \u017byd\u00f3w Polskich POLIN.\u00a0 Uczniowie obejrzeli animacj\u0119 Katarzyny Jackowskiej-Enemuo\u00a0\u00a0<em>\u201eBy\u0142o \u2013 nie\u00a0ma\u00a0\u2013 jest\u201d,<\/em>\u00a0\u00a0 kt\u00f3ra\u00a0opowiada o\u00a0trudnym i\u00a0wa\u017cnym temacie prze\u017cywania i\u00a0radzenia sobie ze\u00a0strat\u0105. Wraz z\u00a0bohaterk\u0105 opowiadania odbyli podr\u00f3\u017c po\u00a0miejscach, czasach i\u00a0osobach, kt\u00f3re by\u0142y, kt\u00f3rych\u00a0nie\u00a0ma, a\u00a0chcemy o\u00a0nich pami\u0119ta\u0107. W\u00a0odniesieniu do\u00a0tematu uzupe\u0142niali\u00a0 karty pracy, prezentowali swoje wyniki, przemy\u015blenia i\u00a0odczucia.\u00a0 Spotkanie zako\u0144czy\u0142o si\u0119 pami\u0105tkowym zdj\u0119ciem. Pani dr\u00a0Ewie K\u0142opot dzi\u0119kujemy za\u00a0wsp\u00f3\u0142prac\u0119.<\/p>\n<p style=\"text-align: right;\"><em>Tekst i zdj\u0119cia: Dorota Kulawiak<br \/>\n<style id=\"bwg-style-0\">    #bwg_container1_0 #bwg_container2_0 .bwg-container-0.bwg-standard-thumbnails {      width: 904px;              justify-content: center;        margin:0 auto !important;              background-color: rgba(255, 255, 255, 0.00);            padding-left: 4px;      padding-top: 4px;      max-width: 100%;            }        #bwg_container1_0 #bwg_container2_0 .bwg-container-0.bwg-standard-thumbnails .bwg-item {    justify-content: flex-start;      max-width: 180px;            width: 180px !important;          }    #bwg_container1_0 #bwg_container2_0 .bwg-container-0.bwg-standard-thumbnails .bwg-item a {       margin-right: 4px;       margin-bottom: 4px;    }    #bwg_container1_0 #bwg_container2_0 .bwg-container-0.bwg-standard-thumbnails .bwg-item0 {      padding: 0px;            background-color:rgba(255,255,255, 0.30);      border: 0px none #CCCCCC;      opacity: 1.00;      border-radius: 0;      box-shadow: 0px 0px 0px #888888;    }    #bwg_container1_0 #bwg_container2_0 .bwg-container-0.bwg-standard-thumbnails .bwg-item1 img {      max-height: none;      max-width: none;      padding: 0 !important;    }        @media only screen and (min-width: 480px) {      #bwg_container1_0 #bwg_container2_0 .bwg-container-0.bwg-standard-thumbnails .bwg-item0 {        transition: all 0.3s ease 0s;-webkit-transition: all 0.3s ease 0s;      }      #bwg_container1_0 #bwg_container2_0 .bwg-container-0.bwg-standard-thumbnails .bwg-item0:hover {        -ms-transform: scale(1.1);        -webkit-transform: scale(1.1);        transform: scale(1.1);      }    }          #bwg_container1_0 #bwg_container2_0 .bwg-container-0.bwg-standard-thumbnails .bwg-item1 {      padding-top: 50%;    }        #bwg_container1_0 #bwg_container2_0 .bwg-container-0.bwg-standard-thumbnails .bwg-title2,    #bwg_container1_0 #bwg_container2_0 .bwg-container-0.bwg-standard-thumbnails .bwg-ecommerce2 {      color: #CCCCCC;      font-family: segoe ui;      font-size: 16px;      font-weight: bold;      padding: 2px;      text-shadow: 0px 0px 0px #888888;      max-height: 100%;    }    #bwg_container1_0 #bwg_container2_0 .bwg-container-0.bwg-standard-thumbnails .bwg-thumb-description span {    color: #323A45;    font-family: Ubuntu;    font-size: 12px;    max-height: 100%;    word-wrap: break-word;    }    #bwg_container1_0 #bwg_container2_0 .bwg-container-0.bwg-standard-thumbnails .bwg-play-icon2 {      font-size: 32px;    }    #bwg_container1_0 #bwg_container2_0 .bwg-container-0.bwg-standard-thumbnails .bwg-ecommerce2 {      font-size: 19.2px;      color: #CCCCCC;    }    <\/style>    <div id=\"bwg_container1_0\"         class=\"bwg_container bwg_thumbnail bwg_thumbnails \"         data-right-click-protection=\"0\"         data-bwg=\"0\"         data-scroll=\"0\"         data-gallery-type=\"thumbnails\"         data-gallery-view-type=\"thumbnails\"         data-current-url=\"\/new\/wp-json\/wp\/v2\/pages\/24806\"         data-lightbox-url=\"https:\/\/pbp.womczest.edu.pl\/new\/wp-admin\/admin-ajax.php?action=GalleryBox&#038;current_view=0&#038;gallery_id=500&#038;tag=0&#038;theme_id=1&#038;shortcode_id=1233&#038;sort_by=order&#038;order_by=asc&#038;current_url=%2Fnew%2Fwp-json%2Fwp%2Fv2%2Fpages%2F24806\"         data-gallery-id=\"500\"         data-popup-width=\"800\"         data-popup-height=\"500\"         data-is-album=\"gallery\"         data-buttons-position=\"bottom\">      <div id=\"bwg_container2_0\">             <div id=\"ajax_loading_0\" class=\"bwg_loading_div_1\">      <div class=\"bwg_loading_div_2\">        <div class=\"bwg_loading_div_3\">          <div id=\"loading_div_0\" class=\"bwg_spider_ajax_loading\">          <\/div>        <\/div>      <\/div>    <\/div>            <form id=\"gal_front_form_0\"              class=\"bwg-hidden\"              method=\"post\"              action=\"#\"              data-current=\"0\"              data-shortcode-id=\"1233\"              data-gallery-type=\"thumbnails\"              data-gallery-id=\"500\"              data-tag=\"0\"              data-album-id=\"0\"              data-theme-id=\"1\"              data-ajax-url=\"https:\/\/pbp.womczest.edu.pl\/new\/wp-admin\/admin-ajax.php?action=bwg_frontend_data\">          <div id=\"bwg_container3_0\" class=\"bwg-background bwg-background-0\">                <div data-max-count=\"5\"         data-thumbnail-width=\"180\"         data-bwg=\"0\"         data-gallery-id=\"500\"         data-lightbox-url=\"https:\/\/pbp.womczest.edu.pl\/new\/wp-admin\/admin-ajax.php?action=GalleryBox&amp;current_view=0&amp;gallery_id=500&amp;tag=0&amp;theme_id=1&amp;shortcode_id=1233&amp;sort_by=order&amp;order_by=asc&amp;current_url=%2Fnew%2Fwp-json%2Fwp%2Fv2%2Fpages%2F24806\"         id=\"bwg_thumbnails_0\"         class=\"bwg-container-0 bwg-thumbnails bwg-standard-thumbnails bwg-container bwg-border-box\">            <div class=\"bwg-item\">        <a class=\"bwg-a  bwg_lightbox\"  data-image-id=\"8078\" href=\"https:\/\/pbp.womczest.edu.pl\/new\/wp-content\/uploads\/photo-gallery\/2024_04_19_zonkile_lelow\/IMG_2156.jpg?bwg=1714998381\" data-elementor-open-lightbox=\"no\">                <div class=\"bwg-item0 \">          <div class=\"bwg-item1 \">            <div class=\"bwg-item2\">              <img class=\"skip-lazy bwg_standart_thumb_img_0 \"                   data-id=\"8078\"                   data-width=\"300.00\"                   data-height=\"203.00\"                   data-src=\"https:\/\/pbp.womczest.edu.pl\/new\/wp-content\/uploads\/photo-gallery\/2024_04_19_zonkile_lelow\/thumb\/IMG_2156.jpg?bwg=1714998381\"                   src=\"https:\/\/pbp.womczest.edu.pl\/new\/wp-content\/uploads\/photo-gallery\/2024_04_19_zonkile_lelow\/thumb\/IMG_2156.jpg?bwg=1714998381\"                   alt=\"Prezentacja z nazw\u0105 g\u0142\u00f3wnego organizatora akcji &quot;\u017bonkile&quot;\"                   title=\"Prezentacja z nazw\u0105 g\u0142\u00f3wnego organizatora akcji &quot;\u017bonkile&quot;\" \/>            <\/div>            <div class=\"\">                                                      <\/div>          <\/div>        <\/div>                        <\/a>              <\/div>            <div class=\"bwg-item\">        <a class=\"bwg-a  bwg_lightbox\"  data-image-id=\"8079\" href=\"https:\/\/pbp.womczest.edu.pl\/new\/wp-content\/uploads\/photo-gallery\/2024_04_19_zonkile_lelow\/IMG_2158.jpg?bwg=1714998381\" data-elementor-open-lightbox=\"no\">                <div class=\"bwg-item0 \">          <div class=\"bwg-item1 \">            <div class=\"bwg-item2\">              <img class=\"skip-lazy bwg_standart_thumb_img_0 \"                   data-id=\"8079\"                   data-width=\"228.00\"                   data-height=\"300.00\"                   data-src=\"https:\/\/pbp.womczest.edu.pl\/new\/wp-content\/uploads\/photo-gallery\/2024_04_19_zonkile_lelow\/thumb\/IMG_2158.jpg?bwg=1714998381\"                   src=\"https:\/\/pbp.womczest.edu.pl\/new\/wp-content\/uploads\/photo-gallery\/2024_04_19_zonkile_lelow\/thumb\/IMG_2158.jpg?bwg=1714998381\"                   alt=\"Animacja filmu\"                   title=\"Animacja filmu\" \/>            <\/div>            <div class=\"\">                                                      <\/div>          <\/div>        <\/div>                        <\/a>              <\/div>            <div class=\"bwg-item\">        <a class=\"bwg-a  bwg_lightbox\"  data-image-id=\"8080\" href=\"https:\/\/pbp.womczest.edu.pl\/new\/wp-content\/uploads\/photo-gallery\/2024_04_19_zonkile_lelow\/IMG_2157.jpg?bwg=1714998381\" data-elementor-open-lightbox=\"no\">                <div class=\"bwg-item0 \">          <div class=\"bwg-item1 \">            <div class=\"bwg-item2\">              <img class=\"skip-lazy bwg_standart_thumb_img_0 \"                   data-id=\"8080\"                   data-width=\"275.00\"                   data-height=\"300.00\"                   data-src=\"https:\/\/pbp.womczest.edu.pl\/new\/wp-content\/uploads\/photo-gallery\/2024_04_19_zonkile_lelow\/thumb\/IMG_2157.jpg?bwg=1714998381\"                   src=\"https:\/\/pbp.womczest.edu.pl\/new\/wp-content\/uploads\/photo-gallery\/2024_04_19_zonkile_lelow\/thumb\/IMG_2157.jpg?bwg=1714998381\"                   alt=\"Prezentacja dot. animacji\"                   title=\"Prezentacja dot. animacji\" \/>            <\/div>            <div class=\"\">                                                      <\/div>          <\/div>        <\/div>                        <\/a>              <\/div>            <div class=\"bwg-item\">        <a class=\"bwg-a  bwg_lightbox\"  data-image-id=\"8081\" href=\"https:\/\/pbp.womczest.edu.pl\/new\/wp-content\/uploads\/photo-gallery\/2024_04_19_zonkile_lelow\/IMG_2165.jpg?bwg=1714998381\" data-elementor-open-lightbox=\"no\">                <div class=\"bwg-item0 \">          <div class=\"bwg-item1 \">            <div class=\"bwg-item2\">              <img class=\"skip-lazy bwg_standart_thumb_img_0 \"                   data-id=\"8081\"                   data-width=\"214.00\"                   data-height=\"300.00\"                   data-src=\"https:\/\/pbp.womczest.edu.pl\/new\/wp-content\/uploads\/photo-gallery\/2024_04_19_zonkile_lelow\/thumb\/IMG_2165.jpg?bwg=1714998381\"                   src=\"https:\/\/pbp.womczest.edu.pl\/new\/wp-content\/uploads\/photo-gallery\/2024_04_19_zonkile_lelow\/thumb\/IMG_2165.jpg?bwg=1714998381\"                   alt=\"Karty pracy\"                   title=\"Karty pracy\" \/>            <\/div>            <div class=\"\">                                                      <\/div>          <\/div>        <\/div>                        <\/a>              <\/div>          <\/div>    <style>      \/*pagination styles*\/      #bwg_container1_0 #bwg_container2_0 .tablenav-pages_0 {\t\t\t\ttext-align: center;\t\t\t\tfont-size: 12px;\t\t\t\tfont-family: segoe ui;\t\t\t\tfont-weight: bold;\t\t\t\tcolor: #666666;\t\t\t\tmargin: 6px 0 4px;\t\t\t\tdisplay: block;      }      @media only screen and (max-width : 320px) {      #bwg_container1_0 #bwg_container2_0 .displaying-num_0 {     \t display: none;      }      }      #bwg_container1_0 #bwg_container2_0 .displaying-num_0 {\t\t\t\tfont-size: 12px;\t\t\t\tfont-family: segoe ui;\t\t\t\tfont-weight: bold;\t\t\t\tcolor: #666666;\t\t\t\tmargin-right: 10px;\t\t\t\tvertical-align: middle;      }      #bwg_container1_0 #bwg_container2_0 .paging-input_0 {\t\t\t\tfont-size: 12px;\t\t\t\tfont-family: segoe ui;\t\t\t\tfont-weight: bold;\t\t\t\tcolor: #666666;\t\t\t\tvertical-align: middle;      }      #bwg_container1_0 #bwg_container2_0 .tablenav-pages_0 a.disabled,      #bwg_container1_0 #bwg_container2_0 .tablenav-pages_0 a.disabled:hover,      #bwg_container1_0 #bwg_container2_0 .tablenav-pages_0 a.disabled:focus,\t\t\t#bwg_container1_0 #bwg_container2_0 .tablenav-pages_0 input.bwg_current_page {\t\t\t\tcursor: default;\t\t\t\tcolor: rgba(102, 102, 102, 0.5);      }      #bwg_container1_0 #bwg_container2_0 .tablenav-pages_0 a,      #bwg_container1_0 #bwg_container2_0 .tablenav-pages_0 input.bwg_current_page {\t\t\t\tcursor: pointer;\t\t\t\ttext-align: center;\t\t\t\tfont-size: 12px;\t\t\t\tfont-family: segoe ui;\t\t\t\tfont-weight: bold;\t\t\t\tcolor: #666666;\t\t\t\ttext-decoration: none;\t\t\t\tpadding: 3px 6px;\t\t\t\tmargin: 0;\t\t\t\tborder-radius: 0;\t\t\t\tborder-style: solid;\t\t\t\tborder-width: 1px;\t\t\t\tborder-color: #E3E3E3;\t\t\t\t\t\t\t\tbackground-color: rgba(255, 255, 255, 1.00);\t\t\t\tbox-shadow: 0;\t\t\t\ttransition: all 0.3s ease 0s;-webkit-transition: all 0.3s ease 0s;      }      <\/style>      <span class=\"bwg_nav_cont_0\">              <div class=\"tablenav-pages_0\">                  <\/div>                <input type=\"hidden\" id=\"page_number_0\" name=\"page_number_0\" value=\"1\" \/>      <script type=\"text\/javascript\">        if( jQuery('.bwg_nav_cont_0').length > 1 ) {          jQuery('.bwg_nav_cont_0').first().remove()        }        function spider_page_0(cur, x, y, load_more) {          if (typeof load_more == \"undefined\") {            var load_more = false;          }          if (jQuery(cur).hasClass('disabled')) {            return false;          }          var items_county_0 = 1;          switch (y) {            case 1:              if (x >= items_county_0) {                document.getElementById('page_number_0').value = items_county_0;              }              else {                document.getElementById('page_number_0').value = x + 1;              }              break;            case 2:              document.getElementById('page_number_0').value = items_county_0;              break;            case -1:              if (x == 1) {                document.getElementById('page_number_0').value = 1;              }              else {                document.getElementById('page_number_0').value = x - 1;              }              break;            case -2:              document.getElementById('page_number_0').value = 1;              break;\t\t\t\t\t\tcase 0:              document.getElementById('page_number_0').value = x;              break;            default:              document.getElementById('page_number_0').value = 1;          }          bwg_ajax('gal_front_form_0', '0', 'bwg_thumbnails_0', '0', '', 'gallery', 0, '', '', load_more, '', 1);        }                    jQuery('.first-page-0').on('click', function () {              spider_page_0(this, 1, -2, 'numeric');              return false;            });            jQuery('.prev-page-0').on('click', function () {              spider_page_0(this, 1, -1, 'numeric');              return false;            });            jQuery('.next-page-0').on('click', function () {              spider_page_0(this, 1, 1, 'numeric');              return false;            });            jQuery('.last-page-0').on('click', function () {              spider_page_0(this, 1, 2, 'numeric');              return false;            });        \t\t\t\t\/* Change page on input enter. *\/        function bwg_change_page_0( e, that ) {          if (  e.key == 'Enter' ) {            var to_page = parseInt(jQuery(that).val());            var pages_count = jQuery(that).parents(\".pagination-links\").data(\"pages-count\");            var current_url_param = jQuery(that).attr('data-url-info');            if (to_page > pages_count) {              to_page = 1;            }\t \t\t\t\t\t\t\t\t\t\t\t\tspider_page_0(this, to_page, 0, 'numeric');\t\t\t\t\t\t\treturn false;\t\t\t\t\t\t          }          return true;        }        jQuery('.bwg_load_btn_0').on('click', function () {            spider_page_0(this, 1, 1, true);            return false;        });      <\/script>      <\/span>                <\/div>        <\/form>        <style>          #bwg_container1_0 #bwg_container2_0 #spider_popup_overlay_0 {          background-color: #000000;          opacity: 0.70;          }          <\/style>        <div id=\"bwg_spider_popup_loading_0\" class=\"bwg_spider_popup_loading\"><\/div>        <div id=\"spider_popup_overlay_0\" class=\"spider_popup_overlay\" onclick=\"spider_destroypopup(1000)\"><\/div>        <input type=\"hidden\" id=\"bwg_random_seed_0\" value=\"1674078277\">                <\/div>    <\/div>    <script>      if (document.readyState === 'complete') {        if( typeof bwg_main_ready == 'function' ) {          if ( jQuery(\"#bwg_container1_0\").height() ) {            bwg_main_ready(jQuery(\"#bwg_container1_0\"));          }        }      } else {        document.addEventListener('DOMContentLoaded', function() {          if( typeof bwg_main_ready == 'function' ) {            if ( jQuery(\"#bwg_container1_0\").height() ) {             bwg_main_ready(jQuery(\"#bwg_container1_0\"));            }          }        });      }    <\/script>    \n<\/em><\/p>\n","protected":false},"excerpt":{"rendered":"<p>Publiczna Biblioteka Pedagogiczna RODN \u201eWOM\u201d w\u00a0Cz\u0119stochowie Filia w\u00a0Lelowie we\u00a0wsp\u00f3\u0142pracy ze\u00a0Szko\u0142\u0105 Podstawow\u0105 Zespo\u0142u Szkolno Przedszkolnego w\u00a0Lelowie po\u00a0raz drugi w\u0142\u0105czy\u0142a si\u0119 w\u00a0akcj\u0119 spo\u0142eczno-edukacyjn\u0105\u00a0\u017bonkile\u00a0upami\u0119tniaj\u0105c\u0105 powstanie w\u00a0getcie warszawskim w\u00a01943\u00a0r.\u00a0 Akcja organizowana jest przez\u00a0POLIN Muzeum Historii \u017byd\u00f3w Polskich w\u00a0Warszawie. Wi\u0105\u017ce si\u0119 z\u00a0postaci\u0105 Marka Edelmana, ostatniego dow\u00f3dcy \u017bydowskiej Organizacji Bojowej, kt\u00f3ra\u00a0razem z\u00a0\u017bydowskim Zwi\u0105zkiem Wojskowym zorganizowa\u0142a powstanie. Edelman by\u0142 jednym z\u00a0nielicznych ocala\u0142ych bojowc\u00f3w i\u00a0po\u00a0wojnie, w\u00a0rocznice powstania, sk\u0142ada\u0142 pod\u00a0Pomnikiem Bohater\u00f3w Getta na\u00a0Muranowie bukiet \u017c\u00f3\u0142tych kwiat\u00f3w. Muzeum POLIN kontynuuje<span class=\"ellipsis\">&hellip;<\/span><\/p>\n<div class=\"read-more\"><a href=\"https:\/\/pbp.womczest.edu.pl\/new\/bylo-nie-ma-jest-akcja-zonkile-dlaczego-pamiec-jest-wazna\/\">Czytaj wi\u0119cej &#8250;<\/a><\/div>\n<p><!-- end of .read-more --><\/p>\n","protected":false},"author":6,"featured_media":0,"parent":0,"menu_order":0,"comment_status":"closed","ping_status":"closed","template":"","meta":{"footnotes":""},"jetpack_sharing_enabled":true,"jetpack_shortlink":"https:\/\/wp.me\/PgmV4H-6s6","_links":{"self":[{"href":"https:\/\/pbp.womczest.edu.pl\/new\/wp-json\/wp\/v2\/pages\/24806"}],"collection":[{"href":"https:\/\/pbp.womczest.edu.pl\/new\/wp-json\/wp\/v2\/pages"}],"about":[{"href":"https:\/\/pbp.womczest.edu.pl\/new\/wp-json\/wp\/v2\/types\/page"}],"author":[{"embeddable":true,"href":"https:\/\/pbp.womczest.edu.pl\/new\/wp-json\/wp\/v2\/users\/6"}],"replies":[{"embeddable":true,"href":"https:\/\/pbp.womczest.edu.pl\/new\/wp-json\/wp\/v2\/comments?post=24806"}],"version-history":[{"count":2,"href":"https:\/\/pbp.womczest.edu.pl\/new\/wp-json\/wp\/v2\/pages\/24806\/revisions"}],"predecessor-version":[{"id":24859,"href":"https:\/\/pbp.womczest.edu.pl\/new\/wp-json\/wp\/v2\/pages\/24806\/revisions\/24859"}],"wp:attachment":[{"href":"https:\/\/pbp.womczest.edu.pl\/new\/wp-json\/wp\/v2\/media?parent=24806"}],"curies":[{"name":"wp","href":"https:\/\/api.w.org\/{rel}","templated":true}]}}