


{"id":24660,"date":"2024-04-05T11:59:04","date_gmt":"2024-04-05T09:59:04","guid":{"rendered":"https:\/\/pbp.womczest.edu.pl\/new\/?page_id=24660"},"modified":"2024-04-05T11:59:04","modified_gmt":"2024-04-05T09:59:04","slug":"gra-miejska-czestochowskie-tajemnice-halina-poswiatowska","status":"publish","type":"page","link":"https:\/\/pbp.womczest.edu.pl\/new\/gra-miejska-czestochowskie-tajemnice-halina-poswiatowska\/","title":{"rendered":"Gra miejska \u201eCz\u0119stochowskie tajemnice: Halina Po\u015bwiatowska\u201d"},"content":{"rendered":"<p dir=\"ltr\"><a href=\"https:\/\/pbp.womczest.edu.pl\/new\/wp-content\/uploads\/2024\/04\/IDENTYFIAKTOR_GRA.jpg\"><img decoding=\"async\" loading=\"lazy\" class=\"aligncenter  wp-image-24657\" src=\"https:\/\/pbp.womczest.edu.pl\/new\/wp-content\/uploads\/2024\/04\/IDENTYFIAKTOR_GRA.jpg\" alt=\"Portret Haliny Po\u015bwiatowskiej. Tytu\u0142 i miejsce gry miejskiej.\" width=\"505\" height=\"356\" srcset=\"https:\/\/pbp.womczest.edu.pl\/new\/wp-content\/uploads\/2024\/04\/IDENTYFIAKTOR_GRA.jpg 744w, https:\/\/pbp.womczest.edu.pl\/new\/wp-content\/uploads\/2024\/04\/IDENTYFIAKTOR_GRA-300x212.jpg 300w, https:\/\/pbp.womczest.edu.pl\/new\/wp-content\/uploads\/2024\/04\/IDENTYFIAKTOR_GRA-100x71.jpg 100w, https:\/\/pbp.womczest.edu.pl\/new\/wp-content\/uploads\/2024\/04\/IDENTYFIAKTOR_GRA-150x106.jpg 150w, https:\/\/pbp.womczest.edu.pl\/new\/wp-content\/uploads\/2024\/04\/IDENTYFIAKTOR_GRA-200x141.jpg 200w, https:\/\/pbp.womczest.edu.pl\/new\/wp-content\/uploads\/2024\/04\/IDENTYFIAKTOR_GRA-450x318.jpg 450w, https:\/\/pbp.womczest.edu.pl\/new\/wp-content\/uploads\/2024\/04\/IDENTYFIAKTOR_GRA-600x423.jpg 600w\" sizes=\"(max-width: 505px) 100vw, 505px\" \/><\/a><\/p>\n<p dir=\"ltr\">W\u00a0ramach realizacji mi\u0119dzyszkolnego projektu edukacyjnego \u201eLiteracka mapa Cz\u0119stochowy\u201d w\u00a0dniu 4 kwietnia 2024\u00a0r. odby\u0142a si\u0119 gra miejska \u201eCz\u0119stochowskie tajemnice: Halina Po\u015bwiatowska\u201d. Wydarzenie przygotowa\u0142y nauczycielki I\u00a0Liceum Og\u00f3lnokszta\u0142c\u0105cego im.\u00a0Juliusza S\u0142owackiego w\u00a0Cz\u0119stochowie: Monika W\u0105si\u0144ska i\u00a0El\u017cbieta Szajbel wraz z\u00a0uczniami oraz\u00a0nauczyciele bibliotekarze Publicznej Biblioteki Pedagogicznej RODN \u201eWOM\u201d w\u00a0Cz\u0119stochowie.<\/p>\n<p dir=\"ltr\">Cele gry obejmowa\u0142y:<br \/>\n\u2013 popularyzacj\u0119 postaci Haliny Po\u015bwiatowskiej \u2013 cz\u0119stochowskiej poetki,<br \/>\n\u2013 kszta\u0142towanie poczucia w\u0142asnej to\u017csamo\u015bci, jako podstawy zaanga\u017cowania si\u0119 w\u00a0funkcjonowanie we\u00a0w\u0142asnym \u015brodowisku,<br \/>\n\u2013 rozw\u00f3j kompetencji kulturowych, spo\u0142ecznych, obywatelskich,<br \/>\n\u2013 zapoznanie z\u00a0miejscami o\u00a0szerokim spektrum oddzia\u0142ywania kulturowego w\u00a0Cz\u0119stochowie,<br \/>\n\u2013 integracja zespo\u0142owa, aktywno\u015b\u0107 spo\u0142eczna i\u00a0wsp\u00f3\u0142rywalizacja.<\/p>\n<p dir=\"ltr\">Gra miejska rozpocz\u0119\u0142a si\u0119 i\u00a0zako\u0144czy\u0142a w\u00a0auli im.\u00a0Zofii Idzikowskiej I\u00a0Liceum Og\u00f3lnokszta\u0142c\u0105cego im.\u00a0Juliusza S\u0142owackiego w\u00a0Cz\u0119stochowie.<br \/>\nW grze uczestniczyli nauczyciele i\u00a0uczniowie cz\u0119stochowskich szk\u00f3\u0142 podstawowych: Szko\u0142a Podstawowa nr\u00a022 im.\u00a0Gabriela Narutowicza, Szko\u0142a Podstawowa nr\u00a02\u00a0 im.\u00a0K. K. Baczy\u0144skiego, Szko\u0142a Podstawowa nr\u00a053 z\u00a0Oddzia\u0142ami Integracyjnymi im.\u00a0Marii Sk\u0142odowskiej-Curie, Szko\u0142a Podstawowa nr\u00a025 im.\u00a0Stanis\u0142awa Staszica, Szko\u0142a Podstawowa nr\u00a054 z\u00a0Oddzia\u0142ami Integracyjnymi, Szko\u0142a Podstawowa nr\u00a030 im.\u00a0por. Micha\u0142a Brzeskiego.<\/p>\n<p dir=\"ltr\">Zadaniem uczestnik\u00f3w gry by\u0142o poruszanie si\u0119 pomi\u0119dzy poszczeg\u00f3lnymi punktami kontrolnymi umiejscowionymi na\u00a0Mapie Gry (\u0141aweczka Po\u015bwiatowskiej, Muzeum Cz\u0119stochowskie, Dom Poezji. Muzeum Haliny Po\u015bwiatowskiej, Centrum Informacji Turystycznej, Teatr im.\u00a0Adama Mickiewicza) oraz\u00a0poprawne wykonanie wyznaczonych zada\u0144. Za\u00a0ka\u017cde wykonane zadanie zesp\u00f3\u0142 uczni\u00f3w otrzymywa\u0142 potwierdzenie zaliczenia \u2013 naklejk\u0119, kt\u00f3r\u0105 nakleja\u0142 w\u00a0odpowiednim miejscu na\u00a0Mapie Gry. Podczas gry liczy\u0142o si\u0119 tempo wykonywania zada\u0144.<\/p>\n<p>Zwyci\u0119sk\u0105 dru\u017cyn\u0105 zostali uczniowie Szko\u0142y Podstawowej nr\u00a030 im.\u00a0por. Micha\u0142a Brzeskiego w\u00a0Cz\u0119stochowie, kt\u00f3rzy\u00a0otrzymali dyplom oraz\u00a0nagrody rzeczowe. Uczestnicy wydarzenia wys\u0142uchali na\u00a0zako\u0144czenie wyst\u0119pu muzycznego uczennicy I\u00a0Liceum Og\u00f3lnokszta\u0142c\u0105cego im.\u00a0Juliusza S\u0142owackiego w\u00a0Cz\u0119stochowie oraz\u00a0ka\u017cda dru\u017cyna szkolna otrzyma\u0142a dyplom za\u00a0udzia\u0142 i\u00a0drobne upominki.<\/p>\n<p><a href=\"https:\/\/slowacki.net\/gra-miejska-czestochowskie-tajemnice-halina-poswiatowska\/\">Galeria<\/a><\/p>\n<p style=\"text-align: right;\"><em>dr\u00a0Agata Arkabus<\/em><\/p>\n<p>&nbsp;<\/p>\n","protected":false},"excerpt":{"rendered":"<p>W\u00a0ramach realizacji mi\u0119dzyszkolnego projektu edukacyjnego \u201eLiteracka mapa Cz\u0119stochowy\u201d w\u00a0dniu 4 kwietnia 2024\u00a0r. odby\u0142a si\u0119 gra miejska \u201eCz\u0119stochowskie tajemnice: Halina Po\u015bwiatowska\u201d. Wydarzenie przygotowa\u0142y nauczycielki I\u00a0Liceum Og\u00f3lnokszta\u0142c\u0105cego im.\u00a0Juliusza S\u0142owackiego w\u00a0Cz\u0119stochowie: Monika W\u0105si\u0144ska i\u00a0El\u017cbieta Szajbel wraz z\u00a0uczniami oraz\u00a0nauczyciele bibliotekarze Publicznej Biblioteki Pedagogicznej RODN \u201eWOM\u201d w\u00a0Cz\u0119stochowie. Cele gry obejmowa\u0142y: \u2013 popularyzacj\u0119 postaci Haliny Po\u015bwiatowskiej \u2013 cz\u0119stochowskiej poetki, \u2013 kszta\u0142towanie poczucia w\u0142asnej to\u017csamo\u015bci, jako podstawy zaanga\u017cowania si\u0119 w\u00a0funkcjonowanie we\u00a0w\u0142asnym \u015brodowisku, \u2013 rozw\u00f3j kompetencji kulturowych, spo\u0142ecznych,<span class=\"ellipsis\">&hellip;<\/span><\/p>\n<div class=\"read-more\"><a href=\"https:\/\/pbp.womczest.edu.pl\/new\/gra-miejska-czestochowskie-tajemnice-halina-poswiatowska\/\">Czytaj wi\u0119cej &#8250;<\/a><\/div>\n<p><!-- end of .read-more --><\/p>\n","protected":false},"author":6,"featured_media":0,"parent":0,"menu_order":0,"comment_status":"closed","ping_status":"closed","template":"","meta":{"footnotes":""},"jetpack_sharing_enabled":true,"jetpack_shortlink":"https:\/\/wp.me\/PgmV4H-6pK","_links":{"self":[{"href":"https:\/\/pbp.womczest.edu.pl\/new\/wp-json\/wp\/v2\/pages\/24660"}],"collection":[{"href":"https:\/\/pbp.womczest.edu.pl\/new\/wp-json\/wp\/v2\/pages"}],"about":[{"href":"https:\/\/pbp.womczest.edu.pl\/new\/wp-json\/wp\/v2\/types\/page"}],"author":[{"embeddable":true,"href":"https:\/\/pbp.womczest.edu.pl\/new\/wp-json\/wp\/v2\/users\/6"}],"replies":[{"embeddable":true,"href":"https:\/\/pbp.womczest.edu.pl\/new\/wp-json\/wp\/v2\/comments?post=24660"}],"version-history":[{"count":1,"href":"https:\/\/pbp.womczest.edu.pl\/new\/wp-json\/wp\/v2\/pages\/24660\/revisions"}],"predecessor-version":[{"id":24661,"href":"https:\/\/pbp.womczest.edu.pl\/new\/wp-json\/wp\/v2\/pages\/24660\/revisions\/24661"}],"wp:attachment":[{"href":"https:\/\/pbp.womczest.edu.pl\/new\/wp-json\/wp\/v2\/media?parent=24660"}],"curies":[{"name":"wp","href":"https:\/\/api.w.org\/{rel}","templated":true}]}}