


{"id":24597,"date":"2024-03-21T12:49:36","date_gmt":"2024-03-21T11:49:36","guid":{"rendered":"https:\/\/pbp.womczest.edu.pl\/new\/?page_id=24597"},"modified":"2024-03-21T12:49:36","modified_gmt":"2024-03-21T11:49:36","slug":"xiv-powiatowy-konkurs-recytatorski-swiat-wartosci-w-literaturze","status":"publish","type":"page","link":"https:\/\/pbp.womczest.edu.pl\/new\/xiv-powiatowy-konkurs-recytatorski-swiat-wartosci-w-literaturze\/","title":{"rendered":"XIV Powiatowy Konkurs Recytatorski \u201e\u015awiat warto\u015bci w literaturze\u201d"},"content":{"rendered":"<p><em>\u201eS\u0105\u00a0dwie drogi, aby prze\u017cy\u0107 \u017cycie. Jedna to\u00a0\u017cy\u0107 tak, jakby nic nie\u00a0by\u0142o cudem.<\/em><br \/>\n<em>Druga to\u00a0\u017cy\u0107 tak, jakby cudem by\u0142o wszystko\u201d.<br \/>\n<\/em><em>\u00a0Albert Einstein<\/em><\/p>\n<p>15 marca 2024\u00a0r. odby\u0142 si\u0119 XIV Powiatowy Konkurs Recytatorski \u201e\u015awiat warto\u015bci w\u00a0literaturze\u201d. Organizatorem edukacyjnego przedsi\u0119wzi\u0119cia by\u0142a Szko\u0142a Podstawowa im.\u00a0Jaros\u0142awa D\u0105browskiego w\u00a0Zr\u0119bicach w\u00a0partnerstwie z\u00a0Publiczn\u0105 Bibliotek\u0105 Pedagogiczn\u0105 RODN \u201eWOM\u201d w\u00a0Cz\u0119stochowie .<\/p>\n<p>Organizatorami konkursy by\u0142y nauczycielki: Monika Hobot \u2013 nauczyciel j\u0119zyka polskiego oraz\u00a0Anna Zarzycka-Tomalska \u2013 nauczyciel historii. Konkurs przebiega\u0142, tak\u00a0jak w\u00a0latach ubieg\u0142ych, pod\u00a0patronatem Burmistrza Miasta i\u00a0Gminy Olsztyn \u2013 Pana Tomasza Kucharskiego oraz\u00a0Radnej Rady Powiatu \u2013 Pani Moniki Kosielak.<\/p>\n<p>Uczniowie ze\u00a0szk\u00f3\u0142 podstawowych z\u00a0Cz\u0119stochowy i\u00a0powiatu cz\u0119stochowskiego zaprezentowali wysoki poziom recytacji w\u00a0dw\u00f3ch kategoriach:<\/p>\n<ul>\n<li>uczniowie klas 4 \u2013 6 szko\u0142y podstawowej \u2013 I\u00a0kategoria,<\/li>\n<li>uczniowie klas 7 \u2013 8 szko\u0142y podstawowej \u2013 II\u00a0kategoria.<\/li>\n<\/ul>\n<p>Szanowne Jury w\u00a0sk\u0142adzie:<\/p>\n<ul>\n<li>Pani Beata Raczy\u0144ska \u2013 nauczyciel bibliotekarz Publicznej Biblioteki Pedagogicznej RODN \u201eWOM\u201d w\u00a0Cz\u0119stochowie,<\/li>\n<li>Pani Anna Nabia\u0142ek \u2013 instruktor teatralny, laureatka statuetki \u201eOlszty\u0144skiego Anio\u0142a Str\u00f3\u017ca\u201d,<\/li>\n<li>Pan Bogdan W\u0105cha\u0142a \u2013 dyrektor artystyczny Teatru \u201eMa\u0142go\u201d, instruktor warsztat\u00f3w teatralnych, aktor, konferansjer,<\/li>\n<\/ul>\n<p>oceni\u0142o 24 recytacje uczni\u00f3w oraz\u00a0przyzna\u0142o odpowiednio miejsca i\u00a0wyr\u00f3\u017cnienia.<\/p>\n<p>Relacja z\u00a0wydarzenia oraz\u00a0lista nagrodzonych os\u00f3b dost\u0119pna na\u00a0stronie:\u00a0<a class=\"broken_link\" href=\"https:\/\/tiny.pl\/dtmb8\" rel=\"nofollow\">https:\/\/tiny.pl\/dtmb8\u00a0<\/a><\/p>\n<p>Gratulujemy nagrodzonym uczniom, opiekunom oraz\u00a0rodzicom. Serdecznie dzi\u0119kujemy za\u00a0wsp\u00f3\u0142prac\u0119 i\u00a0cieszymy si\u0119 na\u00a0kolejn\u0105 edycj\u0119 konkursu.<\/p>\n<p style=\"text-align: right;\"><em>Tekst:<\/em><br \/>\n<em>Monika Hobot \u2013 nauczyciel j\u0119zyka polskiego Szko\u0142y Podstawowej im.\u00a0Jaros\u0142awa D\u0105browskiego w\u00a0Zr\u0119bicach<\/em><br \/>\n<em>Aneta Przyby\u0142owicz \u2013 nauczyciel bibliotekarz PBP RODN \u201eWOM\u201d w\u00a0Cz\u0119stochowie<\/em><\/p>\n<p>&nbsp;<\/p>\n","protected":false},"excerpt":{"rendered":"<p>\u201eS\u0105\u00a0dwie drogi, aby prze\u017cy\u0107 \u017cycie. Jedna to\u00a0\u017cy\u0107 tak, jakby nic nie\u00a0by\u0142o cudem. Druga to\u00a0\u017cy\u0107 tak, jakby cudem by\u0142o wszystko\u201d. \u00a0Albert Einstein 15 marca 2024\u00a0r. odby\u0142 si\u0119 XIV Powiatowy Konkurs Recytatorski \u201e\u015awiat warto\u015bci w\u00a0literaturze\u201d. Organizatorem edukacyjnego przedsi\u0119wzi\u0119cia by\u0142a Szko\u0142a Podstawowa im.\u00a0Jaros\u0142awa D\u0105browskiego w\u00a0Zr\u0119bicach w\u00a0partnerstwie z\u00a0Publiczn\u0105 Bibliotek\u0105 Pedagogiczn\u0105 RODN \u201eWOM\u201d w\u00a0Cz\u0119stochowie . Organizatorami konkursy by\u0142y nauczycielki: Monika Hobot \u2013 nauczyciel j\u0119zyka polskiego oraz\u00a0Anna Zarzycka-Tomalska \u2013 nauczyciel historii. Konkurs przebiega\u0142, tak\u00a0jak w\u00a0latach ubieg\u0142ych,<span class=\"ellipsis\">&hellip;<\/span><\/p>\n<div class=\"read-more\"><a href=\"https:\/\/pbp.womczest.edu.pl\/new\/xiv-powiatowy-konkurs-recytatorski-swiat-wartosci-w-literaturze\/\">Czytaj wi\u0119cej &#8250;<\/a><\/div>\n<p><!-- end of .read-more --><\/p>\n","protected":false},"author":6,"featured_media":0,"parent":0,"menu_order":0,"comment_status":"closed","ping_status":"closed","template":"","meta":{"footnotes":""},"jetpack_sharing_enabled":true,"jetpack_shortlink":"https:\/\/wp.me\/PgmV4H-6oJ","_links":{"self":[{"href":"https:\/\/pbp.womczest.edu.pl\/new\/wp-json\/wp\/v2\/pages\/24597"}],"collection":[{"href":"https:\/\/pbp.womczest.edu.pl\/new\/wp-json\/wp\/v2\/pages"}],"about":[{"href":"https:\/\/pbp.womczest.edu.pl\/new\/wp-json\/wp\/v2\/types\/page"}],"author":[{"embeddable":true,"href":"https:\/\/pbp.womczest.edu.pl\/new\/wp-json\/wp\/v2\/users\/6"}],"replies":[{"embeddable":true,"href":"https:\/\/pbp.womczest.edu.pl\/new\/wp-json\/wp\/v2\/comments?post=24597"}],"version-history":[{"count":1,"href":"https:\/\/pbp.womczest.edu.pl\/new\/wp-json\/wp\/v2\/pages\/24597\/revisions"}],"predecessor-version":[{"id":24598,"href":"https:\/\/pbp.womczest.edu.pl\/new\/wp-json\/wp\/v2\/pages\/24597\/revisions\/24598"}],"wp:attachment":[{"href":"https:\/\/pbp.womczest.edu.pl\/new\/wp-json\/wp\/v2\/media?parent=24597"}],"curies":[{"name":"wp","href":"https:\/\/api.w.org\/{rel}","templated":true}]}}