


{"id":24351,"date":"2024-02-20T10:01:52","date_gmt":"2024-02-20T09:01:52","guid":{"rendered":"https:\/\/pbp.womczest.edu.pl\/new\/?page_id=24351"},"modified":"2024-09-18T10:03:29","modified_gmt":"2024-09-18T08:03:29","slug":"standardy-ochrony-maloletnich","status":"publish","type":"page","link":"https:\/\/pbp.womczest.edu.pl\/new\/o-bibliotece\/standardy-ochrony-maloletnich\/","title":{"rendered":"Standardy ochrony ma\u0142oletnich"},"content":{"rendered":"<p><a href=\"https:\/\/pbp.womczest.edu.pl\/new\/wp-content\/uploads\/2024\/02\/standardy-ochrony-maloletnich_PBP_z.pdf\" target=\"_blank\" rel=\"noopener\">Standardy ochrony ma\u0142oletnich &#8211; Pobierz PDF<\/a><\/p>\n<p><a href=\"https:\/\/pbp.womczest.edu.pl\/new\/wp-content\/uploads\/2024\/09\/zarzadzenie_Standardy-Ochrony-Maloletnich_2.pdf\">Zarz\u0105dzenie_Standardy Ochrony Ma\u0142oletnich<\/a><\/p>\n<p><a href=\"https:\/\/pbp.womczest.edu.pl\/new\/wp-content\/uploads\/2024\/09\/zal.-1-oswiadczenie-o-krajach-zamieszkaniaw-okresie-ostatnich-20-lat.pdf\">za\u0142. 1 o\u015bwiadczenie o krajach zamieszkania w okresie ostatnich 20 lat<\/a><\/p>\n<p><a href=\"https:\/\/pbp.womczest.edu.pl\/new\/wp-content\/uploads\/2024\/09\/zal.-2-oswiadczenie-o-niekaralnosci-w-krajach-zamieszkania.pdf\">za\u0142. 2 o\u015bwiadczenie o niekaralno\u015bci w krajach zamieszkania<\/a><\/p>\n<p><a href=\"https:\/\/pbp.womczest.edu.pl\/new\/wp-content\/uploads\/2024\/09\/zal.-3-oswiadczenie-o-zapoznaniu-sie-ze-Standardami-Ochrony-Maloletnich.pdf\">za\u0142. 3 o\u015bwiadczenie o zapoznaniu si\u0119 ze Standardami Ochrony Ma\u0142oletnich<\/a><\/p>\n<p><a href=\"https:\/\/pbp.womczest.edu.pl\/new\/wp-content\/uploads\/2024\/09\/zal.-5-rejestr-interwencji-i-zgloszen.pdf\">za\u0142. 5 rejestr interwencji i zg\u0142osze\u0144<\/a><\/p>\n<p><a href=\"https:\/\/pbp.womczest.edu.pl\/new\/wp-content\/uploads\/2024\/09\/zal.-6-ankieta-monitorujaca-poziom-realizacji-Standardow-Ochrony-Maloletnich.pdf\">za\u0142. 6 ankieta monitoruj\u0105ca poziom realizacji Standard\u00f3w Ochrony Ma\u0142oletnich<\/a><\/p>\n","protected":false},"excerpt":{"rendered":"<p>Standardy ochrony ma\u0142oletnich &#8211; Pobierz PDF Zarz\u0105dzenie_Standardy Ochrony Ma\u0142oletnich za\u0142. 1 o\u015bwiadczenie o krajach zamieszkania w okresie ostatnich 20 lat za\u0142. 2 o\u015bwiadczenie o niekaralno\u015bci w krajach zamieszkania za\u0142. 3 o\u015bwiadczenie o zapoznaniu si\u0119 ze Standardami Ochrony Ma\u0142oletnich za\u0142. 5 rejestr interwencji i zg\u0142osze\u0144 za\u0142. 6 ankieta monitoruj\u0105ca poziom realizacji Standard\u00f3w Ochrony Ma\u0142oletnich<\/p>\n","protected":false},"author":2,"featured_media":0,"parent":2537,"menu_order":0,"comment_status":"closed","ping_status":"closed","template":"full-width-page.php","meta":{"footnotes":""},"jetpack_sharing_enabled":true,"jetpack_shortlink":"https:\/\/wp.me\/PgmV4H-6kL","_links":{"self":[{"href":"https:\/\/pbp.womczest.edu.pl\/new\/wp-json\/wp\/v2\/pages\/24351"}],"collection":[{"href":"https:\/\/pbp.womczest.edu.pl\/new\/wp-json\/wp\/v2\/pages"}],"about":[{"href":"https:\/\/pbp.womczest.edu.pl\/new\/wp-json\/wp\/v2\/types\/page"}],"author":[{"embeddable":true,"href":"https:\/\/pbp.womczest.edu.pl\/new\/wp-json\/wp\/v2\/users\/2"}],"replies":[{"embeddable":true,"href":"https:\/\/pbp.womczest.edu.pl\/new\/wp-json\/wp\/v2\/comments?post=24351"}],"version-history":[{"count":9,"href":"https:\/\/pbp.womczest.edu.pl\/new\/wp-json\/wp\/v2\/pages\/24351\/revisions"}],"predecessor-version":[{"id":25522,"href":"https:\/\/pbp.womczest.edu.pl\/new\/wp-json\/wp\/v2\/pages\/24351\/revisions\/25522"}],"up":[{"embeddable":true,"href":"https:\/\/pbp.womczest.edu.pl\/new\/wp-json\/wp\/v2\/pages\/2537"}],"wp:attachment":[{"href":"https:\/\/pbp.womczest.edu.pl\/new\/wp-json\/wp\/v2\/media?parent=24351"}],"curies":[{"name":"wp","href":"https:\/\/api.w.org\/{rel}","templated":true}]}}