


{"id":24270,"date":"2024-02-07T12:30:18","date_gmt":"2024-02-07T11:30:18","guid":{"rendered":"https:\/\/pbp.womczest.edu.pl\/new\/?page_id=24270"},"modified":"2024-03-20T10:10:04","modified_gmt":"2024-03-20T09:10:04","slug":"wincenty-witos","status":"publish","type":"page","link":"https:\/\/pbp.womczest.edu.pl\/new\/wincenty-witos\/","title":{"rendered":"Wincenty Witos"},"content":{"rendered":"<p><img decoding=\"async\" loading=\"lazy\" class=\"size-thumbnail wp-image-24565 alignleft\" src=\"https:\/\/pbp.womczest.edu.pl\/new\/wp-content\/uploads\/2024\/03\/witos-150x150.jpg\" alt=\"\" width=\"150\" height=\"150\" srcset=\"https:\/\/pbp.womczest.edu.pl\/new\/wp-content\/uploads\/2024\/03\/witos-150x150.jpg 150w, https:\/\/pbp.womczest.edu.pl\/new\/wp-content\/uploads\/2024\/03\/witos-300x300.jpg 300w, https:\/\/pbp.womczest.edu.pl\/new\/wp-content\/uploads\/2024\/03\/witos-100x100.jpg 100w, https:\/\/pbp.womczest.edu.pl\/new\/wp-content\/uploads\/2024\/03\/witos-200x200.jpg 200w, https:\/\/pbp.womczest.edu.pl\/new\/wp-content\/uploads\/2024\/03\/witos-450x450.jpg 450w, https:\/\/pbp.womczest.edu.pl\/new\/wp-content\/uploads\/2024\/03\/witos.jpg 591w\" sizes=\"(max-width: 150px) 100vw, 150px\" \/>W 2024 roku obchodzimy 150. rocznic\u0119 urodzin <strong>Wincentego Witosa<\/strong>, trzykrotnego premiera, wybitnego m\u0119\u017ca stanu, pa\u0144stwowca, dzia\u0142acza samorz\u0105dowego i przyw\u00f3dcy ruchu ludowego. Ten urodzony w Wierzchos\u0142awicach polityk dzi\u0119ki uporowi i samokszta\u0142ceniu doszed\u0142 do najwy\u017cszych godno\u015bci w ruchu ludowym i w pa\u0144stwie. W 1920 roku, gdy Armia Czerwona sta\u0142a na przedpolach Warszawy, Rz\u0105d Obrony Narodowej pod kierownictwem Witosa podj\u0105\u0142 dramatyczne wysi\u0142ki, kt\u00f3re zaowocowa\u0142y odrzuceniem bolszewik\u00f3w spod stolicy i rozpocz\u0119ciem odwrotu Armii Czerwonej. Podczas zamachu majowego, gdy Witos po raz trzeci pe\u0142ni\u0142 funkcj\u0119 premiera, z\u0142o\u017cona przez niego dymisja rz\u0105du doprowadzi\u0142a do przerwania walk i zapobieg\u0142a wojnie domowej. Po procesie brzeskim w latach 30. uda\u0142 si\u0119 na emigracj\u0119 do Czechos\u0142owacji, sk\u0105d wr\u00f3ci\u0142 na kr\u00f3tko przed wybuchem II wojny \u015bwiatowej. W ustawie z 2017 roku Wincenty Witos zosta\u0142 w\u0142\u0105czony w poczet Ojc\u00f3w Niepodleg\u0142o\u015bci RP.<\/p>\n<p>Wi\u0119cej:\u00a0<a href=\"https:\/\/www.sejm.gov.pl\/sejm9.nsf\/komunikat.xsp?documentId=470DB997878B521CC12589FD003E50E2&amp;symbol=M_WYDARZENIA_KOMUNIKAT\">https:\/\/www.sejm.gov.pl\/sejm9.nsf\/komunikat.xsp?documentId=470DB997878B521CC12589FD003E50E2&amp;symbol=M_WYDARZENIA_KOMUNIKAT<\/a><\/p>\n<p>Uchwa\u0142a Sejmu Rzeczypospolitej Polskiej z dnia 28 lipca 2023 r. w sprawie ustanowienia roku 2024 Rokiem Wincentego Witosa: <a href=\"https:\/\/isap.sejm.gov.pl\/isap.nsf\/download.xsp\/WMP20230000895\/O\/M20230895.pdf\">https:\/\/isap.sejm.gov.pl\/isap.nsf\/download.xsp\/WMP20230000895\/O\/M20230895.pdf<\/a><\/p>\n<p><strong>Netografia:<\/strong><\/p>\n<ul>\n<li><a href=\"https:\/\/muzeum.tarnow.pl\/zwiedzanie\/oddzialy\/muzeum-wincentego-witosa-w-wierzchoslawicach\/\">Muzeum Wincentego Witosa w Wierzchos\u0142awicach<\/a><\/li>\n<li><a href=\"https:\/\/ipn.gov.pl\/pl\/historia-z-ipn\/120950,75-rocznica-smierci-Wincentego-Witosa.html\">Wincenty Witos na portalu Instytutu Pami\u0119ci Narodowej\u00a0<\/a><\/li>\n<li><a href=\"https:\/\/przystanekhistoria.pl\/pa2\/tematy\/wincenty-witos\">Wincenty Witos na portalu Przystanek Historia<\/a><\/li>\n<li><a href=\"https:\/\/witos.polskieradio.pl\">Serwis specjalny po\u015bwi\u0119cony Wincentemu Witosowi na portalu Polskiego Radia\u00a0<\/a><\/li>\n<li><a href=\"https:\/\/niepodlegla.gov.pl\/o-niepodleglej\/wincenty-witos-filmowy-portret-ojca-niepodleglej\/\">Wincenty Witos &#8211; filmowy portret ojca niepodleg\u0142ej na portalu Niepodleg\u0142a\u00a0<\/a><\/li>\n<li><a href=\"https:\/\/trojka.polskieradio.pl\/artykul\/3321086,scena-teatralna-trojki-150-rocznica-urodzin-wincentego-witosa-posluchaj\">&#8222;Tu m\u00f3wi Londyn&#8221;, s\u0142uchowisko Rafa\u0142a Sk\u0105pskiego w Tr\u00f3jce Polskiego Radia\u00a0<\/a><\/li>\n<li><a href=\"https:\/\/radioszczecin.pl\/352,14,wincenty-witos-chlop-patriota-polityk\">&#8222;Wincenty Witos &#8211; ch\u0142op, patriota, polityk&#8221;, cykl podcast\u00f3w na portalu Radia Szczecin<\/a><\/li>\n<li><a href=\"https:\/\/www.polskieradio.pl\/39\/156\/Artykul\/966086,Wincenty-Witos-Premier-wierny-chlopom\">&#8222;Wincenty Witos. Premier wierny ch\u0142opom&#8221;, audycja z cyklu &#8222;Na historycznej wokandzie&#8221; na portalu Polskiego Radia<\/a><\/li>\n<li><a href=\"https:\/\/przystanekhistoria.pl\/pa2\/tematy\/wincenty-witos\/34513,Wincenty-Witos-18741945.html\">Wincenty Witos (1874\u20131945) \/ tekst Tomasz Bereza, Marcin Buka\u0142a. &#8211; Warszawa : IPN, 2015 [online]\u00a0<\/a><\/li>\n<li><a href=\"https:\/\/ipn.gov.pl\/pl\/publikacje\/periodyki-ipn\/dodatki-historyczne-do\/9829,Wincenty-Witos-18741945.html\">Wincenty Witos (1874\u20131945), dodatek historyczny Instytutu Pami\u0119ci Narodowej do Naszego Dziennika\u00a0<\/a><\/li>\n<\/ul>\n<p><strong>W naszej bibliotece:<\/strong><\/p>\n<p><u>Dzie\u0142a Wincentego Witosa<\/u><\/p>\n<ol>\n<li>Dzie\u0142a wybrane. T. 1. Moje wspomnienia. Cz. 1 \/ Wincenty Witos; do dr. przygotowali, przedmow\u0105 i przypisami opatrzyli Eugeniusz Karczewski, J\u00f3zef Ryszard Szaflik. &#8211; Warszawa : Ludowa Sp\u00f3\u0142dzielnia Wydawnicza, 1988<\/li>\n<li>Dzie\u0142a wybrane. T. 1. Moje wspomnienia. Cz. 2 \/ Wincenty Witos; do dr. przygotowali, przedmow\u0105 i przypisami opatrzyli Eugeniusz Karczewski, J\u00f3zef Ryszard Szaflik. &#8211; Warszawa : Ludowa Sp\u00f3\u0142dzielnia Wydawnicza, 1990<\/li>\n<li>Moje wspomnienia \/ Wincenty Witos ; [przedm. i oprac. Antoni Czubi\u0144ski et al.]. &#8211; Wyd. 2. &#8211; Warszawa : Ludowa Sp\u00f3\u0142dzielnia Wydawnicza, 1981<\/li>\n<\/ol>\n<p><u>O Wincentym Witosie<\/u><\/p>\n<ol>\n<li>Lider ludowc\u00f3w : Wincenty\u00a0Witos\u00a0(1874-1945) \/ Marcin Buka\u0142a \/\/ Biuletyn IPN. \u2013 2018, nr 7\/8, s. 5-18<\/li>\n<li>O Wincentym Witosie \/ Franciszek Bujak, Stanis\u0142aw Szczotka, Adam Grzyma\u0142a-Siedlecki ; przedm. i wyb\u00f3r Franciszek Ziejka. &#8211; Warszawa : Ludowa Sp\u00f3\u0142dzielnia Wydawnicza, 1983<\/li>\n<li>O Wincentym Witosie : relacje i wspomnienia \/ zebr. i oprac. Jan Borkowski. &#8211; Warszawa : Ludowa Sp\u00f3\u0142dzielnia Wydawnicza, 1984<\/li>\n<li>Ten, kt\u00f3ry ch\u0142op\u00f3w Polsce przywr\u00f3ci\u0142 : o Wincentym Witosie raz jeszcze \/ Janusz Skicki \/\/ Wychowawca. \u2013 2024, nr 2, s. 20-22<\/li>\n<li>Wincenty Witos \/ Andrzej Zakrzewski. &#8211; Warszawa : Iskry, 1985<\/li>\n<li>Wincenty Witos 1874-1945 \/ kat. wystawy pod red. Janusza Gmitruka. &#8211; Warszawa : Muzeum Historii Polskiego Ruchu Ludowego, 1999<\/li>\n<li>Wincenty Witos w \u015bwietle w\u0142asnej tw\u00f3rczo\u015bci pisarskiej \/ Czes\u0142aw Wycech. &#8211; Warszawa : Ludowa Sp\u00f3\u0142dzielnia Wydawnicza, 1983<\/li>\n<li>W\u00f3jt z Wierzchos\u0142awic \/ Andrzej Zakrzewski. &#8211; Warszawa : Ludowa Sp\u00f3\u0142dzielnia Wydawnicza, 1984<\/li>\n<li>Zapraszamy do \u015bwiata tradycji i historii [Muzeum Wincentego Witosa w Wierzchos\u0142awicach] \/ Monika Michalska \/\/ Wychowawca. \u2013 2024, nr 2, s. 23<\/li>\n<\/ol>\n","protected":false},"excerpt":{"rendered":"<p>W 2024 roku obchodzimy 150. rocznic\u0119 urodzin Wincentego Witosa, trzykrotnego premiera, wybitnego m\u0119\u017ca stanu, pa\u0144stwowca, dzia\u0142acza samorz\u0105dowego i przyw\u00f3dcy ruchu ludowego. Ten urodzony w Wierzchos\u0142awicach polityk dzi\u0119ki uporowi i samokszta\u0142ceniu doszed\u0142 do najwy\u017cszych godno\u015bci w ruchu ludowym i w pa\u0144stwie. W 1920 roku, gdy Armia Czerwona sta\u0142a na przedpolach Warszawy, Rz\u0105d Obrony Narodowej pod kierownictwem Witosa podj\u0105\u0142 dramatyczne wysi\u0142ki, kt\u00f3re zaowocowa\u0142y odrzuceniem bolszewik\u00f3w spod stolicy i rozpocz\u0119ciem odwrotu Armii Czerwonej.<span class=\"ellipsis\">&hellip;<\/span><\/p>\n<div class=\"read-more\"><a href=\"https:\/\/pbp.womczest.edu.pl\/new\/wincenty-witos\/\">Czytaj wi\u0119cej &#8250;<\/a><\/div>\n<p><!-- end of .read-more --><\/p>\n","protected":false},"author":6,"featured_media":0,"parent":0,"menu_order":0,"comment_status":"closed","ping_status":"closed","template":"","meta":{"footnotes":""},"jetpack_sharing_enabled":true,"jetpack_shortlink":"https:\/\/wp.me\/PgmV4H-6js","_links":{"self":[{"href":"https:\/\/pbp.womczest.edu.pl\/new\/wp-json\/wp\/v2\/pages\/24270"}],"collection":[{"href":"https:\/\/pbp.womczest.edu.pl\/new\/wp-json\/wp\/v2\/pages"}],"about":[{"href":"https:\/\/pbp.womczest.edu.pl\/new\/wp-json\/wp\/v2\/types\/page"}],"author":[{"embeddable":true,"href":"https:\/\/pbp.womczest.edu.pl\/new\/wp-json\/wp\/v2\/users\/6"}],"replies":[{"embeddable":true,"href":"https:\/\/pbp.womczest.edu.pl\/new\/wp-json\/wp\/v2\/comments?post=24270"}],"version-history":[{"count":3,"href":"https:\/\/pbp.womczest.edu.pl\/new\/wp-json\/wp\/v2\/pages\/24270\/revisions"}],"predecessor-version":[{"id":24566,"href":"https:\/\/pbp.womczest.edu.pl\/new\/wp-json\/wp\/v2\/pages\/24270\/revisions\/24566"}],"wp:attachment":[{"href":"https:\/\/pbp.womczest.edu.pl\/new\/wp-json\/wp\/v2\/media?parent=24270"}],"curies":[{"name":"wp","href":"https:\/\/api.w.org\/{rel}","templated":true}]}}